{"id":279095,"date":"2017-04-05T09:08:51","date_gmt":"2017-04-05T09:08:51","guid":{"rendered":"https:\/\/www.sanier.pl\/produkt\/fungofluid\/"},"modified":"2025-03-12T10:27:57","modified_gmt":"2025-03-12T10:27:57","slug":"fungofluid","status":"publish","type":"product","link":"https:\/\/www.sanier.pl\/sk\/produkt\/fungofluid\/","title":{"rendered":"FungoFluid"},"content":{"rendered":"<p>[vc_row][vc_column][vc_column_text]<img loading=\"lazy\" decoding=\"async\" class=\"size-full wp-image-3279 aligncenter\" src=\"https:\/\/sanier.pl\/wp-content\/uploads\/2017\/03\/baumit_logo_2012-e1490989945791.jpg\" alt=\"baumit_logo_2012\" width=\"125\" height=\"146\" \/><\/p>\n<h3>Baumit FungoFluid<\/h3>\n<p data-start=\"23\" data-end=\"297\">Baumit FungoFluid je pripraven\u00fd na pou\u017eitie vodn\u00fd roztok ur\u010den\u00fd na boj proti hub\u00e1m, riasam a alg\u00e1m na vonkaj\u0161\u00edch sten\u00e1ch budov. Produkt je paropriepustn\u00fd, odoln\u00fd vo\u010di poveternostn\u00fdm podmienkam a nehor\u013eav\u00fd, \u010do ho rob\u00ed ide\u00e1lnym rie\u0161en\u00edm na ochranu fas\u00e1d pred mikroorganizmami.<\/p>\n<h4 data-start=\"299\" data-end=\"313\">Vlastnosti<\/h4>\n<ul data-start=\"314\" data-end=\"824\">\n<li data-start=\"314\" data-end=\"497\"><strong data-start=\"316\" data-end=\"359\">Odolnos\u0165 vo\u010di poveternostn\u00fdm podmienkam<\/strong>: Produkt je odoln\u00fd vo\u010di vplyvom poveternostn\u00fdch podmienok, \u010do zais\u0165uje jeho trvanlivos\u0165 a \u00fa\u010dinnos\u0165 v r\u00f4znych poveternostn\u00fdch podmienkach.<\/li>\n<li data-start=\"498\" data-end=\"624\"><strong data-start=\"500\" data-end=\"520\">Paropriepustnos\u0165<\/strong>: Vysok\u00e1 paropriepustnos\u0165 umo\u017e\u0148uje vo\u013en\u00fd prenos vodnej pary, \u010do zabra\u0148uje hromadeniu vlhkosti v sten\u00e1ch.<\/li>\n<li data-start=\"625\" data-end=\"696\"><strong data-start=\"627\" data-end=\"642\">Nez\u00e1palnos\u0165<\/strong>: Bezpe\u010dnos\u0165 pou\u017e\u00edvania v\u010faka nehor\u013eav\u00fdm vlastnostiam.<\/li>\n<li data-start=\"697\" data-end=\"824\"><strong data-start=\"699\" data-end=\"711\">Zlo\u017eenie<\/strong>: Obsahuje vodu, \u0161tvorn\u00e1sobn\u00fd am\u00f3niov\u00fd spojenec a deriv\u00e1ty izotiazolu, ktor\u00e9 \u00fa\u010dinne bojuj\u00fa proti mikroorganizmom.<\/li>\n<\/ul>\n<h4 data-start=\"826\" data-end=\"836\">V\u00fdhody<\/h4>\n<ul data-start=\"837\" data-end=\"1292\">\n<li data-start=\"837\" data-end=\"933\"><strong data-start=\"839\" data-end=\"851\">\u00da\u010dinnos\u0165<\/strong>: Efekt\u00edvne zabra\u0148uje rastu a ni\u010d\u00ed huby a riasy, pri\u010dom sp\u00f4sobuje ich vyblednutie.<\/li>\n<li data-start=\"934\" data-end=\"1053\"><strong data-start=\"936\" data-end=\"961\">Jednoduchos\u0165 pou\u017eitia<\/strong>: Produkt je pripraven\u00fd na pou\u017eitie, nevy\u017eaduje \u010fal\u0161ie riedenie, \u010do u\u013eah\u010duje jeho aplik\u00e1ciu.<\/li>\n<li data-start=\"1054\" data-end=\"1220\"><strong data-start=\"1056\" data-end=\"1073\">Univerz\u00e1lnos\u0165<\/strong>: M\u00f4\u017ee by\u0165 pou\u017eit\u00fd na r\u00f4znych povrchoch, ako s\u00fa tepeln\u00e9 izola\u010dn\u00e9 syst\u00e9my, cementov\u00e9 omietky, cementovo-v\u00e1penn\u00e9 omietky, bet\u00f3n, v\u00e1pence, kamene at\u010f.<\/li>\n<li data-start=\"1221\" data-end=\"1292\"><strong data-start=\"1223\" data-end=\"1241\">Trval\u00e1 ochrana<\/strong>: Poskytuje dlhodob\u00fa ochranu proti mikroorganizmom.<\/li>\n<\/ul>\n<h4 data-start=\"1294\" data-end=\"1306\">Pou\u017eitie<\/h4>\n<p data-start=\"1307\" data-end=\"1435\">Baumit FungoFluid je ur\u010den\u00fd na pou\u017eitie na vonkaj\u0161\u00edch sten\u00e1ch budov na boj proti hub\u00e1m, riasam a alg\u00e1m. Typick\u00e9 pou\u017eitie zah\u0155\u0148a:<\/p>\n<ul data-start=\"1436\" data-end=\"1593\">\n<li data-start=\"1436\" data-end=\"1509\"><strong data-start=\"1438\" data-end=\"1454\">Fas\u00e1dy budov<\/strong>: Ochrana a \u010distenie fas\u00e1d obytn\u00fdch a komer\u010dn\u00fdch budov.<\/li>\n<li data-start=\"1510\" data-end=\"1593\"><strong data-start=\"1512\" data-end=\"1531\">Vonkaj\u0161ie steny<\/strong>: Odstra\u0148ovanie mikroorganizmov z r\u00f4znych vonkaj\u0161\u00edch povrchov.<\/li>\n<\/ul>\n<h4 data-start=\"1595\" data-end=\"1614\">Technick\u00e9 \u00fadaje<\/h4>\n<ul data-start=\"1615\" data-end=\"1974\">\n<li data-start=\"1615\" data-end=\"1642\"><strong data-start=\"1617\" data-end=\"1628\">Hustota<\/strong>: Cca 1 kg\/dm\u00b3<\/li>\n<li data-start=\"1643\" data-end=\"1699\"><strong data-start=\"1645\" data-end=\"1657\">Spotreba<\/strong>: Cca 0,1 - 0,4 l\/m\u00b2 pri dvojitom nan\u00e1\u0161an\u00ed<\/li>\n<li data-start=\"1700\" data-end=\"1723\"><strong data-start=\"1702\" data-end=\"1711\">Farba<\/strong>: Bezfarebn\u00fd<\/li>\n<li data-start=\"1724\" data-end=\"1759\"><strong data-start=\"1726\" data-end=\"1737\">Balenie<\/strong>: Plastov\u00e1 n\u00e1doba 10 l<\/li>\n<li data-start=\"1760\" data-end=\"1974\"><strong data-start=\"1762\" data-end=\"1777\">Skladovanie<\/strong>: Uchov\u00e1va\u0165 na suchom a chladnom mieste, po dobu 12 mesiacov od d\u00e1tumu v\u00fdroby uveden\u00e9ho na obale. Chr\u00e1ni\u0165 pred mrazom a priamym slne\u010dn\u00fdm \u017eiaren\u00edm. Produkt chr\u00e1ni\u0165 pred teplotami nad 35\u00b0C a pod 5\u00b0C.<\/li>\n<\/ul>\n<h4 data-start=\"1976\" data-end=\"1998\">Pokyny na pou\u017eitie<\/h4>\n<ul data-start=\"1999\" data-end=\"3048\">\n<li data-start=\"1999\" data-end=\"2191\"><strong data-start=\"2001\" data-end=\"2021\">Pr\u00edprava povrchu<\/strong>: Pri intenz\u00edvnom poraste rias a\/alebo h\u00fab je potrebn\u00e9 povrch mechanicky vy\u010disti\u0165 (napr\u00edklad pomocou kefy s tvrd\u00fdmi \u0161tetinami) a n\u00e1sledne cel\u00fa plochu umy\u0165 tlakovou vodou.<\/li>\n<li data-start=\"2192\" data-end=\"2380\"><strong data-start=\"2194\" data-end=\"2216\">Pr\u00edprava pr\u00edpravku<\/strong>: Obal obsahuje produkt ur\u010den\u00fd na priame pou\u017eitie. Nepotrebujete riedi\u0165 pr\u00edpravok pred pou\u017eit\u00edm. Pred pou\u017eit\u00edm si pre\u010d\u00edtajte inform\u00e1cie uveden\u00e9 na etikete produktu.<\/li>\n<li data-start=\"2381\" data-end=\"2768\"><strong data-start=\"2383\" data-end=\"2396\">Nan\u00e1\u0161anie<\/strong>: Pr\u00edpravok naneste bohat\u00fdm sp\u00f4sobom na kontaminovan\u00fd povrch, a\u017e k\u00fdm nebude cel\u00e1 plocha \u00faplne nasiaknut\u00e1 (pomocou kefy, \u0161tetca, val\u010deka alebo hubky) a nechajte p\u00f4sobi\u0165 6 a\u017e 12 hod\u00edn. N\u00e1sledne odstr\u00e1\u0148te zvy\u0161n\u00e9 ne\u010distoty mechanickou met\u00f3dou (napr\u00edklad pomocou vysokej tlaku vody). Pri silnej kontamin\u00e1cii je doporu\u010den\u00e9 po \u00faplnom vyschnut\u00ed povrchu vykona\u0165 op\u00e4tovn\u00e9 o\u0161etrenie.<\/li>\n<li data-start=\"2769\" data-end=\"3048\"><strong data-start=\"2771\" data-end=\"2784\">Vys\u00fa\u0161anie<\/strong>: \u010cas na zaschnutie nanesen\u00e9ho pr\u00edpravku (pri vys\u00fa\u0161an\u00ed pri teplote vzduchu +20\u00b0C a relat\u00edvnej vlhkosti vzduchu 65%) je 12 hod\u00edn. Po uplynut\u00ed tejto doby m\u00f4\u017eete za\u010da\u0165 \u010fal\u0161ie renova\u010dn\u00e9 pr\u00e1ce. N\u00edzka teplota a vysok\u00e1 vlhkos\u0165 vzduchu m\u00f4\u017eu pred\u013a\u017ei\u0165 \u010das su\u0161enia pr\u00edpravku.<\/li>\n<\/ul>\n<h4 data-start=\"3050\" data-end=\"3065\">Upozornenia<\/h4>\n<ul data-start=\"3066\" data-end=\"3539\">\n<li data-start=\"3066\" data-end=\"3179\">Aby sa zabezpe\u010dil optim\u00e1lny \u00fa\u010dinok, neodpor\u00fa\u010da sa kombinova\u0165 Baumit FungoFluid s in\u00fdmi renova\u010dn\u00fdmi pr\u00edpravkami.<\/li>\n<li data-start=\"3180\" data-end=\"3235\">Dodr\u017eiavajte stavebn\u00e9 predpisy a odpor\u00fa\u010dania v\u00fdrobcu.<\/li>\n<li data-start=\"3236\" data-end=\"3443\">Pr\u00edpravok m\u00e1 dr\u00e1\u017ediv\u00e9 \u00fa\u010dinky a je \u0161kodliv\u00fd pre \u013eudsk\u00e9 zdravie a \u017eivotn\u00e9 prostredie. Pri pr\u00e1ci sa odpor\u00fa\u010da pou\u017e\u00edva\u0165 ochrann\u00e9 oble\u010denie (ochrann\u00e9 okuliare, gumov\u00e9 rukavice, masku na ochranu d\u00fdchac\u00edch ciest).<\/li>\n<li data-start=\"3444\" data-end=\"3539\">Neaplikujte prostriedok v bl\u00edzkosti rastl\u00edn a kr\u00edkov. Chr\u00e1\u0148te pred vstupom do vodn\u00fdch n\u00e1dr\u017e\u00ed.<\/li>\n<\/ul>\n<p data-start=\"3541\" data-end=\"3733\" data-is-last-node=\"\" data-is-only-node=\"\">Baumit FungoFluid je \u00fa\u010dinn\u00fd pr\u00edpravok na odstra\u0148ovanie rias a h\u00fab, ktor\u00fd je ide\u00e1lnym rie\u0161en\u00edm na ochranu a ochranu vonkaj\u0161\u00edch stien budov a poskytuje dlhodob\u00fa ochranu a estetick\u00fd vzh\u013ead fas\u00e1d.<\/p>\n<div id=\"KnM9nf\" class=\"PZPZlf\" data-attrid=\"tw-sourceArea\" data-entityname=\"Google Translate\"><\/div>\n<div class=\"QmZWSe\">\n<div class=\"DHcWmd\">\n<p id=\"tw-target-text\" class=\"tw-data-text tw-text-large tw-ta\" dir=\"ltr\" data-placeholder=\"T\u0142umaczenie\" data-ved=\"2ahUKEwj586aPnIKMAxW6KxAIHUTtAEMQ3ewLegQICBAU\" aria-label=\"Przet\u0142umaczony tekst: Technick\u00fd list FungoFluid\"><a href=\"https:\/\/sanier.pl\/wp-content\/uploads\/2017\/04\/PDBL_SanierL_sung.pdf\" target=\"_blank\" rel=\"noopener\"><span class=\"Y2IQFc\" lang=\"sk\">Technick\u00fd list FungoFluid<\/span><\/a><\/p>\n<\/div>\n<\/div>\n<div class=\"oSioSc\">\n<div id=\"tw-target\">\n<div id=\"kAz1tf\" class=\"g9WsWb PZPZlf\" data-attrid=\"tw-targetArea\" data-entityname=\"Google Translate\">\n<div id=\"tw-target-rmn-container\" class=\"tw-target-rmn tw-ta-container tw-nfl\" tabindex=\"0\" role=\"text\">\n<pre id=\"tw-target-rmn\" class=\"tw-data-placeholder tw-text-small tw-ta\" dir=\"ltr\" data-placeholder=\"\"><\/pre>\n<\/div>\n<\/div>\n<\/div>\n<\/div>\n<p>[\/vc_column_text][\/vc_column][\/vc_row]<\/p>\n","protected":false},"excerpt":{"rendered":"<p>FungoFluid, Hotov\u00fd vodn\u00fd roztok na boj proti hub\u00e1m a riasam - na pou\u017eitie na vonkaj\u0161\u00edch sten\u00e1ch budov.<\/p>\n","protected":false},"featured_media":264607,"comment_status":"open","ping_status":"closed","template":"","meta":[],"product_brand":[],"product_cat":[895,901,900],"product_tag":[897],"class_list":{"0":"post-279095","1":"product","2":"type-product","3":"status-publish","4":"has-post-thumbnail","6":"product_cat-baumit-sk","7":"product_cat-przygotowanie-podloza-tynki-renowacyjne-sk","8":"product_cat-tynki-renowacyjne-sk","9":"product_tag-baumit-sk","10":"product_shipping_class-trudna-wysylka-sk","12":"first","13":"instock","14":"taxable","15":"shipping-taxable","16":"purchasable","17":"product-type-simple"},"_links":{"self":[{"href":"https:\/\/www.sanier.pl\/sk\/wp-json\/wp\/v2\/product\/279095","targetHints":{"allow":["GET"]}}],"collection":[{"href":"https:\/\/www.sanier.pl\/sk\/wp-json\/wp\/v2\/product"}],"about":[{"href":"https:\/\/www.sanier.pl\/sk\/wp-json\/wp\/v2\/types\/product"}],"replies":[{"embeddable":true,"href":"https:\/\/www.sanier.pl\/sk\/wp-json\/wp\/v2\/comments?post=279095"}],"wp:featuredmedia":[{"embeddable":true,"href":"https:\/\/www.sanier.pl\/sk\/wp-json\/wp\/v2\/media\/264607"}],"wp:attachment":[{"href":"https:\/\/www.sanier.pl\/sk\/wp-json\/wp\/v2\/media?parent=279095"}],"wp:term":[{"taxonomy":"product_brand","embeddable":true,"href":"https:\/\/www.sanier.pl\/sk\/wp-json\/wp\/v2\/product_brand?post=279095"},{"taxonomy":"product_cat","embeddable":true,"href":"https:\/\/www.sanier.pl\/sk\/wp-json\/wp\/v2\/product_cat?post=279095"},{"taxonomy":"product_tag","embeddable":true,"href":"https:\/\/www.sanier.pl\/sk\/wp-json\/wp\/v2\/product_tag?post=279095"}],"curies":[{"name":"wp","href":"https:\/\/api.w.org\/{rel}","templated":true}]}}