{"id":279090,"date":"2017-04-05T10:00:57","date_gmt":"2017-04-05T10:00:57","guid":{"rendered":"https:\/\/www.sanier.pl\/produkt\/algizid\/"},"modified":"2025-03-12T09:28:33","modified_gmt":"2025-03-12T09:28:33","slug":"algizid","status":"publish","type":"product","link":"https:\/\/www.sanier.pl\/sk\/produkt\/algizid\/","title":{"rendered":"Algizid"},"content":{"rendered":"<p>[vc_row][vc_column][vc_column_text]<img loading=\"lazy\" decoding=\"async\" class=\"size-full wp-image-3335 aligncenter\" src=\"https:\/\/sanier.pl\/wp-content\/uploads\/2017\/01\/farby-kabe-logo-300x275-e1491387095746.jpg\" alt=\"farby-kabe-logo-300x275\" width=\"150\" height=\"138\" \/><\/p>\n<h2 data-start=\"0\" data-end=\"11\"><strong data-start=\"0\" data-end=\"11\">Algizid<\/strong><\/h2>\n<p data-start=\"13\" data-end=\"269\">Algizid je bioc\u00eddny pr\u00edpravok ur\u010den\u00fd na odstra\u0148ovanie rias a h\u00fab zo stien a fas\u00e1d budov. Tento produkt vykazuje fungic\u00eddne a algic\u00eddne \u00fa\u010dinky, je bezpe\u010dn\u00fd pri pou\u017eit\u00ed a \u013eahko aplikovate\u013en\u00fd. Je ide\u00e1lny na \u00fadr\u017ebu a ochranu stavebn\u00fdch materi\u00e1lov, okrem dreva.<\/p>\n<h4 data-start=\"271\" data-end=\"285\"><strong data-start=\"271\" data-end=\"285\">Vlastnosti<\/strong><\/h4>\n<ul data-start=\"286\" data-end=\"811\">\n<li data-start=\"286\" data-end=\"374\"><strong data-start=\"288\" data-end=\"300\">\u00da\u010dinnos\u0165<\/strong>: \u00da\u010dinne odstra\u0148uje v\u00e4\u010d\u0161inu rias a h\u00fab, ktor\u00e9 sa vyskytuj\u00fa v stavebn\u00edctve.<\/li>\n<li data-start=\"375\" data-end=\"467\"><strong data-start=\"377\" data-end=\"391\">Bezpe\u010dnos\u0165<\/strong>: Bezpe\u010dn\u00fd pri pou\u017e\u00edvan\u00ed, ak sa dodr\u017eiavaj\u00fa potrebn\u00e9 bezpe\u010dnostn\u00e9 opatrenia.<\/li>\n<li data-start=\"468\" data-end=\"560\"><strong data-start=\"470\" data-end=\"494\">Jednoduch\u00e1 aplik\u00e1cia<\/strong>: Produkt je pripraven\u00fd na okam\u017eit\u00e9 pou\u017eitie, nevy\u017eaduje riedenie.<\/li>\n<li data-start=\"561\" data-end=\"643\"><strong data-start=\"563\" data-end=\"583\">Paropriepustnos\u0165<\/strong>: Vysok\u00e1 paropriepustnos\u0165 umo\u017e\u0148uje vo\u013en\u00fd prenos vodnej pary.<\/li>\n<li data-start=\"644\" data-end=\"770\"><strong data-start=\"646\" data-end=\"689\">Odolnos\u0165 vo\u010di poveternostn\u00fdm podmienkam<\/strong>: Odoln\u00fd vo\u010di poveternostn\u00fdm podmienkam, extr\u00e9mne odoln\u00fd vo\u010di vode a zne\u010disteniu.<\/li>\n<li data-start=\"771\" data-end=\"811\"><strong data-start=\"773\" data-end=\"788\">Nez\u00e1palnos\u0165<\/strong>: Produkt je nez\u00e1paln\u00fd.<\/li>\n<\/ul>\n<h4 data-start=\"813\" data-end=\"823\"><strong data-start=\"813\" data-end=\"823\">V\u00fdhody<\/strong><\/h4>\n<ul data-start=\"824\" data-end=\"1231\">\n<li data-start=\"824\" data-end=\"894\"><strong data-start=\"826\" data-end=\"844\">\u00da\u010dinn\u00e1 ochrana<\/strong>: Poskytuje dlhodob\u00fa ochranu proti riasam a hub\u00e1m.<\/li>\n<li data-start=\"895\" data-end=\"1055\"><strong data-start=\"897\" data-end=\"923\">Univerz\u00e1lnos\u0165 pou\u017eitia<\/strong>: M\u00f4\u017ee sa pou\u017e\u00edva\u0165 na r\u00f4znych povrchoch, ako s\u00fa syst\u00e9my zateplenia, cementov\u00e9, cementovo-v\u00e1penn\u00e9 omietky, bet\u00f3n, v\u00e1penec, kame\u0148 at\u010f.<\/li>\n<li data-start=\"1056\" data-end=\"1171\"><strong data-start=\"1058\" data-end=\"1083\">Jednoduchos\u0165 pou\u017eitia<\/strong>: Produkt sa \u013eahko nan\u00e1\u0161a, mo\u017eno ho nan\u00e1\u0161a\u0165 pomocou \u0161tetca, val\u010deka, kefy alebo \u0161pongie.<\/li>\n<li data-start=\"1172\" data-end=\"1231\"><strong data-start=\"1174\" data-end=\"1188\">Dostupnos\u0165<\/strong>: Dostupn\u00fd v r\u00f4znych baleniach (1 l a 5 l).<\/li>\n<\/ul>\n<p data-start=\"1233\" data-end=\"1561\"><strong data-start=\"1233\" data-end=\"1245\">Pou\u017eitie<\/strong> Algizid je ur\u010den\u00fd na pou\u017eitie na fas\u00e1dach budov, m\u00faroch a in\u00fdch stavebn\u00fdch povrchoch, ako s\u00fa syst\u00e9my zateplenia, cementov\u00e9 omietky, cementovo-v\u00e1penn\u00e9 omietky, bet\u00f3n, v\u00e1penec a kame\u0148. Produkt sa naj\u010dastej\u0161ie pou\u017e\u00edva na dezinfekciu a \u010distenie podkladov pred nan\u00e1\u0161an\u00edm novej n\u00e1terovej vrstvy alebo tixotropnej omietky.<\/p>\n<h4 data-start=\"1563\" data-end=\"1582\"><strong data-start=\"1563\" data-end=\"1582\">Technick\u00e9 \u00fadaje<\/strong><\/h4>\n<ul data-start=\"1583\" data-end=\"2256\">\n<li data-start=\"1583\" data-end=\"1619\"><strong data-start=\"1585\" data-end=\"1603\">Forma produktu<\/strong>: Tekut\u00fd roztok.<\/li>\n<li data-start=\"1620\" data-end=\"1778\"><strong data-start=\"1622\" data-end=\"1638\">\u00da\u010dinn\u00e9 l\u00e1tky<\/strong>:\n<ul data-start=\"1642\" data-end=\"1778\">\n<li data-start=\"1642\" data-end=\"1724\">Alkil (C12-16)-chl\u00f3r dimetylbenzyloam\u00f3nium (ADBAC\/BKC (C12-16)) - 0,480 g\/100 g.<\/li>\n<li data-start=\"1727\" data-end=\"1778\">2-oktylo-2H-izotiazol-3-on (OIT) - 0,049 g\/100 g.<\/li>\n<\/ul>\n<\/li>\n<li data-start=\"1779\" data-end=\"1815\"><strong data-start=\"1781\" data-end=\"1792\">Hustota<\/strong>: Pribli\u017ene 1,00 g\/cm\u00b3.<\/li>\n<li data-start=\"1816\" data-end=\"1916\"><strong data-start=\"1818\" data-end=\"1840\">Priemern\u00e1 spotreba<\/strong>: 0,15-0,20 l\/m\u00b2 v z\u00e1vislosti od intenzity biologick\u00e9ho zne\u010distenia povrchu.<\/li>\n<li data-start=\"1917\" data-end=\"1977\"><strong data-start=\"1919\" data-end=\"1958\">Teplota pou\u017eitia (vzduch a podklad)<\/strong>: Od +5\u00b0C do +25\u00b0C.<\/li>\n<li data-start=\"1978\" data-end=\"2006\"><strong data-start=\"1980\" data-end=\"1999\">Vlhkos\u0165 vzduchu<\/strong>: \u226475%.<\/li>\n<li data-start=\"2007\" data-end=\"2078\"><strong data-start=\"2009\" data-end=\"2020\">Balenie<\/strong>: Jednorazov\u00e9 plastov\u00e9 obaly s obsahom 1 l a 5 l produktu.<\/li>\n<li data-start=\"2079\" data-end=\"2256\"><strong data-start=\"2081\" data-end=\"2096\">Skladovanie<\/strong>: Skladujte v dobre vetranej miestnosti v origin\u00e1lne uzavret\u00fdch, tesn\u00fdch obaloch, pri teplote od +5\u00b0C do +25\u00b0C. Chr\u00e1\u0148te pred zamrznut\u00edm a nadmern\u00fdm zahrievan\u00edm.<\/li>\n<\/ul>\n<h4 data-start=\"2258\" data-end=\"2277\"><strong data-start=\"2258\" data-end=\"2277\">Sp\u00f4sob pou\u017eitia<\/strong><\/h4>\n<ol data-start=\"2278\" data-end=\"3002\">\n<li data-start=\"2278\" data-end=\"2465\"><strong data-start=\"2281\" data-end=\"2302\">Pr\u00edprava podkladu<\/strong>: V pr\u00edpade intenz\u00edvneho rastu rias a\/alebo h\u00fab, povrch je potrebn\u00e9 mechanicky vy\u010disti\u0165 (napr. pou\u017eit\u00edm kefe so tvrd\u00fdmi \u0161tetinami), a n\u00e1sledne umy\u0165 tlakovou vodou.<\/li>\n<li data-start=\"2466\" data-end=\"2639\"><strong data-start=\"2469\" data-end=\"2491\">Pr\u00edprava pr\u00edpravku<\/strong>: Obal obsahuje produkt pripraven\u00fd na priame pou\u017eitie. Pred pou\u017eit\u00edm nevy\u017eaduje riedenie. Pred pou\u017eit\u00edm si pre\u010d\u00edtajte inform\u00e1cie uveden\u00e9 na etikete.<\/li>\n<li data-start=\"2640\" data-end=\"3002\"><strong data-start=\"2643\" data-end=\"2656\">Nan\u00e1\u0161anie<\/strong>: Produkt naneste hojn\u011b na zne\u010disten\u00fd povrch, a\u017e k\u00fdm nebude \u00faplne nasiaknut\u00fd, pomocou \u0161tetca, val\u010deka, \u0161pongie a nechajte p\u00f4sobi\u0165 minim\u00e1lne 6-12 hod\u00edn. Potom odstr\u00e1\u0148te zvy\u0161ky zne\u010distenia mechanickou met\u00f3dou (napr. tlakovou vodou). V pr\u00edpade potreby, pri silnom zne\u010disten\u00ed, po \u00faplnom zaschnut\u00ed povrchu odpor\u00fa\u010dame opakovan\u00e9 dezinfikovanie podkladu.<\/li>\n<\/ol>\n<p data-start=\"3004\" data-end=\"3271\"><strong data-start=\"3004\" data-end=\"3017\">Vysu\u0161enie<\/strong>: \u010cas na zaschnutie nanesenej vrstvy (pri vysychan\u00ed pri teplote vzduchu +20\u00b0C a vlhkosti vzduchu 65%) je 12 hod\u00edn. Po uplynut\u00ed tejto doby m\u00f4\u017eete za\u010da\u0165 \u010fal\u0161ie renova\u010dn\u00e9 pr\u00e1ce. N\u00edzk\u00e1 teplota a vysok\u00e1 vlhkos\u0165 vzduchu m\u00f4\u017eu pred\u013a\u017ei\u0165 \u010das vysychania pr\u00edpravku.<\/p>\n<p data-start=\"3273\" data-end=\"3526\"><strong data-start=\"3273\" data-end=\"3298\">Upozornenie pri pr\u00e1ci<\/strong>: Pri pr\u00e1ci s produktom odpor\u00fa\u010dame pou\u017e\u00edva\u0165 ochrann\u00fd odev (ochrann\u00e9 okuliare, gumov\u00e9 rukavice, maska na ochranu d\u00fdchac\u00edch ciest). Nepou\u017e\u00edvajte pr\u00edpravok v bl\u00edzkosti rastl\u00edn, kr\u00edkov. Chr\u00e1\u0148te pred predostan\u00edm sa do vodn\u00fdch n\u00e1dr\u017e\u00ed.<\/p>\n<p data-start=\"3528\" data-end=\"3722\" data-is-only-node=\"\" data-is-last-node=\"\"><strong data-start=\"3528\" data-end=\"3540\">D\u00f4le\u017eit\u00e9<\/strong>: Substancie \u00fa\u010dinn\u00e9 pre biologick\u00fd rozklad s\u00fa rozkladan\u00e9 pod hranicou \u0161kodlivosti pre mikroorganizmy. Tento produkt nepo\u0161kod\u00ed \u017eivotn\u00e9 prostredie, ak sa spr\u00e1vne pou\u017e\u00edva a usklad\u0148uje.<\/p>\n<p id=\"tw-target-text\" class=\"tw-data-text tw-text-large tw-ta\" dir=\"ltr\" data-placeholder=\"T\u0142umaczenie\" data-ved=\"2ahUKEwj586aPnIKMAxW6KxAIHUTtAEMQ3ewLegQICBAU\" aria-label=\"Przet\u0142umaczony tekst: Technick\u00fd list Algizidu\"><a href=\"https:\/\/sanier.pl\/wp-content\/uploads\/2017\/04\/algizid.pdf\" target=\"_blank\" rel=\"noopener\"><span class=\"Y2IQFc\" lang=\"sk\">Technick\u00fd list Algizidu<\/span><\/a><\/p>\n<p>[\/vc_column_text][\/vc_column][\/vc_row]<\/p>\n","protected":false},"excerpt":{"rendered":"<p><strong data-start=\"0\" data-end=\"11\" data-is-only-node=\"\">Algizid<\/strong> je pr\u00edpravok na odstra\u0148ovanie rias a h\u00fab.<\/p>\n","protected":false},"featured_media":264436,"comment_status":"open","ping_status":"closed","template":"","meta":[],"product_brand":[],"product_cat":[876,1027,913,911,915,901,914,900],"product_tag":[1028],"class_list":{"0":"post-279090","1":"product","2":"type-product","3":"status-publish","4":"has-post-thumbnail","6":"product_cat-hydroizolacja-sk","7":"product_cat-kabe-sk","8":"product_cat-z-tworzyw-sztucznych-sk","9":"product_cat-promowane-sk","10":"product_cat-przygotowanie-podloza-renowacja-elewacji-sk","11":"product_cat-przygotowanie-podloza-tynki-renowacyjne-sk","12":"product_cat-renowacja-elewacji-sk","13":"product_cat-tynki-renowacyjne-sk","14":"product_tag-kabe-sk","16":"first","17":"instock","18":"taxable","19":"shipping-taxable","20":"purchasable","21":"product-type-variable"},"_links":{"self":[{"href":"https:\/\/www.sanier.pl\/sk\/wp-json\/wp\/v2\/product\/279090","targetHints":{"allow":["GET"]}}],"collection":[{"href":"https:\/\/www.sanier.pl\/sk\/wp-json\/wp\/v2\/product"}],"about":[{"href":"https:\/\/www.sanier.pl\/sk\/wp-json\/wp\/v2\/types\/product"}],"replies":[{"embeddable":true,"href":"https:\/\/www.sanier.pl\/sk\/wp-json\/wp\/v2\/comments?post=279090"}],"wp:featuredmedia":[{"embeddable":true,"href":"https:\/\/www.sanier.pl\/sk\/wp-json\/wp\/v2\/media\/264436"}],"wp:attachment":[{"href":"https:\/\/www.sanier.pl\/sk\/wp-json\/wp\/v2\/media?parent=279090"}],"wp:term":[{"taxonomy":"product_brand","embeddable":true,"href":"https:\/\/www.sanier.pl\/sk\/wp-json\/wp\/v2\/product_brand?post=279090"},{"taxonomy":"product_cat","embeddable":true,"href":"https:\/\/www.sanier.pl\/sk\/wp-json\/wp\/v2\/product_cat?post=279090"},{"taxonomy":"product_tag","embeddable":true,"href":"https:\/\/www.sanier.pl\/sk\/wp-json\/wp\/v2\/product_tag?post=279090"}],"curies":[{"name":"wp","href":"https:\/\/api.w.org\/{rel}","templated":true}]}}