{"id":279087,"date":"2017-03-30T13:39:14","date_gmt":"2017-03-30T13:39:14","guid":{"rendered":"https:\/\/www.sanier.pl\/produkt\/ksk-sy-15-koester\/"},"modified":"2025-03-12T08:57:32","modified_gmt":"2025-03-12T08:57:32","slug":"ksk-sy-15-koester","status":"publish","type":"product","link":"https:\/\/www.sanier.pl\/sk\/produkt\/ksk-sy-15-koester\/","title":{"rendered":"KOESTER KSK SY 15"},"content":{"rendered":"<p>[vc_row][vc_column][vc_column_text]<img loading=\"lazy\" decoding=\"async\" class=\"size-full wp-image-3291 aligncenter\" src=\"https:\/\/sanier.pl\/wp-content\/uploads\/2017\/03\/LOGO-KOESTER-hydroizolacje-e1490988887771.jpg\" alt=\"LOGO KOESTER hydroizolacje\" width=\"300\" height=\"89\" \/><\/p>\n<p>&nbsp;<\/p>\n<div class=\"flex max-w-full flex-col flex-grow\">\n<div class=\"min-h-8 text-message relative flex w-full flex-col items-end gap-2 whitespace-normal break-words text-start [.text-message+&amp;]:mt-5\" dir=\"auto\" data-message-author-role=\"assistant\" data-message-id=\"8ed7eab6-2a89-4803-bf7d-24b1ebedda03\" data-message-model-slug=\"gpt-4o-mini\">\n<div class=\"flex w-full flex-col gap-1 empty:hidden first:pt-[3px]\">\n<h2 data-start=\"0\" data-end=\"21\"><strong data-start=\"0\" data-end=\"21\">KOESTER KSK SY 15<\/strong><\/h2>\n<p data-start=\"23\" data-end=\"838\"><strong data-start=\"23\" data-end=\"44\">KOESTER KSK SY 15<\/strong> je bitumenov\u00e1 membr\u00e1na skladaj\u00faca sa z dvoch vrstiev. Prv\u00e1 vrstva je vysoko odoln\u00e1 proti trhaniu, dvojito laminovan\u00e1 polyetyl\u00e9nov\u00e1 f\u00f3lia s plastickou bitumenovo-gumovou hmotou, ktor\u00e1 sl\u00fa\u017ei ako tesniaca vrstva. Je ur\u010den\u00e1 na pou\u017eitie pri vertik\u00e1lnych a horizont\u00e1lnych vodotesn\u00fdch izol\u00e1ci\u00e1ch stavieb, v s\u00falade s normou DIN 18195. Je vhodn\u00e1 na izol\u00e1ciu z\u00e1kladov\u00fdch dosiek, pivn\u00edc, mokr\u00fdch miestnost\u00ed, balk\u00f3nov a ter\u00e1s at\u010f. Izol\u00e1cia KSK SY 15 m\u00f4\u017ee by\u0165 aplikovan\u00e1 priamo na polystyr\u00e9n. Je samolepiaca, a preto nevy\u017eaduje zohrievanie hor\u00facim vzduchom alebo plynov\u00fdm hor\u00e1kom. Produkt je ve\u013emi elastick\u00fd, vodotesn\u00fd okam\u017eite po aplik\u00e1cii a odoln\u00fd proti da\u017e\u010fu. Membr\u00e1na prekryje praskliny na podklade a je tesn\u00e1 proti prieniku plynov (rad\u00f3nu a met\u00e1nu). Produkt je v s\u00falade s normou PN EN 13969: 2005 (U).<\/p>\n<h3 data-start=\"840\" data-end=\"868\"><strong data-start=\"844\" data-end=\"868\">Vlastnosti KSK SY 15<\/strong><\/h3>\n<ul data-start=\"870\" data-end=\"1225\">\n<li data-start=\"870\" data-end=\"881\">elastick\u00e1<\/li>\n<li data-start=\"882\" data-end=\"923\">okam\u017eite vodotesn\u00e1 a odoln\u00e1 proti da\u017e\u010fu<\/li>\n<li data-start=\"924\" data-end=\"946\">odoln\u00e1 proti trhaniu<\/li>\n<li data-start=\"947\" data-end=\"1006\">polyetyl\u00e9nov\u00e1 f\u00f3lia s bitumenovo-gumovou tesniacou hmotou<\/li>\n<li data-start=\"1007\" data-end=\"1029\">samolepiaca membr\u00e1na<\/li>\n<li data-start=\"1030\" data-end=\"1114\">pri\u013ene za studena, bez potreby zohrievania hor\u00facim vzduchom alebo plynov\u00fdm hor\u00e1kom<\/li>\n<li data-start=\"1115\" data-end=\"1135\">prekryje praskliny<\/li>\n<li data-start=\"1136\" data-end=\"1183\">tesn\u00e1 proti prieniku plynov (rad\u00f3nu a met\u00e1nu)<\/li>\n<li data-start=\"1184\" data-end=\"1225\">v s\u00falade s normou PN EN 13969: 2005 (U)<\/li>\n<\/ul>\n<h3 data-start=\"1227\" data-end=\"1243\"><strong data-start=\"1231\" data-end=\"1243\">Pou\u017eitie<\/strong><\/h3>\n<ul data-start=\"1245\" data-end=\"1451\">\n<li data-start=\"1245\" data-end=\"1322\">na vertik\u00e1lne a horizont\u00e1lne vodotesn\u00e9 izol\u00e1cie v s\u00falade s normou DIN 18195<\/li>\n<li data-start=\"1323\" data-end=\"1408\">vhodn\u00e1 na izol\u00e1ciu z\u00e1kladov\u00fdch dosiek, pivn\u00edc, mokr\u00fdch miestnost\u00ed, balk\u00f3nov a ter\u00e1s<\/li>\n<li data-start=\"1409\" data-end=\"1451\">m\u00f4\u017ee by\u0165 aplikovan\u00e1 priamo na polystyr\u00e9n<\/li>\n<\/ul>\n<h3 data-start=\"1453\" data-end=\"1468\"><strong data-start=\"1457\" data-end=\"1468\">Podklad<\/strong><\/h3>\n<p data-start=\"1470\" data-end=\"2555\" data-is-last-node=\"\" data-is-only-node=\"\">Podklad mus\u00ed by\u0165 \u010dist\u00fd, pevn\u00fd, such\u00fd, rovn\u00fd, bez po\u0161koden\u00ed, \u0161trkov\u00fdch z\u0155n a ostr\u00fdch hr\u00e1n. Membr\u00e1na m\u00f4\u017ee by\u0165 pou\u017eit\u00e1 na miner\u00e1lnych podkladoch, ako aj na polystyr\u00e9ne alebo na OSB dosk\u00e1ch. Pri hydroizol\u00e1cii murovan\u00fdch z\u00e1kladov\u00fdch stien musia by\u0165 spoje vyplnen\u00e9 maltou. V pr\u00edpade ak\u00fdchko\u013evek po\u0161koden\u00ed podkladu je potrebn\u00e9 ich opravi\u0165 napr\u00edklad pomocou malty <strong data-start=\"1826\" data-end=\"1848\">K\u00d6STER Sperrmortel<\/strong>. Na podklad sa odpor\u00fa\u010da aplikova\u0165 penetr\u00e1ciu pomocou pr\u00edpravku <strong data-start=\"1912\" data-end=\"1937\">K\u00d6STER Voranstrich BL<\/strong> (spotreba pribli\u017ene 0,25 kg\/m2) alebo bitumenovej tekutej f\u00f3lie <strong data-start=\"2002\" data-end=\"2029\">K\u00d6STER KBE Flussigfolie<\/strong> (tenk\u00e1 vrstva, spotreba pribli\u017ene 0,25 kg\/m2). V pr\u00edpade p\u00f3rovit\u00fdch podkladov je potrebn\u00e9 aplikova\u0165 penetr\u00e1ciu dvakr\u00e1t a zabezpe\u010di\u0165, \u017ee prv\u00e1 vrstva penetr\u00e1cie bude \u00faplne such\u00e1. Izol\u00e1ciu z membr\u00e1ny <strong data-start=\"2227\" data-end=\"2247\">K\u00d6STER KSK SY 15<\/strong> je potrebn\u00e9 aplikova\u0165 v ten ist\u00fd de\u0148. Na styku vertik\u00e1lnej izol\u00e1cie s horizont\u00e1lnou, ako aj v rohu zabet\u00f3novania z\u00e1kladovej dosky, je potrebn\u00e9 vytvori\u0165 zaoblenie (fasetu) s polomerom 4\u00f76 cm z malty <strong data-start=\"2446\" data-end=\"2468\">K\u00d6STER Sperrmortel<\/strong>. Faseta mus\u00ed vyschn\u00fa\u0165 pred aplikovan\u00edm penetr\u00e1cie (doba schnutia minim\u00e1lne 24 hodiny).<\/p>\n<\/div>\n<\/div>\n<\/div>\n<\/div>\n<div class=\"mb-2 flex gap-3 -ml-2\" tabindex=\"0\">\n<div class=\"flex items-center justify-start rounded-xl p-1\">\n<div class=\"flex items-center\">\n<p class=\"tw-data-text tw-text-large tw-ta\" dir=\"ltr\" data-placeholder=\"T\u0142umaczenie\" data-ved=\"2ahUKEwj586aPnIKMAxW6KxAIHUTtAEMQ3ewLegQICBAU\" aria-label=\"Przet\u0142umaczony tekst: Technick\u00fd list KSK SY 15 KATAL\u00d3G PRODUKTOV V\u00ddROBCU\"><span class=\"Y2IQFc\" lang=\"sk\"><a href=\"https:\/\/www.sanier.pl\/wp-content\/uploads\/2017\/03\/TechDataSheet_W-815-105_K\u00d6STER-KSK-SY-15_pl_pl_2018-05-17_101938.pdf\">Technick\u00fd list KSK SY 15<\/a><br \/>\n<\/span><\/p>\n<p id=\"tw-target-text\" class=\"tw-data-text tw-text-large tw-ta\" dir=\"ltr\" data-placeholder=\"T\u0142umaczenie\" data-ved=\"2ahUKEwj586aPnIKMAxW6KxAIHUTtAEMQ3ewLegQICBAU\" aria-label=\"Przet\u0142umaczony tekst: Technick\u00fd list KSK SY 15 KATAL\u00d3G PRODUKTOV V\u00ddROBCU\"><a href=\"https:\/\/www.koester.pl\/files\/pl_pl\/Program%20produkcji%20KOESTER%20Polska.pdf\" target=\"_blank\" rel=\"noopener\"><span class=\"Y2IQFc\" lang=\"sk\">KATAL\u00d3G PRODUKTOV V\u00ddROBCU<\/span><\/a><\/p>\n<div id=\"tw-target-rmn-container\" class=\"tw-target-rmn tw-ta-container tw-nfl\" tabindex=\"0\" role=\"text\">\n<p id=\"tw-target-rmn\" class=\"tw-data-placeholder tw-text-small tw-ta\" dir=\"ltr\">\n<\/div>\n<\/div>\n<\/div>\n<\/div>\n<p>[\/vc_column_text][\/vc_column][\/vc_row]<\/p>\n","protected":false},"excerpt":{"rendered":"<p>Samoprzylepna izol\u00e1cia bit\u00famenov\u00e1 lepen\u00e1 \u201eza studena\u201d s pokryt\u00edm z f\u00f3lie HDPE<\/p>\n<p>&nbsp;<\/p>\n","protected":false},"featured_media":263770,"comment_status":"open","ping_status":"closed","template":"","meta":{"_acf_changed":false},"product_brand":[],"product_cat":[883,876,881,879,880,882,910,1026,877],"product_tag":[887,890,891,912],"class_list":{"0":"post-279087","1":"product","2":"type-product","3":"status-publish","4":"has-post-thumbnail","6":"product_cat-dachy-plaskie-i-zielone-sk","7":"product_cat-hydroizolacja-sk","8":"product_cat-hydroizolacja-balkonu-i-tarasu-sk","9":"product_cat-hydroizolacja-fundamentu-sk","10":"product_cat-hydroizolacje-bitumiczne-sk","11":"product_cat-hydroizolacje-rolowe-sk","12":"product_cat-koester-sk","13":"product_cat-masy-bitumiczne-sk","14":"product_cat-bitumiczne-sk","15":"product_tag-bitumiczna-sk","16":"product_tag-hydroizolacja-sk","17":"product_tag-hydroizolacje-sk","18":"product_tag-koester-sk","19":"product_shipping_class-trudna-wysylka-sk","21":"first","22":"onbackorder","23":"taxable","24":"shipping-taxable","25":"purchasable","26":"product-type-simple"},"acf":[],"_links":{"self":[{"href":"https:\/\/www.sanier.pl\/sk\/wp-json\/wp\/v2\/product\/279087","targetHints":{"allow":["GET"]}}],"collection":[{"href":"https:\/\/www.sanier.pl\/sk\/wp-json\/wp\/v2\/product"}],"about":[{"href":"https:\/\/www.sanier.pl\/sk\/wp-json\/wp\/v2\/types\/product"}],"replies":[{"embeddable":true,"href":"https:\/\/www.sanier.pl\/sk\/wp-json\/wp\/v2\/comments?post=279087"}],"wp:featuredmedia":[{"embeddable":true,"href":"https:\/\/www.sanier.pl\/sk\/wp-json\/wp\/v2\/media\/263770"}],"wp:attachment":[{"href":"https:\/\/www.sanier.pl\/sk\/wp-json\/wp\/v2\/media?parent=279087"}],"wp:term":[{"taxonomy":"product_brand","embeddable":true,"href":"https:\/\/www.sanier.pl\/sk\/wp-json\/wp\/v2\/product_brand?post=279087"},{"taxonomy":"product_cat","embeddable":true,"href":"https:\/\/www.sanier.pl\/sk\/wp-json\/wp\/v2\/product_cat?post=279087"},{"taxonomy":"product_tag","embeddable":true,"href":"https:\/\/www.sanier.pl\/sk\/wp-json\/wp\/v2\/product_tag?post=279087"}],"curies":[{"name":"wp","href":"https:\/\/api.w.org\/{rel}","templated":true}]}}