{"id":279084,"date":"2017-03-31T13:08:25","date_gmt":"2017-03-31T13:08:25","guid":{"rendered":"https:\/\/www.sanier.pl\/produkt\/nb-1-koester\/"},"modified":"2025-03-12T08:52:52","modified_gmt":"2025-03-12T08:52:52","slug":"nb-1-koester","status":"publish","type":"product","link":"https:\/\/www.sanier.pl\/sk\/produkt\/nb-1-koester\/","title":{"rendered":"KOESTER NB 1"},"content":{"rendered":"<p>[vc_row][vc_column][vc_column_text]<img loading=\"lazy\" decoding=\"async\" class=\"size-full wp-image-3291 aligncenter\" src=\"https:\/\/sanier.pl\/wp-content\/uploads\/2017\/03\/LOGO-KOESTER-hydroizolacje-e1490988887771.jpg\" alt=\"LOGO KOESTER hydroizolacje\" width=\"300\" height=\"89\" \/><\/p>\n<h2 data-start=\"0\" data-end=\"44\">KOESTER NB 1<\/h2>\n<h4 data-start=\"0\" data-end=\"44\">Miner\u00e1lna hydroizola\u010dn\u00e1 malta<\/h4>\n<p data-start=\"46\" data-end=\"731\">KOESTER NB 1 \u0161ed\u00e1 je miner\u00e1lna mikrozmesov\u00e1 malta na zais\u0165ovanie. Obsahuje krystaliza\u010dn\u00e9 l\u00e1tky, ktor\u00e9 uzatv\u00e1raj\u00fa p\u00f3ry v podklade, \u010d\u00edm vytv\u00e1ra povrch s tesnou \u0161trukt\u00farou a mal\u00fdm mno\u017estvom p\u00f3rov. Produkt je odoln\u00fd vo\u010di vode, pri\u010dom zachov\u00e1va vysok\u00fa priepustnos\u0165 pre paru. KOESTER NB 1 sa pou\u017e\u00edva na izol\u00e1ciu pred vlhkos\u0165ou zo zeme, infiltruj\u00facou vodou a vodou pod tlakom. Aplikuje sa na povrchy, kde nehroz\u00ed vznik trhl\u00edn. Izol\u00e1cie vykonan\u00e9 touto mikrozmesovou maltou maj\u00fa vysok\u00fa odolnos\u0165 proti tlaku, oderu a vysokej odolnosti vo\u010di s\u00edranom a chemick\u00fdm agresorom. M\u00e1 atest PHZ pre kontakt s pitnou vodou. Produkt je \u013eahko aplikovate\u013en\u00fd a umo\u017e\u0148uje vytvori\u0165 hydroizol\u00e1ciu bez \u0161vov a spojov.<\/p>\n<p data-start=\"733\" data-end=\"1158\">Pr\u00eddavok emulzie KOESTER SB Haftemulsion do vody pou\u017eitej na pr\u00edpravu malty alebo pou\u017eitie tekutiny NB 1 Flex zvy\u0161uje schopnos\u0165 zadr\u017eiava\u0165 vodu, a tie\u017e zabra\u0148uje \"sp\u00e1leniu\" materi\u00e1lu pri nevhodn\u00fdch poveternostn\u00fdch podmienkach (vysok\u00e1 teplota, n\u00edzka vlhkos\u0165). Pr\u00eddavok emulzie tie\u017e zm\u00e4k\u010duje materi\u00e1l. Produkt v\u010faka h\u013abkovej krystaliz\u00e1cii v podklade m\u00e1 vysok\u00fa odolnos\u0165 proti par\u00e1m vody z oboch str\u00e1n (pozit\u00edvnej aj negat\u00edvnej).<\/p>\n<h3 data-start=\"1160\" data-end=\"1184\">Vlastnosti KOESTER NB 1:<\/h3>\n<ul data-start=\"1185\" data-end=\"1650\">\n<li data-start=\"1185\" data-end=\"1293\">Produkt obsahuje krystaliza\u010dn\u00e9 pr\u00edsady, ktor\u00e9 penetruj\u00fa do podkladu a st\u00e1vaj\u00fa sa jeho integr\u00e1lnou s\u00fa\u010das\u0165ou<\/li>\n<li data-start=\"1294\" data-end=\"1323\">M\u00e1 vlastnosti samouzavretia<\/li>\n<li data-start=\"1324\" data-end=\"1370\">Obsahuje akt\u00edvne l\u00e1tky na utesnenie mikror\u00fdh<\/li>\n<li data-start=\"1371\" data-end=\"1401\">Vysok\u00e1 priepustnos\u0165 pre paru<\/li>\n<li data-start=\"1402\" data-end=\"1424\">Odolnos\u0165 proti oderu<\/li>\n<li data-start=\"1425\" data-end=\"1463\">Atest PHZ pre kontakt s pitnou vodou<\/li>\n<li data-start=\"1464\" data-end=\"1500\">Nezp\u00f4sobuje kor\u00f3ziu ocele v bet\u00f3ne<\/li>\n<li data-start=\"1501\" data-end=\"1558\">Produkt neobsahuje VOC (LZO), nevy\u017earuje \u0161kodliv\u00e9 l\u00e1tky<\/li>\n<li data-start=\"1559\" data-end=\"1590\">Jednoduch\u00e1 a r\u00fdchla aplik\u00e1cia<\/li>\n<li data-start=\"1591\" data-end=\"1650\">Produkt umo\u017e\u0148uje vytvori\u0165 hydroizol\u00e1ciu bez \u0161vov a spojov<\/li>\n<\/ul>\n<h3 data-start=\"1652\" data-end=\"1674\">Pou\u017eitie KOESTER NB 1:<\/h3>\n<ul data-start=\"1675\" data-end=\"2061\">\n<li data-start=\"1675\" data-end=\"1738\">Utesnenie proti tla\u010dnej vode z pozit\u00edvnej a negat\u00edvnej strany<\/li>\n<li data-start=\"1739\" data-end=\"1758\">Na vlhk\u00e9 podklady<\/li>\n<li data-start=\"1759\" data-end=\"1854\">Hydroizol\u00e1cie horizont\u00e1lnych a vertik\u00e1lnych podkladov z mramoru, bet\u00f3nu a cementov\u00fdch omietok<\/li>\n<li data-start=\"1855\" data-end=\"2023\">Pou\u017eitie v mokr\u00fdch miestnostiach, k\u00fape\u013eniach, sprch\u00e1ch, pivniciach, sil\u00e1, n\u00e1dr\u017eiach, v\u00fd\u0165ahoch, n\u00e1dr\u017eiach na \u010distenie odpadov\u00fdch v\u00f4d, n\u00e1dr\u017eiach na pitn\u00fa vodu a \u010fal\u0161\u00edch<\/li>\n<li data-start=\"2024\" data-end=\"2061\">Pou\u017eite\u013en\u00e9 v interi\u00e9ri aj exteri\u00e9ri<\/li>\n<\/ul>\n<h3 data-start=\"2063\" data-end=\"2072\">Spotreba:<\/h3>\n<ul data-start=\"2073\" data-end=\"2094\">\n<li data-start=\"2073\" data-end=\"2094\">cca 2,5 - 4,0 kg\/m\u00b2<\/li>\n<\/ul>\n<p data-start=\"2096\" data-end=\"2116\" data-is-last-node=\"\" data-is-only-node=\"\"><a href=\"https:\/\/www.sanier.pl\/wp-content\/uploads\/2017\/03\/TechDataSheet_W-221-025_K\u00d6STER-NB-1-_pl_pl_2019-10-15_115902.pdf\">Technick\u00e1 karta NB 1<\/a><\/p>\n<div id=\"KnM9nf\" class=\"PZPZlf\" data-attrid=\"tw-sourceArea\" data-entityname=\"Google Translate\">\n<div id=\"tw-source\">\n<div id=\"tw-source-text-container\" class=\"tw-ta-container tw-nfl\" tabindex=\"0\" role=\"text\" aria-label=\"Tekst \u017ar\u00f3d\u0142owy: KATALOG PRODUKT\u00d3W PRODUCENTA\" data-ved=\"2ahUKEwj586aPnIKMAxW6KxAIHUTtAEMQ3OwLegQICBAK\">\n<p id=\"tw-source-rmn\" class=\"tw-data-placeholder tw-text-small tw-ta\" dir=\"ltr\"><a href=\"https:\/\/www.koester.pl\/files\/pl_pl\/Program%20produkcji%20KOESTER%20Polska.pdf\" target=\"_blank\" rel=\"noopener\"><span class=\"Y2IQFc\" lang=\"sk\">KATAL\u00d3G PRODUKTOV V\u00ddROBCU<\/span><\/a><\/p>\n<\/div>\n<\/div>\n<\/div>\n<p>[\/vc_column_text][\/vc_column][\/vc_row]<\/p>\n","protected":false},"excerpt":{"rendered":"<p>Miner\u00e1lny produkt na proti vlhkostn\u00e9 a proti vodn\u00e9 izol\u00e1cie, odoln\u00fd proti negat\u00edvnemu tlaku vody.<\/p>\n","protected":false},"featured_media":264469,"comment_status":"open","ping_status":"closed","template":"","meta":[],"product_brand":[],"product_cat":[876,879,949,921,920,910,899,911,954,953,916],"product_tag":[890,891,912],"class_list":{"0":"post-279084","1":"product","2":"type-product","3":"status-publish","4":"has-post-thumbnail","6":"product_cat-hydroizolacja-sk","7":"product_cat-hydroizolacja-fundamentu-sk","8":"product_cat-hydroizolacje-mineralne-sk","9":"product_cat-hydroizolacje-powlokowe-sk","10":"product_cat-hydroizolacje-zbiornikow-i-kanalizacji-sk","11":"product_cat-koester-sk","12":"product_cat-mineralne-materialy-sk","13":"product_cat-promowane-sk","14":"product_cat-przejscia-instalacyjne-sk","15":"product_cat-szlamy-uszczelniajace-sk","16":"product_cat-uszczelnienie-budynku-od-wewnatrz-sk","17":"product_tag-hydroizolacja-sk","18":"product_tag-hydroizolacje-sk","19":"product_tag-koester-sk","20":"product_shipping_class-latwa-wysylka-sk","22":"first","23":"instock","24":"taxable","25":"shipping-taxable","26":"purchasable","27":"product-type-simple"},"_links":{"self":[{"href":"https:\/\/www.sanier.pl\/sk\/wp-json\/wp\/v2\/product\/279084","targetHints":{"allow":["GET"]}}],"collection":[{"href":"https:\/\/www.sanier.pl\/sk\/wp-json\/wp\/v2\/product"}],"about":[{"href":"https:\/\/www.sanier.pl\/sk\/wp-json\/wp\/v2\/types\/product"}],"replies":[{"embeddable":true,"href":"https:\/\/www.sanier.pl\/sk\/wp-json\/wp\/v2\/comments?post=279084"}],"wp:featuredmedia":[{"embeddable":true,"href":"https:\/\/www.sanier.pl\/sk\/wp-json\/wp\/v2\/media\/264469"}],"wp:attachment":[{"href":"https:\/\/www.sanier.pl\/sk\/wp-json\/wp\/v2\/media?parent=279084"}],"wp:term":[{"taxonomy":"product_brand","embeddable":true,"href":"https:\/\/www.sanier.pl\/sk\/wp-json\/wp\/v2\/product_brand?post=279084"},{"taxonomy":"product_cat","embeddable":true,"href":"https:\/\/www.sanier.pl\/sk\/wp-json\/wp\/v2\/product_cat?post=279084"},{"taxonomy":"product_tag","embeddable":true,"href":"https:\/\/www.sanier.pl\/sk\/wp-json\/wp\/v2\/product_tag?post=279084"}],"curies":[{"name":"wp","href":"https:\/\/api.w.org\/{rel}","templated":true}]}}