{"id":279082,"date":"2017-04-01T05:58:27","date_gmt":"2017-04-01T05:58:27","guid":{"rendered":"https:\/\/www.sanier.pl\/produkt\/c514-terra-1k\/"},"modified":"2025-03-12T08:48:57","modified_gmt":"2025-03-12T08:48:57","slug":"c514-terra-1k","status":"publish","type":"product","link":"https:\/\/www.sanier.pl\/sk\/produkt\/c514-terra-1k\/","title":{"rendered":"BOSTIK C514 Terra 1K (K11 Schlamme Grau)"},"content":{"rendered":"<p>[vc_row][vc_column][vc_column_text]<\/p>\n<h1>BOSTIK C514 Terra 1K (predt\u00fdm K11 Schl\u00e4mme Grau)<\/h1>\n<h5 style=\"text-align: center;\">Tvrd\u00fd tesniaci \u0161lam na nepohybuj\u00face sa povrchy. (<a href=\"https:\/\/pl.wikipedia.org\/wiki\/Izolacja_wodochronna\" target=\"_blank\" rel=\"noopener\">hydroizol\u00e1cia<\/a>)<\/h5>\n<h5><\/h5>\n<p>[\/vc_column_text][\/vc_column][\/vc_row][vc_row][vc_column][vc_column_text css_animation=\"none\"]<a href=\"https:\/\/www.sanier.pl\/sklep\/?s=bostik&amp;post_type=product\"><img loading=\"lazy\" decoding=\"async\" class=\"wp-image-258966 size-medium aligncenter\" src=\"https:\/\/www.sanier.pl\/wp-content\/uploads\/2022\/07\/Bostik_Logo_Header-300x121.png\" alt=\"bostik logo\" width=\"300\" height=\"121\" srcset=\"https:\/\/www.sanier.pl\/wp-content\/uploads\/2022\/07\/Bostik_Logo_Header-300x121.png 300w, https:\/\/www.sanier.pl\/wp-content\/uploads\/2022\/07\/Bostik_Logo_Header-800x324.png 800w, https:\/\/www.sanier.pl\/wp-content\/uploads\/2022\/07\/Bostik_Logo_Header-768x311.png 768w, https:\/\/www.sanier.pl\/wp-content\/uploads\/2022\/07\/Bostik_Logo_Header-700x283.png 700w, https:\/\/www.sanier.pl\/wp-content\/uploads\/2022\/07\/Bostik_Logo_Header.png 842w\" sizes=\"auto, (max-width:767px) 300px, 300px\" \/><\/a>[\/vc_column_text][\/vc_column][\/vc_row][vc_row][vc_column][vc_separator style=\"dashed\"][vc_empty_space height=\"64px\"][\/vc_column][\/vc_row][vc_row][vc_column width=\"1\/4\"][vc_single_image image=\"261700\" img_size=\"medium\" style=\"vc_box_rounded\"][\/vc_column][vc_column width=\"3\/4\"][vc_column_text]<\/p>\n<div class=\"flex max-w-full flex-col flex-grow\">\n<div class=\"min-h-8 text-message relative flex w-full flex-col items-end gap-2 whitespace-normal break-words text-start [.text-message+&amp;]:mt-5\" dir=\"auto\" data-message-author-role=\"assistant\" data-message-id=\"2c4a414b-4a89-472b-9764-5425d11921b9\" data-message-model-slug=\"gpt-4o-mini\">\n<div class=\"flex w-full flex-col gap-1 empty:hidden first:pt-[3px]\">\n<h3 data-start=\"0\" data-end=\"20\">BOSTIK C514 Terra 1K<\/h3>\n<p data-start=\"22\" data-end=\"276\">je jednoslo\u017ekov\u00e1 miner\u00e1lna zmes s tesniacimi vlastnos\u0165ami. Vytv\u00e1ra vodotesn\u00fa vrstvu. Produkt chr\u00e1ni pred vlhkos\u0165ou, podzemn\u00fdmi vodami at\u010f., pri\u010dom po \u00faplnom vytvrdnut\u00ed sa tesniaca vrstva st\u00e1va odolnou vo\u010di mrazu a morskej vode. Nesp\u00f4sobuje kor\u00f3ziu kovov.<\/p>\n<p data-start=\"278\" data-end=\"550\">Ide o miner\u00e1lne hydroizola\u010dn\u00e9 hmoty na b\u00e1ze \u0161ed\u00e9ho alebo bieleho portlandsk\u00e9ho cementu, z ktor\u00fdch sa daj\u00fa z\u00edska\u0165 tvrd\u00e9 izola\u010dn\u00e9 povlaky. Mnoh\u00e9 z nich obsahuj\u00fa polymerov\u00e9 zmesi. Pred pou\u017eit\u00edm sa pred\u00e1vaj\u00fa ako such\u00e9 zmesi, ktor\u00e9 je potrebn\u00e9 zmie\u0161a\u0165 s vhodn\u00fdm mno\u017estvom vody.<\/p>\n<p data-start=\"552\" data-end=\"904\" data-is-last-node=\"\" data-is-only-node=\"\">BOSTIK C514 Terra 1K m\u00f4\u017ee by\u0165 pou\u017eit\u00fd na vertik\u00e1lnu a horizont\u00e1lnu izol\u00e1ciu z\u00e1kladov a pivni\u010dn\u00fdch stien. Sl\u00fa\u017ei aj na izol\u00e1ciu podl\u00e1h a podlahov\u00fdch kryt\u00edn vystaven\u00fdch vplyvom vlhkosti, ako aj na tesnenie baz\u00e9nov a in\u00fdch n\u00e1dr\u017e\u00ed. Tesniaca malta BOSTIK C514 Terra 1K (predt\u00fdm K11 Schl\u00e4mme Grau) sa vyzna\u010duje vysokou odolnos\u0165ou vo\u010di mechanick\u00e9mu po\u0161kodeniu.<\/p>\n<\/div>\n<\/div>\n<\/div>\n<div class=\"mb-2 flex gap-3 -ml-2\" tabindex=\"0\">\n<div class=\"flex items-center justify-start rounded-xl p-1\">\n<div class=\"flex items-center\"><\/div>\n<\/div>\n<\/div>\n<p>[\/vc_column_text][vc_column_text]<\/p>\n<div class=\"flex max-w-full flex-col flex-grow\">\n<div class=\"min-h-8 text-message relative flex w-full flex-col items-end gap-2 whitespace-normal break-words text-start [.text-message+&amp;]:mt-5\" dir=\"auto\" data-message-author-role=\"assistant\" data-message-id=\"73c94e13-36c7-4b2c-80fa-d3088096d89f\" data-message-model-slug=\"gpt-4o-mini\">\n<div class=\"flex w-full flex-col gap-1 empty:hidden first:pt-[3px]\">\n<h3 data-start=\"0\" data-end=\"12\">ZASTOSOVANIE<\/h3>\n<p data-start=\"14\" data-end=\"520\" data-is-last-node=\"\" data-is-only-node=\"\">ako tesnenie pred vlhkos\u0165ou a podzemn\u00fdmi vodami (aj pod tlakom) v budov\u00e1ch zasypan\u00fdch zemou, pivniciach, podzemn\u00fdch gar\u00e1\u017each, baz\u00e9noch, n\u00e1dr\u017eiach na pitn\u00fa vodu umo\u017e\u0148uje vytvorenie kontinu\u00e1lneho tesnenia medzi z\u00e1kladom podlahy pivnice a m\u00farom tesn\u00ed aj z pozit\u00edvnej strany (od prenikaj\u00facej vody) pridan\u00edm latexovej emulzie MIX A793 EMULSION (predt\u00fdm Haftemulsion-Konzentrat) sa zvy\u0161uje elasticita a pri\u013enavos\u0165 \u0161lamu, pri\u010dom sa zni\u017euje riziko odparenia malty v d\u00f4sledku vysok\u00fdch tepl\u00f4t po\u010das letn\u00fdch mesiacov.<\/p>\n<\/div>\n<\/div>\n<\/div>\n<div class=\"mb-2 flex gap-3 -ml-2\" tabindex=\"0\">\n<div class=\"flex items-center justify-start rounded-xl p-1\">\n<div class=\"flex items-center\"><\/div>\n<\/div>\n<\/div>\n<p>[\/vc_column_text][\/vc_column][\/vc_row][vc_row][vc_column][vc_empty_space][\/vc_column][vc_column][vc_separator style=\"dashed\"][\/vc_column][\/vc_row][vc_row][vc_column width=\"2\/3\"][vc_column_text]<\/p>\n<h3 data-start=\"0\" data-end=\"37\">VLASTNOSTI BOSTIK BLOCK C514 Terra 1K<\/h3>\n<p data-start=\"39\" data-end=\"462\" data-is-last-node=\"\" data-is-only-node=\"\">dobr\u00e1 pri\u013enavos\u0165 pou\u017eitie v oblasti pitnej vody (ATEST PZH) mo\u017enos\u0165 r\u00fdchleho za\u0165a\u017eenia odoln\u00fd proti mrazu a slanej vode pomocou tohto produktu je mo\u017en\u00e9 vytvori\u0165 trval\u00e9 tesnenie medzi z\u00e1kladom a m\u00farom na vertik\u00e1lnu a horizont\u00e1lnu izol\u00e1ciu z\u00e1kladov a stien pivn\u00edc prostriedok prvej pomoci pri n\u00e1hlom \u00faniku vody v stene pivnice alebo sa m\u00f4\u017ee nan\u00e1\u0161a\u0165 na vlhk\u00e9 povrchy pri prvom kontakte s vodou malta sa st\u00e1va trvalo vodotesnou<\/p>\n<p>[\/vc_column_text][\/vc_column][vc_column width=\"1\/3\"][vc_single_image image=\"262104\" img_size=\"medium\"][\/vc_column][\/vc_row][vc_row][vc_column][vc_separator style=\"dashed\"][vc_empty_space][\/vc_column][\/vc_row][vc_row][vc_column][vc_column_text]<\/p>\n<h3 data-start=\"0\" data-end=\"13\">\u010cas schnutia:<\/h3>\n<p data-start=\"15\" data-end=\"132\" data-is-last-node=\"\" data-is-only-node=\"\">\u010cas schnutia z\u00e1vis\u00ed od teploty okolia, relat\u00edvnej vlhkosti vzduchu a typu podkladu. \u0160tandardne je to od 4 do 8 hod\u00edn.<\/p>\n<p>[\/vc_column_text][\/vc_column][\/vc_row][vc_row][vc_column][vc_separator style=\"dashed\"][vc_empty_space][\/vc_column][\/vc_row][vc_row][vc_column width=\"1\/3\"][vc_column_text]<\/p>\n<h4>N\u00c1RADIE<\/h4>\n<ul>\n<li>\u0160tetec na lakovanie<\/li>\n<li>nastrekovacie zariadenie<\/li>\n<li>miesiace zariadenie s pomal\u00fdm ot\u00e1\u010dan\u00edm.<\/li>\n<\/ul>\n<p>[\/vc_column_text][\/vc_column][vc_column width=\"1\/3\"][vc_column_text]<\/p>\n<div id=\"tw-source-text-container\" class=\"tw-ta-container tw-nfl\" tabindex=\"0\" role=\"text\" aria-label=\"Tekst \u017ar\u00f3d\u0142owy: ZU\u017bYCIE\" data-ved=\"2ahUKEwj586aPnIKMAxW6KxAIHUTtAEMQ3OwLegQICBAK\">\n<h4 id=\"tw-source-rmn\" class=\"tw-data-placeholder tw-text-small tw-ta\" dir=\"ltr\"><span class=\"Y2IQFc\" lang=\"sk\">NOSI\u0164<\/span><\/h4>\n<\/div>\n<p>[\/vc_column_text][vc_raw_html]JTNDdGFibGUlM0UlMEElM0N0Ym9keSUzRSUwQSUzQ3RyJTNFJTBBJTNDdGQlM0UlM0MlMkZ0ZCUzRSUwQSUzQ3RkJTNFWnUlQzUlQkN5Y2llJTIwa2clMkZtMiUzQyUyRnRkJTNFJTNDJTJGdHIlM0UlMEElM0N0ciUzRSUzQ3RkJTNFcHJ6ZWNpd2tvJTIwd2lsZ29jaSUzQyUyRnRkJTNFJTNDdGQlM0UyJTNDJTJGdGQlM0UlM0MlMkZ0ciUzRSUwQSUzQ3RyJTNFJTNDdGQlM0VVc3pjemVsbmllbmllJTIwcHJ6ZWNpd2tvJTIwd29kemllJTIwcG9kJTIwY2klQzUlOUJuaWVuaWVtJTNDJTJGdGQlM0UlM0N0ZCUzRTQlM0MlMkZ0ZCUzRSUzQyUyRnRyJTNFJTBBJTNDJTJGdGJvZHklM0UlM0MlMkZ0YWJsZSUzRSUwQQ==[\/vc_raw_html][\/vc_column][vc_column width=\"1\/3\"][vc_column_text]<\/p>\n<p data-start=\"0\" data-end=\"9\">DOKUMENTY<\/p>\n<p data-start=\"11\" data-end=\"25\"><a href=\"https:\/\/www.bostik.com\/files\/live\/sites\/shared_bostik\/files\/documents-brochures\/Poland\/Documents\/TDS\/BOSTIK-BLOCK-C514-TERRA-1K-FLEX-TDS.pdf\" target=\"_blank\" rel=\"noopener\">Technick\u00fd list<\/a><\/p>\n<p data-start=\"27\" data-end=\"44\" data-is-last-node=\"\" data-is-only-node=\"\"><a href=\"https:\/\/www.bostik.com\/files\/live\/sites\/shared_bostik\/files\/documents-brochures\/Poland\/Documents\/SDS\/Bostik-Poland-Seal-and-Block-Block-C514-Terra-1K-Flex-sds.pdf\" target=\"_blank\" rel=\"noopener\">Bezpe\u010dnostn\u00fd list<\/a><\/p>\n<p>[\/vc_column_text][\/vc_column][\/vc_row][vc_row][vc_column][vc_raw_html]JTIwJTIwJTIwJTIwJTNDdGl0bGUlM0VLYWxrdWxhdG9yJTIwenUlQzUlQkN5Y2lhJTIwbWF0ZXJpYSVDNSU4MnUlM0MlMkZ0aXRsZSUzRSUwQSUyMCUyMCUyMCUyMCUzQ3N0eWxlJTNFJTBBJTIwJTIwJTIwJTIwJTIwJTIwJTIwJTIwYm9keSUyMCU3QiUwQSUyMCUyMCUyMCUyMCUyMCUyMCUyMCUyMCUyMCUyMCUyMCUyMGZvbnQtZmFtaWx5JTNBJTIwQXJpYWwlMkMlMjBzYW5zLXNlcmlmJTNCJTBBJTIwJTIwJTIwJTIwJTIwJTIwJTIwJTIwJTIwJTIwJTIwJTIwbWFyZ2luJTNBJTIwMjBweCUzQiUwQSUyMCUyMCUyMCUyMCUyMCUyMCUyMCUyMCU3RCUwQSUyMCUyMCUyMCUyMCUyMCUyMCUyMCUyMGxhYmVsJTIwJTdCJTBBJTIwJTIwJTIwJTIwJTIwJTIwJTIwJTIwJTIwJTIwJTIwJTIwZGlzcGxheSUzQSUyMGJsb2NrJTNCJTBBJTIwJTIwJTIwJTIwJTIwJTIwJTIwJTIwJTIwJTIwJTIwJTIwbWFyZ2luLWJvdHRvbSUzQSUyMDVweCUzQiUwQSUyMCUyMCUyMCUyMCUyMCUyMCUyMCUyMCU3RCUwQSUyMCUyMCUyMCUyMCUyMCUyMCUyMCUyMGlucHV0JTIwJTdCJTBBJTIwJTIwJTIwJTIwJTIwJTIwJTIwJTIwJTIwJTIwJTIwJTIwd2lkdGglM0ElMjAxMDAlMjUlM0IlMEElMjAlMjAlMjAlMjAlMjAlMjAlMjAlMjAlMjAlMjAlMjAlMjBwYWRkaW5nJTNBJTIwNXB4JTNCJTBBJTIwJTIwJTIwJTIwJTIwJTIwJTIwJTIwJTIwJTIwJTIwJTIwbWFyZ2luLWJvdHRvbSUzQSUyMDEwcHglM0IlMEElMjAlMjAlMjAlMjAlMjAlMjAlMjAlMjAlN0QlMEElMjAlMjAlMjAlMjAlMjAlMjAlMjAlMjBidXR0b24lMjAlN0IlMEElMjAlMjAlMjAlMjAlMjAlMjAlMjAlMjAlMjAlMjAlMjAlMjBwYWRkaW5nJTNBJTIwMTBweCUyMDIwcHglM0IlMEElMjAlMjAlMjAlMjAlMjAlMjAlMjAlMjAlMjAlMjAlMjAlMjBiYWNrZ3JvdW5kLWNvbG9yJTNBJTIwJTIzNENBRjUwJTNCJTBBJTIwJTIwJTIwJTIwJTIwJTIwJTIwJTIwJTIwJTIwJTIwJTIwY29sb3IlM0ElMjB3aGl0ZSUzQiUwQSUyMCUyMCUyMCUyMCUyMCUyMCUyMCUyMCUyMCUyMCUyMCUyMGJvcmRlciUzQSUyMG5vbmUlM0IlMEElMjAlMjAlMjAlMjAlMjAlMjAlMjAlMjAlMjAlMjAlMjAlMjBjdXJzb3IlM0ElMjBwb2ludGVyJTNCJTBBJTIwJTIwJTIwJTIwJTIwJTIwJTIwJTIwJTdEJTBBJTIwJTIwJTIwJTIwJTIwJTIwJTIwJTIwJTIzd3luaWslMjAlN0IlMEElMjAlMjAlMjAlMjAlMjAlMjAlMjAlMjAlMjAlMjAlMjAlMjBtYXJnaW4tdG9wJTNBJTIwMjBweCUzQiUwQSUyMCUyMCUyMCUyMCUyMCUyMCUyMCUyMCUyMCUyMCUyMCUyMGZvbnQtd2VpZ2h0JTNBJTIwYm9sZCUzQiUwQSUyMCUyMCUyMCUyMCUyMCUyMCUyMCUyMCU3RCUwQSUyMCUyMCUyMCUyMCUzQyUyRnN0eWxlJTNFJTBBJTBBJTIwJTIwJTIwJTIwJTNDaDIlM0VLYWxrdWxhdG9yJTIwenUlQzUlQkN5Y2lhJTIwbWF0ZXJpYSVDNSU4MnUlM0MlMkZoMiUzRSUwQSUyMCUyMCUyMCUyMCUzQ2xhYmVsJTIwZm9yJTNEJTIycG93aWVyemNobmlhJTIyJTNFUG93aWVyemNobmlhJTIwJTI4dyUyMG1ldHJhY2glMjBrd2FkcmF0b3d5Y2glMjklM0ElM0MlMkZsYWJlbCUzRSUwQSUyMCUyMCUyMCUyMCUzQ2lucHV0JTIwdHlwZSUzRCUyMm51bWJlciUyMiUyMGlkJTNEJTIycG93aWVyemNobmlhJTIyJTIwc3RlcCUzRCUyMjElMjIlM0UlMEElM0NsYWJlbCUyMGZvciUzRCUyMnBvamVtbm9zYyUyMiUzRVBvamVtbm8lQzUlOUIlQzQlODclMjB3aWFkZXJrYSUyMCUyOHclMjBraWxvZ3JhbWFjaCUyOSUzQSUzQyUyRmxhYmVsJTNFJTBBJTNDc2VsZWN0JTIwbmFtZSUzRCUyMnBvamVtbm9zYyUyMiUyMGlkJTNEJTIycG9qZW1ub3NjJTIyJTNFJTBBJTIwJTNDb3B0aW9uJTIwdmFsdWUlM0QlMjIyNSUyMiUyMHNlbGVjdGVkJTNFMjUlMjBrZyUzQyUyRm9wdGlvbiUzRSUwQSUzQyUyRnNlbGVjdCUzRSUwQSUwQSUyMCUyMCUyMCUyMCUzQ2J1dHRvbiUyMGlkJTNEJTIyb2JsaWN6QnRuJTIyJTNFT2JsaWN6JTNDJTJGYnV0dG9uJTNFJTBBJTIwJTIwJTIwJTIwJTNDZGl2JTIwaWQlM0QlMjJ3eW5payUyMiUzRSUzQyUyRmRpdiUzRSUwQSUwQSUyMCUyMCUyMCUyMCUzQ3NjcmlwdCUzRSUwQSUyMCUyMCUyMCUyMCUyMCUyMCUyMCUyMGRvY3VtZW50LmdldEVsZW1lbnRCeUlkJTI4JTI3b2JsaWN6QnRuJTI3JTI5LmFkZEV2ZW50TGlzdGVuZXIlMjglMjdjbGljayUyNyUyQyUyMGZ1bmN0aW9uJTIwJTI4JTI5JTIwJTdCJTBBJTIwJTIwJTIwJTIwJTIwJTIwJTIwJTIwJTIwJTIwJTIwJTIwY29uc3QlMjBwb3dpZXJ6Y2huaWElMjAlM0QlMjBwYXJzZUZsb2F0JTI4ZG9jdW1lbnQuZ2V0RWxlbWVudEJ5SWQlMjglMjdwb3dpZXJ6Y2huaWElMjclMjkudmFsdWUlMjklM0IlMEElMjAlMjAlMjAlMjAlMjAlMjAlMjAlMjAlMjAlMjAlMjAlMjBjb25zdCUyMG1pbmltYWxuZVp1enljaWUlMjAlM0QlMjAyLjAlMjAlMkElMjBwb3dpZXJ6Y2huaWElM0IlMEElMjAlMjAlMjAlMjAlMjAlMjAlMjAlMjAlMjAlMjAlMjAlMjBjb25zdCUyMG1ha3N5bWFsbmVadXp5Y2llJTIwJTNEJTIwNC4wJTIwJTJBJTIwcG93aWVyemNobmlhJTNCJTBBJTIwJTIwJTIwJTIwJTIwJTIwJTIwJTIwJTIwJTIwJTIwJTIwY29uc3QlMjBwb2plbW5vc2NXaWFkZXJrYSUyMCUzRCUyMHBhcnNlRmxvYXQlMjhkb2N1bWVudC5nZXRFbGVtZW50QnlJZCUyOCUyN3BvamVtbm9zYyUyNyUyOS52YWx1ZSUyOSUzQiUwQSUyMCUyMCUyMCUyMCUyMCUyMCUyMCUyMCUyMCUyMCUyMCUyMGNvbnN0JTIwbWluaW1hbG5lSWxvc2NXaWFkZXIlMjAlM0QlMjBNYXRoLmNlaWwlMjhtaW5pbWFsbmVadXp5Y2llJTIwJTJGJTIwcG9qZW1ub3NjV2lhZGVya2ElMjklM0IlMEElMjAlMjAlMjAlMjAlMjAlMjAlMjAlMjAlMjAlMjAlMjAlMjBjb25zdCUyMG1ha3N5bWFsbmVJbG9zY1dpYWRlciUyMCUzRCUyME1hdGguY2VpbCUyOG1ha3N5bWFsbmVadXp5Y2llJTIwJTJGJTIwcG9qZW1ub3NjV2lhZGVya2ElMjklM0IlMEElMEElMjAlMjAlMjAlMjAlMjAlMjAlMjAlMjAlMjAlMjAlMjAlMjBkb2N1bWVudC5nZXRFbGVtZW50QnlJZCUyOCUyN3d5bmlrJTI3JTI5LmlubmVySFRNTCUyMCUzRCUyMCUyMk1pbmltYWxuZSUyMHp1JUM1JUJDeWNpZSUyMG1hdGVyaWElQzUlODJ1JTNBJTIwJTIyJTIwJTJCJTIwbWluaW1hbG5lWnV6eWNpZS50b0ZpeGVkJTI4MiUyOSUyMCUyQiUyMCUyMiUyMGtnJTIyJTIwJTJCJTIwJTIyJTNDYnIlM0UlMjIlM0IlMEElMjAlMjAlMjAlMjAlMjAlMjAlMjAlMjAlMjAlMjAlMjAlMjBkb2N1bWVudC5nZXRFbGVtZW50QnlJZCUyOCUyN3d5bmlrJTI3JTI5LmlubmVySFRNTCUyMCUyQiUzRCUyMCUyMk1ha3N5bWFsbmUlMjB6dSVDNSVCQ3ljaWUlMjBtYXRlcmlhJUM1JTgydSUzQSUyMCUyMiUyMCUyQiUyMG1ha3N5bWFsbmVadXp5Y2llLnRvRml4ZWQlMjgyJTI5JTIwJTJCJTIwJTIyJTIwa2clMjIlMjAlMkIlMjAlMjIlM0NiciUzRSUyMiUzQiUwQSUyMCUyMCUyMCUyMCUyMCUyMCUyMCUyMCUyMCUyMCUyMCUyMGRvY3VtZW50LmdldEVsZW1lbnRCeUlkJTI4JTI3d3luaWslMjclMjkuaW5uZXJIVE1MJTIwJTJCJTNEJTIwJTIySWxvJUM1JTlCJUM0JTg3JTIwd29yayVDMyVCM3clMjBwb3RyemVibnljaCUyMGRsYSUyMHByemVjaXd3aWxnb2Npb3dlaiUyMGh5ZHJvaXpvbGFjamklM0ElMjAlMjIlMjAlMkIlMjBtaW5pbWFsbmVJbG9zY1dpYWRlciUyMCUyQiUyMCUyMiUzQ2JyJTNFJTIyJTNCJTBBJTIwJTIwJTIwJTIwJTIwJTIwJTIwJTIwJTIwJTIwJTIwJTIwZG9jdW1lbnQuZ2V0RWxlbWVudEJ5SWQlMjglMjd3eW5payUyNyUyOS5pbm5lckhUTUwlMjAlMkIlM0QlMjAlMjJJbG8lQzUlOUIlQzQlODclMjB3b3JrJUMzJUIzdyUyMHBvdHJ6ZWJueWNoJTIwZGxhJTIwcHJ6ZWNpd3dvZG5laiUyMGh5ZHJvaXpvbGFjamklM0ElMjAlMjIlMjAlMkIlMjBtYWtzeW1hbG5lSWxvc2NXaWFkZXIlM0IlMEElMjAlMjAlMjAlMjAlMjAlMjAlMjAlMjAlN0QlMjklM0IlMEElMjAlMjAlMjAlMjAlM0MlMkZzY3JpcHQlM0U=[\/vc_raw_html][vc_separator style=\"dashed\"][vc_empty_space height=\"64px\"][vc_column_text]<\/p>\n<h3 data-start=\"0\" data-end=\"38\">Spr\u00e1vny syst\u00e9m hydroizol\u00e1cie z\u00e1kladov?<\/h3>\n<p data-start=\"40\" data-end=\"502\">M\u00f4\u017eete vyu\u017ei\u0165 mnoho profesion\u00e1lnych rie\u0161en\u00ed zo s\u00e9rie Bostik SEAL&amp;BLOCK, ktor\u00e9 zabra\u0148uj\u00fa prenikaniu vlhkosti a vody v r\u00f4znych f\u00e1zach v\u00fdstavby. Produkty z tejto l\u00ednie s\u00fa ur\u010den\u00e9 na r\u00f4zne \u00fa\u010dely, ako napr\u00edklad na renov\u00e1ciu a ochranu pivn\u00edc, vys\u00fa\u0161anie budov alebo zabezpe\u010denie povrchov v baz\u00e9noch, wellness centr\u00e1ch \u010di saun\u00e1ch. M\u00f4\u017eete ich pou\u017ei\u0165 v r\u00f4znych situ\u00e1ci\u00e1ch, ale nezab\u00fadajte, \u017ee k\u013e\u00fa\u010dov\u00e9 je spr\u00e1vne pripravi\u0165 podklad. To ovplyv\u0148uje \u00fa\u010dinnos\u0165 a tesnos\u0165 izol\u00e1cie.<\/p>\n<p data-start=\"504\" data-end=\"692\">Podklad by mal by\u0165 hladk\u00fd a rovn\u00fd, nemal by ma\u0165 dierky ani z\u00e1hyby. V s\u00e9rii Bostik SEAL&amp;BLOCK n\u00e1jdete komplexn\u00e9 produkty na zabezpe\u010denie podkladu, napr\u00edklad Bostik BLOCK C514 TERRA 1K FLEX.<\/p>\n<p data-start=\"694\" data-end=\"1236\" data-is-last-node=\"\" data-is-only-node=\"\">\u010co je d\u00f4le\u017eit\u00e9 zd\u00f4razni\u0165, je fakt, \u017ee syst\u00e9my sa daj\u00fa \u013eubovo\u013ene kombinova\u0165, preto\u017ee jednotliv\u00e9 produkty spolu dokonale spolupracuj\u00fa, \u010do zaru\u010duje optim\u00e1lnu hydroizola\u010dn\u00fa ochranu pred vlhkos\u0165ou a vodou. Na\u0161e produkty a syst\u00e9my s\u00fa flexibiln\u00e9 a \u013eahko sa prisp\u00f4sobuj\u00fa individu\u00e1lnym potreb\u00e1m a po\u017eiadavk\u00e1m ka\u017ed\u00e9ho projektu. V\u010faka tomu m\u00f4\u017ee ka\u017ed\u00fd \u0161pecialista vypracova\u0165 vlastn\u00fd hydroizola\u010dn\u00fd syst\u00e9m prisp\u00f4soben\u00fd konkr\u00e9tnemu projektu. Je to premyslen\u00fd krok, ktor\u00fd m\u00e1 za cie\u013e urobi\u0165 na\u0161e produkty e\u0161te u\u017eito\u010dnej\u0161ie a funk\u010dnej\u0161ie pre na\u0161ich z\u00e1kazn\u00edkov.<\/p>\n<p>[\/vc_column_text][\/vc_column][\/vc_row][vc_row][vc_column][vc_empty_space height=\"64px\"][\/vc_column][\/vc_row]<\/p>\n","protected":false},"excerpt":{"rendered":"<p>BOSTIK C514 Terra 1K je jednokomponentn\u00e1 miner\u00e1lna malta so zais\u0165ovac\u00edm \u00fa\u010dinkom. Vytv\u00e1ra vodotesn\u00fa povrchov\u00fa vrstvu. Produkt chr\u00e1ni pred vlhkos\u0165ou, podzemn\u00fdmi vodami a podobne, pri\u010dom po \u00faplnom vytvrdnut\u00ed sa izola\u010dn\u00e1 vrstva st\u00e1va odolnou proti mrazu a morskej vode. Nesp\u00f4sobuje kor\u00f3ziu kovov.<\/p>\n","protected":false},"featured_media":273460,"comment_status":"open","ping_status":"closed","template":"","meta":{"_acf_changed":false},"product_brand":[],"product_cat":[923,878,876,881,879,949,939,921,920,899,911,954,953,916],"product_tag":[979,888,980,981,982,890,969,958,983,970,984,985,986,987,959,971,988,972,989,973,990,961,991,891,992,993,994,995,996,997,998,999,1000,1001,1002,974,1003,1004,1005,1006,1007,1008,1009,1010,1011,975,1012,1013,1014,962,963,1015,1016,1017,1018,1019,1020,1021,1022,1023,964,1024,965,966,967,1025],"class_list":{"0":"post-279082","1":"product","2":"type-product","3":"status-publish","4":"has-post-thumbnail","6":"product_cat-bestseller-sk","7":"product_cat-bostik-sk","8":"product_cat-hydroizolacja-sk","9":"product_cat-hydroizolacja-balkonu-i-tarasu-sk","10":"product_cat-hydroizolacja-fundamentu-sk","11":"product_cat-hydroizolacje-mineralne-sk","12":"product_cat-hydroizolacje-mineralne-hydroizolacja-balkonu-i-tarasu-sk","13":"product_cat-hydroizolacje-powlokowe-sk","14":"product_cat-hydroizolacje-zbiornikow-i-kanalizacji-sk","15":"product_cat-mineralne-materialy-sk","16":"product_cat-promowane-sk","17":"product_cat-przejscia-instalacyjne-sk","18":"product_cat-szlamy-uszczelniajace-sk","19":"product_cat-uszczelnienie-budynku-od-wewnatrz-sk","20":"product_tag-baseny-i-zbiorniki-sk","21":"product_tag-bostik-sk","22":"product_tag-c514-sk","23":"product_tag-faseta-fundamentowa-sk","24":"product_tag-fundament-sk","25":"product_tag-hydroizolacja-sk","26":"product_tag-hydroizolacja-basenow-sk","27":"product_tag-hydroizolacja-betonu-sk","28":"product_tag-hydroizolacja-chudziaka-sk","29":"product_tag-hydroizolacja-fundamentow-w-starym-domu-sk","30":"product_tag-hydroizolacja-jednoskladnikowa-sk","31":"product_tag-hydroizolacja-od-strony-negatywnej-sk","32":"product_tag-hydroizolacja-od-strony-pozytywnej-sk","33":"product_tag-hydroizolacja-piwnicy-od-zewnatrz-sk","34":"product_tag-hydroizolacja-podlogi-sk","35":"product_tag-hydroizolacja-przeciwwodna-sk","36":"product_tag-hydroizolacja-plyty-fundamentowej-sk","37":"product_tag-hydroizolacja-scian-fundamentowych-i-piwnicznych-sk","38":"product_tag-hydroizolacja-strefy-cokolowej-sk","39":"product_tag-hydroizolacja-wewnetrzna-sk","40":"product_tag-hydroizolacja-wody-napierajacej-sk","41":"product_tag-hydroizolacja-zabezpieczajaca-beton-sk","42":"product_tag-hydroizolacja-zewnetrzna-sk","43":"product_tag-hydroizolacje-sk","44":"product_tag-izolacja-sk","45":"product_tag-izolacja-cokolowa-sk","46":"product_tag-izolacja-parochronna-sk","47":"product_tag-izolacja-pionowa-sk","48":"product_tag-izolacja-pozioma-sk","49":"product_tag-izolacja-przeciwwodna-sk","50":"product_tag-izolacja-przeciwwodna-pionowa-sk","51":"product_tag-izolacja-przeciwwodna-piwnicy-sk","52":"product_tag-izolacja-przeciwwodna-posadzki-w-piwnicy-sk","53":"product_tag-izolacja-przeciwwodna-plyty-fundamentowej-sk","54":"product_tag-izolacja-przeciwwodna-typu-ciezkiego-sk","55":"product_tag-k11-sk","56":"product_tag-materialy-mineralne-sk","57":"product_tag-membrana-sk","58":"product_tag-mokry-chudziak-sk","59":"product_tag-naprawa-izolacji-fundamentu-sk","60":"product_tag-naprawa-izolacji-pionowej-sk","61":"product_tag-naprawa-izolacji-poziomej-sk","62":"product_tag-odpornosc-na-mroz-i-uv-sk","63":"product_tag-piwnica-sk","64":"product_tag-podklad-do-tynku-sk","65":"product_tag-produkt-uszczelniajacy-sk","66":"product_tag-pzh-sk","67":"product_tag-sciana-wilgotna-sk","68":"product_tag-system-hydroizolacji-sk","69":"product_tag-szlam-sk","70":"product_tag-szlam-mineralny-sk","71":"product_tag-uszczelnianie-sk","72":"product_tag-uszczelnienie-podloza-sk","73":"product_tag-warstwa-sczepna-sk","74":"product_tag-wilgoc-sk","75":"product_tag-wodoszczelna-powloka-sk","76":"product_tag-zabezpieczenie-scian-sk","77":"product_tag-zaprawa-cementowa-sk","78":"product_tag-zaprawa-do-betonu-i-murow-sk","79":"product_tag-zaprawa-do-zbiornikow-z-woda-pitna-sk","80":"product_tag-zaprawa-hydroizolacyjna-sk","81":"product_tag-zaprawa-paroprzepuszczalna-sk","82":"product_tag-zaprawa-przeciwwilgociowa-sk","83":"product_tag-zaprawa-uszczelniajaca-sk","84":"product_tag-zaprawa-wodoszczelna-sk","85":"product_tag-zaprawa-wzmacniana-wloknami-sk","86":"product_shipping_class-latwa-wysylka-sk","88":"first","89":"instock","90":"taxable","91":"shipping-taxable","92":"purchasable","93":"product-type-simple"},"acf":[],"_links":{"self":[{"href":"https:\/\/www.sanier.pl\/sk\/wp-json\/wp\/v2\/product\/279082","targetHints":{"allow":["GET"]}}],"collection":[{"href":"https:\/\/www.sanier.pl\/sk\/wp-json\/wp\/v2\/product"}],"about":[{"href":"https:\/\/www.sanier.pl\/sk\/wp-json\/wp\/v2\/types\/product"}],"replies":[{"embeddable":true,"href":"https:\/\/www.sanier.pl\/sk\/wp-json\/wp\/v2\/comments?post=279082"}],"wp:featuredmedia":[{"embeddable":true,"href":"https:\/\/www.sanier.pl\/sk\/wp-json\/wp\/v2\/media\/273460"}],"wp:attachment":[{"href":"https:\/\/www.sanier.pl\/sk\/wp-json\/wp\/v2\/media?parent=279082"}],"wp:term":[{"taxonomy":"product_brand","embeddable":true,"href":"https:\/\/www.sanier.pl\/sk\/wp-json\/wp\/v2\/product_brand?post=279082"},{"taxonomy":"product_cat","embeddable":true,"href":"https:\/\/www.sanier.pl\/sk\/wp-json\/wp\/v2\/product_cat?post=279082"},{"taxonomy":"product_tag","embeddable":true,"href":"https:\/\/www.sanier.pl\/sk\/wp-json\/wp\/v2\/product_tag?post=279082"}],"curies":[{"name":"wp","href":"https:\/\/api.w.org\/{rel}","templated":true}]}}