{"id":279079,"date":"2017-04-01T10:53:01","date_gmt":"2017-04-01T10:53:01","guid":{"rendered":"https:\/\/www.sanier.pl\/produkt\/bostik-block-x701-terra-2k-flex\/"},"modified":"2025-03-12T08:37:06","modified_gmt":"2025-03-12T08:37:06","slug":"bostik-block-x701-terra-2k-flex","status":"publish","type":"product","link":"https:\/\/www.sanier.pl\/sk\/produkt\/bostik-block-x701-terra-2k-flex\/","title":{"rendered":"BOSTIK BLOCK X701 TERRA 2k FLEX (K11 Flex Schlamme Grau)"},"content":{"rendered":"<p>[vc_row][vc_column][vc_column_text]<\/p>\n<h1><strong><span style=\"color: #000000;\">BOSTIK BLOCK X701 TERRA 2k FLEX (dawne Flex Schl\u00e4mme K11)<\/span><\/strong><\/h1>\n<h5>ELASTYCZNA ZAPRAWA USZCZELNIAJ\u0104CA ( SZLAM HYDROIZOLACYJNY)<\/h5>\n<p>[\/vc_column_text][\/vc_column][\/vc_row][vc_row][vc_column][vc_column_text css_animation=\"none\"]<a href=\"https:\/\/www.sanier.pl\/sklep\/?s=bostik&amp;post_type=product\"><img loading=\"lazy\" decoding=\"async\" class=\"wp-image-258966 size-medium aligncenter\" src=\"https:\/\/www.sanier.pl\/wp-content\/uploads\/2022\/07\/Bostik_Logo_Header-300x121.png\" alt=\"bostik logo\" width=\"300\" height=\"121\" srcset=\"https:\/\/www.sanier.pl\/wp-content\/uploads\/2022\/07\/Bostik_Logo_Header-300x121.png 300w, https:\/\/www.sanier.pl\/wp-content\/uploads\/2022\/07\/Bostik_Logo_Header-800x324.png 800w, https:\/\/www.sanier.pl\/wp-content\/uploads\/2022\/07\/Bostik_Logo_Header-768x311.png 768w, https:\/\/www.sanier.pl\/wp-content\/uploads\/2022\/07\/Bostik_Logo_Header-700x283.png 700w, https:\/\/www.sanier.pl\/wp-content\/uploads\/2022\/07\/Bostik_Logo_Header.png 842w\" sizes=\"auto, (max-width:767px) 300px, 300px\" \/><\/a>[\/vc_column_text][\/vc_column][\/vc_row][vc_row][vc_column][vc_separator style=\"dashed\"][vc_empty_space height=\"64px\"][\/vc_column][\/vc_row][vc_row][vc_column width=\"1\/2\"][vc_single_image image=\"262132\" img_size=\"large\"][\/vc_column][vc_column width=\"1\/2\"][vc_column_text]<\/p>\n<h3 data-start=\"0\" data-end=\"24\">BLOCK X701 TERRA 2k FLEX<\/h3>\n<p data-start=\"26\" data-end=\"217\">je elastick\u00e1, dvojzlo\u017ekov\u00e1 tesniaca malta, zn\u00e1ma predt\u00fdm pod n\u00e1zvom Flex Schl\u00e4mme K11. Tento produkt sa vyzna\u010duje mnoh\u00fdmi v\u00fdhodami, ktor\u00e9 z neho robia vynikaj\u00faci v\u00fdber pre tesniace aplik\u00e1cie.<\/p>\n<h3 data-start=\"219\" data-end=\"246\">Dvojzlo\u017ekov\u00e9 tesniace malty<\/h3>\n<p data-start=\"248\" data-end=\"639\">S\u00fa vyr\u00e1ban\u00e9 na b\u00e1ze portlandsk\u00e9ho cementu, ktor\u00fd je doplnen\u00fd prostriedkami zlep\u0161uj\u00facimi tesnos\u0165 a elasticitu. V dvojzlo\u017ekov\u00fdch malet\u00e1ch sa namiesto vody prid\u00e1va druh\u00e1 zlo\u017eka, a to tekut\u00e1 polym\u00e9rna emulzia. Takto pripraven\u00e1 hydroizola\u010dn\u00e1 malta je v\u00fdnimo\u010dne odoln\u00e1 vo\u010di ve\u013ek\u00fdm teplotn\u00fdm rozdielom a zachov\u00e1va elasticitu aj po\u010das mrazov, pri\u010dom vytv\u00e1ra tenk\u00fa vrstvu tesniacej povrchovej \u00fapravy.<\/p>\n<p data-start=\"641\" data-end=\"908\">Tesniaca malta m\u00e1 dobr\u00fa pri\u013enavos\u0165 k r\u00f4znym stavebn\u00fdm materi\u00e1lom, najm\u00e4 k omietkam z sadry, anhydritu alebo cementov\u00fdm malt\u00e1m, sadrokart\u00f3nov\u00fdm dosk\u00e1m a sadrovl\u00e1knov\u00fdm dosk\u00e1m, p\u00f3robet\u00f3nu, stavebnej keramike, star\u00fdm keramick\u00fdm povlakom a dokonca aj asfaltov\u00fdm povrchom.<\/p>\n<p data-start=\"910\" data-end=\"971\" data-is-last-node=\"\" data-is-only-node=\"\">Tento materi\u00e1l je vhodn\u00fd na vytvorenie tzv. vodotesn\u00fdch van\u00ed.<\/p>\n<p>[\/vc_column_text][vc_column_text]<\/p>\n<h3 data-start=\"0\" data-end=\"10\">ZASTO\u010cENIE<\/h3>\n<p data-start=\"12\" data-end=\"107\">BOSTIK BLOCK X701 TERRA 2k FLEX je vynikaj\u00facou vo\u013ebou pre r\u00f4zne aplik\u00e1cie. M\u00f4\u017eeme ho vyu\u017ei\u0165 na:<\/p>\n<p data-start=\"109\" data-end=\"705\">Tesnenie z negat\u00edvnej a pozit\u00edvnej strany: Tento produkt n\u00e1m poskytuje flexibilitu pri v\u00fdbere sp\u00f4sobu tesnenia r\u00f4znych kon\u0161trukci\u00ed. Tesnenie kon\u0161trukci\u00ed vystaven\u00fdch vode pod tlakom: V pr\u00edpade povrchov vystaven\u00fdch kontaktu s vodou pod tlakom, t\u00e1to malta poskytuje pevn\u00fa ochranu. Ochranu stien a m\u00farov pred p\u00f4soben\u00edm vody a vlhkosti: Ak s\u00fa na\u0161e steny vystaven\u00e9 vlhkosti, BOSTIK BLOCK X701 TERRA 2k FLEX sa m\u00f4\u017ee uk\u00e1za\u0165 ako neocenite\u013en\u00e1 pomoc. Pou\u017eitie na vn\u00fatornej aj vonkaj\u0161ej strane: Flexibilita tohto produktu znamen\u00e1, \u017ee ho m\u00f4\u017eeme vyu\u017ei\u0165 na zabezpe\u010denie stien, \u010di u\u017e zvn\u00fatra alebo zvonku budovy.<\/p>\n<p data-start=\"707\" data-end=\"1013\" data-is-last-node=\"\" data-is-only-node=\"\">Ak teda pl\u00e1nujete ak\u00e9ko\u013evek pr\u00e1ce spojen\u00e9 s tesnen\u00edm povrchov vystaven\u00fdch vlhkosti, vode pod tlakom alebo zmen\u00e1m poveternostn\u00fdch podmienok, je dobr\u00e9 zv\u00e1\u017ei\u0165 pou\u017eitie BOSTIK BLOCK X701 TERRA 2k FLEX. Jeho flexibilita, odolnos\u0165 a univerz\u00e1lnos\u0165 m\u00f4\u017eu by\u0165 k\u013e\u00fa\u010dov\u00e9 pre dosiahnutie trval\u00e9ho a efekt\u00edvneho v\u00fdsledku.<\/p>\n<p>[\/vc_column_text][\/vc_column][\/vc_row][vc_row][vc_column][vc_empty_space][\/vc_column][vc_column][vc_separator style=\"dashed\"][\/vc_column][\/vc_row][vc_row][vc_column width=\"2\/3\"][vc_column_text]<\/p>\n<div class=\"flex max-w-full flex-col flex-grow\">\n<div class=\"min-h-8 text-message relative flex w-full flex-col items-end gap-2 whitespace-normal break-words text-start [.text-message+&amp;]:mt-5\" dir=\"auto\" data-message-author-role=\"assistant\" data-message-id=\"1ff8b651-899b-40db-b313-c9a5e04f0c14\" data-message-model-slug=\"gpt-4o-mini\">\n<div class=\"flex w-full flex-col gap-1 empty:hidden first:pt-[3px]\">\n<h3 data-start=\"0\" data-end=\"10\">VLASTNOSTI<\/h3>\n<p data-start=\"12\" data-end=\"139\">BOSTIK BLOCK X701 TERRA 2k FLEX sa vyzna\u010duje nieko\u013ek\u00fdmi k\u013e\u00fa\u010dov\u00fdmi vlastnos\u0165ami, ktor\u00e9 robia tento produkt vynikaj\u00facim rie\u0161en\u00edm:<\/p>\n<p data-start=\"141\" data-end=\"893\" data-is-last-node=\"\" data-is-only-node=\"\">Odolnos\u0165 proti vode pod tlakom: T\u00e1to malta si v\u00fdborne porad\u00ed s vlhkos\u0165ou a vodou pod tlakom, \u010do ju rob\u00ed ide\u00e1lnym rie\u0161en\u00edm na tesnenie kon\u0161trukci\u00ed vystaven\u00fdch kontaktu s vodou. Dobr\u00e1 pri\u013enavos\u0165: S t\u00fdmto produktom si m\u00f4\u017eeme by\u0165 ist\u00ed, \u017ee bude trvalo dr\u017ea\u0165 na miner\u00e1lnom podklade, na ktor\u00fd bude aplikovan\u00fd. Modifik\u00e1cia polym\u00e9rmi: Pr\u00eddavok polym\u00e9rov zais\u0165uje, \u017ee malta je elastick\u00e1, \u010do je ve\u013emi d\u00f4le\u017eit\u00e9 pri tesnen\u00ed povrchov, ktor\u00e9 s\u00fa n\u00e1chyln\u00e9 na pohyby a vibr\u00e1cie. Odolnos\u0165 proti mrazu a morskej vode: Aj v n\u00e1ro\u010dn\u00fdch poveternostn\u00fdch podmienkach si BOSTIK BLOCK X701 TERRA 2k FLEX zachov\u00e1va svoje vlastnosti, \u010do zaru\u010duje trval\u00fd efekt. Most\u00ed trhliny a praskliny: T\u00e1to malta dok\u00e1\u017ee eliminova\u0165 drobn\u00e9 po\u0161kodenia, \u010do je k\u013e\u00fa\u010dov\u00e9 pre zachovanie integrity povrchu.<\/p>\n<\/div>\n<\/div>\n<\/div>\n<div class=\"mb-2 flex gap-3 -ml-2\" tabindex=\"0\">\n<div class=\"flex items-center justify-start rounded-xl p-1\">\n<div class=\"flex items-center\"><\/div>\n<\/div>\n<\/div>\n<p>[\/vc_column_text][\/vc_column][vc_column width=\"1\/3\"][vc_single_image image=\"261724\" img_size=\"medium\" style=\"vc_box_rounded\"][\/vc_column][\/vc_row][vc_row][vc_column][vc_separator style=\"dashed\"][vc_empty_space][\/vc_column][\/vc_row][vc_row][vc_column][vc_column_text]<\/p>\n<h3 data-start=\"0\" data-end=\"16\">Sp\u00f4sob pou\u017eitia:<\/h3>\n<p data-start=\"18\" data-end=\"1126\">Pr\u00e1\u0161kov\u00fa zlo\u017eku malty X701 TERRA 2k FLEX pridajte do kvapalnej zlo\u017eky a zmie\u0161ajte v n\u00e1dobe pomocou pomalobe\u017en\u00e9ho mie\u0161a\u010da, aby ste dosiahli homog\u00e9nnu hmotu bez hrudiek. Malta X701 TERRA 2k FLEX sa nesmie riedi\u0165 vodou. Po zmie\u0161an\u00ed nechajte maltu st\u00e1\u0165 pribli\u017ene jednu min\u00fatu a potom ju znovu premie\u0161ajte. Malta sa nan\u00e1\u0161a pomocou \u0161tetca, val\u010deka alebo postrekom. Tesniaci \u0161lam sa mus\u00ed nan\u00e1\u0161a\u0165 v minim\u00e1lne dvoch vrstv\u00e1ch, ktor\u00e9 sa nan\u00e1\u0161aj\u00fa kolmo na seba. Pred polo\u017een\u00edm druhej vrstvy sa nesmie dovoli\u0165, aby prv\u00e1 vrstva vyschla. Ak prv\u00e1 vrstva zaschla, pred nanesen\u00edm \u010fal\u0161ej ju treba jemne navlh\u010di\u0165. Vrstva tesnenia by mala ma\u0165 minim\u00e1lnu hr\u00fabku v ka\u017edom bode. Povlak BLOCK X701 TERRA 2k FLEX po\u010das tuhnutia treba chr\u00e1ni\u0165 pred pred\u010dasn\u00fdm vysychan\u00edm. Po\u010das minim\u00e1lne 24 hod\u00edn treba povlak chr\u00e1ni\u0165 pred da\u017e\u010fom, siln\u00fdm slne\u010dn\u00fdm \u017eiaren\u00edm a najm\u00e4 pred mrazom. Po vytvrdnut\u00ed malty sa m\u00f4\u017ee natiera\u0165 be\u017en\u00fdmi farbami. Pri tesnen\u00ed z negat\u00edvnej strany sa odpor\u00fa\u010da na vytvrdnut\u00fa hydroizola\u010dn\u00fa vrstvu aplikova\u0165 renova\u010dn\u00fd omietkov\u00fd syst\u00e9m Sanierputz na zabr\u00e1nenie usadzovania kondenzovanej vlhkosti a pr\u00edpadn\u00e9ho vzniku v\u00fdkvantov.<\/p>\n<h3 data-start=\"1128\" data-end=\"1141\">\u010cas schnutia:<\/h3>\n<p data-start=\"1143\" data-end=\"1282\" data-is-last-node=\"\" data-is-only-node=\"\">\u010cas schnutia z\u00e1vis\u00ed od teploty prostredia, relat\u00edvnej vlhkosti vzduchu a typu podkladu. \u0160tandardne je to 1-2 hodiny (maxim\u00e1lne do 6 hod\u00edn).<\/p>\n<p>[\/vc_column_text][\/vc_column][\/vc_row][vc_row][vc_column][vc_separator style=\"dashed\"][vc_empty_space][\/vc_column][\/vc_row][vc_row][vc_column width=\"1\/3\"][vc_column_text]<\/p>\n<h4 data-start=\"0\" data-end=\"9\">N\u00c1RADIE<\/h4>\n<ul data-start=\"10\" data-end=\"53\" data-is-only-node=\"\" data-is-last-node=\"\">\n<li data-start=\"10\" data-end=\"20\">\u0161tetec<\/li>\n<li data-start=\"21\" data-end=\"31\">val\u010dek<\/li>\n<li data-start=\"32\" data-end=\"53\" data-is-last-node=\"\">stroj na striekanie<\/li>\n<\/ul>\n<p>[\/vc_column_text][\/vc_column][vc_column width=\"1\/3\"][vc_column_text]<\/p>\n<div id=\"tw-source-text-container\" class=\"tw-ta-container tw-nfl\" tabindex=\"0\" role=\"text\" aria-label=\"Tekst \u017ar\u00f3d\u0142owy: ZU\u017bYCIE\" data-ved=\"2ahUKEwj586aPnIKMAxW6KxAIHUTtAEMQ3OwLegQICBAK\">\n<h4 id=\"tw-source-rmn\" class=\"tw-data-placeholder tw-text-small tw-ta\" dir=\"ltr\"><span class=\"Y2IQFc\" lang=\"sk\">NOSI\u0164<\/span><\/h4>\n<\/div>\n<p>[\/vc_column_text][vc_raw_html]JTNDdGFibGUlM0UlMEElM0N0Ym9keSUzRSUwQSUzQ3RyJTNFJTNDdGQlM0VCYXphJTNDJTJGdGQlM0UlM0N0ZCUzRWNlbWVudCUyMGklMjBkeXNwZXJzamElM0MlMkZ0ZCUzRSUzQyUyRnRyJTNFJTBBJTNDdHIlM0UlM0N0ZCUzRVN0b3N1bmVrJTIwbWllc3phbmlhJTNDJTJGdGQlM0UlM0N0ZCUzRTMlM0ExJTIwJTI4cHJvc3playUzQWR5c3BlcnNqYSUyOSUzQyUyRnRkJTNFJTNDJTJGdHIlM0UlMEElM0N0ciUzRSUzQ3RkJTNFQ3phcyUyMHByYWN5JTNDJTJGdGQlM0UlM0N0ZCUzRW9rbyVDNSU4Mm8lMjAyJTIwZ29kemluJTNDJTJGdGQlM0UlM0MlMkZ0ciUzRSUwQSUzQ3RyJTNFJTNDdGQlM0VUZW1wZXJhdHVyYSUyMHBvZCVDNSU4Mm8lQzUlQkNhJTIwaSUyMGFwbGlrYWNqaSUzQyUyRnRkJTNFJTNDdGQlM0VvZCUyMCUyQjUlQzIlQjBDJTIwZG8lMjAlMkIlMjAzNSVDMiVCMEMlM0MlMkZ0ZCUzRSUzQyUyRnRyJTNFJTBBJTNDdHIlM0UlM0N0ZCUzRVVzemN6ZWxuaWFuaWUlMjBwcnplZCUyMHByemVuaWthaiVDNCU4NWMlQzQlODUlMjB3b2QlQzQlODUlM0MlMkZ0ZCUzRSUzQ3RkJTNFMiUyQzUlMjAlRTIlODAlOTMlMjAzJTIwa2clMkZtMiUyMHclMjB6YWxlJUM1JUJDbm8lQzUlOUJjaSUyMG9kJTIwZ3J1Ym8lQzUlOUJjaSUyMHdhcnN0d3klMjAlMjgxJTJDNSUyMCVFMiU4MCU5MyUyMDElMkM4JTIwbW0lMjklM0MlMkZ0ZCUzRSUzQyUyRnRyJTNFJTBBJTNDJTJGdGJvZHklM0UlM0MlMkZ0YWJsZSUzRSUwQQ==[\/vc_raw_html][\/vc_column][vc_column width=\"1\/3\"][vc_column_text]<\/p>\n<p style=\"text-align: right;\" data-start=\"0\" data-end=\"9\">DOKUMENTY<\/p>\n<p style=\"text-align: right;\" data-start=\"11\" data-end=\"25\"><a href=\"https:\/\/www.bostik.com\/files\/live\/sites\/shared_bostik\/files\/documents-brochures\/Poland\/Documents\/TDS\/Bostik-Poland-Seal-and-Block-Block-X701-Terra-2K-Flex-tds.pdf\" target=\"_blank\" rel=\"noopener\">Technick\u00fd list<\/a><\/p>\n<p style=\"text-align: right;\" data-start=\"27\" data-end=\"48\" data-is-last-node=\"\" data-is-only-node=\"\"><a href=\"https:\/\/www.bostik.com\/files\/live\/sites\/shared_bostik\/files\/documents-brochures\/Poland\/Documents\/SDS\/Bostik-Poland-Seal-and-Block-Block-X701-Terra-2K-Flex-Sk%c5%82adnik-A-sds.pdf\" target=\"_blank\" rel=\"noopener\">KARTA CHARAKTERISTIKY<\/a><\/p>\n<p>[\/vc_column_text][\/vc_column][\/vc_row][vc_row][vc_column][vc_raw_html]JTIwJTIwJTIwJTIwJTNDdGl0bGUlM0VLYWxrdWxhdG9yJTIwenUlQzUlQkN5Y2lhJTIwbWF0ZXJpYSVDNSU4MnUlM0MlMkZ0aXRsZSUzRSUwQSUyMCUyMCUyMCUyMCUzQ3N0eWxlJTNFJTBBJTIwJTIwJTIwJTIwJTIwJTIwJTIwJTIwYm9keSUyMCU3QiUwQSUyMCUyMCUyMCUyMCUyMCUyMCUyMCUyMCUyMCUyMCUyMCUyMGZvbnQtZmFtaWx5JTNBJTIwQXJpYWwlMkMlMjBzYW5zLXNlcmlmJTNCJTBBJTIwJTIwJTIwJTIwJTIwJTIwJTIwJTIwJTIwJTIwJTIwJTIwbWFyZ2luJTNBJTIwMjBweCUzQiUwQSUyMCUyMCUyMCUyMCUyMCUyMCUyMCUyMCU3RCUwQSUyMCUyMCUyMCUyMCUyMCUyMCUyMCUyMGxhYmVsJTIwJTdCJTBBJTIwJTIwJTIwJTIwJTIwJTIwJTIwJTIwJTIwJTIwJTIwJTIwZGlzcGxheSUzQSUyMGJsb2NrJTNCJTBBJTIwJTIwJTIwJTIwJTIwJTIwJTIwJTIwJTIwJTIwJTIwJTIwbWFyZ2luLWJvdHRvbSUzQSUyMDVweCUzQiUwQSUyMCUyMCUyMCUyMCUyMCUyMCUyMCUyMCU3RCUwQSUyMCUyMCUyMCUyMCUyMCUyMCUyMCUyMGlucHV0JTIwJTdCJTBBJTIwJTIwJTIwJTIwJTIwJTIwJTIwJTIwJTIwJTIwJTIwJTIwd2lkdGglM0ElMjAxMDAlMjUlM0IlMEElMjAlMjAlMjAlMjAlMjAlMjAlMjAlMjAlMjAlMjAlMjAlMjBwYWRkaW5nJTNBJTIwNXB4JTNCJTBBJTIwJTIwJTIwJTIwJTIwJTIwJTIwJTIwJTIwJTIwJTIwJTIwbWFyZ2luLWJvdHRvbSUzQSUyMDEwcHglM0IlMEElMjAlMjAlMjAlMjAlMjAlMjAlMjAlMjAlN0QlMEElMjAlMjAlMjAlMjAlMjAlMjAlMjAlMjBidXR0b24lMjAlN0IlMEElMjAlMjAlMjAlMjAlMjAlMjAlMjAlMjAlMjAlMjAlMjAlMjBwYWRkaW5nJTNBJTIwMTBweCUyMDIwcHglM0IlMEElMjAlMjAlMjAlMjAlMjAlMjAlMjAlMjAlMjAlMjAlMjAlMjBiYWNrZ3JvdW5kLWNvbG9yJTNBJTIwJTIzNENBRjUwJTNCJTBBJTIwJTIwJTIwJTIwJTIwJTIwJTIwJTIwJTIwJTIwJTIwJTIwY29sb3IlM0ElMjB3aGl0ZSUzQiUwQSUyMCUyMCUyMCUyMCUyMCUyMCUyMCUyMCUyMCUyMCUyMCUyMGJvcmRlciUzQSUyMG5vbmUlM0IlMEElMjAlMjAlMjAlMjAlMjAlMjAlMjAlMjAlMjAlMjAlMjAlMjBjdXJzb3IlM0ElMjBwb2ludGVyJTNCJTBBJTIwJTIwJTIwJTIwJTIwJTIwJTIwJTIwJTdEJTBBJTIwJTIwJTIwJTIwJTIwJTIwJTIwJTIwJTIzd3luaWslMjAlN0IlMEElMjAlMjAlMjAlMjAlMjAlMjAlMjAlMjAlMjAlMjAlMjAlMjBtYXJnaW4tdG9wJTNBJTIwMjBweCUzQiUwQSUyMCUyMCUyMCUyMCUyMCUyMCUyMCUyMCUyMCUyMCUyMCUyMGZvbnQtd2VpZ2h0JTNBJTIwYm9sZCUzQiUwQSUyMCUyMCUyMCUyMCUyMCUyMCUyMCUyMCU3RCUwQSUyMCUyMCUyMCUyMCUzQyUyRnN0eWxlJTNFJTBBJTBBJTIwJTIwJTIwJTIwJTNDaDIlM0VLYWxrdWxhdG9yJTIwenUlQzUlQkN5Y2lhJTIwbWF0ZXJpYSVDNSU4MnUlM0MlMkZoMiUzRSUwQSUyMCUyMCUyMCUyMCUzQ2xhYmVsJTIwZm9yJTNEJTIycG93aWVyemNobmlhJTIyJTNFUG93aWVyemNobmlhJTIwJTI4dyUyMG1ldHJhY2glMjBrd2FkcmF0b3d5Y2glMjklM0ElM0MlMkZsYWJlbCUzRSUwQSUyMCUyMCUyMCUyMCUzQ2lucHV0JTIwdHlwZSUzRCUyMm51bWJlciUyMiUyMGlkJTNEJTIycG93aWVyemNobmlhJTIyJTIwc3RlcCUzRCUyMjElMjIlM0UlMEElM0NsYWJlbCUyMGZvciUzRCUyMnBvamVtbm9zYyUyMiUzRVBvamVtbm8lQzUlOUIlQzQlODclMjB3aWFkZXJrYSUyMCUyOHclMjBraWxvZ3JhbWFjaCUyOSUzQSUzQyUyRmxhYmVsJTNFJTBBJTNDc2VsZWN0JTIwbmFtZSUzRCUyMnBvamVtbm9zYyUyMiUyMGlkJTNEJTIycG9qZW1ub3NjJTIyJTNFJTBBJTIwJTIwJTNDb3B0aW9uJTIwdmFsdWUlM0QlMjIyMCUyMiUyMHNlbGVjdGVkJTNFMjAlMjBrZyUzQyUyRm9wdGlvbiUzRSUwQSUzQyUyRnNlbGVjdCUzRSUwQSUwQSUyMCUyMCUyMCUyMCUzQ2J1dHRvbiUyMGlkJTNEJTIyb2JsaWN6QnRuJTIyJTNFT2JsaWN6JTNDJTJGYnV0dG9uJTNFJTBBJTIwJTIwJTIwJTIwJTNDZGl2JTIwaWQlM0QlMjJ3eW5payUyMiUzRSUzQyUyRmRpdiUzRSUwQSUwQSUyMCUyMCUyMCUyMCUzQ3NjcmlwdCUzRSUwQSUyMCUyMCUyMCUyMCUyMCUyMCUyMCUyMGRvY3VtZW50LmdldEVsZW1lbnRCeUlkJTI4JTI3b2JsaWN6QnRuJTI3JTI5LmFkZEV2ZW50TGlzdGVuZXIlMjglMjdjbGljayUyNyUyQyUyMGZ1bmN0aW9uJTIwJTI4JTI5JTIwJTdCJTBBJTIwJTIwJTIwJTIwJTIwJTIwJTIwJTIwJTIwJTIwJTIwJTIwY29uc3QlMjBwb3dpZXJ6Y2huaWElMjAlM0QlMjBwYXJzZUZsb2F0JTI4ZG9jdW1lbnQuZ2V0RWxlbWVudEJ5SWQlMjglMjdwb3dpZXJ6Y2huaWElMjclMjkudmFsdWUlMjklM0IlMEElMjAlMjAlMjAlMjAlMjAlMjAlMjAlMjAlMjAlMjAlMjAlMjBjb25zdCUyMG1pbmltYWxuZVp1enljaWUlMjAlM0QlMjAyLjUwJTIwJTJBJTIwcG93aWVyemNobmlhJTNCJTBBJTIwJTIwJTIwJTIwJTIwJTIwJTIwJTIwJTIwJTIwJTIwJTIwY29uc3QlMjBtYWtzeW1hbG5lWnV6eWNpZSUyMCUzRCUyMDMlMjAlMkElMjBwb3dpZXJ6Y2huaWElM0IlMEElMjAlMjAlMjAlMjAlMjAlMjAlMjAlMjAlMjAlMjAlMjAlMjBjb25zdCUyMHBvamVtbm9zY1dpYWRlcmthJTIwJTNEJTIwcGFyc2VGbG9hdCUyOGRvY3VtZW50LmdldEVsZW1lbnRCeUlkJTI4JTI3cG9qZW1ub3NjJTI3JTI5LnZhbHVlJTI5JTNCJTBBJTIwJTIwJTIwJTIwJTIwJTIwJTIwJTIwJTIwJTIwJTIwJTIwY29uc3QlMjBtaW5pbWFsbmVJbG9zY1dpYWRlciUyMCUzRCUyME1hdGguY2VpbCUyOG1pbmltYWxuZVp1enljaWUlMjAlMkYlMjBwb2plbW5vc2NXaWFkZXJrYSUyOSUzQiUwQSUyMCUyMCUyMCUyMCUyMCUyMCUyMCUyMCUyMCUyMCUyMCUyMGNvbnN0JTIwbWFrc3ltYWxuZUlsb3NjV2lhZGVyJTIwJTNEJTIwTWF0aC5jZWlsJTI4bWFrc3ltYWxuZVp1enljaWUlMjAlMkYlMjBwb2plbW5vc2NXaWFkZXJrYSUyOSUzQiUwQSUwQSUyMCUyMCUyMCUyMCUyMCUyMCUyMCUyMCUyMCUyMCUyMCUyMGRvY3VtZW50LmdldEVsZW1lbnRCeUlkJTI4JTI3d3luaWslMjclMjkuaW5uZXJIVE1MJTIwJTNEJTIwJTIyTWluaW1hbG5lJTIwenUlQzUlQkN5Y2llJTIwbWF0ZXJpYSVDNSU4MnUlM0ElMjAlMjIlMjAlMkIlMjBtaW5pbWFsbmVadXp5Y2llLnRvRml4ZWQlMjgyJTI5JTIwJTJCJTIwJTIyJTIwa2clMjIlMjAlMkIlMjAlMjIlM0NiciUzRSUyMiUzQiUwQSUyMCUyMCUyMCUyMCUyMCUyMCUyMCUyMCUyMCUyMCUyMCUyMGRvY3VtZW50LmdldEVsZW1lbnRCeUlkJTI4JTI3d3luaWslMjclMjkuaW5uZXJIVE1MJTIwJTJCJTNEJTIwJTIyTWFrc3ltYWxuZSUyMHp1JUM1JUJDeWNpZSUyMG1hdGVyaWElQzUlODJ1JTNBJTIwJTIyJTIwJTJCJTIwbWFrc3ltYWxuZVp1enljaWUudG9GaXhlZCUyODIlMjklMjAlMkIlMjAlMjIlMjBrZyUyMiUyMCUyQiUyMCUyMiUzQ2JyJTNFJTIyJTNCJTBBJTIwJTIwJTIwJTIwJTIwJTIwJTIwJTIwJTIwJTIwJTIwJTIwZG9jdW1lbnQuZ2V0RWxlbWVudEJ5SWQlMjglMjd3eW5payUyNyUyOS5pbm5lckhUTUwlMjAlMkIlM0QlMjAlMjJJbG8lQzUlOUIlQzQlODclMjB3aWFkZXIlMjBwb3RyemVibnljaCUyMGRvJTIwaHlkcm9pem9sYWNqaSUyMHByemVjaXd3b2RuZWolMjgxJTJDOG1tJTI5JTNBJTIwJTIyJTIwJTJCJTIwbWFrc3ltYWxuZUlsb3NjV2lhZGVyJTIwJTJCJTIwJTIyJTIwc3p0JTIyJTIwJTNCJTBBJTIwJTIwJTIwJTIwJTIwJTIwJTIwJTIwJTdEJTI5JTNCJTBBJTIwJTIwJTIwJTIwJTNDJTJGc2NyaXB0JTNF[\/vc_raw_html][vc_separator style=\"dashed\"][vc_empty_space height=\"64px\"][vc_column_text]<\/p>\n<div class=\"flex max-w-full flex-col flex-grow\">\n<div class=\"min-h-8 text-message relative flex w-full flex-col items-end gap-2 whitespace-normal break-words text-start [.text-message+&amp;]:mt-5\" dir=\"auto\" data-message-author-role=\"assistant\" data-message-id=\"8eb02f72-9cc0-4a52-99cd-577a16835e2e\" data-message-model-slug=\"gpt-4o-mini\">\n<div class=\"flex w-full flex-col gap-1 empty:hidden first:pt-[3px]\">\n<h3 data-start=\"0\" data-end=\"20\">\u010co je hydroizol\u00e1cia?<\/h3>\n<p data-start=\"22\" data-end=\"220\">Hydroizol\u00e1cia je inak naz\u00fdvan\u00e1 izol\u00e1cia proti vlhkosti, ktor\u00e1 spo\u010d\u00edva v ochrane objektu pred \u0161kodliv\u00fdmi a ni\u010div\u00fdmi \u00fa\u010dinkami vody. Hydroizol\u00e1cie klasifikujeme pod\u013ea spojiva (hydroizola\u010dn\u00e9 pr\u00edpravky):<\/p>\n<ul data-start=\"222\" data-end=\"1282\" data-is-only-node=\"\" data-is-last-node=\"\">\n<li data-start=\"222\" data-end=\"414\">\n<p data-start=\"224\" data-end=\"414\">Na b\u00e1ze bit\u00famenov a dechtu (met\u00f3da, od ktorej sa odch\u00e1dza), vysok\u00e1 vodoodolnos\u0165, \u013eahko dostupn\u00e9 materi\u00e1ly, ale neefekt\u00edvna pri\u013enavos\u0165 medzi vrstvami (a navy\u0161e negat\u00edvne vpl\u00fdvaj\u00fa na zdravie).<\/p>\n<\/li>\n<li data-start=\"416\" data-end=\"635\">\n<p data-start=\"418\" data-end=\"635\">Na b\u00e1ze syntetick\u00fdch \u017eiv\u00edc (modern\u00e9 pr\u00edpravky) \u2013 hodia sa iba na vn\u00fatorn\u00e9, dom\u00e1ce pou\u017eitie; nie s\u00fa vhodn\u00e9 na hydroizol\u00e1ciu ve\u013ek\u00fdch vodn\u00fdch n\u00e1dr\u017e\u00ed, preto\u017ee pri dlhodobom p\u00f4soben\u00ed vody doch\u00e1dza k zn\u00ed\u017eeniu ich \u00fa\u010dinnosti.<\/p>\n<\/li>\n<li data-start=\"637\" data-end=\"1027\">\n<p data-start=\"639\" data-end=\"1027\">Hydroizola\u010dn\u00e9 pr\u00edpravky na b\u00e1ze miner\u00e1lno-polym\u00e9rov \u2013 hydroizol\u00e1cie miner\u00e1lno-polym\u00e9rov\u00e9 s\u00fa zbaven\u00e9 vy\u0161\u0161ie uveden\u00fdch nedostatkov a naz\u00fdvaj\u00fa sa aj izola\u010dn\u00fdmi alebo utes\u0148ovac\u00edmi \u0161lamami. Dvojzlo\u017ekov\u00e9 miner\u00e1lne hydroizol\u00e1cie s\u00fa ide\u00e1lne na izol\u00e1ciu proti vode m\u00farov, soklov, vodn\u00fdch n\u00e1dr\u017e\u00ed, baz\u00e9nov, balk\u00f3nov, ter\u00e1s a striech, ako aj miestnost\u00ed s vysokou vlhkos\u0165ou, ako s\u00fa k\u00fape\u013ene a pr\u00e1\u010dovne.<\/p>\n<\/li>\n<li data-start=\"1029\" data-end=\"1282\" data-is-last-node=\"\">\n<p data-start=\"1031\" data-end=\"1282\" data-is-last-node=\"\">Viaczlo\u017ekov\u00e9 pr\u00edpravky na b\u00e1ze reakt\u00edvnych \u017eiv\u00edc (najmodernej\u0161ie spojiv\u00e1) \u2013 m\u00f4\u017eu to by\u0165 produkty na b\u00e1ze polyuret\u00e1nov\u00fdch a epoxidov\u00fdch \u017eiv\u00edc. Vyzna\u010duj\u00fa sa dobrou schopnos\u0165ou prenika\u0165 do podkladu, v\u010faka \u010domu maj\u00fa vysok\u00fa pri\u013enavos\u0165 a \u00fapln\u00fa vodoodolnos\u0165.<\/p>\n<\/li>\n<\/ul>\n<\/div>\n<\/div>\n<\/div>\n<div class=\"mb-2 flex gap-3 -ml-2\" tabindex=\"0\">\n<div class=\"flex items-center justify-start rounded-xl p-1\">\n<div class=\"flex items-center\"><\/div>\n<\/div>\n<\/div>\n<p>[\/vc_column_text][\/vc_column][\/vc_row][vc_row][vc_column][vc_empty_space height=\"64px\"][\/vc_column][\/vc_row]<\/p>\n","protected":false},"excerpt":{"rendered":"<div class=\"flex max-w-full flex-col flex-grow\">\n<div class=\"min-h-8 text-message relative flex w-full flex-col items-end gap-2 whitespace-normal break-words text-start [.text-message+&amp;]:mt-5\" dir=\"auto\" data-message-author-role=\"assistant\" data-message-id=\"0231be22-4f3a-4351-9def-8132ce8c16d9\" data-message-model-slug=\"gpt-4o-mini\">\n<div class=\"flex w-full flex-col gap-1 empty:hidden first:pt-[3px]\">\n<p data-start=\"0\" data-end=\"165\" data-is-last-node=\"\" data-is-only-node=\"\">BOSTIK BLOCK X701 TERRA 2k FLEX (predt\u00fdm Flex Schl\u00e4mme K11) je elastick\u00e1, dvojzlo\u017ekov\u00e1 tesniaca malta. Vyzna\u010duje sa ve\u013emi dobrou pri\u013enavos\u0165ou k miner\u00e1lnym podkladom.<\/p>\n<\/div>\n<\/div>\n<\/div>\n<div class=\"mb-2 flex gap-3 -ml-2\" tabindex=\"0\">\n<div class=\"flex items-center justify-start rounded-xl p-1\">\n<div class=\"flex items-center\"><\/div>\n<\/div>\n<\/div>\n","protected":false},"featured_media":273592,"comment_status":"open","ping_status":"closed","template":"","meta":[],"product_brand":[],"product_cat":[923,878,876,881,879,939,949,921,920,899,911,953,916],"product_tag":[888,968,890,969,958,970,959,927,971,972,973,891,974,975,976,977,978,966],"class_list":{"0":"post-279079","1":"product","2":"type-product","3":"status-publish","4":"has-post-thumbnail","6":"product_cat-bestseller-sk","7":"product_cat-bostik-sk","8":"product_cat-hydroizolacja-sk","9":"product_cat-hydroizolacja-balkonu-i-tarasu-sk","10":"product_cat-hydroizolacja-fundamentu-sk","11":"product_cat-hydroizolacje-mineralne-hydroizolacja-balkonu-i-tarasu-sk","12":"product_cat-hydroizolacje-mineralne-sk","13":"product_cat-hydroizolacje-powlokowe-sk","14":"product_cat-hydroizolacje-zbiornikow-i-kanalizacji-sk","15":"product_cat-mineralne-materialy-sk","16":"product_cat-promowane-sk","17":"product_cat-szlamy-uszczelniajace-sk","18":"product_cat-uszczelnienie-budynku-od-wewnatrz-sk","19":"product_tag-bostik-sk","20":"product_tag-elastyczna-sk","21":"product_tag-hydroizolacja-sk","22":"product_tag-hydroizolacja-basenow-sk","23":"product_tag-hydroizolacja-betonu-sk","24":"product_tag-hydroizolacja-fundamentow-w-starym-domu-sk","25":"product_tag-hydroizolacja-podlogi-sk","26":"product_tag-hydroizolacja-przeciwwilgociowa-sk","27":"product_tag-hydroizolacja-przeciwwodna-sk","28":"product_tag-hydroizolacja-scian-fundamentowych-i-piwnicznych-sk","29":"product_tag-hydroizolacja-wewnetrzna-sk","30":"product_tag-hydroizolacje-sk","31":"product_tag-k11-sk","32":"product_tag-produkt-uszczelniajacy-sk","33":"product_tag-terra-2k-flex-sk","34":"product_tag-uszczelnienie-sk","35":"product_tag-x701-sk","36":"product_tag-zaprawa-uszczelniajaca-sk","37":"product_shipping_class-trudna-wysylka-sk","39":"first","40":"instock","41":"sale","42":"taxable","43":"shipping-taxable","44":"purchasable","45":"product-type-simple"},"_links":{"self":[{"href":"https:\/\/www.sanier.pl\/sk\/wp-json\/wp\/v2\/product\/279079","targetHints":{"allow":["GET"]}}],"collection":[{"href":"https:\/\/www.sanier.pl\/sk\/wp-json\/wp\/v2\/product"}],"about":[{"href":"https:\/\/www.sanier.pl\/sk\/wp-json\/wp\/v2\/types\/product"}],"replies":[{"embeddable":true,"href":"https:\/\/www.sanier.pl\/sk\/wp-json\/wp\/v2\/comments?post=279079"}],"wp:featuredmedia":[{"embeddable":true,"href":"https:\/\/www.sanier.pl\/sk\/wp-json\/wp\/v2\/media\/273592"}],"wp:attachment":[{"href":"https:\/\/www.sanier.pl\/sk\/wp-json\/wp\/v2\/media?parent=279079"}],"wp:term":[{"taxonomy":"product_brand","embeddable":true,"href":"https:\/\/www.sanier.pl\/sk\/wp-json\/wp\/v2\/product_brand?post=279079"},{"taxonomy":"product_cat","embeddable":true,"href":"https:\/\/www.sanier.pl\/sk\/wp-json\/wp\/v2\/product_cat?post=279079"},{"taxonomy":"product_tag","embeddable":true,"href":"https:\/\/www.sanier.pl\/sk\/wp-json\/wp\/v2\/product_tag?post=279079"}],"curies":[{"name":"wp","href":"https:\/\/api.w.org\/{rel}","templated":true}]}}