{"id":279073,"date":"2017-04-01T13:16:00","date_gmt":"2017-04-01T13:16:00","guid":{"rendered":"https:\/\/www.sanier.pl\/produkt\/nb-elastik-szary\/"},"modified":"2025-03-12T07:49:28","modified_gmt":"2025-03-12T07:49:28","slug":"nb-elastik-szary","status":"publish","type":"product","link":"https:\/\/www.sanier.pl\/sk\/produkt\/nb-elastik-szary\/","title":{"rendered":"NB Elastik \u0161ed\u00fd"},"content":{"rendered":"<p>[vc_row][vc_column][vc_column_text]<img loading=\"lazy\" decoding=\"async\" class=\"size-full wp-image-3291 aligncenter\" src=\"https:\/\/sanier.pl\/wp-content\/uploads\/2017\/03\/LOGO-KOESTER-hydroizolacje-e1490988887771.jpg\" alt=\"LOGO KOESTER hydroizolacje\" width=\"300\" height=\"89\" \/><\/p>\n<h2 data-start=\"0\" data-end=\"27\"><strong data-start=\"0\" data-end=\"27\">KOESTER NB Elastik \u0161ed\u00fd<\/strong><\/h2>\n<p data-start=\"29\" data-end=\"543\">Hydroizola\u010dn\u00e1 malta KOESTER NB Elastik \u0161ed\u00fd je vodotesn\u00fd, elastick\u00fd, odoln\u00fd proti oderu materi\u00e1l na utesnenie s ve\u013emi dobrou pri\u013enavos\u0165ou k v\u0161etk\u00fdm miner\u00e1lnym podkladom. Pokr\u00fdva trhliny do \u0161\u00edrky 2 mm. Malta je odoln\u00e1 vo\u010di \u0161kodliv\u00fdm l\u00e1tkam pre bet\u00f3n, ako s\u00fa zrieden\u00e9 kyseliny a z\u00e1sady. Hydroizola\u010dn\u00e1 malta je odoln\u00e1 vo\u010di UV \u017eiareniu. Materi\u00e1l je nepriepustn\u00fd pre vodu pod tlakom pri hr\u00fabke vrstvy \u2265 2,5 mm. Utes\u0148uj\u00faca malta poskytuje ve\u013emi dobr\u00fa ochranu pred karbonatiz\u00e1ciou. Produkt je v s\u00falade s PN EN 14891:2012.<\/p>\n<h3 data-start=\"545\" data-end=\"583\"><strong data-start=\"545\" data-end=\"583\">Vlastnosti KOESTER NB Elastik \u0161ed\u00fd<\/strong><\/h3>\n<ul data-start=\"584\" data-end=\"776\">\n<li data-start=\"584\" data-end=\"595\">vodotesn\u00fd<\/li>\n<li data-start=\"596\" data-end=\"607\">elastick\u00fd<\/li>\n<li data-start=\"608\" data-end=\"672\">odoln\u00fd proti oderu, zrieden\u00fdm kyselin\u00e1m, z\u00e1sad\u00e1m a UV \u017eiareniu<\/li>\n<li data-start=\"673\" data-end=\"707\">nepriepustn\u00fd pre vodu pod tlakom<\/li>\n<li data-start=\"708\" data-end=\"738\">ochrana proti karbonatiz\u00e1cii<\/li>\n<li data-start=\"739\" data-end=\"776\">produkt v s\u00falade s PN EN 14891:2012<\/li>\n<\/ul>\n<h3 data-start=\"778\" data-end=\"790\"><strong data-start=\"778\" data-end=\"790\">Pou\u017eitie<\/strong><\/h3>\n<ul data-start=\"791\" data-end=\"1657\">\n<li data-start=\"791\" data-end=\"833\">vodotesn\u00e9 izol\u00e1cie pod keramick\u00e9 obklady<\/li>\n<li data-start=\"834\" data-end=\"966\">na vonkaj\u0161ie a vn\u00fatorn\u00e9 pou\u017eitie v budov\u00e1ch (terasy, balk\u00f3ny, baz\u00e9ny, mokr\u00e9 miestnosti ako kuchyne, k\u00fape\u013ene, sanit\u00e1rne miestnosti)<\/li>\n<li data-start=\"967\" data-end=\"1004\">ako hydroizol\u00e1cia bet\u00f3nov\u00fdch n\u00e1dr\u017e\u00ed<\/li>\n<li data-start=\"1005\" data-end=\"1205\">na tvorbu ochrann\u00fdch povrchov v objektoch vodohospod\u00e1rskej infra\u0161trukt\u00fary (vy\u017eaduje sa konzult\u00e1cia s technick\u00fdm oddelen\u00edm KOESTER POLSKA a ur\u010denie agres\u00edvnych faktorov, ktor\u00fdm bude povrch vystaven\u00fd)<\/li>\n<li data-start=\"1206\" data-end=\"1276\">vhodn\u00e9 na pou\u017eitie ako hydroizol\u00e1cia \u010dast\u00ed budov v kontakte so zemou<\/li>\n<li data-start=\"1277\" data-end=\"1395\">na utesnenie pracovn\u00fdch praskl\u00edn zo strany p\u00f4sobiacej vody pri objektoch vyroben\u00fdch v technol\u00f3gii vodotesn\u00e9ho bet\u00f3nu<\/li>\n<li data-start=\"1396\" data-end=\"1511\">na vytv\u00e1ranie vodotesn\u00fdch, elastick\u00fdch utesnen\u00ed povrchov mechanicky za\u0165a\u017een\u00fdch a vystaven\u00fdch riziku vzniku trhl\u00edn<\/li>\n<li data-start=\"1512\" data-end=\"1657\">NB Elastik sa m\u00f4\u017ee pou\u017ei\u0165 v syst\u00e9me ako lepidlo na keramick\u00e9 obklady (po predch\u00e1dzaj\u00facej aplik\u00e1cii hydroizol\u00e1cie touto maltou s hr\u00fabkou \u2265 2 mm)<\/li>\n<\/ul>\n<h3 data-start=\"1659\" data-end=\"1671\"><strong data-start=\"1659\" data-end=\"1671\">Spotreba<\/strong><\/h3>\n<ul data-start=\"1672\" data-end=\"1699\">\n<li data-start=\"1672\" data-end=\"1699\">pribli\u017ene 3,6 - 4,5 kg\/m\u00b2<\/li>\n<\/ul>\n<p data-start=\"1701\" data-end=\"1801\" data-is-last-node=\"\" data-is-only-node=\"\">\n<p data-start=\"1701\" data-end=\"1801\" data-is-last-node=\"\" data-is-only-node=\"\"><strong data-start=\"1701\" data-end=\"1735\"><a href=\"https:\/\/www.sanier.pl\/wp-content\/uploads\/2017\/04\/TechDataSheet_W-233-033_K\u00d6STER-NB-Elastik-szary_pl_pl_2018-10-03_125921.pdf\">Technick\u00fd list NB Elastik<\/a> <\/strong><\/p>\n<p data-start=\"1701\" data-end=\"1801\" data-is-last-node=\"\" data-is-only-node=\"\"><a href=\"https:\/\/www.koester.pl\/files\/pl_pl\/Hydroizolacja-zewnetrzna-budynkow.pdf\" target=\"_blank\" rel=\"noopener\"><strong data-start=\"1701\" data-end=\"1735\">\u0161ed\u00fd<\/strong> <strong data-start=\"1736\" data-end=\"1801\" data-is-last-node=\"\">Syst\u00e9mov\u00e1 bro\u017e\u00fara\u00a0 - <\/strong><strong data-start=\"1736\" data-end=\"1801\" data-is-last-node=\"\">Vonkaj\u0161ia hydroizol\u00e1cia pivn\u00edc a z\u00e1kladov<\/strong><\/a><\/p>\n<p>&nbsp;<\/p>\n<p>[\/vc_column_text][\/vc_column][\/vc_row]<\/p>\n","protected":false},"excerpt":{"rendered":"<p>Dvojzlo\u017ekov\u00e1, elastick\u00e1 hydroizola\u010dn\u00e1 malta.<\/p>\n","protected":false},"featured_media":264490,"comment_status":"open","ping_status":"closed","template":"","meta":[],"product_brand":[],"product_cat":[923,876,881,879,939,949,921,920,885,910,899,884,911,954,916],"product_tag":[890,891,912],"class_list":{"0":"post-279073","1":"product","2":"type-product","3":"status-publish","4":"has-post-thumbnail","6":"product_cat-bestseller-sk","7":"product_cat-hydroizolacja-sk","8":"product_cat-hydroizolacja-balkonu-i-tarasu-sk","9":"product_cat-hydroizolacja-fundamentu-sk","10":"product_cat-hydroizolacje-mineralne-hydroizolacja-balkonu-i-tarasu-sk","11":"product_cat-hydroizolacje-mineralne-sk","12":"product_cat-hydroizolacje-powlokowe-sk","13":"product_cat-hydroizolacje-zbiornikow-i-kanalizacji-sk","14":"product_cat-hydroizolacje-lazienek-i-pomieszczen-mokrych-sk","15":"product_cat-koester-sk","16":"product_cat-mineralne-materialy-sk","17":"product_cat-materialy-wykonczeniowe-sk","18":"product_cat-promowane-sk","19":"product_cat-przejscia-instalacyjne-sk","20":"product_cat-uszczelnienie-budynku-od-wewnatrz-sk","21":"product_tag-hydroizolacja-sk","22":"product_tag-hydroizolacje-sk","23":"product_tag-koester-sk","24":"product_shipping_class-trudna-wysylka-sk","26":"first","27":"instock","28":"taxable","29":"shipping-taxable","30":"purchasable","31":"product-type-simple"},"_links":{"self":[{"href":"https:\/\/www.sanier.pl\/sk\/wp-json\/wp\/v2\/product\/279073","targetHints":{"allow":["GET"]}}],"collection":[{"href":"https:\/\/www.sanier.pl\/sk\/wp-json\/wp\/v2\/product"}],"about":[{"href":"https:\/\/www.sanier.pl\/sk\/wp-json\/wp\/v2\/types\/product"}],"replies":[{"embeddable":true,"href":"https:\/\/www.sanier.pl\/sk\/wp-json\/wp\/v2\/comments?post=279073"}],"wp:featuredmedia":[{"embeddable":true,"href":"https:\/\/www.sanier.pl\/sk\/wp-json\/wp\/v2\/media\/264490"}],"wp:attachment":[{"href":"https:\/\/www.sanier.pl\/sk\/wp-json\/wp\/v2\/media?parent=279073"}],"wp:term":[{"taxonomy":"product_brand","embeddable":true,"href":"https:\/\/www.sanier.pl\/sk\/wp-json\/wp\/v2\/product_brand?post=279073"},{"taxonomy":"product_cat","embeddable":true,"href":"https:\/\/www.sanier.pl\/sk\/wp-json\/wp\/v2\/product_cat?post=279073"},{"taxonomy":"product_tag","embeddable":true,"href":"https:\/\/www.sanier.pl\/sk\/wp-json\/wp\/v2\/product_tag?post=279073"}],"curies":[{"name":"wp","href":"https:\/\/api.w.org\/{rel}","templated":true}]}}