{"id":279071,"date":"2017-04-01T13:25:40","date_gmt":"2017-04-01T13:25:40","guid":{"rendered":"https:\/\/www.sanier.pl\/produkt\/hydrostop-203\/"},"modified":"2026-02-24T11:45:28","modified_gmt":"2026-02-24T11:45:28","slug":"hydrostop-203","status":"publish","type":"product","link":"https:\/\/www.sanier.pl\/sk\/produkt\/hydrostop-203\/","title":{"rendered":"Hydrostop 203"},"content":{"rendered":"<p>[vc_row][vc_column][vc_column_text]<img loading=\"lazy\" decoding=\"async\" class=\"size-full wp-image-3297 aligncenter\" src=\"https:\/\/sanier.pl\/wp-content\/uploads\/2017\/03\/logo-hydrostop.jpg\" alt=\"logo-hydrostop\" width=\"300\" height=\"84\" \/><\/p>\n<h2><\/h2>\n<h2 data-start=\"30\" data-end=\"47\"><strong data-start=\"30\" data-end=\"47\">Hydrostop 203<\/strong><\/h2>\n<p data-start=\"49\" data-end=\"499\">Hydrostop 203 je produkt ur\u010den\u00fd na utesnenie bet\u00f3nov\u00fdch kon\u0161trukci\u00ed pred tlakovou vodou a na izol\u00e1ciu proti agres\u00edvnemu prostrediu XA2. Zmes 203 je ur\u010den\u00e1 na: utesnenie vodn\u00fdch n\u00e1dr\u017e\u00ed, \u010distiarn\u00ed a \u010derpac\u00edch stan\u00edc odpadov\u00fdch v\u00f4d, \u017e\u00famp a baz\u00e9nov. M\u00f4\u017ee sa tie\u017e pou\u017e\u00edva\u0165 na podzemn\u00e9 \u010dasti budov a stavieb (suter\u00e9ny, kryty a podzemn\u00e9 gar\u00e1\u017ee), tunely, \u0161achty a in\u0161tala\u010dn\u00e9 komory, mokr\u00e9 miestnosti ako k\u00fape\u013ene a pod. a na miestach, kde hroz\u00ed maxim\u00e1lne XA2.<\/p>\n<p data-start=\"501\" data-end=\"656\">Produkt sa pou\u017e\u00edva na izol\u00e1ciu po\u010das v\u00fdstavby objektu. Pou\u017e\u00edva sa v bytovej, priemyselnej a verejnej v\u00fdstavbe, z vn\u00fatornej aj vonkaj\u0161ej strany kon\u0161trukcie.<\/p>\n<p data-start=\"658\" data-end=\"1133\">Utesnenie bet\u00f3nov\u00fdch prvkov a \u017eelezobet\u00f3nov\u00fdch kon\u0161trukci\u00ed spo\u010d\u00edva v pokryt\u00ed spodnej \u010dasti bet\u00f3nov\u00fdch dosiek tenkou vrstvou, ktor\u00e1 sa vtiera do spodnej \u010dasti dosky a sp\u00f4sobuje krystaliz\u00e1ciu vn\u00fatri bet\u00f3nu, \u010do poskytuje ove\u013ea \u00fa\u010dinnej\u0161iu izol\u00e1ciu ako bit\u00famenov\u00e9 a bentonitov\u00e9 vrstvy. Utes\u0148uje sa hlavne spodn\u00e1 \u010das\u0165 z\u00e1kladovej dosky, z\u00e1kladn\u00e9 p\u00e1sy, p\u00e4tky a armovan\u00e9 podlahy. Izol\u00e1cia utes\u0148uje z\u00e1kladov\u00fa a spodn\u00fa dosku pri \u0161\u00edrke trhliny a\u017e do 0,3 mm na spodnej strane tejto dosky.<\/p>\n<p data-start=\"1135\" data-end=\"1265\">Produkt je nehor\u013eav\u00fd, neobsahuje zlo\u017eky reaguj\u00face s kysl\u00edkom. Produkt nezni\u017euje elektrick\u00fa vodivos\u0165 medzi p\u00f4dou a armovan\u00edm dosky.<\/p>\n<p data-start=\"1267\" data-end=\"1546\">Hydrostop 203 sa pou\u017e\u00edva hlavne na vykon\u00e1vanie utes\u0148ovac\u00edch posypov pred naliat\u00edm bet\u00f3nu, zatia\u013e \u010do na utesnenie ma\u013eovan\u00edm a n\u00e1tieran\u00edm bet\u00f3nov sa odpor\u00fa\u010da pou\u017e\u00edva\u0165 Hydrostop Profesion\u00e1lnu zmes \u010d. 209. Murovan\u00e9 steny a prefabrikovan\u00e9 stropy sa utes\u0148uj\u00fa in\u00fdmi produktmi Hydrostop.<\/p>\n<h3 data-start=\"1548\" data-end=\"1577\"><strong data-start=\"1548\" data-end=\"1577\">Vlastnosti Hydrostop 203:<\/strong><\/h3>\n<ul data-start=\"1578\" data-end=\"1934\">\n<li data-start=\"1578\" data-end=\"1614\">Penetr\u00e1cia bet\u00f3nu (minim\u00e1lne 5 cm)<\/li>\n<li data-start=\"1615\" data-end=\"1657\">Vodotesnos\u0165 (minim\u00e1lne 60 m st\u013apca vody)<\/li>\n<li data-start=\"1658\" data-end=\"1701\">Pr\u00edstup vody obnovuje schopnos\u0165 utesnenia<\/li>\n<li data-start=\"1702\" data-end=\"1756\">Jednoduch\u00e9 utesnenie spodnej \u010dasti bet\u00f3nov\u00fdch dosiek<\/li>\n<li data-start=\"1757\" data-end=\"1790\">Neobmedzen\u00e1 trv\u00e1cnos\u0165 utesnenia<\/li>\n<li data-start=\"1791\" data-end=\"1833\">Odolnos\u0165 vo\u010di vod\u00e1m agresivity XA1 a XA2<\/li>\n<li data-start=\"1834\" data-end=\"1859\">Kompatibilita s bet\u00f3nom<\/li>\n<li data-start=\"1860\" data-end=\"1891\">Utesnenie podzemia aj zvn\u00fatra<\/li>\n<li data-start=\"1892\" data-end=\"1934\">Ekologick\u00fd produkt, ne\u0161kodn\u00fd pre zdravie<\/li>\n<\/ul>\n<h3 data-start=\"1936\" data-end=\"1963\"><strong data-start=\"1936\" data-end=\"1963\">Pou\u017eitie Hydrostop 203:<\/strong><\/h3>\n<ul data-start=\"1964\" data-end=\"2706\">\n<li data-start=\"1964\" data-end=\"2009\">V bytovej, priemyselnej a verejnej v\u00fdstavbe<\/li>\n<li data-start=\"2010\" data-end=\"2055\">Z vn\u00fatornej aj vonkaj\u0161ej strany kon\u0161trukcie<\/li>\n<li data-start=\"2056\" data-end=\"2129\">Utesnenie bet\u00f3nov\u00fdch a \u017eelezobet\u00f3nov\u00fdch kon\u0161trukci\u00ed pred tlakovou vodou<\/li>\n<li data-start=\"2130\" data-end=\"2173\">Izol\u00e1cia proti agres\u00edvnemu prostrediu XA2<\/li>\n<li data-start=\"2174\" data-end=\"2258\">Utesnenie hlavne spodnej \u010dasti z\u00e1kladovej dosky, p\u00e1sov, p\u00e4tiek a armovan\u00fdch podl\u00e1h<\/li>\n<li data-start=\"2259\" data-end=\"2361\">Izol\u00e1cia utes\u0148uje z\u00e1kladov\u00fa a spodn\u00fa dosku pri \u0161\u00edrke trhliny do 0,3 mm na spodnej strane tejto dosky<\/li>\n<li data-start=\"2362\" data-end=\"2629\">Utesnenie vodn\u00fdch n\u00e1dr\u017e\u00ed, \u010distiarn\u00ed a \u010derpac\u00edch stan\u00edc odpadov\u00fdch v\u00f4d, \u017e\u00famp, baz\u00e9nov, podzemn\u00fdch \u010dast\u00ed budov a stavieb (suter\u00e9ny, kryty a podzemn\u00e9 gar\u00e1\u017ee), tunely, \u0161achty a in\u0161tala\u010dn\u00e9 komory, mokr\u00e9 miestnosti ako k\u00fape\u013ene a pod. a na miestach s hrozbou maxim\u00e1lne XA2<\/li>\n<li data-start=\"2630\" data-end=\"2706\">Pou\u017e\u00edva sa hlavne na vykon\u00e1vanie utes\u0148ovac\u00edch posypov pred naliat\u00edm bet\u00f3nu<\/li>\n<\/ul>\n<h3 data-start=\"2708\" data-end=\"2721\"><strong data-start=\"2708\" data-end=\"2721\">Spotreba:<\/strong><\/h3>\n<ul data-start=\"2722\" data-end=\"2737\">\n<li data-start=\"2722\" data-end=\"2737\">cca 2-3 kg\/m\u00b2<\/li>\n<\/ul>\n<p data-start=\"2739\" data-end=\"2771\" data-is-last-node=\"\" data-is-only-node=\"\">\n<p data-start=\"2739\" data-end=\"2771\" data-is-last-node=\"\" data-is-only-node=\"\"><a href=\"https:\/\/sanier.pl\/wp-content\/uploads\/2017\/04\/i203MIE_2016a.pdf\" target=\"_blank\" rel=\"noopener\"><strong data-start=\"2739\" data-end=\"2771\" data-is-last-node=\"\">Technick\u00fd list Hydrostop 203<\/strong><\/a>[\/vc_column_text][\/vc_column][\/vc_row]<\/p>\n<p>&nbsp;<\/p>\n","protected":false},"excerpt":{"rendered":"<p>Such\u00e1 zmes na utesnenie bet\u00f3nu cez kry\u0161taliz\u00e1ciu. Hydrostop 203 je produkt ur\u010den\u00fd na utesnenie bet\u00f3nov\u00fdch kon\u0161trukci\u00ed pred tlakovou vodou a na izol\u00e1ciu proti agres\u00edvnemu prostrediu XA2. Zmes 203 je ur\u010den\u00e1 na: utesnenie vodn\u00fdch n\u00e1dr\u017e\u00ed, \u010distiarn\u00ed a \u010derpac\u00edch stan\u00edc odpadov\u00fdch v\u00f4d, \u017e\u00famp a baz\u00e9nov.<\/p>\n","protected":false},"featured_media":265933,"comment_status":"open","ping_status":"closed","template":"","meta":[],"product_brand":[],"product_cat":[923,876,879,949,921,920,942,899,911],"product_tag":[890,891,945],"class_list":{"0":"post-279071","1":"product","2":"type-product","3":"status-publish","4":"has-post-thumbnail","6":"product_cat-bestseller-sk","7":"product_cat-hydroizolacja-sk","8":"product_cat-hydroizolacja-fundamentu-sk","9":"product_cat-hydroizolacje-mineralne-sk","10":"product_cat-hydroizolacje-powlokowe-sk","11":"product_cat-hydroizolacje-zbiornikow-i-kanalizacji-sk","12":"product_cat-hydrostop-sk","13":"product_cat-mineralne-materialy-sk","14":"product_cat-promowane-sk","15":"product_tag-hydroizolacja-sk","16":"product_tag-hydroizolacje-sk","17":"product_tag-hydrostop-sk","18":"product_shipping_class-latwa-wysylka-sk","20":"first","21":"instock","22":"taxable","23":"shipping-taxable","24":"purchasable","25":"product-type-simple"},"_links":{"self":[{"href":"https:\/\/www.sanier.pl\/sk\/wp-json\/wp\/v2\/product\/279071","targetHints":{"allow":["GET"]}}],"collection":[{"href":"https:\/\/www.sanier.pl\/sk\/wp-json\/wp\/v2\/product"}],"about":[{"href":"https:\/\/www.sanier.pl\/sk\/wp-json\/wp\/v2\/types\/product"}],"replies":[{"embeddable":true,"href":"https:\/\/www.sanier.pl\/sk\/wp-json\/wp\/v2\/comments?post=279071"}],"wp:featuredmedia":[{"embeddable":true,"href":"https:\/\/www.sanier.pl\/sk\/wp-json\/wp\/v2\/media\/265933"}],"wp:attachment":[{"href":"https:\/\/www.sanier.pl\/sk\/wp-json\/wp\/v2\/media?parent=279071"}],"wp:term":[{"taxonomy":"product_brand","embeddable":true,"href":"https:\/\/www.sanier.pl\/sk\/wp-json\/wp\/v2\/product_brand?post=279071"},{"taxonomy":"product_cat","embeddable":true,"href":"https:\/\/www.sanier.pl\/sk\/wp-json\/wp\/v2\/product_cat?post=279071"},{"taxonomy":"product_tag","embeddable":true,"href":"https:\/\/www.sanier.pl\/sk\/wp-json\/wp\/v2\/product_tag?post=279071"}],"curies":[{"name":"wp","href":"https:\/\/api.w.org\/{rel}","templated":true}]}}