{"id":279068,"date":"2017-04-02T10:11:22","date_gmt":"2017-04-02T10:11:22","guid":{"rendered":"https:\/\/www.sanier.pl\/produkt\/hydrostop-209\/"},"modified":"2025-11-01T06:26:33","modified_gmt":"2025-11-01T06:26:33","slug":"hydrostop-209","status":"publish","type":"product","link":"https:\/\/www.sanier.pl\/sk\/produkt\/hydrostop-209\/","title":{"rendered":"Hydrostop 209"},"content":{"rendered":"<p>[vc_row][vc_column][vc_column_text]<img loading=\"lazy\" decoding=\"async\" class=\"size-full wp-image-3297 aligncenter\" src=\"https:\/\/sanier.pl\/wp-content\/uploads\/2017\/03\/logo-hydrostop.jpg\" alt=\"logo-hydrostop\" width=\"300\" height=\"84\" \/><\/p>\n<h2><\/h2>\n<p>&nbsp;<\/p>\n<h2><strong>Hydrostop 209<\/strong><\/h2>\n<p data-start=\"71\" data-end=\"473\">\n<p data-start=\"71\" data-end=\"473\">Hydrostop 209 je profesion\u00e1lna zmes na vykon\u00e1vanie tenk\u00fdch izola\u010dn\u00fdch vrstiev na bet\u00f3nov\u00fdch a \u017eelezobet\u00f3nov\u00fdch kon\u0161trukci\u00e1ch proti vode agres\u00edvnosti do XA2. Produkt sl\u00fa\u017ei na izolovanie n\u00e1dr\u017e\u00ed na vodu, \u010disti\u010diek a \u010derpac\u00edch stan\u00edc spla\u0161kov\u00fdch v\u00f4d, \u017e\u00famp, baz\u00e9nov, podzemn\u00fdch \u010dast\u00ed budov a stavieb (pivnice, bunkre a podzemn\u00e9 gar\u00e1\u017ee), tunelov, studn\u00ed a kom\u00f4r in\u0161tal\u00e1ci\u00ed, mokr\u00fdch miestnost\u00ed, napr. k\u00fape\u013en\u00ed.<\/p>\n<p data-start=\"475\" data-end=\"1027\">Izolovanie bet\u00f3nov\u00fdch prvkov a \u017eelezobet\u00f3nov\u00fdch kon\u0161trukci\u00ed spo\u010d\u00edva v ich pokryt\u00ed tenkou vrstvou tohto produktu, \u010do sp\u00f4sobuje kry\u0161taliz\u00e1ciu vo vn\u00fatri bet\u00f3nu, \u010do poskytuje izol\u00e1ciu, ktor\u00e1 je ove\u013ea \u00fa\u010dinnej\u0161ia ne\u017e bit\u00famenov\u00e9 a bentonitov\u00e9 vrstvy. Izoluj\u00fa sa z\u00e1kladov\u00e9 dosky, p\u00e4tky a monolitick\u00e9 steny, armovan\u00e9 podlahy. Pou\u017e\u00edva sa na izol\u00e1ciu objektu v priebehu v\u00fdstavby, ako aj na existuj\u00face stavby zvn\u00fatra, teda bez ich vykopania. Tento produkt sa pou\u017e\u00edva v uvedenom rozsahu v obytn\u00fdch, priemyseln\u00fdch a verejn\u00fdch stavb\u00e1ch, zvn\u00fatra aj zvonka kon\u0161trukci\u00ed.<\/p>\n<p data-start=\"1029\" data-end=\"1194\">V niektor\u00fdch krajin\u00e1ch produkt m\u00e1 certifik\u00e1ty na pou\u017eitie v kontakte s pitnou vodou. Murivo, predp\u00e4t\u00e9 stropy a dilat\u00e1cie sa musia izolova\u0165 in\u00fdmi produktmi Hydrostop.<\/p>\n<p data-start=\"1196\" data-end=\"1224\"><strong data-start=\"1196\" data-end=\"1224\">Vlastnosti Hydrostop 209<\/strong><\/p>\n<ul data-start=\"1226\" data-end=\"1808\">\n<li data-start=\"1226\" data-end=\"1270\">Hlbok\u00e1 penetr\u00e1cia bet\u00f3nu (od 10 do 100 cm)<\/li>\n<li data-start=\"1271\" data-end=\"1301\">Vysok\u00e1 pri\u013enavos\u0165 (do 4 MPa)<\/li>\n<li data-start=\"1302\" data-end=\"1347\">Vodotesnos\u0165 (minim\u00e1lne 60 m vodn\u00e9ho st\u013apca)<\/li>\n<li data-start=\"1348\" data-end=\"1385\">Iba jedna alebo dve vrstvy izol\u00e1cie<\/li>\n<li data-start=\"1386\" data-end=\"1408\">R\u00fdchle zrenie vrstvy<\/li>\n<li data-start=\"1409\" data-end=\"1435\">Nan\u00e1\u0161anie na vlhk\u00fd bet\u00f3n<\/li>\n<li data-start=\"1436\" data-end=\"1468\">Mo\u017eno aplikova\u0165 pri tlaku vody<\/li>\n<li data-start=\"1469\" data-end=\"1501\">Neobmedzen\u00e1 trv\u00e1cnos\u0165 izol\u00e1cie<\/li>\n<li data-start=\"1502\" data-end=\"1548\">Obnovite\u013en\u00e1 schopnos\u0165 izol\u00e1cie pr\u00edtokom vody<\/li>\n<li data-start=\"1549\" data-end=\"1590\">Mrazuvzdornos\u0165 bet\u00f3nu F50 sa trojn\u00e1sob\u00ed<\/li>\n<li data-start=\"1591\" data-end=\"1642\">Povlak \u00faplne odoln\u00fd proti ultrafialov\u00e9mu \u017eiareniu<\/li>\n<li data-start=\"1643\" data-end=\"1680\">Odoln\u00fd proti vode s agresivitou XA2<\/li>\n<li data-start=\"1681\" data-end=\"1711\">Izol\u00e1cia podzemia aj zvn\u00fatra<\/li>\n<li data-start=\"1712\" data-end=\"1732\">Parn\u00e1 priepustnos\u0165<\/li>\n<li data-start=\"1733\" data-end=\"1757\">Obmedzuje karboniz\u00e1ciu<\/li>\n<li data-start=\"1758\" data-end=\"1795\">\u0160truktur\u00e1lne kompatibiln\u00e9 s bet\u00f3nom<\/li>\n<li data-start=\"1796\" data-end=\"1808\">Ekologick\u00e9<\/li>\n<\/ul>\n<p data-start=\"1810\" data-end=\"1822\"><strong data-start=\"1810\" data-end=\"1822\">Pou\u017eitie<\/strong><\/p>\n<ul data-start=\"1824\" data-end=\"2656\">\n<li data-start=\"1824\" data-end=\"1872\">V obytn\u00fdch, priemyseln\u00fdch a verejn\u00fdch stavb\u00e1ch<\/li>\n<li data-start=\"1873\" data-end=\"1903\">Zvn\u00fatra a zvonka kon\u0161trukci\u00ed<\/li>\n<li data-start=\"1904\" data-end=\"1963\">Izol\u00e1cia bet\u00f3nov\u00fdch prvkov a \u017eelezobet\u00f3nov\u00fdch kon\u0161trukci\u00ed<\/li>\n<li data-start=\"1964\" data-end=\"2067\">Na izol\u00e1ciu objektu v priebehu v\u00fdstavby, ako aj na existuj\u00face stavby zvn\u00fatra (teda bez ich vykopania)<\/li>\n<li data-start=\"2068\" data-end=\"2146\">Izol\u00e1cia z\u00e1kladov\u00fdch dosiek, p\u00e4tiek a monolitick\u00fdch stien, armovan\u00fdch podl\u00e1h<\/li>\n<li data-start=\"2147\" data-end=\"2385\">Sl\u00fa\u017ei na izolovanie n\u00e1dr\u017e\u00ed na vodu, \u010disti\u010diek a \u010derpac\u00edch stan\u00edc spla\u0161kov\u00fdch v\u00f4d, \u017e\u00famp, baz\u00e9nov, podzemn\u00fdch \u010dast\u00ed budov a stavieb (pivnice, bunkre a podzemn\u00e9 gar\u00e1\u017ee), tunelov, studn\u00ed a kom\u00f4r in\u0161tal\u00e1ci\u00ed, mokr\u00fdch miestnost\u00ed, napr. k\u00fape\u013en\u00ed<\/li>\n<li data-start=\"2386\" data-end=\"2507\">Na vykon\u00e1vanie tenk\u00fdch izola\u010dn\u00fdch vrstiev na bet\u00f3nov\u00fdch a \u017eelezobet\u00f3nov\u00fdch kon\u0161trukci\u00e1ch proti vode agres\u00edvnosti do XA2<\/li>\n<li data-start=\"2508\" data-end=\"2594\">V niektor\u00fdch krajin\u00e1ch m\u00e1 produkt certifik\u00e1ty na pou\u017eitie v kontakte s pitnou vodou.<\/li>\n<li data-start=\"2595\" data-end=\"2656\">Pou\u017e\u00edva sa v oblastiach s rizikom maxim\u00e1lnej agresivity XA2<\/li>\n<\/ul>\n<p data-start=\"2658\" data-end=\"2670\"><strong data-start=\"2658\" data-end=\"2670\">Spotreba<\/strong><\/p>\n<ul data-start=\"2672\" data-end=\"2693\">\n<li data-start=\"2672\" data-end=\"2693\">cca 0,8 - 1,6 kg\/m\u00b2<\/li>\n<\/ul>\n<p data-start=\"2695\" data-end=\"2727\" data-is-last-node=\"\" data-is-only-node=\"\"><a href=\"https:\/\/sanier.pl\/wp-content\/uploads\/2017\/04\/i209MIEP_2016.pdf\" target=\"_blank\" rel=\"noopener\"><strong data-start=\"2695\" data-end=\"2727\" data-is-last-node=\"\">Technick\u00fd list Hydrostop 209<\/strong><\/a><\/p>\n<p>&nbsp;[\/vc_column_text][\/vc_column][\/vc_row]<\/p>\n","protected":false},"excerpt":{"rendered":"<p><strong data-start=\"30\" data-end=\"66\">Hydrostop-Mie\u0161anka Profesion\u00e1lna<\/strong> sl\u00fa\u017ei na vykon\u00e1vanie \u0165a\u017ekej hydroizola\u010dnej ochrany bet\u00f3nov\u00fdch a \u017eelezobet\u00f3nov\u00fdch kon\u0161trukci\u00ed pred vodou a agresivitou prostredia (napr. agres\u00edvne podzemn\u00e9 vody).<\/p>\n","protected":false},"featured_media":265930,"comment_status":"open","ping_status":"closed","template":"","meta":[],"product_brand":[],"product_cat":[923,876,879,949,921,920,942,899,911,953,916],"product_tag":[890,891,945],"class_list":{"0":"post-279068","1":"product","2":"type-product","3":"status-publish","4":"has-post-thumbnail","6":"product_cat-bestseller-sk","7":"product_cat-hydroizolacja-sk","8":"product_cat-hydroizolacja-fundamentu-sk","9":"product_cat-hydroizolacje-mineralne-sk","10":"product_cat-hydroizolacje-powlokowe-sk","11":"product_cat-hydroizolacje-zbiornikow-i-kanalizacji-sk","12":"product_cat-hydrostop-sk","13":"product_cat-mineralne-materialy-sk","14":"product_cat-promowane-sk","15":"product_cat-szlamy-uszczelniajace-sk","16":"product_cat-uszczelnienie-budynku-od-wewnatrz-sk","17":"product_tag-hydroizolacja-sk","18":"product_tag-hydroizolacje-sk","19":"product_tag-hydrostop-sk","20":"product_shipping_class-latwa-wysylka-sk","22":"first","23":"instock","24":"taxable","25":"shipping-taxable","26":"purchasable","27":"product-type-simple"},"_links":{"self":[{"href":"https:\/\/www.sanier.pl\/sk\/wp-json\/wp\/v2\/product\/279068","targetHints":{"allow":["GET"]}}],"collection":[{"href":"https:\/\/www.sanier.pl\/sk\/wp-json\/wp\/v2\/product"}],"about":[{"href":"https:\/\/www.sanier.pl\/sk\/wp-json\/wp\/v2\/types\/product"}],"replies":[{"embeddable":true,"href":"https:\/\/www.sanier.pl\/sk\/wp-json\/wp\/v2\/comments?post=279068"}],"wp:featuredmedia":[{"embeddable":true,"href":"https:\/\/www.sanier.pl\/sk\/wp-json\/wp\/v2\/media\/265930"}],"wp:attachment":[{"href":"https:\/\/www.sanier.pl\/sk\/wp-json\/wp\/v2\/media?parent=279068"}],"wp:term":[{"taxonomy":"product_brand","embeddable":true,"href":"https:\/\/www.sanier.pl\/sk\/wp-json\/wp\/v2\/product_brand?post=279068"},{"taxonomy":"product_cat","embeddable":true,"href":"https:\/\/www.sanier.pl\/sk\/wp-json\/wp\/v2\/product_cat?post=279068"},{"taxonomy":"product_tag","embeddable":true,"href":"https:\/\/www.sanier.pl\/sk\/wp-json\/wp\/v2\/product_tag?post=279068"}],"curies":[{"name":"wp","href":"https:\/\/api.w.org\/{rel}","templated":true}]}}