{"id":279065,"date":"2017-04-02T10:26:58","date_gmt":"2017-04-02T10:26:58","guid":{"rendered":"https:\/\/www.sanier.pl\/produkt\/aqua-blocker\/"},"modified":"2025-03-12T07:34:20","modified_gmt":"2025-03-12T07:34:20","slug":"aqua-blocker","status":"publish","type":"product","link":"https:\/\/www.sanier.pl\/sk\/produkt\/aqua-blocker\/","title":{"rendered":"BOSTIK BLOCK H777 AQUA BLOCKER (Aqua Blocker)"},"content":{"rendered":"<p>[vc_row][vc_column][vc_column_text]<\/p>\n<h1 style=\"text-align: center;\">H777 AQUA BLOCKER (predt\u00fdm Aqua Blocker)<\/h1>\n<h5 style=\"text-align: center;\">HYBRIDN\u00c1 IZOL\u00c1CIA PROTI VODE - tekut\u00e1 guma<\/h5>\n<p>[\/vc_column_text][\/vc_column][\/vc_row][vc_row][vc_column][vc_column_text css_animation=\"none\"]<a href=\"https:\/\/www.sanier.pl\/sklep\/?s=bostik&amp;post_type=product\"><img loading=\"lazy\" decoding=\"async\" class=\"wp-image-258966 size-medium aligncenter\" src=\"https:\/\/www.sanier.pl\/wp-content\/uploads\/2022\/07\/Bostik_Logo_Header-300x121.png\" alt=\"bostik logo\" width=\"300\" height=\"121\" srcset=\"https:\/\/www.sanier.pl\/wp-content\/uploads\/2022\/07\/Bostik_Logo_Header-300x121.png 300w, https:\/\/www.sanier.pl\/wp-content\/uploads\/2022\/07\/Bostik_Logo_Header-800x324.png 800w, https:\/\/www.sanier.pl\/wp-content\/uploads\/2022\/07\/Bostik_Logo_Header-768x311.png 768w, https:\/\/www.sanier.pl\/wp-content\/uploads\/2022\/07\/Bostik_Logo_Header-700x283.png 700w, https:\/\/www.sanier.pl\/wp-content\/uploads\/2022\/07\/Bostik_Logo_Header.png 842w\" sizes=\"auto, (max-width:767px) 300px, 300px\" \/><\/a>[\/vc_column_text][\/vc_column][\/vc_row][vc_row][vc_column][vc_separator style=\"dashed\"][vc_empty_space height=\"64px\"][\/vc_column][\/vc_row][vc_row][vc_column width=\"1\/2\"][vc_single_image image=\"262157\" img_size=\"large\" style=\"vc_box_rounded\" onclick=\"img_link_large\" img_link_target=\"_blank\"][\/vc_column][vc_column width=\"1\/2\"][vc_column_text]<\/p>\n<div class=\"flex max-w-full flex-col flex-grow\">\n<div class=\"min-h-8 text-message relative flex w-full flex-col items-end gap-2 whitespace-normal break-words text-start [.text-message+&amp;]:mt-5\" dir=\"auto\" data-message-author-role=\"assistant\" data-message-id=\"8602e857-8e19-487d-b04a-88ef826f612f\" data-message-model-slug=\"gpt-4o-mini\">\n<div class=\"flex w-full flex-col gap-1 empty:hidden first:pt-[3px]\">\n<h3 data-start=\"0\" data-end=\"27\"><strong data-start=\"0\" data-end=\"27\">BLOCK H777 AQUA BLOCKER<\/strong><\/h3>\n<p data-start=\"29\" data-end=\"477\" data-is-last-node=\"\" data-is-only-node=\"\">je hybrydov\u00e1 izol\u00e1cia proti vode. Neobsahuje vodu ani bit\u00famy. M\u00e1 dobr\u00e9 zlo\u017eenie, je to jednokomponentn\u00e1 a bezrozp\u00fa\u0161\u0165adlov\u00e1 tesniaca hmota. Po zaschnut\u00ed je odoln\u00e1 a neprep\u00fa\u0161\u0165a agres\u00edvne podzemn\u00e9 vody. Prekryje trhliny a\u017e do 5 mm. Ur\u010den\u00e1 na trval\u00fa ochranu kon\u0161trukci\u00ed v kontakte so zemou, ako s\u00fa pivnice, z\u00e1klady, z\u00e1kladov\u00e9 a podlahov\u00e9 dosky, potrubn\u00e9 priechody. Ide\u00e1lna na tesnenie v\u00e4\u010d\u0161\u00edch horizont\u00e1lnych pl\u00f4ch, aj vystaven\u00fdch atmosf\u00e9rick\u00fdm zr\u00e1\u017ekam.<\/p>\n<\/div>\n<\/div>\n<\/div>\n<div class=\"mb-2 flex gap-3 -ml-2\" tabindex=\"0\">\n<div class=\"flex items-center justify-start rounded-xl p-1\">\n<div class=\"flex items-center\"><\/div>\n<\/div>\n<\/div>\n<p>[\/vc_column_text][vc_column_text]<\/p>\n<div class=\"flex max-w-full flex-col flex-grow\">\n<div class=\"min-h-8 text-message relative flex w-full flex-col items-end gap-2 whitespace-normal break-words text-start [.text-message+&amp;]:mt-5\" dir=\"auto\" data-message-author-role=\"assistant\" data-message-id=\"3fc517ae-9b0e-4bed-9774-67729961c927\" data-message-model-slug=\"gpt-4o-mini\">\n<div class=\"flex w-full flex-col gap-1 empty:hidden first:pt-[3px]\">\n<div class=\"markdown prose w-full break-words dark:prose-invert dark\">\n<h3 data-start=\"0\" data-end=\"14\"><strong data-start=\"0\" data-end=\"12\">POU\u017dITIE<\/strong><\/h3>\n<ul data-start=\"15\" data-end=\"1218\" data-is-last-node=\"\" data-is-only-node=\"\">\n<li data-start=\"15\" data-end=\"121\">Na horizont\u00e1lne a vertik\u00e1lne povrchy (ako vonkaj\u0161ie m\u00fary pivn\u00edc z teh\u00e1l, bet\u00f3nu a vodoodoln\u00e9ho bet\u00f3nu)<\/li>\n<li data-start=\"122\" data-end=\"266\">Pou\u017e\u00edva sa na trval\u00fa ochranu kon\u0161trukci\u00ed v kontakte so zemou, ako s\u00fa pivnice, z\u00e1klady, z\u00e1kladov\u00e9 dosky, podlahov\u00e9 dosky a potrubn\u00e9 priechody<\/li>\n<li data-start=\"267\" data-end=\"337\">Na tesnenie horizont\u00e1lnych pl\u00f4ch vystaven\u00fdch atmosf\u00e9rick\u00fdm zr\u00e1\u017ekam<\/li>\n<li data-start=\"338\" data-end=\"466\">Vhodn\u00e9 na opravy a tesnenie kom\u00ednov\u00fdch spojov, svetl\u00edkov, okrajov a rohov na ploch\u00fdch strech\u00e1ch, \u017e\u013eaboch a stre\u0161n\u00fdch spojoch<\/li>\n<li data-start=\"467\" data-end=\"580\">Mo\u017eno aplikova\u0165 na OSB dosk\u00e1ch, omietkach a bit\u00famenov\u00fdch dosk\u00e1ch posypan\u00fdch pieskom alebo bridlicov\u00fdm posypom<\/li>\n<li data-start=\"581\" data-end=\"715\">Na tesnenie ploch\u00fdch striech v s\u00fakromn\u00fdch domoch pod izola\u010dn\u00fdmi vrstvami zo sklenenej vlny v oblastiach n\u00e1chyln\u00fdch na vznik trhl\u00edn<\/li>\n<li data-start=\"716\" data-end=\"888\">Zablokovanie odparovania pod poterom na balk\u00f3noch a teras\u00e1ch: ako blok\u00e1tor odparovania na balk\u00f3noch a teras\u00e1ch pod poterom a izol\u00e1ciami spojen\u00fdmi s dla\u017edicami a doskami<\/li>\n<li data-start=\"889\" data-end=\"958\">Vhodn\u00e9 na drobn\u00e9 opravy, napr\u00edklad na mal\u00fdch z\u00e1hradn\u00fdch strech\u00e1ch<\/li>\n<li data-start=\"959\" data-end=\"1060\">Na opravu star\u00fdch povrchov v oblasti strechy, ako s\u00fa star\u00e9 bit\u00famenov\u00e9 povlaky, PVC, bet\u00f3n a drevo<\/li>\n<li data-start=\"1061\" data-end=\"1218\" data-is-last-node=\"\">Vhodn\u00e9 na opravu striech gar\u00e1\u017e\u00ed a pr\u00edstre\u0161kov (mo\u017eno pou\u017ei\u0165 na OSB dosk\u00e1ch, omietkach a bit\u00famenov\u00fdch dosk\u00e1ch posypan\u00fdch pieskom alebo bridlicov\u00fdm posypom).<\/li>\n<\/ul>\n<\/div>\n<\/div>\n<\/div>\n<\/div>\n<div class=\"mb-2 flex gap-3 -ml-2\" tabindex=\"0\">\n<div class=\"flex items-center justify-start rounded-xl p-1\">\n<div class=\"flex items-center\"><\/div>\n<\/div>\n<\/div>\n<p>[\/vc_column_text][\/vc_column][\/vc_row][vc_row][vc_column][vc_empty_space][\/vc_column][vc_column][vc_separator style=\"dashed\"][\/vc_column][\/vc_row][vc_row][vc_column width=\"2\/3\"][vc_column_text]<\/p>\n<h3 data-start=\"0\" data-end=\"38\"><strong data-start=\"0\" data-end=\"38\">VLASTNOSTI BLOCK H777 AQUA BLOCKER<\/strong><\/h3>\n<ul data-start=\"40\" data-end=\"190\" data-is-last-node=\"\" data-is-only-node=\"\">\n<li data-start=\"40\" data-end=\"60\">Bezrozp\u00fa\u0161\u0165adlov\u00fd<\/li>\n<li data-start=\"61\" data-end=\"84\">Neobsahuje bit\u00fameny<\/li>\n<li data-start=\"85\" data-end=\"95\">Odoln\u00fd<\/li>\n<li data-start=\"96\" data-end=\"116\">Prekryje trhliny<\/li>\n<li data-start=\"117\" data-end=\"141\">Jednoduch\u00e1 aplik\u00e1cia<\/li>\n<li data-start=\"142\" data-end=\"153\">\u00dasporn\u00fd<\/li>\n<li data-start=\"154\" data-end=\"190\" data-is-last-node=\"\">Elastick\u00fd v \u0161irokom rozsahu tepl\u00f4t<\/li>\n<\/ul>\n<p>[\/vc_column_text][\/vc_column][vc_column width=\"1\/3\"][vc_single_image image=\"261712\" img_size=\"medium\"][\/vc_column][\/vc_row][vc_row][vc_column][vc_separator style=\"dashed\"][vc_empty_space][\/vc_column][\/vc_row][vc_row][vc_column][vc_column_text]<\/p>\n<h3 data-start=\"0\" data-end=\"17\"><strong data-start=\"0\" data-end=\"17\">\u010cas schnutia:<\/strong><\/h3>\n<p data-start=\"19\" data-end=\"151\" data-is-last-node=\"\" data-is-only-node=\"\">Z\u00e1vis\u00ed od teploty a relat\u00edvnej vlhkosti. Pri optim\u00e1lnych podmienkach je pribli\u017ene 8 hod\u00edn. \u00dapln\u00e9 vytvrdnutie nast\u00e1va po 24 hodin\u00e1ch.<\/p>\n<p>[\/vc_column_text][\/vc_column][\/vc_row][vc_row][vc_column][vc_separator style=\"dashed\"][vc_empty_space][\/vc_column][\/vc_row][vc_row][vc_column width=\"1\/3\"][vc_column_text]<\/p>\n<div class=\"flex max-w-full flex-col flex-grow\">\n<div class=\"min-h-8 text-message relative flex w-full flex-col items-end gap-2 whitespace-normal break-words text-start [.text-message+&amp;]:mt-5\" dir=\"auto\" data-message-author-role=\"assistant\" data-message-id=\"2c4e4365-a6a9-4004-a476-7819d16641b5\" data-message-model-slug=\"gpt-4o-mini\">\n<div class=\"flex w-full flex-col gap-1 empty:hidden first:pt-[3px]\">\n<div class=\"markdown prose w-full break-words dark:prose-invert dark\">\n<h4 data-start=\"0\" data-end=\"11\"><strong data-start=\"0\" data-end=\"11\">N\u00c1RADIE<\/strong><\/h4>\n<p data-start=\"13\" data-end=\"58\">Valec s kr\u00e1tkym vlasom, \u0161tetec, striekacie.<\/p>\n<p data-start=\"60\" data-end=\"185\" data-is-last-node=\"\" data-is-only-node=\"\"><strong data-start=\"60\" data-end=\"95\">Parametre stroja na striekanie:<\/strong> Tryska: 4,5 \/ 6,5 mm<br data-start=\"116\" data-end=\"119\" \/>V\u00fdkon kompresora: cca 300 l \/ min. \/ 10 barov<br data-start=\"164\" data-end=\"167\" \/>D\u013a\u017eka hadice: 10 m<\/p>\n<\/div>\n<\/div>\n<\/div>\n<\/div>\n<div class=\"mb-2 flex gap-3 -ml-2\" tabindex=\"0\">\n<div class=\"flex items-center justify-start rounded-xl p-1\">\n<div class=\"flex items-center\"><\/div>\n<\/div>\n<\/div>\n<p>[\/vc_column_text][\/vc_column][vc_column width=\"1\/3\"][vc_column_text]<\/p>\n<h4 id=\"tw-target-text\" class=\"tw-data-text tw-text-large tw-ta\" dir=\"ltr\" data-placeholder=\"T\u0142umaczenie\" data-ved=\"2ahUKEwj586aPnIKMAxW6KxAIHUTtAEMQ3ewLegQICBAU\" aria-label=\"Przet\u0142umaczony tekst: NOSI\u0164\"><span class=\"Y2IQFc\" lang=\"sk\">NOSI\u0164<\/span><\/h4>\n<p>[\/vc_column_text][vc_raw_html]JTNDdGFibGUlM0UlMEElM0N0Ym9keSUzRSUwQSUzQ3RyJTNFJTNDdGQlM0UlM0MlMkZ0ZCUzRSUzQ3RkJTNFWnUlQzUlQkN5Y2llJTIwa2clMkZtMiUzQyUyRnRkJTNFJTNDJTJGdHIlM0UlMEElM0N0ciUzRSUzQ3RkJTNFV2lsZ28lQzQlODclMjB6JTIwZ3J1bnR1JTJDJTIwbmlld3N0JUM0JTk5cHVqJUM0JTg1Y2ElMjB3b2RhJTNDJTJGdGQlM0UlM0N0ZCUzRTIlMkMzJTIwJTIwJTI4JTNFMSUyQzUlMjBtbSUyMCUyOSUzQyUyRnRkJTNFJTNDJTJGdHIlM0UlMEElM0N0ciUzRSUzQ3RkJTNFTmllbmFwaWVyYWolQzQlODVjYSUyMHdvZGElMkMlMjBhbGUlMjBwcnp5JTIwd3lzb2tpbSUyMG9iY2klQzQlODUlQzUlQkNlbml1JTIwJTI4eiUyMHUlQzUlQkN5Y2llbSUyMHclQzUlODIlQzMlQjNrbmlueSUyMHBvbGllc3Ryb3dlaiUyOSUzQyUyRnRkJTNFJTNDdGQlM0UzJTJDMCUyMCUyMCUyOCUzRTIlMkMwJTIwbW0lMjklMjAlM0MlMkZ0ZCUzRSUzQyUyRnRyJTNFJTBBJTNDdHIlM0UlM0N0ZCUzRU1vY293YW5pZSUyMHAlQzUlODJ5dCUyMHN0eXJvcGlhbm93eWNoJTIwaSUyMG1hdCUyMGRyZW5hJUM1JUJDb3d5Y2glM0MlMkZ0ZCUzRSUzQ3RkJTNFMCUyQzQlM0MlMkZ0ZCUzRSUzQyUyRnRyJTNFJTBBJTNDJTJGdGJvZHklM0UlM0MlMkZ0YWJsZSUzRSUwQQ==[\/vc_raw_html][vc_column_text]<\/p>\n<h4 id=\"tw-target-text\" class=\"tw-data-text tw-text-large tw-ta\" dir=\"ltr\" data-placeholder=\"T\u0142umaczenie\" data-ved=\"2ahUKEwj586aPnIKMAxW6KxAIHUTtAEMQ3ewLegQICBAU\" aria-label=\"Przet\u0142umaczony tekst: TECHNICK\u00c9 \u00daDAJE\"><span class=\"Y2IQFc\" lang=\"sk\">TECHNICK\u00c9 \u00daDAJE<\/span><\/h4>\n<p>[\/vc_column_text][vc_raw_html]JTNDdGFibGUlM0UlMEElM0N0Ym9keSUzRSUwQSUzQ3RyJTNFJTNDdGQlM0VCYXphJTIwJTNDJTJGdGQlM0UlM0N0ZCUzRWh5YnJ5ZG93YSUyMCUzQyUyRnRkJTNFJTNDJTJGdHIlM0UlMEElM0N0ciUzRSUzQ3RkJTNFS29uc3lzdGVuY2phJTNBJTNDJTJGdGQlM0UlM0N0ZCUzRWclQzQlOTlzdGElMjBtYXNhJTNDJTJGdGQlM0UlM0MlMkZ0ciUzRSUwQSUzQ3RyJTNFJTNDdGQlM0VLb2xvciUzQyUyRnRkJTNFJTNDdGQlM0VqYXNub3N6YXJ5JTNDJTJGdGQlM0UlM0MlMkZ0ciUzRSUwQSUzQ3RyJTNFJTNDdGQlM0VXeXRyenltYSVDNSU4Mm8lQzUlOUIlQzQlODclMjBuYSUyMHJvemNpJUM0JTg1Z2FuaWUlMjAlMkYlMjByb3pkemllcmFuaWUlMjAlM0MlMkZ0ZCUzRSUzQ3RkJTNFOTAlMkM3JTIwTiUyMCUzQyUyRnRkJTNFJTNDJTJGdHIlM0UlMEElM0N0ciUzRSUzQ3RkJTNFT2Rwb3JubyVDNSU5QiVDNCU4NyUyMHRlcm1pY3puYSUyMHBvJTIwdXR3YXJkemVuaXUlM0MlMkZ0ZCUzRSUzQ3RkJTNFLTQwJUMyJUIwQyUyMGRvJTIwJTJCODAlQzIlQjBDJTIwJTNDJTJGdGQlM0UlM0MlMkZ0ciUzRSUwQSUzQ3RyJTNFJTNDdGQlM0VXc3AlQzMlQjMlQzUlODJjenlubmlrJTIwZHlmdXpqaSUyMHBhcnklMjB3b2RuZWolMjAlM0MlMkZ0ZCUzRSUzQ3RkJTNFJUMyJUI1JTIwJTNEJTIwNDI5MSUyQyUyMFNkJTIwJTNEJTIwMTElMkMzbSUyMCUzQyUyRnRkJTNFJTNDJTJGdHIlM0UlMEElM0N0ciUzRSUzQ3RkJTNFTW9zdGtvd2FuaWUlMjByeXMlMjAlMjAlM0MlMkZ0ZCUzRSUzQ3RkJTNFZG8lMjA1JTIwbW0lMjBwcnp5JTIwZ3J1Ym8lQzUlOUJjaSUyMGplZG5laiUyMHdhcnN0d3klMjAyJTJDNSUyMG1tJTIwJTNDJTJGdGQlM0UlM0MlMkZ0ciUzRSUwQSUzQ3RyJTNFJTNDdGQlM0VUZW1wZXJhdHVyYSUyMHBvZCVDNSU4Mm8lQzUlQkNhJTIwaSUyMG90b2N6ZW5pYSUyMGFwbGlrYWNqaSUyMCUyMCUzQyUyRnRkJTNFJTNDdGQlM0UlMkI1JUMyJUIwQyUyMGRvJTIwJTJCMzUlQzIlQjBDJTIwJTNDJTJGdGQlM0UlM0MlMkZ0ciUzRSUwQSUzQyUyRnRib2R5JTNFJTNDJTJGdGFibGUlM0UlMEE=[\/vc_raw_html][\/vc_column][vc_column width=\"1\/3\"][vc_column_text]<\/p>\n<p data-start=\"0\" data-end=\"13\"><strong data-start=\"0\" data-end=\"13\">DOKUMENTY<\/strong><\/p>\n<p data-start=\"15\" data-end=\"29\"><a href=\"https:\/\/www.bostik.com\/files\/live\/sites\/shared_bostik\/files\/documents-brochures\/Poland\/Documents\/TDS\/Bostik-Poland-Seal-and-Block-Block-H777-Aqua-Blocker-tds.pdf\" target=\"_blank\" rel=\"noopener\">Technick\u00fd list<\/a><\/p>\n<p data-start=\"31\" data-end=\"52\" data-is-last-node=\"\" data-is-only-node=\"\"><a href=\"https:\/\/www.bostik.com\/files\/live\/sites\/shared_bostik\/files\/documents-brochures\/Poland\/Documents\/SDS\/Bostik-Poland-Seal-and-Block-Block-H777-Aqua-Blocker-sds.pdf\" target=\"_blank\" rel=\"noopener\">KARTA CHARAKTERISTIKY<\/a><\/p>\n<p>[\/vc_column_text][\/vc_column][\/vc_row][vc_row][vc_column][vc_raw_html]JTIwJTIwJTIwJTIwJTNDdGl0bGUlM0VLYWxrdWxhdG9yJTIwenUlQzUlQkN5Y2lhJTIwbWF0ZXJpYSVDNSU4MnUlM0MlMkZ0aXRsZSUzRSUwQSUyMCUyMCUyMCUyMCUzQ3N0eWxlJTNFJTBBJTIwJTIwJTIwJTIwJTIwJTIwJTIwJTIwYm9keSUyMCU3QiUwQSUyMCUyMCUyMCUyMCUyMCUyMCUyMCUyMCUyMCUyMCUyMCUyMGZvbnQtZmFtaWx5JTNBJTIwQXJpYWwlMkMlMjBzYW5zLXNlcmlmJTNCJTBBJTIwJTIwJTIwJTIwJTIwJTIwJTIwJTIwJTIwJTIwJTIwJTIwbWFyZ2luJTNBJTIwMjBweCUzQiUwQSUyMCUyMCUyMCUyMCUyMCUyMCUyMCUyMCU3RCUwQSUyMCUyMCUyMCUyMCUyMCUyMCUyMCUyMGxhYmVsJTIwJTdCJTBBJTIwJTIwJTIwJTIwJTIwJTIwJTIwJTIwJTIwJTIwJTIwJTIwZGlzcGxheSUzQSUyMGJsb2NrJTNCJTBBJTIwJTIwJTIwJTIwJTIwJTIwJTIwJTIwJTIwJTIwJTIwJTIwbWFyZ2luLWJvdHRvbSUzQSUyMDVweCUzQiUwQSUyMCUyMCUyMCUyMCUyMCUyMCUyMCUyMCU3RCUwQSUyMCUyMCUyMCUyMCUyMCUyMCUyMCUyMGlucHV0JTIwJTdCJTBBJTIwJTIwJTIwJTIwJTIwJTIwJTIwJTIwJTIwJTIwJTIwJTIwd2lkdGglM0ElMjAxMDAlMjUlM0IlMEElMjAlMjAlMjAlMjAlMjAlMjAlMjAlMjAlMjAlMjAlMjAlMjBwYWRkaW5nJTNBJTIwNXB4JTNCJTBBJTIwJTIwJTIwJTIwJTIwJTIwJTIwJTIwJTIwJTIwJTIwJTIwbWFyZ2luLWJvdHRvbSUzQSUyMDEwcHglM0IlMEElMjAlMjAlMjAlMjAlMjAlMjAlMjAlMjAlN0QlMEElMjAlMjAlMjAlMjAlMjAlMjAlMjAlMjBidXR0b24lMjAlN0IlMEElMjAlMjAlMjAlMjAlMjAlMjAlMjAlMjAlMjAlMjAlMjAlMjBwYWRkaW5nJTNBJTIwMTBweCUyMDIwcHglM0IlMEElMjAlMjAlMjAlMjAlMjAlMjAlMjAlMjAlMjAlMjAlMjAlMjBiYWNrZ3JvdW5kLWNvbG9yJTNBJTIwJTIzNENBRjUwJTNCJTBBJTIwJTIwJTIwJTIwJTIwJTIwJTIwJTIwJTIwJTIwJTIwJTIwY29sb3IlM0ElMjB3aGl0ZSUzQiUwQSUyMCUyMCUyMCUyMCUyMCUyMCUyMCUyMCUyMCUyMCUyMCUyMGJvcmRlciUzQSUyMG5vbmUlM0IlMEElMjAlMjAlMjAlMjAlMjAlMjAlMjAlMjAlMjAlMjAlMjAlMjBjdXJzb3IlM0ElMjBwb2ludGVyJTNCJTBBJTIwJTIwJTIwJTIwJTIwJTIwJTIwJTIwJTdEJTBBJTIwJTIwJTIwJTIwJTIwJTIwJTIwJTIwJTIzd3luaWslMjAlN0IlMEElMjAlMjAlMjAlMjAlMjAlMjAlMjAlMjAlMjAlMjAlMjAlMjBtYXJnaW4tdG9wJTNBJTIwMjBweCUzQiUwQSUyMCUyMCUyMCUyMCUyMCUyMCUyMCUyMCUyMCUyMCUyMCUyMGZvbnQtd2VpZ2h0JTNBJTIwYm9sZCUzQiUwQSUyMCUyMCUyMCUyMCUyMCUyMCUyMCUyMCU3RCUwQSUyMCUyMCUyMCUyMCUzQyUyRnN0eWxlJTNFJTBBJTBBJTIwJTIwJTIwJTIwJTNDaDIlM0VLYWxrdWxhdG9yJTIwenUlQzUlQkN5Y2lhJTIwbWF0ZXJpYSVDNSU4MnUlM0MlMkZoMiUzRSUwQSUyMCUyMCUyMCUyMCUzQ2xhYmVsJTIwZm9yJTNEJTIycG93aWVyemNobmlhJTIyJTNFUG93aWVyemNobmlhJTIwJTI4dyUyMG1ldHJhY2glMjBrd2FkcmF0b3d5Y2glMjklM0ElM0MlMkZsYWJlbCUzRSUwQSUyMCUyMCUyMCUyMCUzQ2lucHV0JTIwdHlwZSUzRCUyMm51bWJlciUyMiUyMGlkJTNEJTIycG93aWVyemNobmlhJTIyJTIwc3RlcCUzRCUyMjElMjIlM0UlMEElM0NsYWJlbCUyMGZvciUzRCUyMnBvamVtbm9zYyUyMiUzRVBvamVtbm8lQzUlOUIlQzQlODclMjB3aWFkZXJrYSUyMCUyOHclMjBraWxvZ3JhbWFjaCUyOSUzQSUzQyUyRmxhYmVsJTNFJTBBJTNDc2VsZWN0JTIwbmFtZSUzRCUyMnBvamVtbm9zYyUyMiUyMGlkJTNEJTIycG9qZW1ub3NjJTIyJTNFJTBBJTIwJTIwJTNDb3B0aW9uJTIwdmFsdWUlM0QlMjIxNCUyMiUyMHNlbGVjdGVkJTNFMTQlMjBrZyUzQyUyRm9wdGlvbiUzRSUwQSUzQyUyRnNlbGVjdCUzRSUwQSUwQSUyMCUyMCUyMCUyMCUzQ2J1dHRvbiUyMGlkJTNEJTIyb2JsaWN6QnRuJTIyJTNFT2JsaWN6JTNDJTJGYnV0dG9uJTNFJTBBJTIwJTIwJTIwJTIwJTNDZGl2JTIwaWQlM0QlMjJ3eW5payUyMiUzRSUzQyUyRmRpdiUzRSUwQSUwQSUyMCUyMCUyMCUyMCUzQ3NjcmlwdCUzRSUwQSUyMCUyMCUyMCUyMCUyMCUyMCUyMCUyMGRvY3VtZW50LmdldEVsZW1lbnRCeUlkJTI4JTI3b2JsaWN6QnRuJTI3JTI5LmFkZEV2ZW50TGlzdGVuZXIlMjglMjdjbGljayUyNyUyQyUyMGZ1bmN0aW9uJTIwJTI4JTI5JTIwJTdCJTBBJTIwJTIwJTIwJTIwJTIwJTIwJTIwJTIwJTIwJTIwJTIwJTIwY29uc3QlMjBwb3dpZXJ6Y2huaWElMjAlM0QlMjBwYXJzZUZsb2F0JTI4ZG9jdW1lbnQuZ2V0RWxlbWVudEJ5SWQlMjglMjdwb3dpZXJ6Y2huaWElMjclMjkudmFsdWUlMjklM0IlMEElMjAlMjAlMjAlMjAlMjAlMjAlMjAlMjAlMjAlMjAlMjAlMjBjb25zdCUyMG1pbmltYWxuZVp1enljaWUlMjAlM0QlMjAyLjMwJTIwJTJBJTIwcG93aWVyemNobmlhJTNCJTBBJTIwJTIwJTIwJTIwJTIwJTIwJTIwJTIwJTIwJTIwJTIwJTIwY29uc3QlMjBtYWtzeW1hbG5lWnV6eWNpZSUyMCUzRCUyMDMuMCUyMCUyQSUyMHBvd2llcnpjaG5pYSUzQiUwQSUyMCUyMCUyMCUyMCUyMCUyMCUyMCUyMCUyMCUyMCUyMCUyMGNvbnN0JTIwcG9qZW1ub3NjV2lhZGVya2ElMjAlM0QlMjBwYXJzZUZsb2F0JTI4ZG9jdW1lbnQuZ2V0RWxlbWVudEJ5SWQlMjglMjdwb2plbW5vc2MlMjclMjkudmFsdWUlMjklM0IlMEElMjAlMjAlMjAlMjAlMjAlMjAlMjAlMjAlMjAlMjAlMjAlMjBjb25zdCUyMG1pbmltYWxuZUlsb3NjV2lhZGVyJTIwJTNEJTIwTWF0aC5jZWlsJTI4bWluaW1hbG5lWnV6eWNpZSUyMCUyRiUyMHBvamVtbm9zY1dpYWRlcmthJTI5JTNCJTBBJTIwJTIwJTIwJTIwJTIwJTIwJTIwJTIwJTIwJTIwJTIwJTIwY29uc3QlMjBtYWtzeW1hbG5lSWxvc2NXaWFkZXIlMjAlM0QlMjBNYXRoLmNlaWwlMjhtYWtzeW1hbG5lWnV6eWNpZSUyMCUyRiUyMHBvamVtbm9zY1dpYWRlcmthJTI5JTNCJTBBJTBBJTIwJTIwJTIwJTIwJTIwJTIwJTIwJTIwJTIwJTIwJTIwJTIwZG9jdW1lbnQuZ2V0RWxlbWVudEJ5SWQlMjglMjd3eW5payUyNyUyOS5pbm5lckhUTUwlMjAlM0QlMjAlMjJNaW5pbWFsbmUlMjB6dSVDNSVCQ3ljaWUlMjBtYXRlcmlhJUM1JTgydSUzQSUyMCUyMiUyMCUyQiUyMG1pbmltYWxuZVp1enljaWUudG9GaXhlZCUyODIlMjklMjAlMkIlMjAlMjIlMjBrZyUyMiUyMCUyQiUyMCUyMiUzQ2JyJTNFJTIyJTNCJTBBJTIwJTIwJTIwJTIwJTIwJTIwJTIwJTIwJTIwJTIwJTIwJTIwZG9jdW1lbnQuZ2V0RWxlbWVudEJ5SWQlMjglMjd3eW5payUyNyUyOS5pbm5lckhUTUwlMjAlMkIlM0QlMjAlMjJNYWtzeW1hbG5lJTIwenUlQzUlQkN5Y2llJTIwbWF0ZXJpYSVDNSU4MnUlM0ElMjAlMjIlMjAlMkIlMjBtYWtzeW1hbG5lWnV6eWNpZS50b0ZpeGVkJTI4MiUyOSUyMCUyQiUyMCUyMiUyMGtnJTIyJTIwJTJCJTIwJTIyJTNDYnIlM0UlMjIlM0IlMEElMjAlMjAlMjAlMjAlMjAlMjAlMjAlMjAlMjAlMjAlMjAlMjBkb2N1bWVudC5nZXRFbGVtZW50QnlJZCUyOCUyN3d5bmlrJTI3JTI5LmlubmVySFRNTCUyMCUyQiUzRCUyMCUyMklsbyVDNSU5QiVDNCU4NyUyMHdpYWRlciUyMHBvdHJ6ZWJueWNoJTIwZG8lMjBoeWRyb2l6b2xhY2ppJTNBJTIwJTIyJTIwJTJCJTIwbWFrc3ltYWxuZUlsb3NjV2lhZGVyJTNCJTBBJTIwJTIwJTIwJTIwJTIwJTIwJTIwJTIwJTdEJTI5JTNCJTBBJTIwJTIwJTIwJTIwJTNDJTJGc2NyaXB0JTNF[\/vc_raw_html][vc_separator style=\"dashed\"][vc_empty_space height=\"64px\"][vc_column_text]<\/p>\n<div class=\"QmZWSe\">\n<div class=\"DHcWmd\"><\/div>\n<\/div>\n<div class=\"oSioSc\">\n<div id=\"tw-target\">\n<div id=\"kAz1tf\" class=\"g9WsWb PZPZlf\" data-attrid=\"tw-targetArea\" data-entityname=\"Google Translate\">\n<div id=\"tw-target-text-container\" class=\"tw-ta-container tw-nfl\" tabindex=\"0\" role=\"text\">\n<h3 id=\"tw-target-text\" class=\"tw-data-text tw-text-large tw-ta\" dir=\"ltr\" data-placeholder=\"T\u0142umaczenie\" data-ved=\"2ahUKEwj586aPnIKMAxW6KxAIHUTtAEMQ3ewLegQICBAU\" aria-label=\"Przet\u0142umaczony tekst: \u010co je hydroizol\u00e1cia?\"><span class=\"Y2IQFc\" lang=\"sk\">\u010co je hydroizol\u00e1cia?<\/span><\/h3>\n<\/div>\n<\/div>\n<\/div>\n<\/div>\n<p data-start=\"92\" data-end=\"284\">Hydroizol\u00e1cia je inak izol\u00e1cia proti vlhkosti, ktor\u00e1 spo\u010d\u00edva v ochrane objektu pred \u0161kodliv\u00fdmi a ni\u010div\u00fdmi \u00fa\u010dinkami vody. Hydroizol\u00e1cie klasifikujeme pod\u013ea spojiva (pr\u00edpravky na hydroizol\u00e1ciu):<\/p>\n<ul data-start=\"286\" data-end=\"1332\">\n<li data-start=\"286\" data-end=\"471\">na b\u00e1ze bit\u00famenov a smoly (met\u00f3da, od ktorej sa up\u00fa\u0161\u0165a), vysok\u00e1 vodoodolnos\u0165, \u013eahko dostupn\u00e9 materi\u00e1ly, ale neefekt\u00edvna pri\u013enavos\u0165 medzi vrstvami (navy\u0161e negat\u00edvne ovplyv\u0148uj\u00fa zdravie)<\/li>\n<li data-start=\"472\" data-end=\"702\">na b\u00e1ze syntetick\u00fdch \u017eiv\u00edc (modern\u00e9 pr\u00edpravky) \u2013 pou\u017e\u00edvaj\u00fa sa len v interi\u00e9roch, dom\u00e1cich podmienkach; nie s\u00fa vhodn\u00e9 na hydroizol\u00e1ciu ve\u013ek\u00fdch vodn\u00fdch n\u00e1dr\u017e\u00ed, preto\u017ee pri dlhodobom p\u00f4soben\u00ed vody doch\u00e1dza k zn\u00ed\u017eeniu ich \u00fa\u010dinnosti.<\/li>\n<li data-start=\"703\" data-end=\"1068\">hydroizola\u010dn\u00e9 pr\u00edpravky miner\u00e1lno-polymerov\u00e9 \u2013 tieto nedostatky s\u00fa zbaven\u00e9 miner\u00e1lno-polymerov\u00e9 hydroizol\u00e1cie, zn\u00e1me tie\u017e ako \u0161lamy izola\u010dn\u00e9 alebo utes\u0148uj\u00face. Dvojzlo\u017ekov\u00e9 miner\u00e1lne hydroizol\u00e1cie s\u00fa ide\u00e1lne na izolovanie proti vode stien, soklov, vodn\u00fdch n\u00e1dr\u017e\u00ed, baz\u00e9nov, balk\u00f3nov, ter\u00e1s a striech, ako aj miestnost\u00ed s vy\u0161\u0161ou vlhkos\u0165ou, ako s\u00fa k\u00fape\u013ene a pr\u00e1\u010dovne.<\/li>\n<li data-start=\"1069\" data-end=\"1332\">viaczlo\u017ekov\u00e9 pr\u00edpravky na b\u00e1ze reakt\u00edvnych \u017eiv\u00edc (najmodernej\u0161ie spojiv\u00e1) \u2013 m\u00f4\u017eu to by\u0165 produkty na b\u00e1ze polyuret\u00e1nov\u00fdch a epoxidov\u00fdch \u017eiv\u00edc. Charakterizuj\u00fa sa dobrou penetr\u00e1ciou do podkladu, v\u010faka \u010domu sa vyzna\u010duj\u00fa vysokou pri\u013enavos\u0165ou a \u00faplnou vodoodolnos\u0165ou.<\/li>\n<\/ul>\n<p>[\/vc_column_text][\/vc_column][\/vc_row][vc_row][vc_column][vc_empty_space height=\"64px\"][\/vc_column][\/vc_row]<\/p>\n","protected":false},"excerpt":{"rendered":"<p>BLOCK H777 AQUA BLOCKER je hybridn\u00e1 hydroizola\u010dn\u00e1 vrstva. Neobsahuje vodu ani bit\u00fameny. M\u00e1 dobr\u00fa skladbu, je jednokomponentn\u00e1 a bezrozp\u00fa\u0161\u0165adlov\u00e1 tesniaca hmota. Je odoln\u00e1, po vyschnut\u00ed nepriepustn\u00e1 pre agres\u00edvne podzemn\u00e9 vody.<\/p>\n","protected":false},"featured_media":273532,"comment_status":"open","ping_status":"closed","template":"","meta":{"_acf_changed":false},"product_brand":[],"product_cat":[923,878,876,879,949,913,933],"product_tag":[950,888,890,951,952],"class_list":{"0":"post-279065","1":"product","2":"type-product","3":"status-publish","4":"has-post-thumbnail","6":"product_cat-bestseller-sk","7":"product_cat-bostik-sk","8":"product_cat-hydroizolacja-sk","9":"product_cat-hydroizolacja-fundamentu-sk","10":"product_cat-hydroizolacje-mineralne-sk","11":"product_cat-z-tworzyw-sztucznych-sk","12":"product_cat-prace-zewnetrzne-dachy-i-elewacje-sk","13":"product_tag-aqua-blocker-sk","14":"product_tag-bostik-sk","15":"product_tag-hydroizolacja-sk","16":"product_tag-hydroziolacje-mineralne-sk","17":"product_tag-mineralna-sk","18":"product_shipping_class-trudna-wysylka-sk","20":"first","21":"instock","22":"taxable","23":"shipping-taxable","24":"purchasable","25":"product-type-simple"},"acf":[],"_links":{"self":[{"href":"https:\/\/www.sanier.pl\/sk\/wp-json\/wp\/v2\/product\/279065","targetHints":{"allow":["GET"]}}],"collection":[{"href":"https:\/\/www.sanier.pl\/sk\/wp-json\/wp\/v2\/product"}],"about":[{"href":"https:\/\/www.sanier.pl\/sk\/wp-json\/wp\/v2\/types\/product"}],"replies":[{"embeddable":true,"href":"https:\/\/www.sanier.pl\/sk\/wp-json\/wp\/v2\/comments?post=279065"}],"wp:featuredmedia":[{"embeddable":true,"href":"https:\/\/www.sanier.pl\/sk\/wp-json\/wp\/v2\/media\/273532"}],"wp:attachment":[{"href":"https:\/\/www.sanier.pl\/sk\/wp-json\/wp\/v2\/media?parent=279065"}],"wp:term":[{"taxonomy":"product_brand","embeddable":true,"href":"https:\/\/www.sanier.pl\/sk\/wp-json\/wp\/v2\/product_brand?post=279065"},{"taxonomy":"product_cat","embeddable":true,"href":"https:\/\/www.sanier.pl\/sk\/wp-json\/wp\/v2\/product_cat?post=279065"},{"taxonomy":"product_tag","embeddable":true,"href":"https:\/\/www.sanier.pl\/sk\/wp-json\/wp\/v2\/product_tag?post=279065"}],"curies":[{"name":"wp","href":"https:\/\/api.w.org\/{rel}","templated":true}]}}