{"id":279063,"date":"2017-04-02T11:06:46","date_gmt":"2017-04-02T11:06:46","guid":{"rendered":"https:\/\/www.sanier.pl\/produkt\/sperrmortel\/"},"modified":"2026-02-24T11:46:03","modified_gmt":"2026-02-24T11:46:03","slug":"sperrmortel","status":"publish","type":"product","link":"https:\/\/www.sanier.pl\/sk\/produkt\/sperrmortel\/","title":{"rendered":"BOSTIK BLOCK C583 TERRA LOCK (Sperrmortel)"},"content":{"rendered":"<p>[vc_row][vc_column][vc_column_text]<\/p>\n<h2 style=\"text-align: center;\"><span style=\"color: #00ccff;\"><strong>BOSTIK BLOCK C583 TERRA LOCK (Sperrm\u00f6rtel)<\/strong><\/span><\/h2>\n<p style=\"text-align: center;\">UNIVERZ\u00c1LNA OPRAVOVACIA MALTOV\u00c1 ZMES<\/p>\n<p>[\/vc_column_text][\/vc_column][\/vc_row][vc_row][vc_column][vc_column_text css_animation=\"none\"]<a href=\"https:\/\/www.sanier.pl\/sklep\/?s=bostik&amp;post_type=product\"><img loading=\"lazy\" decoding=\"async\" class=\"wp-image-258966 size-medium aligncenter\" src=\"https:\/\/www.sanier.pl\/wp-content\/uploads\/2022\/07\/Bostik_Logo_Header-300x121.png\" alt=\"bostik logo\" width=\"300\" height=\"121\" srcset=\"https:\/\/www.sanier.pl\/wp-content\/uploads\/2022\/07\/Bostik_Logo_Header-300x121.png 300w, https:\/\/www.sanier.pl\/wp-content\/uploads\/2022\/07\/Bostik_Logo_Header-800x324.png 800w, https:\/\/www.sanier.pl\/wp-content\/uploads\/2022\/07\/Bostik_Logo_Header-768x311.png 768w, https:\/\/www.sanier.pl\/wp-content\/uploads\/2022\/07\/Bostik_Logo_Header-700x283.png 700w, https:\/\/www.sanier.pl\/wp-content\/uploads\/2022\/07\/Bostik_Logo_Header.png 842w\" sizes=\"auto, (max-width:767px) 300px, 300px\" \/><\/a>[\/vc_column_text][\/vc_column][\/vc_row][vc_row][vc_column][vc_separator style=\"dashed\"][vc_empty_space height=\"64px\"][\/vc_column][\/vc_row][vc_row][vc_column width=\"1\/4\"][vc_single_image image=\"261704\" img_size=\"medium\" style=\"vc_box_rounded\"][\/vc_column][vc_column width=\"3\/4\"][vc_column_text]<\/p>\n<div class=\"flex max-w-full flex-col flex-grow\">\n<div class=\"min-h-8 text-message relative flex w-full flex-col items-end gap-2 whitespace-normal break-words text-start [.text-message+&amp;]:mt-5\" dir=\"auto\" data-message-author-role=\"assistant\" data-message-id=\"d96959cc-df05-4b8c-bc00-f55a5d3948f2\" data-message-model-slug=\"gpt-4o-mini\">\n<div class=\"flex w-full flex-col gap-1 empty:hidden first:pt-[3px]\">\n<h3 data-start=\"0\" data-end=\"42\">BOSTIK BLOCK C583 TERRA LOCK (Sperrm\u00f6rtel)<\/h3>\n<p data-start=\"44\" data-end=\"459\" data-is-last-node=\"\" data-is-only-node=\"\">Je univerz\u00e1lna opravovacia malta ur\u010den\u00e1 na renov\u00e1ciu soklov, bet\u00f3nov a ako omietka do vlhk\u00fdch miestnost\u00ed. Skvele sa tie\u017e hod\u00ed na \u0161k\u00e1rovanie m\u00farov a vypl\u0148ovanie nepracuj\u00facich praskl\u00edn, ako aj na vytv\u00e1ranie faset. Po vytvrdnut\u00ed m\u00f4\u017ee by\u0165 produkt pokryt\u00fd bitumenovou alebo hybridnou hydroizola\u010dnou vrstvou. Sperrm\u00f6rtel nie je vhodn\u00fd ako bari\u00e9ra proti kapil\u00e1rnej vlhkosti ani na anhydridov\u00e9 a magn\u00e9ziov\u00e9 poterov\u00e9 vrstvy.<\/p>\n<\/div>\n<\/div>\n<\/div>\n<div class=\"mb-2 flex gap-3 -ml-2\" tabindex=\"0\">\n<div class=\"flex items-center justify-start rounded-xl p-1\">\n<div class=\"flex items-center\"><\/div>\n<\/div>\n<\/div>\n<p>[\/vc_column_text][vc_column_text]<\/p>\n<h3>ZASTOSOVANIE<\/h3>\n<ul>\n<li>malta na steny a podlahy<\/li>\n<li>vhodn\u00e1 na \u0161k\u00e1rovanie m\u00farov<\/li>\n<li>sl\u00fa\u017ei na vypl\u0148ovanie nepracuj\u00facich praskl\u00edn<\/li>\n<li>na vytv\u00e1ranie faset<\/li>\n<li>pou\u017e\u00edva sa na opravy soklov, bet\u00f3nov<\/li>\n<li>mo\u017eno ju pou\u017ei\u0165 ako omietku v vlhk\u00fdch miestnostiach<\/li>\n<li>po vytvrdnut\u00ed malta m\u00f4\u017ee by\u0165 pokryt\u00e1 bitumenovou alebo hybridnou hydroizola\u010dnou vrstvou<\/li>\n<li>m\u00e1 pou\u017eitie na vypl\u0148ovanie v\u00fdklenkov, dut\u00edn a praskl\u00edn v m\u00faroch<\/li>\n<li>m\u00f4\u017ee by\u0165 pou\u017eit\u00e1 na aktiv\u00e1ciu pr\u00edpravku Kiesey Horizontalstopp<\/li>\n<li>sl\u00fa\u017ei aj na vyplnenie vrtov<\/li>\n<\/ul>\n<p>[\/vc_column_text][\/vc_column][\/vc_row][vc_row][vc_column][vc_empty_space][\/vc_column][vc_column][vc_separator style=\"dashed\"][\/vc_column][\/vc_row][vc_row][vc_column width=\"2\/3\"][vc_column_text]<\/p>\n<h3 data-start=\"0\" data-end=\"39\">VLASTNOSTI BOSTIK BLOCK C583 TERRA LOCK<\/h3>\n<ul>\n<li data-start=\"41\" data-end=\"143\">univerz\u00e1lna opravn\u00e1 malta<\/li>\n<li data-start=\"41\" data-end=\"143\">odoln\u00e1 vo\u010di vode (aj morskej)<\/li>\n<li data-start=\"41\" data-end=\"143\">dobr\u00e1 pri\u013enavos\u0165<\/li>\n<li data-start=\"41\" data-end=\"143\">vysok\u00e1 kvalita produktu<\/li>\n<\/ul>\n<p>[\/vc_column_text][\/vc_column][vc_column width=\"1\/3\"][vc_single_image image=\"261704\" img_size=\"medium\"][\/vc_column][\/vc_row][vc_row][vc_column][vc_separator style=\"dashed\"][vc_empty_space][\/vc_column][\/vc_row][vc_row][vc_column][vc_column_text]<\/p>\n<div class=\"flex max-w-full flex-col flex-grow\">\n<div class=\"min-h-8 text-message relative flex w-full flex-col items-end gap-2 whitespace-normal break-words text-start [.text-message+&amp;]:mt-5\" dir=\"auto\" data-message-author-role=\"assistant\" data-message-id=\"3ef5304d-d206-494c-adb6-45ee045b0732\" data-message-model-slug=\"gpt-4o-mini\">\n<div class=\"flex w-full flex-col gap-1 empty:hidden first:pt-[3px]\">\n<h3 data-start=\"0\" data-end=\"15\">SP\u00d4SOB POU\u017dITIA<\/h3>\n<p data-start=\"17\" data-end=\"394\" data-is-last-node=\"\" data-is-only-node=\"\">Obsah vrecka s maltou nasypte do n\u00e1doby a zmie\u0161ajte s \u010distou vodou, aby ste dosiahli homog\u00e9nnu konzistenciu. N\u00e1sledne, aby sa zlep\u0161ila pri\u013enavos\u0165, zv\u00fd\u0161ila elasticita a vodoodpudivos\u0165 malty, \u010das\u0165 vody na mie\u0161anie mo\u017eno nahradi\u0165 pr\u00edpravkom <a href=\"https:\/\/www.sanier.pl\/sk\/produkt\/mix-a793\/\">BOSTIK MIX A793<\/a> (predt\u00fdm <a href=\"https:\/\/www.sanier.pl\/produkt\/haftemulsion-konzentrat-bostik\/\">Haftemulsion-Konzentrat<\/a>). Po spracovan\u00ed treba maltu chr\u00e1ni\u0165 pred pr\u00edli\u0161 r\u00fdchlym odparovan\u00edm vody, da\u017e\u010fom a mrazom.<\/p>\n<\/div>\n<\/div>\n<\/div>\n<div class=\"mb-2 flex gap-3 -ml-2\" tabindex=\"0\">\n<div class=\"flex items-center justify-start rounded-xl p-1\">\n<div class=\"flex items-center\"><\/div>\n<\/div>\n<\/div>\n<p>[\/vc_column_text][\/vc_column][\/vc_row][vc_row][vc_column][vc_separator style=\"dashed\"][vc_empty_space][\/vc_column][\/vc_row][vc_row][vc_column width=\"1\/3\"][vc_column_text]<\/p>\n<h4>N\u00c1RADIE<\/h4>\n<ul>\n<li>\u0160pacht\u013ea z nerezovej ocele<\/li>\n<\/ul>\n<p>[\/vc_column_text][\/vc_column][vc_column width=\"1\/3\"][vc_column_text]<\/p>\n<h4 id=\"tw-target-text\" class=\"tw-data-text tw-text-large tw-ta\" dir=\"ltr\" data-placeholder=\"T\u0142umaczenie\" data-ved=\"2ahUKEwj586aPnIKMAxW6KxAIHUTtAEMQ3ewLegQICBAU\" aria-label=\"Przet\u0142umaczony tekst: NOSI\u0164\"><span class=\"Y2IQFc\" lang=\"sk\">NOSI\u0164<\/span><\/h4>\n<p>[\/vc_column_text][vc_raw_html]JTNDdGFibGUlM0UlMEElM0N0Ym9keSUzRSUwQSUzQ3RyJTNFJTBBJTNDdGQlM0UlM0MlMkZ0ZCUzRSUwQSUzQ3RkJTNFWnUlQzUlQkN5Y2llJTIwa2clMkZtMiUyMGx1YiUyMGtnJTJGbWIlM0MlMkZ0ZCUzRSUzQyUyRnRyJTNFJTBBJTNDdHIlM0UlM0N0ZCUzRUR6aXVyeSUzQSUzQyUyRnRkJTNFJTNDdGQlM0UxJTJDOGtnJTJGbTIlM0MlMkZ0ZCUzRSUzQyUyRnRyJTNFJTBBJTNDdHIlM0UlM0N0ZCUzRUNvayVDMyVCMyVDNSU4MiUyMCUyODVjbSUyOSUzQyUyRnRkJTNFJTNDdGQlM0Uya2clMkZtYiUzQyUyRnRkJTNFJTNDJTJGdHIlM0UlMEElM0MlMkZ0Ym9keSUzRSUzQyUyRnRhYmxlJTNFJTBB[\/vc_raw_html][\/vc_column][vc_column width=\"1\/3\"][vc_column_text]<\/p>\n<h4>DOKUMENTY<\/h4>\n<p><a href=\"https:\/\/sanier.pl\/wp-content\/uploads\/2017\/04\/WP22_SPERRMOERTEL_TDS.pdf\" target=\"_blank\" rel=\"noopener\">Technick\u00fd list BOSTIK BLOCK C583 TERRA LOCK<\/a><\/p>\n<p>[\/vc_column_text][\/vc_column][\/vc_row][vc_row][vc_column][vc_empty_space height=\"64px\"][\/vc_column][\/vc_row][vc_row][vc_column][vc_column_text]<\/p>\n<p>[\/vc_column_text][\/vc_column][\/vc_row]<\/p>\n","protected":false},"excerpt":{"rendered":"<p>BOSTIK BLOCK C583 TERRA LOCK (Sperrm\u00f6rtel) je univerz\u00e1ln\u00ed opravn\u00e1 malta ur\u010den\u00e1 pro renovaci sokl\u016f, beton\u016f a jako om\u00edtka do vlhk\u00fdch prostor. Skv\u011ble se hod\u00ed tak\u00e9 pro sp\u00e1rov\u00e1n\u00ed zd\u00ed a vypl\u0148ov\u00e1n\u00ed nepracuj\u00edc\u00edch trhlin, stejn\u011b jako pro prov\u00e1d\u011bn\u00ed faset.<\/p>\n","protected":false},"featured_media":273482,"comment_status":"open","ping_status":"closed","template":"","meta":[],"product_brand":[],"product_cat":[923,878,876,879,920,899,943,902,916,947,946,944],"product_tag":[888,948],"class_list":{"0":"post-279063","1":"product","2":"type-product","3":"status-publish","4":"has-post-thumbnail","6":"product_cat-bestseller-sk","7":"product_cat-bostik-sk","8":"product_cat-hydroizolacja-sk","9":"product_cat-hydroizolacja-fundamentu-sk","10":"product_cat-hydroizolacje-zbiornikow-i-kanalizacji-sk","11":"product_cat-mineralne-materialy-sk","12":"product_cat-materialy-uzupelniajace-akcesoria-sk","13":"product_cat-ochrona-i-naprawa-betonu-sk","14":"product_cat-uszczelnienie-budynku-od-wewnatrz-sk","15":"product_cat-zaprawy-naprawcze-i-szpachle-sk","16":"product_cat-zaprawy-szybkowiazace-i-wodoszczelne-sk","17":"product_cat-zaprawy-wodoszczelne-sk","18":"product_tag-bostik-sk","19":"product_tag-sperrmortel-sk","20":"product_shipping_class-latwa-wysylka-sk","22":"first","23":"instock","24":"taxable","25":"shipping-taxable","26":"purchasable","27":"product-type-simple"},"_links":{"self":[{"href":"https:\/\/www.sanier.pl\/sk\/wp-json\/wp\/v2\/product\/279063","targetHints":{"allow":["GET"]}}],"collection":[{"href":"https:\/\/www.sanier.pl\/sk\/wp-json\/wp\/v2\/product"}],"about":[{"href":"https:\/\/www.sanier.pl\/sk\/wp-json\/wp\/v2\/types\/product"}],"replies":[{"embeddable":true,"href":"https:\/\/www.sanier.pl\/sk\/wp-json\/wp\/v2\/comments?post=279063"}],"wp:featuredmedia":[{"embeddable":true,"href":"https:\/\/www.sanier.pl\/sk\/wp-json\/wp\/v2\/media\/273482"}],"wp:attachment":[{"href":"https:\/\/www.sanier.pl\/sk\/wp-json\/wp\/v2\/media?parent=279063"}],"wp:term":[{"taxonomy":"product_brand","embeddable":true,"href":"https:\/\/www.sanier.pl\/sk\/wp-json\/wp\/v2\/product_brand?post=279063"},{"taxonomy":"product_cat","embeddable":true,"href":"https:\/\/www.sanier.pl\/sk\/wp-json\/wp\/v2\/product_cat?post=279063"},{"taxonomy":"product_tag","embeddable":true,"href":"https:\/\/www.sanier.pl\/sk\/wp-json\/wp\/v2\/product_tag?post=279063"}],"curies":[{"name":"wp","href":"https:\/\/api.w.org\/{rel}","templated":true}]}}