{"id":279060,"date":"2017-04-02T11:46:16","date_gmt":"2017-04-02T11:46:16","guid":{"rendered":"https:\/\/www.sanier.pl\/produkt\/sperrmortel-2\/"},"modified":"2025-03-11T14:57:54","modified_gmt":"2025-03-11T14:57:54","slug":"sperrmortel-2","status":"publish","type":"product","link":"https:\/\/www.sanier.pl\/sk\/produkt\/sperrmortel-2\/","title":{"rendered":"KOESTER Sperrmortel"},"content":{"rendered":"<p>[vc_row][vc_column][vc_column_text]<img loading=\"lazy\" decoding=\"async\" class=\"size-full wp-image-3291 aligncenter\" src=\"https:\/\/sanier.pl\/wp-content\/uploads\/2017\/03\/LOGO-KOESTER-hydroizolacje-e1490988887771.jpg\" alt=\"LOGO KOESTER hydroizolacje\" width=\"300\" height=\"89\" \/><\/p>\n<h2>KOESTER Sperrmortel<\/h2>\n<div class=\"flex max-w-full flex-col flex-grow\">\n<div class=\"min-h-8 text-message relative flex w-full flex-col items-end gap-2 whitespace-normal break-words text-start [.text-message+&amp;]:mt-5\" dir=\"auto\" data-message-author-role=\"assistant\" data-message-id=\"92fdd039-b267-448f-9703-819f58edddc2\" data-message-model-slug=\"gpt-4o-mini\">\n<div class=\"flex w-full flex-col gap-1 empty:hidden first:pt-[3px]\">\n<p data-start=\"0\" data-end=\"131\"><strong data-start=\"0\" data-end=\"23\">KOESTER Sperrmortel<\/strong> je vodot\u011bsn\u00e1 opravn\u00e1 malta. Produkt m\u00e1 velmi dobrou p\u0159ilnavost, i k star\u00fdm, miner\u00e1ln\u00edm stavebn\u00edm podklad\u016fm.<\/p>\n<p data-start=\"133\" data-end=\"437\">Malta se tak\u00e9 pou\u017e\u00edv\u00e1 k prov\u00e1d\u011bn\u00ed vodot\u011bsn\u00fdch profilov\u00e1n\u00ed (faset) na styku st\u011bn a z\u00e1klad\u016f p\u0159ed proveden\u00edm izolace bitumenov\u00fdmi hmotami (<a href=\"https:\/\/www.sanier.pl\/sk\/produkt\/koester-bikuthan-2k\/\">Bikuthan 2K<\/a> a <a href=\"https:\/\/www.sanier.pl\/sk\/produkt\/koester-deuxan-2k\/\">Deuxan 2K<\/a>) nebo p\u0159ed proveden\u00edm ut\u011bsn\u011bn\u00ed mikrohmotou <a href=\"https:\/\/www.sanier.pl\/produkt\/nb-1-koester\/\">KOESTER NB 1<\/a>. Lze ji tak\u00e9 pou\u017e\u00edt k zakl\u00e1d\u00e1n\u00ed z\u00e1klad\u016f pod stroje a k vypl\u0148ov\u00e1n\u00ed v\u00fdmol\u016f i v\u011bt\u0161\u00edch sp\u00e1r.<\/p>\n<p data-start=\"439\" data-end=\"466\"><strong data-start=\"439\" data-end=\"466\">Vlastnosti Sperrmortel:<\/strong><\/p>\n<ul data-start=\"468\" data-end=\"498\">\n<li data-start=\"468\" data-end=\"479\">vodot\u011bsn\u00fd<\/li>\n<li data-start=\"480\" data-end=\"498\">dobr\u00e1 p\u0159ilnavost<\/li>\n<\/ul>\n<p data-start=\"500\" data-end=\"512\"><strong data-start=\"500\" data-end=\"512\">Pou\u017eit\u00ed:<\/strong><\/p>\n<ul data-start=\"514\" data-end=\"876\">\n<li data-start=\"514\" data-end=\"542\">pro vodot\u011bsn\u00e9 opravy faset<\/li>\n<li data-start=\"543\" data-end=\"585\">slou\u017e\u00ed k vyrovn\u00e1n\u00ed a vypln\u011bn\u00ed nerovnost\u00ed<\/li>\n<li data-start=\"586\" data-end=\"648\">k dopln\u011bn\u00ed sp\u00e1r p\u0159ed proveden\u00edm izolace bitumenov\u00fdmi hmotami<\/li>\n<li data-start=\"649\" data-end=\"682\">je \u00fa\u010dinn\u00fd i p\u0159i vod\u011b pod tlakem<\/li>\n<li data-start=\"683\" data-end=\"716\">pro prov\u00e1d\u011bn\u00ed vodot\u011bsn\u00fdch faset<\/li>\n<li data-start=\"717\" data-end=\"751\">pro prov\u00e1d\u011bn\u00ed vodot\u011bsn\u00fdch om\u00edtek<\/li>\n<li data-start=\"752\" data-end=\"803\">je vhodn\u00fd i pro star\u00e9 miner\u00e1ln\u00ed stavebn\u00ed podklady<\/li>\n<li data-start=\"804\" data-end=\"876\">s p\u0159\u00eddavkem emulze <a href=\"https:\/\/www.sanier.pl\/sk\/produkt\/sb-haftemulsion-koncentrat-koester\/\">KOESTER SB Haftemulsion<\/a> slou\u017e\u00ed k oprav\u00e1m betonu PCC<\/li>\n<\/ul>\n<p data-start=\"878\" data-end=\"891\"><strong data-start=\"878\" data-end=\"891\">Spot\u0159eba:<\/strong><\/p>\n<ul data-start=\"893\" data-end=\"920\">\n<li data-start=\"893\" data-end=\"920\">p\u0159ibli\u017en\u011b 1,8 kg\/l v\u00fdmol\u016f<\/li>\n<\/ul>\n<p data-start=\"927\" data-end=\"950\"><strong data-start=\"927\" data-end=\"950\">Co je hydroizolace?<\/strong><\/p>\n<p data-start=\"952\" data-end=\"1133\">Hydroizolace je tak\u00e9 zn\u00e1m\u00e1 jako izolace proti vlhkosti, kter\u00e1 chr\u00e1n\u00ed objekt p\u0159ed \u0161kodliv\u00fdmi a ni\u010div\u00fdmi \u00fa\u010dinky vody. Hydroizolace klasifikujeme podle pojiv (hydroizola\u010dn\u00ed p\u0159\u00edpravky):<\/p>\n<ul data-start=\"1135\" data-end=\"2147\">\n<li data-start=\"1135\" data-end=\"1326\">na b\u00e1zi bitum\u016f a deht\u016f (metoda, kter\u00e9 se dnes ji\u017e upou\u0161t\u00ed), maj\u00ed vysokou vod\u011bodolnost, snadno dostupn\u00e9 materi\u00e1ly, ale neefektivn\u00ed p\u0159ilnavost mezi vrstvami (nav\u00edc negativn\u011b ovliv\u0148uj\u00ed zdrav\u00ed)<\/li>\n<li data-start=\"1327\" data-end=\"1538\">na b\u00e1zi syntetick\u00fdch prysky\u0159ic (modern\u00ed p\u0159\u00edpravky) \u2013 funguj\u00ed pouze v interi\u00e9rech, v dom\u00e1cnostech; nejsou vhodn\u00e9 pro hydroizolaci velk\u00fdch vodn\u00edch n\u00e1dr\u017e\u00ed, proto\u017ee p\u0159i dlouhodob\u00e9m p\u016fsoben\u00ed vody ztr\u00e1cej\u00ed \u00fa\u010dinnost.<\/li>\n<li data-start=\"1539\" data-end=\"1895\">hydroizola\u010dn\u00ed p\u0159\u00edpravky mineralno-polymerov\u00e9 \u2013 tyto hydroizolace neobsahuj\u00ed v\u00fd\u0161e zm\u00edn\u011bn\u00e9 vady, naz\u00fdvaj\u00ed se tak\u00e9 izola\u010dn\u00edmi nebo t\u011bsn\u00edc\u00edmi \u0161lamy. Dvouslo\u017ekov\u00e9 miner\u00e1ln\u00ed hydroizolace jsou ide\u00e1ln\u00ed pro vodot\u011bsnou izolaci zd\u00ed, sokl\u016f, vodn\u00edch n\u00e1dr\u017e\u00ed, baz\u00e9n\u016f, balkon\u016f, teras a st\u0159ech, stejn\u011b jako pro m\u00edstnosti s vysokou vlhkost\u00ed, jako jsou koupelny a pr\u00e1delny.<\/li>\n<li data-start=\"1896\" data-end=\"2147\">v\u00edce slo\u017ekov\u00e9 p\u0159\u00edpravky na b\u00e1zi reaktivn\u00edch prysky\u0159ic (nejmodern\u011bj\u0161\u00ed pojiva) \u2013 mohou to b\u00fdt produkty na b\u00e1zi polyuretanov\u00fdch a epoxidov\u00fdch prysky\u0159ic. Maj\u00ed dobr\u00e9 penetra\u010dn\u00ed vlastnosti v podkladu, co\u017e zaji\u0161\u0165uje vysokou p\u0159ilnavost a \u00faplnou vodot\u011bsnost.<\/li>\n<\/ul>\n<p data-start=\"2154\" data-end=\"2184\"><a href=\"https:\/\/www.sanier.pl\/wp-content\/uploads\/2017\/04\/TechDataSheet_W-530-025_K\u00d6STER-Sperrmortel_pl_pl_2018-09-25_090004.pdf\"><strong data-start=\"2154\" data-end=\"2184\">Technick\u00fd list Sperrmortel<\/strong><\/a><\/p>\n<p data-start=\"2186\" data-end=\"2214\" data-is-last-node=\"\" data-is-only-node=\"\"><a href=\"https:\/\/www.koester.pl\/files\/pl_pl\/Program%20produkcji%20KOESTER%20Polska.pdf\" target=\"_blank\" rel=\"noopener\"><strong data-start=\"2186\" data-end=\"2214\" data-is-last-node=\"\">KATALOG PRODUKT\u016e V\u00ddROBCE<\/strong><\/a><\/p>\n<\/div>\n<\/div>\n<\/div>\n<div class=\"mb-2 flex gap-3 -ml-2\" tabindex=\"0\">\n<div class=\"items-center justify-start rounded-xl p-1 flex\">\n<div class=\"flex items-center\"><\/div>\n<\/div>\n<\/div>\n<p>[\/vc_column_text][\/vc_column][\/vc_row]<\/p>\n","protected":false},"excerpt":{"rendered":"<div class=\"flex max-w-full flex-col flex-grow\">\n<div class=\"min-h-8 text-message relative flex w-full flex-col items-end gap-2 whitespace-normal break-words text-start [.text-message+&amp;]:mt-5\" dir=\"auto\" data-message-author-role=\"assistant\" data-message-id=\"4bbfeb75-f16d-4b3f-b5a1-c13781e4366e\" data-message-model-slug=\"gpt-4o-mini\">\n<div class=\"flex w-full flex-col gap-1 empty:hidden first:pt-[3px]\">\n<p data-start=\"0\" data-end=\"320\" data-is-last-node=\"\" data-is-only-node=\"\"><strong data-start=\"0\" data-end=\"15\" data-is-only-node=\"\">Sperrmortel<\/strong> je opravn\u00e1 malta ur\u010den\u00e1 k prov\u00e1d\u011bn\u00ed vodot\u011bsn\u00fdch oprav, faset a vypl\u0148ov\u00e1n\u00ed v\u00fdmol\u016f v betonu. Produkt lze tak\u00e9 vyu\u017e\u00edvat k prov\u00e1d\u011bn\u00ed vodot\u011bsn\u00fdch om\u00edtek. Nav\u00edc se malta <strong data-start=\"180\" data-end=\"195\">Sperrmortel<\/strong> pou\u017e\u00edv\u00e1 k vyrovn\u00e1v\u00e1n\u00ed nerovnost\u00ed nebo k dopl\u0148ov\u00e1n\u00ed sp\u00e1r p\u0159ed proveden\u00edm izolace bitumenov\u00fdmi hmotami, i p\u0159i vod\u011b pod tlakem.<\/p>\n<\/div>\n<\/div>\n<\/div>\n<div class=\"mb-2 flex gap-3 -ml-2\" tabindex=\"0\">\n<div class=\"items-center justify-start rounded-xl p-1 flex\">\n<div class=\"flex items-center\"><\/div>\n<\/div>\n<\/div>\n","protected":false},"featured_media":264508,"comment_status":"open","ping_status":"closed","template":"","meta":[],"product_brand":[],"product_cat":[876,879,920,910,899,943,902,911,916,947,946,944],"product_tag":[912],"class_list":{"0":"post-279060","1":"product","2":"type-product","3":"status-publish","4":"has-post-thumbnail","6":"product_cat-hydroizolacja-sk","7":"product_cat-hydroizolacja-fundamentu-sk","8":"product_cat-hydroizolacje-zbiornikow-i-kanalizacji-sk","9":"product_cat-koester-sk","10":"product_cat-mineralne-materialy-sk","11":"product_cat-materialy-uzupelniajace-akcesoria-sk","12":"product_cat-ochrona-i-naprawa-betonu-sk","13":"product_cat-promowane-sk","14":"product_cat-uszczelnienie-budynku-od-wewnatrz-sk","15":"product_cat-zaprawy-naprawcze-i-szpachle-sk","16":"product_cat-zaprawy-szybkowiazace-i-wodoszczelne-sk","17":"product_cat-zaprawy-wodoszczelne-sk","18":"product_tag-koester-sk","19":"product_shipping_class-latwa-wysylka-sk","21":"first","22":"instock","23":"taxable","24":"shipping-taxable","25":"purchasable","26":"product-type-simple"},"_links":{"self":[{"href":"https:\/\/www.sanier.pl\/sk\/wp-json\/wp\/v2\/product\/279060","targetHints":{"allow":["GET"]}}],"collection":[{"href":"https:\/\/www.sanier.pl\/sk\/wp-json\/wp\/v2\/product"}],"about":[{"href":"https:\/\/www.sanier.pl\/sk\/wp-json\/wp\/v2\/types\/product"}],"replies":[{"embeddable":true,"href":"https:\/\/www.sanier.pl\/sk\/wp-json\/wp\/v2\/comments?post=279060"}],"wp:featuredmedia":[{"embeddable":true,"href":"https:\/\/www.sanier.pl\/sk\/wp-json\/wp\/v2\/media\/264508"}],"wp:attachment":[{"href":"https:\/\/www.sanier.pl\/sk\/wp-json\/wp\/v2\/media?parent=279060"}],"wp:term":[{"taxonomy":"product_brand","embeddable":true,"href":"https:\/\/www.sanier.pl\/sk\/wp-json\/wp\/v2\/product_brand?post=279060"},{"taxonomy":"product_cat","embeddable":true,"href":"https:\/\/www.sanier.pl\/sk\/wp-json\/wp\/v2\/product_cat?post=279060"},{"taxonomy":"product_tag","embeddable":true,"href":"https:\/\/www.sanier.pl\/sk\/wp-json\/wp\/v2\/product_tag?post=279060"}],"curies":[{"name":"wp","href":"https:\/\/api.w.org\/{rel}","templated":true}]}}