{"id":279054,"date":"2017-04-02T12:10:42","date_gmt":"2017-04-02T12:10:42","guid":{"rendered":"https:\/\/www.sanier.pl\/produkt\/sperrmortel-fein\/"},"modified":"2026-02-24T11:46:21","modified_gmt":"2026-02-24T11:46:21","slug":"sperrmortel-fein","status":"publish","type":"product","link":"https:\/\/www.sanier.pl\/sk\/produkt\/sperrmortel-fein\/","title":{"rendered":"BOSTIK BLOCK C781 TERRA LOCK XS (Sperrmortel Fein)"},"content":{"rendered":"<p>[vc_row][vc_column][vc_column_text]<\/p>\n<h1 style=\"text-align: center;\"><strong><span style=\"color: #000000;\">BOSTIK BLOCK C781 TERRA LOCK XS\u00a0 <\/span><\/strong><\/h1>\n<h1 style=\"text-align: center;\">(b\u00fdval\u00fd Sperrm\u00f6rtel Fein)<\/h1>\n<h5 style=\"text-align: center;\"><strong data-start=\"66\" data-end=\"94\" data-is-last-node=\"\">Jemnozrnn\u00e1 opravn\u00e1 malta<\/strong><\/h5>\n<p>[\/vc_column_text][\/vc_column][\/vc_row][vc_row][vc_column][vc_column_text css_animation=\"none\"]<a href=\"https:\/\/www.sanier.pl\/sklep\/?s=bostik&amp;post_type=product\"><img loading=\"lazy\" decoding=\"async\" class=\"wp-image-258966 size-medium aligncenter\" src=\"https:\/\/www.sanier.pl\/wp-content\/uploads\/2022\/07\/Bostik_Logo_Header-300x121.png\" alt=\"bostik logo\" width=\"300\" height=\"121\" srcset=\"https:\/\/www.sanier.pl\/wp-content\/uploads\/2022\/07\/Bostik_Logo_Header-300x121.png 300w, https:\/\/www.sanier.pl\/wp-content\/uploads\/2022\/07\/Bostik_Logo_Header-800x324.png 800w, https:\/\/www.sanier.pl\/wp-content\/uploads\/2022\/07\/Bostik_Logo_Header-768x311.png 768w, https:\/\/www.sanier.pl\/wp-content\/uploads\/2022\/07\/Bostik_Logo_Header-700x283.png 700w, https:\/\/www.sanier.pl\/wp-content\/uploads\/2022\/07\/Bostik_Logo_Header.png 842w\" sizes=\"auto, (max-width:767px) 300px, 300px\" \/><\/a>[\/vc_column_text][\/vc_column][\/vc_row][vc_row][vc_column][vc_separator style=\"dashed\"][vc_empty_space height=\"64px\"][\/vc_column][\/vc_row][vc_row][vc_column width=\"1\/4\"][vc_single_image image=\"261705\" img_size=\"medium\" style=\"vc_box_rounded\"][\/vc_column][vc_column width=\"3\/4\"][vc_column_text]<\/p>\n<div class=\"flex max-w-full flex-col flex-grow\">\n<div class=\"min-h-8 text-message relative flex w-full flex-col items-end gap-2 whitespace-normal break-words text-start [.text-message+&amp;]:mt-5\" dir=\"auto\" data-message-author-role=\"assistant\" data-message-id=\"2947bb92-446c-4072-8db9-2bbf82db1fc8\" data-message-model-slug=\"gpt-4o-mini\">\n<div class=\"flex w-full flex-col gap-1 empty:hidden first:pt-[3px]\">\n<h3 data-start=\"0\" data-end=\"60\"><strong data-start=\"0\" data-end=\"35\">BOSTIK BLOCK C781 TERRA LOCK XS<\/strong> (dawne Sperrm\u00f6rtel Fein)<\/h3>\n<p data-start=\"62\" data-end=\"378\" data-is-last-node=\"\" data-is-only-node=\"\">to univerz\u00e1lna jemnozrnn\u00e1 opravn\u00e1 malta. Produkt ur\u010den\u00fd na vypl\u0148ovanie a tmelovanie dier a nerovnost\u00ed. Malta je vhodn\u00e1 na \u0161k\u00e1rovanie muriva, vypl\u0148ovanie nepracuj\u00facich trhl\u00edn a tie\u017e na vytv\u00e1ranie faset. Sperrm\u00f6rtel nie je vhodn\u00fd ako bari\u00e9ra pre st\u00fapaj\u00facu kapil\u00e1rnu vlhkos\u0165, ani na anhydritov\u00e9 alebo magn\u00e9ziov\u00e9 potery.<\/p>\n<\/div>\n<\/div>\n<\/div>\n<div class=\"mb-2 flex gap-3 -ml-2\" tabindex=\"0\">\n<div class=\"items-center justify-start rounded-xl p-1 flex\">\n<div class=\"flex items-center\"><\/div>\n<\/div>\n<\/div>\n<p>[\/vc_column_text][vc_column_text]<\/p>\n<h3 data-start=\"0\" data-end=\"237\"><strong data-start=\"0\" data-end=\"12\">POU\u017dITIE<\/strong><\/h3>\n<p data-start=\"0\" data-end=\"237\">maltov\u00e1 zmes na steny a podlahy<br data-start=\"46\" data-end=\"49\" \/>vhodn\u00e1 na \u0161k\u00e1rovanie muriva<br data-start=\"76\" data-end=\"79\" \/>sl\u00fa\u017ei na vypl\u0148ovanie nepracuj\u00facich trhl\u00edn<br data-start=\"120\" data-end=\"123\" \/>na vytv\u00e1ranie faset<br data-start=\"142\" data-end=\"145\" \/>pou\u017e\u00edva sa na opravy soklov, bet\u00f3nov<br data-start=\"181\" data-end=\"184\" \/>mo\u017eno ju pou\u017ei\u0165 ako omietku v vlhk\u00fdch miestnostiach<\/p>\n<p data-start=\"239\" data-end=\"677\" data-is-last-node=\"\" data-is-only-node=\"\"><strong data-start=\"239\" data-end=\"260\">Pr\u00edprava povrchu:<\/strong><br data-start=\"260\" data-end=\"263\" data-is-only-node=\"\" \/>Podklad by mal by\u0165 pevn\u00fd a stabiln\u00fd, bez vrstiev, ktor\u00e9 zabra\u0148uj\u00fa pri\u013enavosti (prach, cementov\u00e9 mlieko a pod.). Pred nanesen\u00edm malty je potrebn\u00e9 povrch navlh\u010di\u0165 vodou alebo pomocou emulzie zvy\u0161uj\u00facej pri\u013enavos\u0165, ako je <strong data-start=\"482\" data-end=\"501\">BOSTIK MIX A793<\/strong> (dawne Haftemulsion-Konzentrat). V pr\u00edpade pou\u017eitia ako povrchov\u00e1 cementov\u00e1 omietka je potrebn\u00e9 najprv nanies\u0165 na podklad <strong data-start=\"624\" data-end=\"651\">BOSTIK RENO C761 FINISH<\/strong> (dawne Spritzbewurf WTA).<\/p>\n<p>[\/vc_column_text][\/vc_column][\/vc_row][vc_row][vc_column][vc_empty_space][\/vc_column][vc_column][vc_separator style=\"dashed\"][\/vc_column][\/vc_row][vc_row][vc_column width=\"2\/3\"][vc_column_text]<\/p>\n<h3><strong data-start=\"0\" data-end=\"40\" data-is-only-node=\"\">VLASTNOSTI BOSTIK BLOCK C781 LOCK XS<\/strong><\/h3>\n<p>Univerz\u00e1lnos\u0165<br data-start=\"56\" data-end=\"59\" \/>Drobn\u00e1 \u0161trukt\u00fara<br data-start=\"75\" data-end=\"78\" \/>Dobr\u00e1 pri\u013enavos\u0165<br data-start=\"94\" data-end=\"97\" \/>Odolnos\u0165 proti morskej vode<br data-start=\"124\" data-end=\"127\" \/>Vytv\u00e1ranie hladk\u00e9ho povrchu[\/vc_column_text][\/vc_column][vc_column width=\"1\/3\"][vc_single_image image=\"261705\" img_size=\"medium\"][\/vc_column][\/vc_row][vc_row][vc_column][vc_separator style=\"dashed\"][vc_empty_space][\/vc_column][\/vc_row][vc_row][vc_column][vc_column_text]<\/p>\n<h3 data-start=\"0\" data-end=\"20\"><strong data-start=\"0\" data-end=\"20\">Sp\u00f4sob pou\u017eitia:<\/strong><\/h3>\n<p data-start=\"22\" data-end=\"379\" data-is-last-node=\"\" data-is-only-node=\"\">Obsah vrecka so zmesou zapravky nasypte do n\u00e1doby a premie\u0161ajte s \u010distou vodou, a\u017e k\u00fdm nez\u00edskate homog\u00e9nnu konzistenciu. Na zlep\u0161enie pri\u013enavosti, zv\u00fd\u0161enie elasticity a vodoodoln\u00fdch vlastnost\u00ed zapravky m\u00f4\u017eete \u010das\u0165 vody nahradi\u0165 pr\u00edpravkom Haftemulsion-Konzentrat. Po spracovan\u00ed je potrebn\u00e9 zmes chr\u00e1ni\u0165 pred pr\u00edli\u0161 r\u00fdchlym odparovan\u00edm vody, da\u017e\u010fom a mrazom.<\/p>\n<p>[\/vc_column_text][\/vc_column][\/vc_row][vc_row][vc_column][vc_separator style=\"dashed\"][vc_empty_space][\/vc_column][\/vc_row][vc_row][vc_column width=\"1\/3\"][vc_column_text]<\/p>\n<h4><strong data-start=\"0\" data-end=\"11\" data-is-only-node=\"\">N\u00c1RADIE<\/strong><\/h4>\n<p>\u0160pacht\u013ea z nerezovej ocele.[\/vc_column_text][\/vc_column][vc_column width=\"1\/3\"][vc_column_text]<\/p>\n<div id=\"KnM9nf\" class=\"PZPZlf\" data-attrid=\"tw-sourceArea\" data-entityname=\"Google Translate\">\n<div class=\"DHcWmd\">\n<div id=\"tw-target\">\n<div id=\"kAz1tf\" class=\"g9WsWb PZPZlf\" data-attrid=\"tw-targetArea\" data-entityname=\"Google Translate\">\n<div id=\"tw-target-text-container\" class=\"tw-ta-container tw-nfl\" tabindex=\"0\" role=\"text\">\n<h4 id=\"tw-target-text\" class=\"tw-data-text tw-text-large tw-ta\" dir=\"ltr\" data-placeholder=\"T\u0142umaczenie\" data-ved=\"2ahUKEwj586aPnIKMAxW6KxAIHUTtAEMQ3ewLegQICBAU\" aria-label=\"Przet\u0142umaczony tekst: NOSI\u0164\"><strong><span class=\"Y2IQFc\" lang=\"sk\">NOSI\u0164<\/span><\/strong><\/h4>\n<\/div>\n<\/div>\n<\/div>\n<\/div>\n<\/div>\n<p>[\/vc_column_text][vc_raw_html]JTNDdGFibGUlM0UlMEElM0N0Ym9keSUzRSUwQSUzQ3RyJTNFJTNDdGQlM0UlM0MlMkZ0ZCUzRSUzQ3RkJTNFWnUlQzUlQkN5Y2llJTIwa2clMkZtMiUzQyUyRnRkJTNFJTNDJTJGdHIlM0UlMEElM0N0ciUzRSUzQ3RkJTNFVWJ5dGtpJTIwJTNDJTJGdGQlM0UlM0N0ZCUzRTElMkM4JTIwa2clMkZsJTNDJTJGdGQlM0UlM0MlMkZ0ciUzRSUwQSUzQ3RyJTNFJTNDdGQlM0VDb2slQzMlQjMlQzUlODIlMjAlMjg1Y20lMjklM0MlMkZ0ZCUzRSUzQ3RkJTNFMmtnJTJGbWIlM0MlMkZ0ZCUzRSUzQyUyRnRyJTNFJTBBJTNDJTJGdGJvZHklM0UlM0MlMkZ0YWJsZSUzRSUwQQ==[\/vc_raw_html][\/vc_column][vc_column width=\"1\/3\"][vc_column_text]<\/p>\n<div class=\"flex max-w-full flex-col flex-grow\">\n<div class=\"min-h-8 text-message relative flex w-full flex-col items-end gap-2 whitespace-normal break-words text-start [.text-message+&amp;]:mt-5\" dir=\"auto\" data-message-author-role=\"assistant\" data-message-id=\"adb102a4-002c-424e-9b02-60f8c97870dc\" data-message-model-slug=\"gpt-4o-mini\">\n<div class=\"flex w-full flex-col gap-1 empty:hidden first:pt-[3px]\">\n<div class=\"markdown prose w-full break-words dark:prose-invert dark\">\n<h4 data-start=\"0\" data-end=\"13\"><strong data-start=\"0\" data-end=\"13\">DOKUMENTY<\/strong><\/h4>\n<p data-start=\"15\" data-end=\"29\"><a href=\"https:\/\/www.bostik.com\/files\/live\/sites\/shared_bostik\/files\/documents-brochures\/Poland\/Documents\/TDS\/Bostik-Poland-Seal-and-Block-Block-C781-Terra-Lock-XS-tds.pdf\" target=\"_blank\" rel=\"noopener\">Technick\u00fd list<\/a><\/p>\n<p data-start=\"31\" data-end=\"52\" data-is-last-node=\"\" data-is-only-node=\"\"><a href=\"https:\/\/www.bostik.com\/files\/live\/sites\/shared_bostik\/files\/documents-brochures\/Poland\/Documents\/SDS\/Bostik-Poland-Seal-and-Block-Block-C781-Terra-Lock-XS-sds.pdf\" target=\"_blank\" rel=\"noopener\">KARTA CHARAKTERISTIKY<\/a><\/p>\n<\/div>\n<\/div>\n<\/div>\n<\/div>\n<div class=\"mb-2 flex gap-3 -ml-2\" tabindex=\"0\">\n<div class=\"items-center justify-start rounded-xl p-1 flex\">\n<div class=\"flex items-center\"><\/div>\n<\/div>\n<\/div>\n<p>[\/vc_column_text][\/vc_column][\/vc_row][vc_row][vc_column][vc_empty_space height=\"64px\"][\/vc_column][\/vc_row]<\/p>\n","protected":false},"excerpt":{"rendered":"<p><strong data-start=\"0\" data-end=\"60\" data-is-only-node=\"\">BOSTIK BLOCK C781 TERRA LOCK XS (Sperrm\u00f6rtel Fein)<\/strong> je jemnozrnn\u00e1, polymermi modifikovan\u00e1 opravn\u00e1 malta. Univerz\u00e1ln\u00ed produkt ur\u010den\u00fd pro vyrovn\u00e1v\u00e1n\u00ed povrch\u016f, v\u010detn\u011b renovace sokl\u016f, betonu a pou\u017eit\u00ed jako om\u00edtka ve vlhk\u00fdch m\u00edstnostech. Opravn\u00e1 malta Sperrm\u00f6rtel Fein je tak\u00e9 vhodn\u00e1 pro sp\u00e1rov\u00e1n\u00ed zd\u00ed, vypln\u011bn\u00ed nepohybliv\u00fdch trhlin a prov\u00e1d\u011bn\u00ed fazet.<\/p>\n","protected":false},"featured_media":273488,"comment_status":"open","ping_status":"closed","template":"","meta":[],"product_brand":[],"product_cat":[923,878,876,920,899,902,947,944],"product_tag":[888,948],"class_list":{"0":"post-279054","1":"product","2":"type-product","3":"status-publish","4":"has-post-thumbnail","6":"product_cat-bestseller-sk","7":"product_cat-bostik-sk","8":"product_cat-hydroizolacja-sk","9":"product_cat-hydroizolacje-zbiornikow-i-kanalizacji-sk","10":"product_cat-mineralne-materialy-sk","11":"product_cat-ochrona-i-naprawa-betonu-sk","12":"product_cat-zaprawy-naprawcze-i-szpachle-sk","13":"product_cat-zaprawy-wodoszczelne-sk","14":"product_tag-bostik-sk","15":"product_tag-sperrmortel-sk","16":"product_shipping_class-latwa-wysylka-sk","18":"first","19":"instock","20":"taxable","21":"shipping-taxable","22":"purchasable","23":"product-type-simple"},"_links":{"self":[{"href":"https:\/\/www.sanier.pl\/sk\/wp-json\/wp\/v2\/product\/279054","targetHints":{"allow":["GET"]}}],"collection":[{"href":"https:\/\/www.sanier.pl\/sk\/wp-json\/wp\/v2\/product"}],"about":[{"href":"https:\/\/www.sanier.pl\/sk\/wp-json\/wp\/v2\/types\/product"}],"replies":[{"embeddable":true,"href":"https:\/\/www.sanier.pl\/sk\/wp-json\/wp\/v2\/comments?post=279054"}],"wp:featuredmedia":[{"embeddable":true,"href":"https:\/\/www.sanier.pl\/sk\/wp-json\/wp\/v2\/media\/273488"}],"wp:attachment":[{"href":"https:\/\/www.sanier.pl\/sk\/wp-json\/wp\/v2\/media?parent=279054"}],"wp:term":[{"taxonomy":"product_brand","embeddable":true,"href":"https:\/\/www.sanier.pl\/sk\/wp-json\/wp\/v2\/product_brand?post=279054"},{"taxonomy":"product_cat","embeddable":true,"href":"https:\/\/www.sanier.pl\/sk\/wp-json\/wp\/v2\/product_cat?post=279054"},{"taxonomy":"product_tag","embeddable":true,"href":"https:\/\/www.sanier.pl\/sk\/wp-json\/wp\/v2\/product_tag?post=279054"}],"curies":[{"name":"wp","href":"https:\/\/api.w.org\/{rel}","templated":true}]}}