{"id":279050,"date":"2017-04-02T12:25:07","date_gmt":"2017-04-02T12:25:07","guid":{"rendered":"https:\/\/www.sanier.pl\/produkt\/koester_wasserstop\/"},"modified":"2025-03-11T08:14:37","modified_gmt":"2025-03-11T08:14:37","slug":"koester_wasserstop","status":"publish","type":"product","link":"https:\/\/www.sanier.pl\/sk\/produkt\/koester_wasserstop\/","title":{"rendered":"KOESTER Wasserstop"},"content":{"rendered":"<p>[vc_row][vc_column][vc_column_text]<img loading=\"lazy\" decoding=\"async\" class=\"size-full wp-image-3291 aligncenter\" src=\"https:\/\/sanier.pl\/wp-content\/uploads\/2017\/03\/LOGO-KOESTER-hydroizolacje-e1490988887771.jpg\" alt=\"LOGO KOESTER hydroizolacje\" width=\"300\" height=\"89\" \/><\/p>\n<h2 data-start=\"0\" data-end=\"22\"><strong data-start=\"0\" data-end=\"22\">KOESTER Wasserstop<\/strong><\/h2>\n<p data-start=\"24\" data-end=\"236\">KOESTER Wasserstop je r\u00fdchloschn\u00faca malta na tesnenie a opravy. Zmes sa zv\u00e4\u010d\u0161uje, \u010d\u00edm vytv\u00e1ra siln\u00e9 spojenie malty s podkladom. Pomocou tohto produktu m\u00f4\u017eete r\u00fdchlo a jednoducho utesni\u0165 \u00faniky vody, aj pod tlakom.<\/p>\n<h3 data-start=\"238\" data-end=\"269\"><strong data-start=\"238\" data-end=\"269\">Pou\u017eitie KOESTER Wasserstop<\/strong><\/h3>\n<ul data-start=\"271\" data-end=\"596\">\n<li data-start=\"271\" data-end=\"380\">sl\u00fa\u017ei na r\u00fdchle uzatv\u00e1ranie ak\u00fdchko\u013evek \u00fanikov a netesnost\u00ed v murovan\u00fdch, bet\u00f3nov\u00fdch a kamenn\u00fdch podkladoch<\/li>\n<li data-start=\"381\" data-end=\"532\">je vhodn\u00fd na vykon\u00e1vanie za\u0165a\u017een\u00fdch vodou pod tlakom vyhrben\u00ed a faset, na tesnenie dr\u00e1\u017eok a \u0161trb\u00edn, na tesnenie priechodov k\u00e1blov a potrub\u00ed cez steny<\/li>\n<li data-start=\"533\" data-end=\"596\">na dop\u013a\u0148anie netesn\u00fdch spojov potrub\u00ed, aj pri vode pod tlakom<\/li>\n<\/ul>\n<h3 data-start=\"598\" data-end=\"617\"><strong data-start=\"598\" data-end=\"617\">Technick\u00e9 \u00fadaje<\/strong><\/h3>\n<ul data-start=\"619\" data-end=\"914\">\n<li data-start=\"619\" data-end=\"655\">Hustota \u010derstvej malty: 1.9 kg \/ l<\/li>\n<li data-start=\"656\" data-end=\"703\">Pevnos\u0165 v tlaku (po 24 hodin\u00e1ch): &gt; 4 N \/ mm\u00b2<\/li>\n<li data-start=\"704\" data-end=\"747\">Pevnos\u0165 v tlaku (po 7 d\u0148och): &gt; 7 N \/ mm\u00b2<\/li>\n<li data-start=\"748\" data-end=\"791\">Pevnos\u0165 v ohybe (po 7 d\u0148och): &gt; 2 N \/ mm\u00b2<\/li>\n<li data-start=\"792\" data-end=\"831\">Za\u010diatok reakcie: pribli\u017ene 30 sek\u00fand<\/li>\n<li data-start=\"832\" data-end=\"879\">Nan\u00e1\u0161anie \u010fal\u0161\u00edch vrstiev: pribli\u017ene 3 hodiny<\/li>\n<li data-start=\"880\" data-end=\"914\">Opuchnutie: pribli\u017ene 0.5 obj.-%<\/li>\n<\/ul>\n<h3 data-start=\"916\" data-end=\"947\"><strong data-start=\"916\" data-end=\"947\">Spotreba KOESTER Wasserstop<\/strong><\/h3>\n<ul data-start=\"949\" data-end=\"974\">\n<li data-start=\"949\" data-end=\"974\">pribli\u017ene 2 kg\/l straty<\/li>\n<\/ul>\n<p data-start=\"976\" data-end=\"1020\"><strong data-start=\"976\" data-end=\"1020\">R\u00fdchloschn\u00face malty na zastavenie \u00fanikov<\/strong><\/p>\n<p data-start=\"1022\" data-end=\"1135\">Tieto prostriedky prvej pomoci s\u00fa ur\u010den\u00e9 pre n\u00e1hle \u00faniky vody v pivnici alebo ich mo\u017eno nan\u00e1\u0161a\u0165 na vlhk\u00e9 povrchy.<\/p>\n<p data-start=\"1137\" data-end=\"1271\">Zvl\u00e1daj\u00fa aj vysok\u00fd tlak vody pri vysokom hydrostatickom tlaku. Spojuj\u00fa sa do 30 sek\u00fand a m\u00f4\u017eu sa nan\u00e1\u0161a\u0165 ru\u010dne v gumov\u00fdch rukaviciach.<\/p>\n<p data-start=\"1273\" data-end=\"1302\"><a href=\"https:\/\/www.sanier.pl\/wp-content\/uploads\/2017\/04\/TechDataSheet_W-540-015_K\u00d6STER-Wasserstop_pl_pl_2017-11-24_123442.pdf\"><strong data-start=\"1273\" data-end=\"1302\">Technick\u00fd list Wasserstop<\/strong><\/a><\/p>\n<p data-start=\"1304\" data-end=\"1333\" data-is-last-node=\"\" data-is-only-node=\"\"><a href=\"https:\/\/www.koester.pl\/files\/pl_pl\/Program%20produkcji%20KOESTER%20Polska.pdf\" target=\"_blank\" rel=\"noopener\"><strong data-start=\"1304\" data-end=\"1333\" data-is-last-node=\"\">KOESTER KATAL\u00d3G PRODUKTOV<\/strong><\/a><\/p>\n<p>&nbsp;<\/p>\n<p>&nbsp;<\/p>\n<p>[\/vc_column_text][\/vc_column][\/vc_row]<\/p>\n","protected":false},"excerpt":{"rendered":"<p>R\u00fdchloschn\u00faca, opuchuj\u00faca malta na tesnenie \u00fanikov vody<\/p>\n","protected":false},"featured_media":264034,"comment_status":"open","ping_status":"closed","template":"","meta":[],"product_brand":[],"product_cat":[876,879,920,910,899,943,911,916,946,944],"product_tag":[912],"class_list":{"0":"post-279050","1":"product","2":"type-product","3":"status-publish","4":"has-post-thumbnail","6":"product_cat-hydroizolacja-sk","7":"product_cat-hydroizolacja-fundamentu-sk","8":"product_cat-hydroizolacje-zbiornikow-i-kanalizacji-sk","9":"product_cat-koester-sk","10":"product_cat-mineralne-materialy-sk","11":"product_cat-materialy-uzupelniajace-akcesoria-sk","12":"product_cat-promowane-sk","13":"product_cat-uszczelnienie-budynku-od-wewnatrz-sk","14":"product_cat-zaprawy-szybkowiazace-i-wodoszczelne-sk","15":"product_cat-zaprawy-wodoszczelne-sk","16":"product_tag-koester-sk","17":"product_shipping_class-trudna-wysylka-sk","19":"first","20":"instock","21":"taxable","22":"shipping-taxable","23":"purchasable","24":"product-type-simple"},"_links":{"self":[{"href":"https:\/\/www.sanier.pl\/sk\/wp-json\/wp\/v2\/product\/279050","targetHints":{"allow":["GET"]}}],"collection":[{"href":"https:\/\/www.sanier.pl\/sk\/wp-json\/wp\/v2\/product"}],"about":[{"href":"https:\/\/www.sanier.pl\/sk\/wp-json\/wp\/v2\/types\/product"}],"replies":[{"embeddable":true,"href":"https:\/\/www.sanier.pl\/sk\/wp-json\/wp\/v2\/comments?post=279050"}],"wp:featuredmedia":[{"embeddable":true,"href":"https:\/\/www.sanier.pl\/sk\/wp-json\/wp\/v2\/media\/264034"}],"wp:attachment":[{"href":"https:\/\/www.sanier.pl\/sk\/wp-json\/wp\/v2\/media?parent=279050"}],"wp:term":[{"taxonomy":"product_brand","embeddable":true,"href":"https:\/\/www.sanier.pl\/sk\/wp-json\/wp\/v2\/product_brand?post=279050"},{"taxonomy":"product_cat","embeddable":true,"href":"https:\/\/www.sanier.pl\/sk\/wp-json\/wp\/v2\/product_cat?post=279050"},{"taxonomy":"product_tag","embeddable":true,"href":"https:\/\/www.sanier.pl\/sk\/wp-json\/wp\/v2\/product_tag?post=279050"}],"curies":[{"name":"wp","href":"https:\/\/api.w.org\/{rel}","templated":true}]}}