{"id":279048,"date":"2017-04-02T16:14:43","date_gmt":"2017-04-02T16:14:43","guid":{"rendered":"https:\/\/www.sanier.pl\/produkt\/hydrostop-401\/"},"modified":"2025-03-10T14:51:46","modified_gmt":"2025-03-10T14:51:46","slug":"hydrostop-401","status":"publish","type":"product","link":"https:\/\/www.sanier.pl\/sk\/produkt\/hydrostop-401\/","title":{"rendered":"Hydrostop 401"},"content":{"rendered":"<p><img loading=\"lazy\" decoding=\"async\" class=\"size-full wp-image-3297 aligncenter\" src=\"https:\/\/sanier.pl\/wp-content\/uploads\/2017\/03\/logo-hydrostop.jpg\" alt=\"logo-hydrostop\" width=\"300\" height=\"84\" \/><\/p>\n<h2><\/h2>\n<h2>Hydrostop 401<\/h2>\n<p>&nbsp;<\/p>\n<p data-start=\"0\" data-end=\"774\"><strong data-start=\"0\" data-end=\"17\">Hydrostop 401<\/strong> je produkt ur\u010den\u00fd na omietanie a uzatv\u00e1ranie otvorov, kavern, trhl\u00edn, spojov a \u0161k\u00e1r. M\u00f4\u017ee sa pou\u017ei\u0165 ako vodotesn\u00e1 omietka na steny z bet\u00f3nov\u00fdch blokov, bet\u00f3nu a teh\u00e1l bez soln\u00fdch v\u00fdkvetov. Pou\u017e\u00edva sa na miestach, cez ktor\u00e9 voda nevytek\u00e1 po\u010das utes\u0148ovania. Je ur\u010den\u00fd na pou\u017eitie v interi\u00e9ri aj exteri\u00e9ri budov v obytn\u00fdch, priemyseln\u00fdch a verejn\u00fdch stavb\u00e1ch. Produkt je nehor\u013eav\u00fd. Na utesnenie monolitick\u00fdch bet\u00f3nov\u00fdch kon\u0161trukci\u00ed sa pou\u017e\u00edva <strong data-start=\"458\" data-end=\"490\">Hydrostop Profesion\u00e1lna Zmes<\/strong>, a voda vytekaj\u00faca pod tlakom sa zadr\u017eiava pomocou <strong data-start=\"542\" data-end=\"559\">Hydrostop-Fix<\/strong>. Produkt 401 sa nepou\u017e\u00edva na mramor. Ak sa na murive vyskytuj\u00fa soln\u00e9 v\u00fdkvety, pou\u017e\u00edva sa <strong data-start=\"649\" data-end=\"671\">Hydrostop-Injek\u010dn\u00fd<\/strong>. Vodotesn\u00e9 omietky na ve\u013ek\u00fdch ploch\u00e1ch sa zvy\u010dajne vykon\u00e1vaj\u00fa s pou\u017eit\u00edm produktu <strong data-start=\"754\" data-end=\"773\">Hydrostop-Plast<\/strong>.<\/p>\n<h4 data-start=\"776\" data-end=\"805\"><strong data-start=\"776\" data-end=\"805\">Vlastnosti Hydrostop 401:<\/strong><\/h4>\n<ul data-start=\"806\" data-end=\"1208\">\n<li data-start=\"806\" data-end=\"858\">\u013eahk\u00e1 \u00faprava (maltov\u00e1 konzistencia typu \u201emaslov\u00e1\u201c)<\/li>\n<li data-start=\"859\" data-end=\"915\">dobr\u00e1 penetr\u00e1cia do okolit\u00e9ho materi\u00e1lu minim\u00e1lne 5 cm<\/li>\n<li data-start=\"916\" data-end=\"949\">mrazuvzdorn\u00e1, pri\u013enav\u00e1 a odoln\u00e1<\/li>\n<li data-start=\"950\" data-end=\"994\">vodotesn\u00e1 do minim\u00e1lne 100m vodn\u00e9ho st\u013apca<\/li>\n<li data-start=\"995\" data-end=\"1028\">odoln\u00e1 vo\u010di podzemn\u00fdm vod\u00e1m XA2<\/li>\n<li data-start=\"1029\" data-end=\"1103\">odoln\u00e1 vo\u010di pH &gt; 4,5 a\u017e pH 12,5, odpadov\u00fdm vod\u00e1m a olejom, roztoku cukru<\/li>\n<li data-start=\"1104\" data-end=\"1120\">paropriepustn\u00e1<\/li>\n<li data-start=\"1121\" data-end=\"1157\">jednoduch\u00e1 na pou\u017eitie, ekologick\u00e1<\/li>\n<li data-start=\"1158\" data-end=\"1196\">lep\u0161ie parametre ne\u017e Hydrostop-Plast<\/li>\n<li data-start=\"1197\" data-end=\"1208\">nehor\u013eav\u00fd<\/li>\n<\/ul>\n<h4 data-start=\"1210\" data-end=\"1223\"><strong data-start=\"1210\" data-end=\"1223\">Pou\u017eitie:<\/strong><\/h4>\n<ul data-start=\"1224\" data-end=\"1521\">\n<li data-start=\"1224\" data-end=\"1324\">na vykon\u00e1vanie utes\u0148ovac\u00edch klinov, omietania a uzatv\u00e1rania otvorov, kavern, trhl\u00edn, spojov a \u0161k\u00e1r<\/li>\n<li data-start=\"1325\" data-end=\"1414\">ako vodotesn\u00e1 omietka na steny z bet\u00f3nov\u00fdch blokov, bet\u00f3nu a teh\u00e1l bez soln\u00fdch v\u00fdkvetov<\/li>\n<li data-start=\"1415\" data-end=\"1482\">malta sa pou\u017e\u00edva na miestach, kde voda nevytek\u00e1 po\u010das utes\u0148ovania<\/li>\n<li data-start=\"1483\" data-end=\"1521\">na vn\u00fatorn\u00e9 aj vonkaj\u0161ie kon\u0161trukcie<\/li>\n<\/ul>\n<h4 data-start=\"1523\" data-end=\"1536\"><strong data-start=\"1523\" data-end=\"1536\">Spotreba:<\/strong><\/h4>\n<ul data-start=\"1537\" data-end=\"1609\">\n<li data-start=\"1537\" data-end=\"1573\">12 kg\/m\u00b2 omietky pri hr\u00fabke 0,5 cm<\/li>\n<li data-start=\"1574\" data-end=\"1591\">3,5 kg\/mb klinu<\/li>\n<li data-start=\"1592\" data-end=\"1609\">2 kg\/dm\u00b3 v\u00fdplne<\/li>\n<\/ul>\n<p data-start=\"1611\" data-end=\"1643\" data-is-last-node=\"\" data-is-only-node=\"\"><a href=\"https:\/\/sanier.pl\/wp-content\/uploads\/2017\/04\/i401ZAP_2016.pdf\" target=\"_blank\" rel=\"noopener\"><strong data-start=\"1611\" data-end=\"1643\" data-is-last-node=\"\">Technick\u00fd list Hydrostop 401<\/strong><\/a><\/p>\n<p>&nbsp;<\/p>\n<p>&nbsp;<\/p>\n","protected":false},"excerpt":{"rendered":"<p>Cementov\u00e1 malta s prienikaj\u00facim pr\u00edsadom na vykon\u00e1vanie klinov, omietok a in\u00fdch utesnen\u00ed.<\/p>\n","protected":false},"featured_media":265927,"comment_status":"open","ping_status":"closed","template":"","meta":[],"product_brand":[],"product_cat":[923,876,879,920,942,899,943,911,944],"product_tag":[945],"class_list":{"0":"post-279048","1":"product","2":"type-product","3":"status-publish","4":"has-post-thumbnail","6":"product_cat-bestseller-sk","7":"product_cat-hydroizolacja-sk","8":"product_cat-hydroizolacja-fundamentu-sk","9":"product_cat-hydroizolacje-zbiornikow-i-kanalizacji-sk","10":"product_cat-hydrostop-sk","11":"product_cat-mineralne-materialy-sk","12":"product_cat-materialy-uzupelniajace-akcesoria-sk","13":"product_cat-promowane-sk","14":"product_cat-zaprawy-wodoszczelne-sk","15":"product_tag-hydrostop-sk","16":"product_shipping_class-latwa-wysylka-sk","18":"first","19":"instock","20":"taxable","21":"shipping-taxable","22":"purchasable","23":"product-type-simple"},"_links":{"self":[{"href":"https:\/\/www.sanier.pl\/sk\/wp-json\/wp\/v2\/product\/279048","targetHints":{"allow":["GET"]}}],"collection":[{"href":"https:\/\/www.sanier.pl\/sk\/wp-json\/wp\/v2\/product"}],"about":[{"href":"https:\/\/www.sanier.pl\/sk\/wp-json\/wp\/v2\/types\/product"}],"replies":[{"embeddable":true,"href":"https:\/\/www.sanier.pl\/sk\/wp-json\/wp\/v2\/comments?post=279048"}],"wp:featuredmedia":[{"embeddable":true,"href":"https:\/\/www.sanier.pl\/sk\/wp-json\/wp\/v2\/media\/265927"}],"wp:attachment":[{"href":"https:\/\/www.sanier.pl\/sk\/wp-json\/wp\/v2\/media?parent=279048"}],"wp:term":[{"taxonomy":"product_brand","embeddable":true,"href":"https:\/\/www.sanier.pl\/sk\/wp-json\/wp\/v2\/product_brand?post=279048"},{"taxonomy":"product_cat","embeddable":true,"href":"https:\/\/www.sanier.pl\/sk\/wp-json\/wp\/v2\/product_cat?post=279048"},{"taxonomy":"product_tag","embeddable":true,"href":"https:\/\/www.sanier.pl\/sk\/wp-json\/wp\/v2\/product_tag?post=279048"}],"curies":[{"name":"wp","href":"https:\/\/api.w.org\/{rel}","templated":true}]}}