{"id":279039,"date":"2017-04-02T20:22:28","date_gmt":"2017-04-02T20:22:28","guid":{"rendered":"https:\/\/www.sanier.pl\/produkt\/resitrix-skw\/"},"modified":"2026-02-24T11:46:21","modified_gmt":"2026-02-24T11:46:21","slug":"resitrix-skw","status":"publish","type":"product","link":"https:\/\/www.sanier.pl\/sk\/produkt\/resitrix-skw\/","title":{"rendered":"RESITRIX SKW Full Bond"},"content":{"rendered":"<p><img loading=\"lazy\" decoding=\"async\" class=\"size-full wp-image-3302 aligncenter\" src=\"https:\/\/sanier.pl\/wp-content\/uploads\/2017\/03\/pdt-waterproofing-resitrix-logo-rz-e1491165357858.jpg\" alt=\"pdt-waterproofing-resitrix-logo-rz\" width=\"300\" height=\"54\" \/><\/p>\n<h1>SKW Full Bond - <span style=\"color: #008017;\">RESITRIX<br \/>\n<\/span><\/h1>\n<div class=\"flex max-w-full flex-col flex-grow\">\n<div class=\"min-h-8 text-message relative flex w-full flex-col items-end gap-2 whitespace-normal break-words text-start [.text-message+&amp;]:mt-5\" dir=\"auto\" data-message-author-role=\"assistant\" data-message-id=\"94215f81-05c6-4637-8aab-e3dc7e54d8ca\" data-message-model-slug=\"gpt-4o-mini\">\n<div class=\"flex w-full flex-col gap-1 empty:hidden first:pt-[3px]\">\n<p data-start=\"0\" data-end=\"376\">RESITRIX\u00ae SKW Full Bond je samolepiaca membr\u00e1na na b\u00e1ze syntetick\u00e9ho kau\u010duku EPDM so sklenen\u00fdm vl\u00e1knom. Spodn\u00e1 strana je pokryt\u00e1 samolepiacou vrstvou modifikovan\u00e9ho bit\u00famu, ktor\u00e1 je chr\u00e1nen\u00e1 odn\u00edmate\u013enou oddelite\u013enou f\u00f3liou. Membr\u00e1na je ide\u00e1lna na hydroizol\u00e1ciu ter\u00e1s, balk\u00f3nov, ploch\u00fdch striech alebo vodn\u00fdch n\u00e1dr\u017e\u00ed. F\u00f3lia EPDM s lepidlom sa vyzna\u010duje jednoduchou aplik\u00e1ciou.<\/p>\n<p data-start=\"378\" data-end=\"428\">Membr\u00e1na SKW je kvalitn\u00fd produkt na hydroizol\u00e1ciu.<\/p>\n<p data-start=\"430\" data-end=\"458\"><strong data-start=\"430\" data-end=\"458\">Vlastnosti RESITRIX SKW:<\/strong><\/p>\n<ul data-start=\"459\" data-end=\"1253\" data-is-last-node=\"\" data-is-only-node=\"\">\n<li data-start=\"459\" data-end=\"504\">Dlh\u00e1 \u017eivotnos\u0165, po\u010d\u00edtan\u00e1 v desiatkach rokov<\/li>\n<li data-start=\"505\" data-end=\"524\">Trval\u00e1 elasticita<\/li>\n<li data-start=\"525\" data-end=\"564\">Neobsahuje \u017eiadne zm\u00e4k\u010dovadl\u00e1 a chl\u00f3r<\/li>\n<li data-start=\"565\" data-end=\"671\">Odoln\u00e1 proti oz\u00f3nu, UV \u017eiareniu (ultrafialov\u00e9mu) a infra\u010derven\u00e9mu \u017eiareniu bez \u010fal\u0161ej povrchovej ochrany<\/li>\n<li data-start=\"672\" data-end=\"729\">Vysok\u00e1 odolnos\u0165 proti starnutiu a atmosf\u00e9rick\u00fdm vplyvom<\/li>\n<li data-start=\"730\" data-end=\"797\">Odoln\u00e1 vo\u010di mnoh\u00fdm chemik\u00e1li\u00e1m a zne\u010disteniu \u017eivotn\u00e9ho prostredia<\/li>\n<li data-start=\"798\" data-end=\"840\">M\u00f4\u017ee by\u0165 pou\u017eit\u00e1 s bit\u00famov\u00fdmi materi\u00e1lmi<\/li>\n<li data-start=\"841\" data-end=\"949\">Zachov\u00e1va proti\u0161mykov\u00e9 vlastnosti v suchom aj mokrom stave, po nej sa d\u00e1 chodi\u0165 pri teplot\u00e1ch a\u017e do -30 \u00b0C<\/li>\n<li data-start=\"950\" data-end=\"1006\">Nepodlieha zmr\u0161\u0165ovaniu po\u010das cel\u00e9ho obdobia pou\u017e\u00edvania<\/li>\n<li data-start=\"1007\" data-end=\"1028\">Mo\u017eno ju recyklova\u0165<\/li>\n<li data-start=\"1029\" data-end=\"1103\">Materi\u00e1lov\u00e1 klasifik\u00e1cia pod\u013ea DIN 20000-201: DE\/E1 EPDM-BV-v-GG-3,1-PBS<\/li>\n<li data-start=\"1104\" data-end=\"1178\">M\u00e1 eur\u00f3pske technick\u00e9 osved\u010denie European Technical Approval ETA-06\/0174<\/li>\n<li data-start=\"1179\" data-end=\"1194\">Certifik\u00e1t CE<\/li>\n<li data-start=\"1195\" data-end=\"1253\" data-is-last-node=\"\">Certifik\u00e1t FLL in\u0161tit\u00fatu FG\/FU Weihenstephan DIN EN 1187<\/li>\n<\/ul>\n<\/div>\n<\/div>\n<\/div>\n<\/div>\n<div class=\"mb-2 flex gap-3 -ml-2\" tabindex=\"0\">\n<div class=\"flex items-center justify-start rounded-xl p-1\">\n<div class=\"flex items-center\">\n<div class=\"QmZWSe\">\n<div class=\"DHcWmd\"><\/div>\n<\/div>\n<div class=\"oSioSc\">\n<div id=\"tw-target\">\n<div id=\"kAz1tf\" class=\"g9WsWb PZPZlf\" data-attrid=\"tw-targetArea\" data-entityname=\"Google Translate\">\n<div id=\"tw-target-text-container\" class=\"tw-ta-container tw-nfl\" tabindex=\"0\" role=\"text\">\n<p id=\"tw-target-text\" class=\"tw-data-text tw-text-large tw-ta\" dir=\"ltr\" data-placeholder=\"T\u0142umaczenie\" data-ved=\"2ahUKEwiBzfGei_-LAxXIUXcKHSMKKmUQ3ewLegQICBAU\" aria-label=\"Przet\u0142umaczony tekst: Technick\u00fd list SK W Full Bond\"><a href=\"https:\/\/sanier.pl\/wp-content\/uploads\/2017\/04\/1362343151KartatechnicznaResitrixSKWfullbond.pdf\" target=\"_blank\" rel=\"noopener\"><span class=\"Y2IQFc\" lang=\"sk\">Technick\u00fd list SKW Full Bond<\/span><\/a><\/p>\n<\/div>\n<\/div>\n<\/div>\n<\/div>\n<\/div>\n<\/div>\n<\/div>\n<p id=\"tw-target-text\" class=\"tw-data-text tw-text-large tw-ta\" dir=\"ltr\" data-placeholder=\"T\u0142umaczenie\" data-ved=\"2ahUKEwiBzfGei_-LAxXIUXcKHSMKKmUQ3ewLegQICBAU\" aria-label=\"Przet\u0142umaczony tekst: Pokyny na in\u0161tal\u00e1ciu Resitrix SKW\"><a href=\"https:\/\/www.sanier.pl\/wp-content\/uploads\/2017\/04\/resitrix-wtyczne-ukladania.pdf\"><span class=\"Y2IQFc\" lang=\"sk\">Pokyny na in\u0161tal\u00e1ciu Resitrix SKW<\/span><\/a><\/p>\n<p>&nbsp;<\/p>\n","protected":false},"excerpt":{"rendered":"<p>RESITRIX SKW Full Bond je membr\u00e1na na b\u00e1ze syntetick\u00e9ho kau\u010duku EPDM, ktor\u00e1 je odoln\u00e1 vo\u010di bit\u00famom a je zv\u00e1ran\u00e1 hor\u00facim vzduchom. RESITRIX SKW Full Bond je vystu\u017een\u00fd vlo\u017ekou zo sklenen\u00fdch vl\u00e1kien. Spodn\u00e1 strana je pokryt\u00e1 samolepiacou vrstvou z modifikovan\u00e9ho bit\u00famu, ktor\u00e1 je dodato\u010dne chr\u00e1nen\u00e1 odn\u00edmate\u013enou ochrannou f\u00f3liou.<\/p>\n","protected":false},"featured_media":282199,"comment_status":"open","ping_status":"closed","template":"","meta":{"_acf_changed":false},"product_brand":[],"product_cat":[923,883,876,881,882,913,935,933,934],"product_tag":[890,937,936],"class_list":{"0":"post-279039","1":"product","2":"type-product","3":"status-publish","4":"has-post-thumbnail","6":"product_cat-bestseller-sk","7":"product_cat-dachy-plaskie-i-zielone-sk","8":"product_cat-hydroizolacja-sk","9":"product_cat-hydroizolacja-balkonu-i-tarasu-sk","10":"product_cat-hydroizolacje-rolowe-sk","11":"product_cat-z-tworzyw-sztucznych-sk","12":"product_cat-membrany-epdm-sk","13":"product_cat-prace-zewnetrzne-dachy-i-elewacje-sk","14":"product_cat-resitrix-sk","15":"product_tag-hydroizolacja-sk","16":"product_tag-hydroziolacje-sk","17":"product_tag-resitrix-sk","18":"product_shipping_class-rolki-2-sk","20":"first","21":"instock","22":"sale","23":"featured","24":"taxable","25":"shipping-taxable","26":"purchasable","27":"product-type-simple"},"acf":[],"_links":{"self":[{"href":"https:\/\/www.sanier.pl\/sk\/wp-json\/wp\/v2\/product\/279039","targetHints":{"allow":["GET"]}}],"collection":[{"href":"https:\/\/www.sanier.pl\/sk\/wp-json\/wp\/v2\/product"}],"about":[{"href":"https:\/\/www.sanier.pl\/sk\/wp-json\/wp\/v2\/types\/product"}],"replies":[{"embeddable":true,"href":"https:\/\/www.sanier.pl\/sk\/wp-json\/wp\/v2\/comments?post=279039"}],"wp:featuredmedia":[{"embeddable":true,"href":"https:\/\/www.sanier.pl\/sk\/wp-json\/wp\/v2\/media\/282199"}],"wp:attachment":[{"href":"https:\/\/www.sanier.pl\/sk\/wp-json\/wp\/v2\/media?parent=279039"}],"wp:term":[{"taxonomy":"product_brand","embeddable":true,"href":"https:\/\/www.sanier.pl\/sk\/wp-json\/wp\/v2\/product_brand?post=279039"},{"taxonomy":"product_cat","embeddable":true,"href":"https:\/\/www.sanier.pl\/sk\/wp-json\/wp\/v2\/product_cat?post=279039"},{"taxonomy":"product_tag","embeddable":true,"href":"https:\/\/www.sanier.pl\/sk\/wp-json\/wp\/v2\/product_tag?post=279039"}],"curies":[{"name":"wp","href":"https:\/\/api.w.org\/{rel}","templated":true}]}}