{"id":279031,"date":"2017-04-03T05:57:01","date_gmt":"2017-04-03T05:57:01","guid":{"rendered":"https:\/\/www.sanier.pl\/produkt\/fg-35\/"},"modified":"2025-03-10T12:12:40","modified_gmt":"2025-03-10T12:12:40","slug":"fg-35","status":"publish","type":"product","link":"https:\/\/www.sanier.pl\/sk\/produkt\/fg-35\/","title":{"rendered":"RESITRIX FG 35"},"content":{"rendered":"<p>[vc_row][vc_column][vc_column_text]<a href=\"https:\/\/www.sanier.pl\/sklep\/?s=resitrix&amp;post_type=product\"><img loading=\"lazy\" decoding=\"async\" class=\"size-full wp-image-3302 aligncenter\" src=\"https:\/\/sanier.pl\/wp-content\/uploads\/2017\/03\/pdt-waterproofing-resitrix-logo-rz-e1491165357858.jpg\" alt=\"pdt-waterproofing-resitrix-logo-rz\" width=\"300\" height=\"54\" \/><\/a><\/p>\n<h1 data-start=\"0\" data-end=\"18\"><strong data-start=\"0\" data-end=\"18\">RESITRIX FG 35<\/strong><\/h1>\n<p data-start=\"20\" data-end=\"388\">Resitrix FG 35 je z\u00e1kladn\u00e1 vrstva na b\u00e1ze rozp\u00fa\u0161\u0165adiel, syntetick\u00e9ho kau\u010duku a \u017eiv\u00edc. Sl\u00fa\u017ei na pr\u00edpravu podkladu pred mont\u00e1\u017eou samolepiacich izola\u010dn\u00fdch membr\u00e1n EPDM RESITRIX na r\u00f4znych typoch podkladov, ako s\u00fa: nezinkovan\u00e9 kovov\u00e9, plasty, dreven\u00e9 materi\u00e1ly, izola\u010dn\u00e9 a bit\u00famenov\u00e9 materi\u00e1ly. Produkt neobsahuje chl\u00f3rovan\u00e9 rozp\u00fa\u0161\u0165adl\u00e1 a je \u0161etrn\u00fd k \u017eivotn\u00e9mu prostrediu.<\/p>\n<h3 data-start=\"390\" data-end=\"411\"><strong data-start=\"390\" data-end=\"411\">Vlastnosti FG 35:<\/strong><\/h3>\n<ul data-start=\"412\" data-end=\"813\">\n<li data-start=\"412\" data-end=\"469\">Produkt ur\u010den\u00fd na pou\u017eitie na r\u00f4znych typoch podkladov.<\/li>\n<li data-start=\"470\" data-end=\"538\">\u0160etrn\u00fd k \u017eivotn\u00e9mu prostrediu \u2013 neobsahuje chl\u00f3rovan\u00e9 rozp\u00fa\u0161\u0165adl\u00e1.<\/li>\n<li data-start=\"539\" data-end=\"626\">Ide\u00e1lny na pr\u00edpravu podkladu pred mont\u00e1\u017eou samolepiacich izola\u010dn\u00fdch membr\u00e1n RESITRIX.<\/li>\n<li data-start=\"627\" data-end=\"776\">M\u00f4\u017ee sa pou\u017ei\u0165 na zgruntovanie povrchov podkladu pri pou\u017eit\u00ed samolepiacich hlin\u00edkov\u00fdch paroz\u00e1bran na bit\u00famenov\u00fdch, dreven\u00fdch a pevn\u00fdch materi\u00e1loch.<\/li>\n<li data-start=\"777\" data-end=\"813\">Nevy\u017eaduje riedenie pred pou\u017eit\u00edm.<\/li>\n<\/ul>\n<p data-start=\"815\" data-end=\"1277\"><strong data-start=\"815\" data-end=\"834\">Pou\u017eitie FG 35:<\/strong> Resitrix FG 35 sl\u00fa\u017ei na zgruntovanie povrchov podkladu pred mont\u00e1\u017eou samolepiacich izola\u010dn\u00fdch membr\u00e1n RESITRIX na r\u00f4znych podkladoch, ako s\u00fa: nezinkovan\u00e9 kovov\u00e9, plasty, dreven\u00e9 materi\u00e1ly, izola\u010dn\u00e9 a bit\u00famenov\u00e9 materi\u00e1ly. M\u00f4\u017ee sa tie\u017e pou\u017ei\u0165 na zgruntovanie povrchov podkladu pred pou\u017eit\u00edm samolepiacich hlin\u00edkov\u00fdch paroz\u00e1bran na bit\u00famenov\u00fdch, dreven\u00fdch a pevn\u00fdch materi\u00e1loch. Pre in\u00e9 aplik\u00e1cie sa odpor\u00fa\u010da konzult\u00e1cia s technick\u00fdm oddelen\u00edm.<\/p>\n<p data-start=\"1279\" data-end=\"1808\"><strong data-start=\"1279\" data-end=\"1293\">Aplik\u00e1cia:<\/strong> Pred pou\u017eit\u00edm produktu mus\u00ed by\u0165 podklad such\u00fd, \u010dist\u00fd, nezamrznut\u00fd, bez prachu a tuku. Grunt je potrebn\u00e9 d\u00f4kladne premie\u0161a\u0165 pred pou\u017eit\u00edm a nesmie sa riedi\u0165. Nan\u00e1\u0161anie FG 35 by sa malo vykona\u0165 na jednej strane, tenkou vrstvou, rovnomerne, v z\u00e1vislosti od pr\u00edpadu pou\u017eit\u00ed \u2013 na cel\u00fa plochu alebo bodovo, pomocou valca, \u0161tetca alebo rozpra\u0161ova\u010da. Pri kovov\u00fdch podkladoch je potrebn\u00e9 pred nanesen\u00edm odmaza\u0165 pomocou \u010distiaceho prostriedku Reiniger G 500. Tie\u017e je potrebn\u00e9 odstr\u00e1ni\u0165 vo\u013en\u00e9 zvy\u0161ky farby a pr\u00edpadn\u00fa kor\u00f3ziu.<\/p>\n<p data-start=\"1810\" data-end=\"1898\"><strong data-start=\"1810\" data-end=\"1823\">Spotreba:<\/strong> Spotreba Resitrix FG 35 je pribli\u017ene 200 g\/m\u00b2 pri nan\u00e1\u0161an\u00ed na cel\u00fa plochu.<\/p>\n<p><a href=\"https:\/\/sanier.pl\/wp-content\/uploads\/2017\/04\/CE-FG-1.pdf\" target=\"_blank\" rel=\"noopener\">Technick\u00fd list FG 35 \u010d. 1<\/a>, <a href=\"https:\/\/sanier.pl\/wp-content\/uploads\/2017\/04\/CE-FG-2.pdf\" target=\"_blank\" rel=\"noopener\">\u010d. 2<\/a>, <a href=\"https:\/\/sanier.pl\/wp-content\/uploads\/2017\/04\/FG.pdf\" target=\"_blank\" rel=\"noopener\">\u010d. 3<\/a>, <a href=\"https:\/\/sanier.pl\/wp-content\/uploads\/2017\/04\/FG35-2.pdf\" target=\"_blank\" rel=\"noopener\">\u010d. 4<\/a><a href=\"https:\/\/sanier.pl\/wp-content\/uploads\/2017\/04\/CE-FG-1.pdf\" target=\"_blank\" rel=\"noopener\"><br \/>\n<\/a>[\/vc_column_text][\/vc_column][\/vc_row]<\/p>\n","protected":false},"excerpt":{"rendered":"<p><strong data-start=\"0\" data-end=\"9\" data-is-only-node=\"\">FG 35<\/strong> obsahuje rozp\u00fa\u0161\u0165adl\u00e1 a je to z\u00e1kladn\u00fd prostriedok na b\u00e1ze syntetick\u00e9ho kau\u010duku a \u017eiv\u00edc. Tento z\u00e1kladn\u00fd prostriedok FG 35 sa pou\u017e\u00edva v kombin\u00e1cii so samolepiacimi izola\u010dn\u00fdmi membr\u00e1nami RESITRIX na r\u00f4znych typoch podkladov.<\/p>\n","protected":false},"featured_media":272585,"comment_status":"open","ping_status":"closed","template":"","meta":[],"product_brand":[],"product_cat":[923,883,881,882,935,933,911,934],"product_tag":[936],"class_list":{"0":"post-279031","1":"product","2":"type-product","3":"status-publish","4":"has-post-thumbnail","6":"product_cat-bestseller-sk","7":"product_cat-dachy-plaskie-i-zielone-sk","8":"product_cat-hydroizolacja-balkonu-i-tarasu-sk","9":"product_cat-hydroizolacje-rolowe-sk","10":"product_cat-membrany-epdm-sk","11":"product_cat-prace-zewnetrzne-dachy-i-elewacje-sk","12":"product_cat-promowane-sk","13":"product_cat-resitrix-sk","14":"product_tag-resitrix-sk","15":"product_shipping_class-trudna-wysylka-sk","17":"first","18":"instock","19":"sale","20":"taxable","21":"shipping-taxable","22":"purchasable","23":"product-type-variable"},"_links":{"self":[{"href":"https:\/\/www.sanier.pl\/sk\/wp-json\/wp\/v2\/product\/279031","targetHints":{"allow":["GET"]}}],"collection":[{"href":"https:\/\/www.sanier.pl\/sk\/wp-json\/wp\/v2\/product"}],"about":[{"href":"https:\/\/www.sanier.pl\/sk\/wp-json\/wp\/v2\/types\/product"}],"replies":[{"embeddable":true,"href":"https:\/\/www.sanier.pl\/sk\/wp-json\/wp\/v2\/comments?post=279031"}],"wp:featuredmedia":[{"embeddable":true,"href":"https:\/\/www.sanier.pl\/sk\/wp-json\/wp\/v2\/media\/272585"}],"wp:attachment":[{"href":"https:\/\/www.sanier.pl\/sk\/wp-json\/wp\/v2\/media?parent=279031"}],"wp:term":[{"taxonomy":"product_brand","embeddable":true,"href":"https:\/\/www.sanier.pl\/sk\/wp-json\/wp\/v2\/product_brand?post=279031"},{"taxonomy":"product_cat","embeddable":true,"href":"https:\/\/www.sanier.pl\/sk\/wp-json\/wp\/v2\/product_cat?post=279031"},{"taxonomy":"product_tag","embeddable":true,"href":"https:\/\/www.sanier.pl\/sk\/wp-json\/wp\/v2\/product_tag?post=279031"}],"curies":[{"name":"wp","href":"https:\/\/api.w.org\/{rel}","templated":true}]}}