{"id":279026,"date":"2017-03-29T10:57:44","date_gmt":"2017-03-29T10:57:44","guid":{"rendered":"https:\/\/www.sanier.pl\/produkt\/pci-pecimor-2k\/"},"modified":"2025-03-10T11:19:56","modified_gmt":"2025-03-10T11:19:56","slug":"pci-pecimor-2k","status":"publish","type":"product","link":"https:\/\/www.sanier.pl\/sk\/produkt\/pci-pecimor-2k\/","title":{"rendered":"Pecimor 2k"},"content":{"rendered":"<p>[vc_row][\/vc_row][vc_column][\/vc_column][vc_column_text]<img loading=\"lazy\" decoding=\"async\" class=\"wp-image-256743 size-medium aligncenter\" src=\"https:\/\/www.sanier.pl\/wp-content\/uploads\/2018\/10\/logo-PCI-RGB_claim_de_v04-300x130.jpg\" alt=\"PCI logo\" width=\"300\" height=\"130\" srcset=\"https:\/\/www.sanier.pl\/wp-content\/uploads\/2018\/10\/logo-PCI-RGB_claim_de_v04-300x130.jpg 300w, https:\/\/www.sanier.pl\/wp-content\/uploads\/2018\/10\/logo-PCI-RGB_claim_de_v04-700x304.jpg 700w, https:\/\/www.sanier.pl\/wp-content\/uploads\/2018\/10\/logo-PCI-RGB_claim_de_v04-768x333.jpg 768w, https:\/\/www.sanier.pl\/wp-content\/uploads\/2018\/10\/logo-PCI-RGB_claim_de_v04.jpg 800w\" sizes=\"auto, (max-width:767px) 300px, 300px\" \/><\/p>\n<h2><\/h2>\n<h2><a href=\"https:\/\/www.pci-polska.pl\/produkty\/pci-pecimor-2k\" target=\"_blank\" rel=\"noopener\">Pecimor 2k - Hydroizol\u00e1cia<\/a><\/h2>\n<div class=\"flex max-w-full flex-col flex-grow\">\n<div class=\"min-h-8 text-message relative flex w-full flex-col items-end gap-2 whitespace-normal break-words text-start [.text-message+&amp;]:mt-5\" dir=\"auto\" data-message-author-role=\"assistant\" data-message-id=\"ebe960b8-f8cd-4c6f-8a29-11b44665ceae\" data-message-model-slug=\"gpt-4o-mini\">\n<div class=\"flex w-full flex-col gap-1 empty:hidden first:pt-[3px]\">\n<p data-start=\"28\" data-end=\"319\">Pecimor 2k je bit\u00famenov\u00e1 hrubovrstvov\u00e1 izol\u00e1cia, ktor\u00e1 poskytuje vysok\u00fa odolnos\u0165 proti prenikaniu vody. Odpor\u00fa\u010da sa na vykonanie hydroizol\u00e1cie pivn\u00edc, z\u00e1kladov a kon\u0161truk\u010dn\u00fdch platn\u00ed ter\u00e1s. Vytv\u00e1ra hrub\u00fa vrstvu chr\u00e1niacu pred vlhkos\u0165ou z p\u00f4dy ako aj vodou vyv\u00edjaj\u00facou tlak na stavebn\u00e9 prvky.<\/p>\n<h3 data-start=\"321\" data-end=\"332\">Vlastnosti:<\/h3>\n<ul data-start=\"334\" data-end=\"883\">\n<li data-start=\"334\" data-end=\"381\">vodotesn\u00e1, na \u013eahk\u00fa, stredn\u00fa a \u0165a\u017ek\u00fa izol\u00e1ciu<\/li>\n<li data-start=\"382\" data-end=\"408\">elastick\u00e1, most\u00ed trhliny<\/li>\n<li data-start=\"409\" data-end=\"434\">pohodln\u00e1 na spracovanie<\/li>\n<li data-start=\"435\" data-end=\"452\">vysok\u00e1 odolnos\u0165<\/li>\n<li data-start=\"453\" data-end=\"477\">neobsahuje rozp\u00fa\u0161\u0165adl\u00e1<\/li>\n<li data-start=\"478\" data-end=\"519\">odoln\u00e1 proti da\u017e\u010fu a procesom starnutia<\/li>\n<li data-start=\"520\" data-end=\"541\">doba schnutia 2 dni<\/li>\n<li data-start=\"542\" data-end=\"614\">\u013eahk\u00e1 aplik\u00e1cia (ru\u010dne alebo strojovo pomocou striekacieho zariadenia)<\/li>\n<li data-start=\"615\" data-end=\"625\">bezpe\u010dn\u00e1<\/li>\n<li data-start=\"626\" data-end=\"675\">dobr\u00e1 pri\u013enavos\u0165 k bet\u00f3nu neprep\u00fa\u0161\u0165aj\u00facemu vodu<\/li>\n<li data-start=\"676\" data-end=\"729\">dobr\u00e1 pri\u013enavos\u0165 k such\u00fdm a mierne vlhk\u00fdm podkladom<\/li>\n<li data-start=\"730\" data-end=\"780\">zabra\u0148uje kor\u00f3zii a po\u0161kodeniu z\u00e1kladov\u00fdch stien<\/li>\n<li data-start=\"781\" data-end=\"816\">na vonkaj\u0161ie aj vn\u00fatorn\u00e9 pou\u017eitie<\/li>\n<li data-start=\"817\" data-end=\"855\">na vertik\u00e1lne aj horizont\u00e1lne plochy<\/li>\n<li data-start=\"856\" data-end=\"883\">vhodn\u00e1 pre pozemn\u00e9 stavby<\/li>\n<\/ul>\n<h3 data-start=\"885\" data-end=\"894\">Pou\u017eitie:<\/h3>\n<ul data-start=\"896\" data-end=\"1729\" data-is-last-node=\"\" data-is-only-node=\"\">\n<li data-start=\"896\" data-end=\"1217\">na utesnenie stavebn\u00fdch prvkov a kon\u0161trukci\u00ed proti:\n<ul data-start=\"952\" data-end=\"1217\">\n<li data-start=\"952\" data-end=\"1039\">vlhkosti z p\u00f4dy a nezvy\u0161uj\u00facej sa infiltruj\u00facej vode na dosk\u00e1ch a z\u00e1kladov\u00fdch sten\u00e1ch<\/li>\n<li data-start=\"1042\" data-end=\"1140\">vode, ktor\u00e1 nevyv\u00edja hydrostatick\u00fd tlak na stropn\u00fdch ploch\u00e1ch a na povrchoch s miernym za\u0165a\u017een\u00edm<\/li>\n<li data-start=\"1143\" data-end=\"1177\">zvy\u0161uj\u00facej sa infiltruj\u00facej vode<\/li>\n<li data-start=\"1180\" data-end=\"1217\">vode vyv\u00edjaj\u00facej hydrostatick\u00fd tlak<\/li>\n<\/ul>\n<\/li>\n<li data-start=\"1218\" data-end=\"1286\">dobr\u00e1 na ochranu stavebn\u00fdch prvkov pred vodou agres\u00edvnou pre bet\u00f3n<\/li>\n<li data-start=\"1287\" data-end=\"1369\">vhodn\u00e1 na lepenie penov\u00fdch izola\u010dn\u00fdch dosiek z tvrdej peny (obvodov\u00e9 zateplenie)<\/li>\n<li data-start=\"1370\" data-end=\"1684\">na vonkaj\u0161ie utesnenie line\u00e1rnych \u0161trb\u00edn a pracovn\u00fdch prest\u00e1vok (max. \u0161\u00edrka 0,25 mm) stavebn\u00fdch prvkov z bet\u00f3nu proti vlhkosti z p\u00f4dy a vode nevyv\u00edjaj\u00facej tlak, vode, ktor\u00e1 sa periodicky zvy\u0161uje, ako aj vode pod tlakom a\u017e do v\u00fd\u0161ky 3 m st\u013apca vody. M\u00f4\u017ee by\u0165 tie\u017e pou\u017eit\u00e1 v z\u00f3nach kol\u00edsania hladiny vodn\u00e9ho st\u013apca.<\/li>\n<li data-start=\"1685\" data-end=\"1729\" data-is-last-node=\"\">ide\u00e1lna na ochranu proti prenikaniu rad\u00f3nu<\/li>\n<\/ul>\n<\/div>\n<\/div>\n<\/div>\n<div class=\"mb-2 flex gap-3 -ml-2\" tabindex=\"0\">\n<div class=\"flex items-center justify-start rounded-xl p-1\">\n<div class=\"flex items-center\"><\/div>\n<\/div>\n<\/div>\n<p>[\/vc_column_text][vc_column_text]<\/p>\n<div class=\"flex max-w-full flex-col flex-grow\">\n<div class=\"min-h-8 text-message relative flex w-full flex-col items-end gap-2 whitespace-normal break-words text-start [.text-message+&amp;]:mt-5\" dir=\"auto\" data-message-author-role=\"assistant\" data-message-id=\"f090b159-90b3-4ffa-8e2c-4e4b37b487c2\" data-message-model-slug=\"gpt-4o-mini\">\n<div class=\"flex w-full flex-col gap-1 empty:hidden first:pt-[3px]\">\n<h3 data-start=\"0\" data-end=\"13\">Z\u00e1kladovanie:<\/h3>\n<h4 data-start=\"15\" data-end=\"72\">Z\u00e1kladovanie such\u00fdch a matne vlhk\u00fdch m\u00farov alebo omietky:<\/h4>\n<ul data-start=\"74\" data-end=\"173\">\n<li data-start=\"74\" data-end=\"173\">Podklad treba natrie\u0165 prostriedkom PCI Pecimor F, zrieden\u00fdm vodou v pomere 1:5 a necha\u0165 zaschn\u00fa\u0165.<\/li>\n<\/ul>\n<h3 data-start=\"175\" data-end=\"195\">Z\u00e1kladovanie bet\u00f3nu:<\/h3>\n<ul data-start=\"197\" data-end=\"482\" data-is-last-node=\"\" data-is-only-node=\"\">\n<li data-start=\"197\" data-end=\"482\" data-is-last-node=\"\">PCI Pecimor-Betongrund zmie\u0161ajte v \u010distom n\u00e1dobe s 9 l vody a naneste na predpripraven\u00fd podklad, v jednom pracovnom cykle, \u0161tetcom alebo striekac\u00edm zariaden\u00edm. Po pribli\u017ene 20 min\u00fatach naneste met\u00f3dou \u201emokr\u00e9 na mokr\u00e9\u201c prv\u00fa vrstvu PCI Pecimor 2K o hr\u00fabke mokrej vrstvy pribli\u017ene 2 mm.<\/li>\n<\/ul>\n<\/div>\n<\/div>\n<\/div>\n<div class=\"mb-2 flex gap-3 -ml-2\" tabindex=\"0\">\n<div class=\"flex items-center justify-start rounded-xl p-1\">\n<div class=\"flex items-center\"><\/div>\n<\/div>\n<\/div>\n<p>[\/vc_column_text]<\/p>\n","protected":false},"excerpt":{"rendered":"<p>Bit\u00famenov\u00e1 hrubovrstvov\u00e1 izol\u00e1cia na vonkaj\u0161ie steny pivn\u00edc a z\u00e1klady.<\/p>\n","protected":false},"featured_media":266074,"comment_status":"open","ping_status":"closed","template":"","meta":[],"product_brand":[],"product_cat":[876,881,879,880,919,921,920,877,929,911],"product_tag":[887,890,891,930],"class_list":{"0":"post-279026","1":"product","2":"type-product","3":"status-publish","4":"has-post-thumbnail","6":"product_cat-hydroizolacja-sk","7":"product_cat-hydroizolacja-balkonu-i-tarasu-sk","8":"product_cat-hydroizolacja-fundamentu-sk","9":"product_cat-hydroizolacje-bitumiczne-sk","10":"product_cat-hydroizolacje-bitumiczne-hydroizolacja-balkonu-i-tarasu-sk","11":"product_cat-hydroizolacje-powlokowe-sk","12":"product_cat-hydroizolacje-zbiornikow-i-kanalizacji-sk","13":"product_cat-bitumiczne-sk","14":"product_cat-pci-sk","15":"product_cat-promowane-sk","16":"product_tag-bitumiczna-sk","17":"product_tag-hydroizolacja-sk","18":"product_tag-hydroizolacje-sk","19":"product_tag-pci-sk","20":"product_shipping_class-trudna-wysylka-sk","22":"first","23":"onbackorder","24":"taxable","25":"shipping-taxable","26":"purchasable","27":"product-type-simple"},"_links":{"self":[{"href":"https:\/\/www.sanier.pl\/sk\/wp-json\/wp\/v2\/product\/279026","targetHints":{"allow":["GET"]}}],"collection":[{"href":"https:\/\/www.sanier.pl\/sk\/wp-json\/wp\/v2\/product"}],"about":[{"href":"https:\/\/www.sanier.pl\/sk\/wp-json\/wp\/v2\/types\/product"}],"replies":[{"embeddable":true,"href":"https:\/\/www.sanier.pl\/sk\/wp-json\/wp\/v2\/comments?post=279026"}],"wp:featuredmedia":[{"embeddable":true,"href":"https:\/\/www.sanier.pl\/sk\/wp-json\/wp\/v2\/media\/266074"}],"wp:attachment":[{"href":"https:\/\/www.sanier.pl\/sk\/wp-json\/wp\/v2\/media?parent=279026"}],"wp:term":[{"taxonomy":"product_brand","embeddable":true,"href":"https:\/\/www.sanier.pl\/sk\/wp-json\/wp\/v2\/product_brand?post=279026"},{"taxonomy":"product_cat","embeddable":true,"href":"https:\/\/www.sanier.pl\/sk\/wp-json\/wp\/v2\/product_cat?post=279026"},{"taxonomy":"product_tag","embeddable":true,"href":"https:\/\/www.sanier.pl\/sk\/wp-json\/wp\/v2\/product_tag?post=279026"}],"curies":[{"name":"wp","href":"https:\/\/api.w.org\/{rel}","templated":true}]}}