{"id":279023,"date":"2017-03-29T13:05:15","date_gmt":"2017-03-29T13:05:15","guid":{"rendered":"https:\/\/www.sanier.pl\/produkt\/pci-pecimor-f\/"},"modified":"2025-03-10T10:38:59","modified_gmt":"2025-03-10T10:38:59","slug":"pci-pecimor-f","status":"publish","type":"product","link":"https:\/\/www.sanier.pl\/sk\/produkt\/pci-pecimor-f\/","title":{"rendered":"Pecimor F - Jednosk\u0142adnikov\u00e1 hydroizol\u00e1cia"},"content":{"rendered":"<p>&nbsp;<\/p>\n<p><img loading=\"lazy\" decoding=\"async\" class=\"wp-image-256743 size-medium aligncenter\" src=\"https:\/\/www.sanier.pl\/wp-content\/uploads\/2018\/10\/logo-PCI-RGB_claim_de_v04-300x130.jpg\" alt=\"PCI logo\" width=\"300\" height=\"130\" srcset=\"https:\/\/www.sanier.pl\/wp-content\/uploads\/2018\/10\/logo-PCI-RGB_claim_de_v04-300x130.jpg 300w, https:\/\/www.sanier.pl\/wp-content\/uploads\/2018\/10\/logo-PCI-RGB_claim_de_v04-700x304.jpg 700w, https:\/\/www.sanier.pl\/wp-content\/uploads\/2018\/10\/logo-PCI-RGB_claim_de_v04-768x333.jpg 768w, https:\/\/www.sanier.pl\/wp-content\/uploads\/2018\/10\/logo-PCI-RGB_claim_de_v04.jpg 800w\" sizes=\"auto, (max-width:767px) 300px, 300px\" \/><\/p>\n<h2><\/h2>\n<p>&nbsp;<\/p>\n<h2 data-start=\"0\" data-end=\"42\">Pecimor F - Jednosk\u0142adnikov\u00e1 hydroizol\u00e1cia<\/h2>\n<p data-start=\"44\" data-end=\"572\">Pecimor F je jednoslo\u017ekov\u00e1 bit\u00famenov\u00e1 emulzia pou\u017e\u00edvan\u00e1 na ochranu vonkaj\u0161\u00edch stien pivn\u00edc a z\u00e1kladov. Neobsahuje rozp\u00fa\u0161\u0165adl\u00e1, neprodukuje \u0161kodliv\u00e9 v\u00fdpary, \u010do umo\u017e\u0148uje jeho pou\u017eitie aj v interi\u00e9roch. Produkt neza\u0165a\u017euje \u017eivotn\u00e9 prostredie, av\u0161ak nie je vhodn\u00fd na objekty s pitnou vodou. Pecimor F je vynikaj\u00faci ako tenkovrstvov\u00e1 izol\u00e1cia. Je odoln\u00fd vo\u010di \u00fa\u010dinkom agres\u00edvnej vody na bet\u00f3n. Pou\u017e\u00edva sa aj ako z\u00e1kladn\u00fd n\u00e1ter pod hrubovrstvov\u00e9 materi\u00e1ly PCI Pecimor 2K, samolepiace izol\u00e1cie PCI Pecithene a termozvarn\u00e9 asfaltov\u00e9 p\u00e1sy.<\/p>\n<h3 data-start=\"574\" data-end=\"595\">Vlastnosti Pecimor F:<\/h3>\n<ul data-start=\"597\" data-end=\"1013\">\n<li data-start=\"597\" data-end=\"612\">Jednoslo\u017ekov\u00fd<\/li>\n<li data-start=\"613\" data-end=\"631\">Bez rozp\u00fa\u0161\u0165adiel<\/li>\n<li data-start=\"632\" data-end=\"645\">Bez v\u00fdparov<\/li>\n<li data-start=\"646\" data-end=\"677\">Neza\u0165a\u017euje \u017eivotn\u00e9 prostredie<\/li>\n<li data-start=\"678\" data-end=\"721\">Nie je nebezpe\u010dn\u00fd pre v\u00fdbuch alebo po\u017eiar<\/li>\n<li data-start=\"722\" data-end=\"772\">Vynikaj\u00faci ako bit\u00famenov\u00e1 tenkovrstvov\u00e1 izol\u00e1cia<\/li>\n<li data-start=\"773\" data-end=\"812\">Odoln\u00fd vo\u010di agres\u00edvnej vode pre bet\u00f3n<\/li>\n<li data-start=\"813\" data-end=\"876\">Po vytvrdnut\u00ed odoln\u00fd v teplotnom rozmedz\u00ed od -20 \u00baC do +80 \u00baC<\/li>\n<li data-start=\"877\" data-end=\"908\">Riedite\u013en\u00fd vodou v pomere 1:5<\/li>\n<li data-start=\"909\" data-end=\"976\">Z\u00e1kladn\u00fd n\u00e1ter pre PCI Pecithene pri teplot\u00e1ch od +5 \u00b0C do +25 \u00b0C<\/li>\n<li data-start=\"977\" data-end=\"1013\">Nevhodn\u00fd na objekty s pitnou vodou<\/li>\n<\/ul>\n<h3 data-start=\"1015\" data-end=\"1024\">Pou\u017eitie:<\/h3>\n<ul data-start=\"1026\" data-end=\"1297\">\n<li data-start=\"1026\" data-end=\"1152\">Z\u00e1kladn\u00fd n\u00e1ter pod hrubovrstvov\u00e9 materi\u00e1ly PCI Pecimor\u00ae 2K, samolepiace izol\u00e1cie PCI Pecithene\u00ae a termozvarn\u00e9 asfaltov\u00e9 p\u00e1sy<\/li>\n<li data-start=\"1153\" data-end=\"1218\">Vhodn\u00fd na ochranu prvkov budovy pred agres\u00edvnou vodou pre bet\u00f3n<\/li>\n<li data-start=\"1219\" data-end=\"1257\">Pou\u017eite\u013en\u00fd na interi\u00e9ry aj exteri\u00e9ry<\/li>\n<li data-start=\"1258\" data-end=\"1297\">Na vertik\u00e1lne aj horizont\u00e1lne povrchy<\/li>\n<\/ul>\n<h3 data-start=\"1299\" data-end=\"1308\">Spotreba:<\/h3>\n<ul data-start=\"1310\" data-end=\"1525\">\n<li data-start=\"1310\" data-end=\"1451\">Z\u00e1kladn\u00fd n\u00e1ter:\n<ul data-start=\"1330\" data-end=\"1451\">\n<li data-start=\"1330\" data-end=\"1368\">Pri rieden\u00ed 1:5 - pribli\u017ene 50 ml\/m\u00b2<\/li>\n<li data-start=\"1371\" data-end=\"1410\">Pri rieden\u00ed 1:1 - pribli\u017ene 150 ml\/m\u00b2<\/li>\n<li data-start=\"1413\" data-end=\"1451\">Nezrieden\u00fd - pribli\u017ene 250-300 ml\/m\u00b2<\/li>\n<\/ul>\n<\/li>\n<li data-start=\"1452\" data-end=\"1525\">Hydroizol\u00e1cia\/ochrann\u00fd povlak - pribli\u017ene 0,5l\/m\u00b2 pri dvojitom nanesen\u00ed<\/li>\n<\/ul>\n<p data-start=\"1527\" data-end=\"1551\"><a href=\"https:\/\/sanier.pl\/wp-content\/uploads\/2017\/03\/pecimor-f_pl_KT.pdf\" target=\"_blank\" rel=\"noopener\">Technick\u00fd list Pecimor F<\/a><\/p>\n<p data-start=\"1553\" data-end=\"1583\" data-is-last-node=\"\" data-is-only-node=\"\"><a href=\"https:\/\/www.pci-polska.pl\/fileadmin\/Assets-poland\/2020_Poland\/Pecimor_KellerabdichtungssystemePL_v15_www_.pdf\" target=\"_blank\" rel=\"noopener\">Izol\u00e1cia stavieb v syst\u00e9me PCI<\/a><\/p>\n<p>&nbsp;<\/p>\n<p>&nbsp;<\/p>\n","protected":false},"excerpt":{"rendered":"<p>Bezrozp\u00fa\u0161\u0165adlov\u00e1 bit\u00famenov\u00e1 emulzia na ochranu vonkaj\u0161\u00edch stien pivn\u00edc a z\u00e1kladov.<\/p>\n<p>Pou\u017eitie ako z\u00e1kladn\u00fd n\u00e1ter pod Pecimor 2K PCI.<\/p>\n","protected":false},"featured_media":266077,"comment_status":"open","ping_status":"closed","template":"","meta":[],"product_brand":[],"product_cat":[876,879,877,929,911,896],"product_tag":[890,891,930],"class_list":{"0":"post-279023","1":"product","2":"type-product","3":"status-publish","4":"has-post-thumbnail","6":"product_cat-hydroizolacja-sk","7":"product_cat-hydroizolacja-fundamentu-sk","8":"product_cat-bitumiczne-sk","9":"product_cat-pci-sk","10":"product_cat-promowane-sk","11":"product_cat-przygotowanie-podloza-sk","12":"product_tag-hydroizolacja-sk","13":"product_tag-hydroizolacje-sk","14":"product_tag-pci-sk","15":"product_shipping_class-trudna-wysylka-sk","17":"first","18":"instock","19":"taxable","20":"shipping-taxable","21":"purchasable","22":"product-type-simple"},"_links":{"self":[{"href":"https:\/\/www.sanier.pl\/sk\/wp-json\/wp\/v2\/product\/279023","targetHints":{"allow":["GET"]}}],"collection":[{"href":"https:\/\/www.sanier.pl\/sk\/wp-json\/wp\/v2\/product"}],"about":[{"href":"https:\/\/www.sanier.pl\/sk\/wp-json\/wp\/v2\/types\/product"}],"replies":[{"embeddable":true,"href":"https:\/\/www.sanier.pl\/sk\/wp-json\/wp\/v2\/comments?post=279023"}],"wp:featuredmedia":[{"embeddable":true,"href":"https:\/\/www.sanier.pl\/sk\/wp-json\/wp\/v2\/media\/266077"}],"wp:attachment":[{"href":"https:\/\/www.sanier.pl\/sk\/wp-json\/wp\/v2\/media?parent=279023"}],"wp:term":[{"taxonomy":"product_brand","embeddable":true,"href":"https:\/\/www.sanier.pl\/sk\/wp-json\/wp\/v2\/product_brand?post=279023"},{"taxonomy":"product_cat","embeddable":true,"href":"https:\/\/www.sanier.pl\/sk\/wp-json\/wp\/v2\/product_cat?post=279023"},{"taxonomy":"product_tag","embeddable":true,"href":"https:\/\/www.sanier.pl\/sk\/wp-json\/wp\/v2\/product_tag?post=279023"}],"curies":[{"name":"wp","href":"https:\/\/api.w.org\/{rel}","templated":true}]}}