{"id":279019,"date":"2017-03-29T16:56:08","date_gmt":"2017-03-29T16:56:08","guid":{"rendered":"https:\/\/www.sanier.pl\/produkt\/block-b786-emulsja-bitumiczna\/"},"modified":"2026-02-24T11:47:12","modified_gmt":"2026-02-24T11:47:12","slug":"block-b786-emulsja-bitumiczna","status":"publish","type":"product","link":"https:\/\/www.sanier.pl\/sk\/produkt\/block-b786-emulsja-bitumiczna\/","title":{"rendered":"BOSTIK BLOCK B786 TERRA SLIM (K100)"},"content":{"rendered":"<p>[vc_row][vc_column][vc_column_text]<\/p>\n<h1 data-start=\"0\" data-end=\"56\">BOSTIK BLOCK B786 TERRA SLIM (K100) - Bit\u00famenov\u00e1 emulzia<\/h1>\n<h5 data-start=\"58\" data-end=\"109\">Bit\u00famenov\u00e1 emulzia bez rozp\u00fa\u0161\u0165adiel (<a href=\"https:\/\/pl.wikipedia.org\/wiki\/Izolacja_wodochronna\" target=\"_blank\" rel=\"noopener\">hydroizol\u00e1cia<\/a>)<\/h5>\n<h5><\/h5>\n<p>[\/vc_column_text][\/vc_column][\/vc_row][vc_row][vc_column][vc_column_text css_animation=\"none\"]<a href=\"https:\/\/www.sanier.pl\/sklep\/?s=bostik&amp;post_type=product\"><img loading=\"lazy\" decoding=\"async\" class=\"wp-image-258966 size-medium aligncenter\" src=\"https:\/\/www.sanier.pl\/wp-content\/uploads\/2022\/07\/Bostik_Logo_Header-300x121.png\" alt=\"bostik logo\" width=\"300\" height=\"121\" srcset=\"https:\/\/www.sanier.pl\/wp-content\/uploads\/2022\/07\/Bostik_Logo_Header-300x121.png 300w, https:\/\/www.sanier.pl\/wp-content\/uploads\/2022\/07\/Bostik_Logo_Header-800x324.png 800w, https:\/\/www.sanier.pl\/wp-content\/uploads\/2022\/07\/Bostik_Logo_Header-768x311.png 768w, https:\/\/www.sanier.pl\/wp-content\/uploads\/2022\/07\/Bostik_Logo_Header-700x283.png 700w, https:\/\/www.sanier.pl\/wp-content\/uploads\/2022\/07\/Bostik_Logo_Header.png 842w\" sizes=\"auto, (max-width:767px) 300px, 300px\" \/><\/a>[\/vc_column_text][\/vc_column][\/vc_row][vc_row][vc_column][vc_separator style=\"dashed\"][vc_empty_space height=\"64px\"][\/vc_column][\/vc_row][vc_row][vc_column width=\"1\/2\"][vc_single_image image=\"261697\" img_size=\"medium\" style=\"vc_box_rounded\"][\/vc_column][vc_column width=\"1\/2\"][vc_column_text]<\/p>\n<h3 data-start=\"0\" data-end=\"28\">BOSTIK BLOCK B786 TERRA SLIM<\/h3>\n<p data-start=\"30\" data-end=\"428\" data-is-last-node=\"\" data-is-only-node=\"\">BOSTIK BLOCK B786 TERRA SLIM je jednokomponentn\u00e1, bezrozp\u00fa\u0161\u0165adlov\u00e1, bez plniv bit\u00famenovo-latexov\u00e1 hmota. V\u010faka svojim tixotropn\u00fdm vlastnostiam ju mo\u017eno nan\u00e1\u0161a\u0165 \u0161tetcom, val\u010dekom alebo strieka\u0165 na vertik\u00e1lne povrchy. Po \u00faplnom zaschnut\u00ed je elastick\u00e1, vodotesn\u00e1 a odoln\u00e1 vo\u010di agres\u00edvnym l\u00e1tkam prirodzene vyskytuj\u00facim sa v bet\u00f3ne, ako s\u00fa kvapaln\u00e9 odpady, hnojovice, hnojov\u00e9 dosky, usadzovacie n\u00e1dr\u017ee.<\/p>\n<p>[\/vc_column_text][vc_column_text]<\/p>\n<div class=\"flex max-w-full flex-col flex-grow\">\n<div class=\"min-h-8 text-message relative flex w-full flex-col items-end gap-2 whitespace-normal break-words text-start [.text-message+&amp;]:mt-5\" dir=\"auto\" data-message-author-role=\"assistant\" data-message-id=\"43d9aaab-69d3-46da-9bfe-b2422c6a786e\" data-message-model-slug=\"gpt-4o-mini\">\n<div class=\"flex w-full flex-col gap-1 empty:hidden first:pt-[3px]\">\n<h3 data-start=\"0\" data-end=\"8\">POU\u017dITIE<\/h3>\n<p data-start=\"10\" data-end=\"173\">Tesnenie pivn\u00edc, z\u00e1kladov a n\u00e1dr\u017e\u00ed proti vlhkosti zo zeme a vode pod tlakom. Po zrieden\u00ed s vodou m\u00f4\u017ee sl\u00fa\u017ei\u0165 ako z\u00e1kladn\u00fd n\u00e1ter na povrchy s vysokou nasiakavos\u0165ou.<\/p>\n<p data-start=\"175\" data-end=\"909\" data-is-last-node=\"\" data-is-only-node=\"\">BOSTIK BLOCK B786 TERRA SLIM sa pou\u017e\u00edva na vytv\u00e1ranie elastick\u00fdch a trv\u00e1cnych tesnen\u00ed na miner\u00e1lnych podkladoch. Na tesnenie pivn\u00edc v nov\u00fdch budov\u00e1ch sa odpor\u00fa\u010da najprv nanies\u0165 pln\u00fa vrstvu hydroizol\u00e1cie s pou\u017eit\u00edm BOSTIK C514 Terra 1K (predt\u00fdm K11 Flex Schlamme Grau), BOSTIK BLOCK X701 TERRA 2K FLEX (predt\u00fdm K11 Flex Schlamme Grau) alebo BOSTIK BLOCK B525 TERRA 2K (predt\u00fdm Dickbeschichtung 2K+). Potom na to m\u00f4\u017ee by\u0165 nanesen\u00fd BOSTIK BLOCK B786 TERRA SLIM. V pr\u00edpade \u013eahko vlhk\u00fdch alebo silne nasiaknut\u00fdch podkladov mo\u017eno pou\u017ei\u0165 BOSTIK B781 TERRA MEMBRAN (predt\u00fdm SK 3000 S Dichtungsbahn) ako vodotesn\u00fa membr\u00e1nu, ktor\u00e1 bude sl\u00fa\u017ei\u0165 ako ochrann\u00fd n\u00e1ter pre bet\u00f3n v n\u00e1dr\u017eiach na odpadov\u00e9 vody a hnojovicu, v s\u00falade s normou DIN 11622-2.<\/p>\n<\/div>\n<\/div>\n<\/div>\n<div class=\"mb-2 flex gap-3 -ml-2\" tabindex=\"0\">\n<div class=\"flex items-center justify-start rounded-xl p-1\">\n<div class=\"flex items-center\"><\/div>\n<\/div>\n<\/div>\n<p>[\/vc_column_text][\/vc_column][\/vc_row][vc_row][vc_column][vc_empty_space][\/vc_column][vc_column][vc_separator style=\"dashed\"][\/vc_column][\/vc_row][vc_row][vc_column width=\"1\/2\"][vc_column_text]<\/p>\n<h3 data-start=\"0\" data-end=\"40\">VLASTNOSTI BOSTIK BLOCK B786 TERRA SLIM:<\/h3>\n<ul data-start=\"41\" data-end=\"128\" data-is-last-node=\"\" data-is-only-node=\"\">\n<li data-start=\"41\" data-end=\"59\">Bez rozp\u00fa\u0161\u0165adiel<\/li>\n<li data-start=\"60\" data-end=\"74\">Bez plnidiel<\/li>\n<li data-start=\"75\" data-end=\"98\">Odoln\u00fd vo\u010di hnojovici<\/li>\n<li data-start=\"99\" data-end=\"116\">Most\u00ed praskliny<\/li>\n<li data-start=\"117\" data-end=\"128\" data-is-last-node=\"\">Vodotesn\u00fd<\/li>\n<\/ul>\n<p>[\/vc_column_text][\/vc_column][vc_column width=\"1\/2\"][vc_single_image image=\"261698\" img_size=\"medium\"][\/vc_column][\/vc_row][vc_row][vc_column][vc_separator style=\"dashed\"][vc_empty_space][\/vc_column][\/vc_row][vc_row][vc_column][vc_column_text]<\/p>\n<h3 data-start=\"0\" data-end=\"42\">\u010cas schnutia BOSTIK BLOCK B786 TERRA SLIM:<\/h3>\n<p data-start=\"44\" data-end=\"273\" data-is-last-node=\"\" data-is-only-node=\"\">Pribli\u017ene 6 hod\u00edn (pri teplote 20\u00b0C a RH 55%). Je potrebn\u00e9 skontrolova\u0165 pomocou prsta, ktor\u00fd po navlh\u010den\u00ed a pohybe po povrchu nesmie zanecha\u0165 farebn\u00fd odtla\u010dok (nezoschnut\u00e1 hmota m\u00e1 hned\u00fa farbu a po\u010das schnutia sa men\u00ed na \u010diernu).<\/p>\n<p>[\/vc_column_text][\/vc_column][\/vc_row][vc_row][vc_column][vc_separator style=\"dashed\"][vc_empty_space][\/vc_column][\/vc_row][vc_row][vc_column width=\"1\/3\"][vc_column_text]<\/p>\n<h4 data-start=\"0\" data-end=\"7\">N\u00c1RADIE<\/h4>\n<p data-start=\"9\" data-end=\"93\" data-is-last-node=\"\" data-is-only-node=\"\">\u0160pacht\u013ea Lopatka z plastu alebo nerezovej ocele \u0160tetec typu \"bench\" Striekacia stroj<\/p>\n<p>[\/vc_column_text][\/vc_column][vc_column width=\"1\/3\"][vc_column_text]<\/p>\n<h4 id=\"tw-target-text\" class=\"tw-data-text tw-text-large tw-ta\" dir=\"ltr\" data-placeholder=\"T\u0142umaczenie\" data-ved=\"2ahUKEwiBzfGei_-LAxXIUXcKHSMKKmUQ3ewLegQICBAU\" aria-label=\"Przet\u0142umaczony tekst: NOSI\u0164\"><span class=\"Y2IQFc\" lang=\"sk\">NOSI\u0164<\/span><\/h4>\n<p>[\/vc_column_text][vc_raw_html]JTNDdGFibGUlM0UlMEElM0N0Ym9keSUzRSUwQSUzQ3RyJTNFJTBBJTNDdGQlM0UlM0MlMkZ0ZCUzRSUwQSUzQ3RkJTNFWnUlQzUlQkN5Y2llJTIwa2clMkZtMiUzQyUyRnRkJTNFJTNDJTJGdHIlM0UlMEElM0N0ciUzRSUzQ3RkJTNFR3J1bnRvd2FuaWUlM0ElM0MlMkZ0ZCUzRSUzQ3RkJTNFMCUyQzUlM0MlMkZ0ZCUzRSUzQyUyRnRyJTNFJTBBJTNDdHIlM0UlM0N0ZCUzRVVzemN6ZWxuaWVuaWUlMjBwcnplZCUyMHdpbGdvY2klQzQlODUlMjB6JTIwZ3J1bnR1JTIwJTI4MiUyMHdhcnN0d3klMjklM0MlMkZ0ZCUzRSUzQ3RkJTNFMSUyQzAlM0MlMkZ0ZCUzRSUzQyUyRnRyJTNFJTBBJTNDdHIlM0UlM0N0ZCUzRVVzemN6ZWxuaWFuaWUlMjBwcnplZCUyMHByemVuaWthaiVDNCU4NWMlQzQlODUlMjB3b2QlQzQlODUlM0MlMkZ0ZCUzRSUzQ3RkJTNFMSUyQzUlM0MlMkZ0ZCUzRSUzQyUyRnRyJTNFJTBBJTNDJTJGdGJvZHklM0UlM0MlMkZ0YWJsZSUzRSUwQQ==[\/vc_raw_html][\/vc_column][vc_column width=\"1\/3\"][vc_column_text]<\/p>\n<div class=\"flex max-w-full flex-col flex-grow\">\n<div class=\"min-h-8 text-message relative flex w-full flex-col items-end gap-2 whitespace-normal break-words text-start [.text-message+&amp;]:mt-5\" dir=\"auto\" data-message-author-role=\"assistant\" data-message-id=\"f2e3a36f-7f26-499d-a906-7b78bfb2122b\" data-message-model-slug=\"gpt-4o-mini\">\n<div class=\"flex w-full flex-col gap-1 empty:hidden first:pt-[3px]\">\n<div class=\"markdown prose w-full break-words dark:prose-invert dark\">\n<h4 data-start=\"0\" data-end=\"9\">Dokumenty<\/h4>\n<p data-start=\"11\" data-end=\"25\"><a href=\"https:\/\/sanier.pl\/wp-content\/uploads\/2017\/03\/wp9_k-100-schwarz_tds.pdf\" target=\"_blank\" rel=\"noopener\">Technick\u00fd list<\/a><\/p>\n<p data-start=\"27\" data-end=\"48\" data-is-last-node=\"\" data-is-only-node=\"\"><a href=\"https:\/\/www.bostik.com\/globalassets\/products\/bostik-k-100-schwarz_poland_pl\/downloads\/wp9_bostik-k-100-schwarz-_sds.pdf\" target=\"_blank\" rel=\"noopener\">KARTA CHARAKTERISTIKY<\/a><\/p>\n<\/div>\n<\/div>\n<\/div>\n<\/div>\n<div class=\"mb-2 flex gap-3 -ml-2\" tabindex=\"0\">\n<div class=\"flex items-center justify-start rounded-xl p-1\">\n<div class=\"flex items-center\"><\/div>\n<\/div>\n<\/div>\n<p>[\/vc_column_text][\/vc_column][\/vc_row][vc_row][vc_column][vc_raw_html]JTIwJTIwJTIwJTIwJTNDdGl0bGUlM0VLYWxrdWxhdG9yJTIwenUlQzUlQkN5Y2lhJTIwbWF0ZXJpYSVDNSU4MnUlM0MlMkZ0aXRsZSUzRSUwQSUyMCUyMCUyMCUyMCUzQ3N0eWxlJTNFJTBBJTIwJTIwJTIwJTIwJTIwJTIwJTIwJTIwYm9keSUyMCU3QiUwQSUyMCUyMCUyMCUyMCUyMCUyMCUyMCUyMCUyMCUyMCUyMCUyMGZvbnQtZmFtaWx5JTNBJTIwQXJpYWwlMkMlMjBzYW5zLXNlcmlmJTNCJTBBJTIwJTIwJTIwJTIwJTIwJTIwJTIwJTIwJTIwJTIwJTIwJTIwbWFyZ2luJTNBJTIwMjBweCUzQiUwQSUyMCUyMCUyMCUyMCUyMCUyMCUyMCUyMCU3RCUwQSUyMCUyMCUyMCUyMCUyMCUyMCUyMCUyMGxhYmVsJTIwJTdCJTBBJTIwJTIwJTIwJTIwJTIwJTIwJTIwJTIwJTIwJTIwJTIwJTIwZGlzcGxheSUzQSUyMGJsb2NrJTNCJTBBJTIwJTIwJTIwJTIwJTIwJTIwJTIwJTIwJTIwJTIwJTIwJTIwbWFyZ2luLWJvdHRvbSUzQSUyMDVweCUzQiUwQSUyMCUyMCUyMCUyMCUyMCUyMCUyMCUyMCU3RCUwQSUyMCUyMCUyMCUyMCUyMCUyMCUyMCUyMGlucHV0JTIwJTdCJTBBJTIwJTIwJTIwJTIwJTIwJTIwJTIwJTIwJTIwJTIwJTIwJTIwd2lkdGglM0ElMjAxMDAlMjUlM0IlMEElMjAlMjAlMjAlMjAlMjAlMjAlMjAlMjAlMjAlMjAlMjAlMjBwYWRkaW5nJTNBJTIwNXB4JTNCJTBBJTIwJTIwJTIwJTIwJTIwJTIwJTIwJTIwJTIwJTIwJTIwJTIwbWFyZ2luLWJvdHRvbSUzQSUyMDEwcHglM0IlMEElMjAlMjAlMjAlMjAlMjAlMjAlMjAlMjAlN0QlMEElMjAlMjAlMjAlMjAlMjAlMjAlMjAlMjBidXR0b24lMjAlN0IlMEElMjAlMjAlMjAlMjAlMjAlMjAlMjAlMjAlMjAlMjAlMjAlMjBwYWRkaW5nJTNBJTIwMTBweCUyMDIwcHglM0IlMEElMjAlMjAlMjAlMjAlMjAlMjAlMjAlMjAlMjAlMjAlMjAlMjBiYWNrZ3JvdW5kLWNvbG9yJTNBJTIwJTIzNENBRjUwJTNCJTBBJTIwJTIwJTIwJTIwJTIwJTIwJTIwJTIwJTIwJTIwJTIwJTIwY29sb3IlM0ElMjB3aGl0ZSUzQiUwQSUyMCUyMCUyMCUyMCUyMCUyMCUyMCUyMCUyMCUyMCUyMCUyMGJvcmRlciUzQSUyMG5vbmUlM0IlMEElMjAlMjAlMjAlMjAlMjAlMjAlMjAlMjAlMjAlMjAlMjAlMjBjdXJzb3IlM0ElMjBwb2ludGVyJTNCJTBBJTIwJTIwJTIwJTIwJTIwJTIwJTIwJTIwJTdEJTBBJTIwJTIwJTIwJTIwJTIwJTIwJTIwJTIwJTIzd3luaWslMjAlN0IlMEElMjAlMjAlMjAlMjAlMjAlMjAlMjAlMjAlMjAlMjAlMjAlMjBtYXJnaW4tdG9wJTNBJTIwMjBweCUzQiUwQSUyMCUyMCUyMCUyMCUyMCUyMCUyMCUyMCUyMCUyMCUyMCUyMGZvbnQtd2VpZ2h0JTNBJTIwYm9sZCUzQiUwQSUyMCUyMCUyMCUyMCUyMCUyMCUyMCUyMCU3RCUwQSUyMCUyMCUyMCUyMCUzQyUyRnN0eWxlJTNFJTBBJTBBJTIwJTIwJTIwJTIwJTNDaDIlM0VLYWxrdWxhdG9yJTIwenUlQzUlQkN5Y2lhJTIwbWF0ZXJpYSVDNSU4MnUlM0MlMkZoMiUzRSUwQSUyMCUyMCUyMCUyMCUzQ2xhYmVsJTIwZm9yJTNEJTIycG93aWVyemNobmlhJTIyJTNFUG93aWVyemNobmlhJTIwJTI4dyUyMG1ldHJhY2glMjBrd2FkcmF0b3d5Y2glMjklM0ElM0MlMkZsYWJlbCUzRSUwQSUyMCUyMCUyMCUyMCUzQ2lucHV0JTIwdHlwZSUzRCUyMm51bWJlciUyMiUyMGlkJTNEJTIycG93aWVyemNobmlhJTIyJTIwc3RlcCUzRCUyMjElMjIlM0UlMEElM0NsYWJlbCUyMGZvciUzRCUyMnBvamVtbm9zYyUyMiUzRVBvamVtbm8lQzUlOUIlQzQlODclMjB3aWFkZXJrYSUyMCUyOHclMjBraWxvZ3JhbWFjaCUyOSUzQSUzQyUyRmxhYmVsJTNFJTBBJTNDc2VsZWN0JTIwbmFtZSUzRCUyMnBvamVtbm9zYyUyMiUyMGlkJTNEJTIycG9qZW1ub3NjJTIyJTNFJTBBJTIwJTIwJTNDb3B0aW9uJTIwdmFsdWUlM0QlMjIxMCUyMiUzRTEwJTIwa2clM0MlMkZvcHRpb24lM0UlMEElMjAlMjAlM0NvcHRpb24lMjB2YWx1ZSUzRCUyMjI1JTIyJTIwc2VsZWN0ZWQlM0UyNSUyMGtnJTNDJTJGb3B0aW9uJTNFJTBBJTNDJTJGc2VsZWN0JTNFJTBBJTBBJTIwJTIwJTIwJTIwJTNDYnV0dG9uJTIwaWQlM0QlMjJvYmxpY3pCdG4lMjIlM0VPYmxpY3olM0MlMkZidXR0b24lM0UlMEElMjAlMjAlMjAlMjAlM0NkaXYlMjBpZCUzRCUyMnd5bmlrJTIyJTNFJTNDJTJGZGl2JTNFJTBBJTBBJTIwJTIwJTIwJTIwJTNDc2NyaXB0JTNFJTBBJTIwJTIwJTIwJTIwJTIwJTIwJTIwJTIwZG9jdW1lbnQuZ2V0RWxlbWVudEJ5SWQlMjglMjdvYmxpY3pCdG4lMjclMjkuYWRkRXZlbnRMaXN0ZW5lciUyOCUyN2NsaWNrJTI3JTJDJTIwZnVuY3Rpb24lMjAlMjglMjklMjAlN0IlMEElMjAlMjAlMjAlMjAlMjAlMjAlMjAlMjAlMjAlMjAlMjAlMjBjb25zdCUyMHBvd2llcnpjaG5pYSUyMCUzRCUyMHBhcnNlRmxvYXQlMjhkb2N1bWVudC5nZXRFbGVtZW50QnlJZCUyOCUyN3Bvd2llcnpjaG5pYSUyNyUyOS52YWx1ZSUyOSUzQiUwQSUyMCUyMCUyMCUyMCUyMCUyMCUyMCUyMCUyMCUyMCUyMCUyMGNvbnN0JTIwbWluaW1hbG5lWnV6eWNpZSUyMCUzRCUyMDAuNTAlMjAlMkElMjBwb3dpZXJ6Y2huaWElM0IlMEElMjAlMjAlMjAlMjAlMjAlMjAlMjAlMjAlMjAlMjAlMjAlMjBjb25zdCUyMG1ha3N5bWFsbmVadXp5Y2llJTIwJTNEJTIwMS41JTIwJTJBJTIwcG93aWVyemNobmlhJTNCJTBBJTIwJTIwJTIwJTIwJTIwJTIwJTIwJTIwJTIwJTIwJTIwJTIwY29uc3QlMjBwb2plbW5vc2NXaWFkZXJrYSUyMCUzRCUyMHBhcnNlRmxvYXQlMjhkb2N1bWVudC5nZXRFbGVtZW50QnlJZCUyOCUyN3BvamVtbm9zYyUyNyUyOS52YWx1ZSUyOSUzQiUwQSUyMCUyMCUyMCUyMCUyMCUyMCUyMCUyMCUyMCUyMCUyMCUyMGNvbnN0JTIwbWluaW1hbG5lSWxvc2NXaWFkZXIlMjAlM0QlMjBNYXRoLmNlaWwlMjhtaW5pbWFsbmVadXp5Y2llJTIwJTJGJTIwcG9qZW1ub3NjV2lhZGVya2ElMjklM0IlMEElMjAlMjAlMjAlMjAlMjAlMjAlMjAlMjAlMjAlMjAlMjAlMjBjb25zdCUyMG1ha3N5bWFsbmVJbG9zY1dpYWRlciUyMCUzRCUyME1hdGguY2VpbCUyOG1ha3N5bWFsbmVadXp5Y2llJTIwJTJGJTIwcG9qZW1ub3NjV2lhZGVya2ElMjklM0IlMEElMEElMjAlMjAlMjAlMjAlMjAlMjAlMjAlMjAlMjAlMjAlMjAlMjBkb2N1bWVudC5nZXRFbGVtZW50QnlJZCUyOCUyN3d5bmlrJTI3JTI5LmlubmVySFRNTCUyMCUzRCUyMCUyMk1pbmltYWxuZSUyMHp1JUM1JUJDeWNpZSUyMG1hdGVyaWElQzUlODJ1JTNBJTIwJTIyJTIwJTJCJTIwbWluaW1hbG5lWnV6eWNpZS50b0ZpeGVkJTI4MiUyOSUyMCUyQiUyMCUyMiUyMGtnJTIyJTIwJTJCJTIwJTIyJTNDYnIlM0UlMjIlM0IlMEElMjAlMjAlMjAlMjAlMjAlMjAlMjAlMjAlMjAlMjAlMjAlMjBkb2N1bWVudC5nZXRFbGVtZW50QnlJZCUyOCUyN3d5bmlrJTI3JTI5LmlubmVySFRNTCUyMCUyQiUzRCUyMCUyMk1ha3N5bWFsbmUlMjB6dSVDNSVCQ3ljaWUlMjBtYXRlcmlhJUM1JTgydSUzQSUyMCUyMiUyMCUyQiUyMG1ha3N5bWFsbmVadXp5Y2llLnRvRml4ZWQlMjgyJTI5JTIwJTJCJTIwJTIyJTIwa2clMjIlMjAlMkIlMjAlMjIlM0NiciUzRSUyMiUzQiUwQSUyMCUyMCUyMCUyMCUyMCUyMCUyMCUyMCUyMCUyMCUyMCUyMGRvY3VtZW50LmdldEVsZW1lbnRCeUlkJTI4JTI3d3luaWslMjclMjkuaW5uZXJIVE1MJTIwJTJCJTNEJTIwJTIySWxvJUM1JTlCJUM0JTg3JTIwd2lhZGVyJTIwcG90cnplYm55Y2glMjBkbyUyMGdydW50b3dhbmlhJTNBJTIwJTIyJTIwJTJCJTIwbWluaW1hbG5lSWxvc2NXaWFkZXIlMjAlMkIlMjAlMjIlM0NiciUzRSUyMiUzQiUwQSUyMCUyMCUyMCUyMCUyMCUyMCUyMCUyMCUyMCUyMCUyMCUyMGRvY3VtZW50LmdldEVsZW1lbnRCeUlkJTI4JTI3d3luaWslMjclMjkuaW5uZXJIVE1MJTIwJTJCJTNEJTIwJTIySWxvJUM1JTlCJUM0JTg3JTIwd2lhZGVyJTIwcG90cnplYm55Y2glMjBkbGElMjBwcnplY2l3d2lsZ29jaW93ZWolMjBoeWRyb2l6b2xhY2ppJTNBJTIwJTIyJTIwJTJCJTIwbWFrc3ltYWxuZUlsb3NjV2lhZGVyJTNCJTBBJTIwJTIwJTIwJTIwJTIwJTIwJTIwJTIwJTdEJTI5JTNCJTBBJTIwJTIwJTIwJTIwJTNDJTJGc2NyaXB0JTNF[\/vc_raw_html][vc_separator style=\"dashed\"][vc_empty_space height=\"64px\"][vc_column_text]<\/p>\n<div class=\"flex max-w-full flex-col flex-grow\">\n<div class=\"min-h-8 text-message relative flex w-full flex-col items-end gap-2 whitespace-normal break-words text-start [.text-message+&amp;]:mt-5\" dir=\"auto\" data-message-author-role=\"assistant\" data-message-id=\"15cbdab9-7cd0-4d2e-93c1-c965104dcabe\" data-message-model-slug=\"gpt-4o-mini\">\n<div class=\"flex w-full flex-col gap-1 empty:hidden first:pt-[3px]\">\n<h3 data-start=\"0\" data-end=\"20\">\u010co je hydroizol\u00e1cia?<\/h3>\n<p data-start=\"22\" data-end=\"219\">Hydroizol\u00e1cia, inak naz\u00fdvan\u00e1 izol\u00e1cia proti vlhkosti, je proces zabezpe\u010denia objektu pred \u0161kodliv\u00fdmi a ni\u010div\u00fdmi \u00fa\u010dinkami vody. Hydroizol\u00e1cie klasifikujeme pod\u013ea pojiva (pr\u00edpravky na hydroizol\u00e1ciu):<\/p>\n<ul data-start=\"221\" data-end=\"1298\" data-is-last-node=\"\" data-is-only-node=\"\">\n<li data-start=\"221\" data-end=\"409\">\n<p data-start=\"223\" data-end=\"409\">na b\u00e1ze bit\u00famenov a dechtu (met\u00f3da, od ktorej sa up\u00fa\u0161\u0165a), vysok\u00e1 vodoodolnos\u0165, \u013eahko dostupn\u00e9 materi\u00e1ly, ale neefekt\u00edvna pri\u013enavos\u0165 medzi vrstvami (a navy\u0161e negat\u00edvne ovplyv\u0148uje zdravie)<\/p>\n<\/li>\n<li data-start=\"411\" data-end=\"646\">\n<p data-start=\"413\" data-end=\"646\">na b\u00e1ze syntetick\u00fdch \u017eiv\u00edc (modern\u00e9 pr\u00edpravky) \u2013 tieto sa osved\u010dili len v interi\u00e9rov\u00fdch, dom\u00e1cich podmienkach; nehodia sa na hydroizol\u00e1ciu ve\u013ek\u00fdch vodn\u00fdch n\u00e1dr\u017e\u00ed, preto\u017ee pri dlhodobom p\u00f4soben\u00ed vody doch\u00e1dza k zn\u00ed\u017eeniu ich \u00fa\u010dinnosti.<\/p>\n<\/li>\n<li data-start=\"648\" data-end=\"1029\">\n<p data-start=\"650\" data-end=\"1029\">hydroizola\u010dn\u00e9 pr\u00edpravky miner\u00e1lno-polym\u00e9rov\u00e9 \u2013 tieto hydroizol\u00e1cie miner\u00e1lno-polym\u00e9rov\u00e9, naz\u00fdvan\u00e9 aj \u0161lamy izola\u010dn\u00e9 alebo utes\u0148uj\u00face, s\u00fa zbaven\u00e9 vy\u0161\u0161ie uveden\u00fdch nedostatkov. Dvojzlo\u017ekov\u00e9 miner\u00e1lne hydroizol\u00e1cie s\u00fa ide\u00e1lne na ochranu proti vode m\u00farov, soklov, vodn\u00fdch n\u00e1dr\u017e\u00ed, baz\u00e9nov, balk\u00f3nov, ter\u00e1s a striech, ako aj miestnost\u00ed so zv\u00fd\u0161enou vlhkos\u0165ou, ako s\u00fa k\u00fape\u013ene a pr\u00e1\u010dovne.<\/p>\n<\/li>\n<li data-start=\"1031\" data-end=\"1298\" data-is-last-node=\"\">\n<p data-start=\"1033\" data-end=\"1298\" data-is-last-node=\"\">viaczlo\u017ekov\u00e9 pr\u00edpravky na b\u00e1ze reakt\u00edvnych \u017eiv\u00edc (najmodernej\u0161ie spojiv\u00e1) \u2013 m\u00f4\u017eu to by\u0165 produkty na b\u00e1ze polyuret\u00e1nov\u00fdch \u017eiv\u00edc a epoxidov\u00fdch \u017eiv\u00edc. Vyzna\u010duj\u00fa sa dobrou priepustnos\u0165ou do podkladu, v\u010faka \u010domu sa vyzna\u010duj\u00fa vysokou pri\u013enavos\u0165ou a \u00faplnou vodoodolnos\u0165ou.<\/p>\n<\/li>\n<\/ul>\n<\/div>\n<\/div>\n<\/div>\n<div class=\"mb-2 flex gap-3 -ml-2\" tabindex=\"0\">\n<div class=\"flex items-center justify-start rounded-xl p-1\">\n<div class=\"flex items-center\"><\/div>\n<\/div>\n<\/div>\n<p>[\/vc_column_text][\/vc_column][\/vc_row][vc_row][vc_column][vc_empty_space height=\"64px\"][\/vc_column][\/vc_row]<\/p>\n","protected":false},"excerpt":{"rendered":"<div class=\"flex max-w-full flex-col flex-grow\">\n<div class=\"min-h-8 text-message relative flex w-full flex-col items-end gap-2 whitespace-normal break-words text-start [.text-message+&amp;]:mt-5\" dir=\"auto\" data-message-author-role=\"assistant\" data-message-id=\"2d9ddebf-50ab-484b-b58a-0a8485fc4900\" data-message-model-slug=\"gpt-4o-mini\">\n<div class=\"flex w-full flex-col gap-1 empty:hidden first:pt-[3px]\">\n<div class=\"markdown prose w-full break-words dark:prose-invert dark\">\n<p data-start=\"0\" data-end=\"342\" data-is-last-node=\"\" data-is-only-node=\"\">BOSTIK BLOCK B786 TERRA SLIM je bit\u00famenovo-latexov\u00e1 emulzia bez rozp\u00fa\u0161\u0165adiel vysokej kvality, jednoslo\u017ekov\u00e1 formul\u00e1cia bez pln\u00edv. Po \u00faplnom zaschnut\u00ed sa povlak st\u00e1va elastick\u00fdm a vytv\u00e1ra vodoodpudiv\u00fa vrstvu odoln\u00fa vo\u010di agres\u00edvnym l\u00e1tkam vo\u010di bet\u00f3nu (vyskytuj\u00facim sa prirodzene), ako s\u00fa odpadov\u00e9 vody, kal, hnojov\u00e9 dosky a sedimenta\u010dn\u00e9 n\u00e1dr\u017ee.<\/p>\n<\/div>\n<\/div>\n<\/div>\n<\/div>\n<div class=\"mb-2 flex gap-3 -ml-2\" tabindex=\"0\">\n<div class=\"flex items-center justify-start rounded-xl p-1\">\n<div class=\"flex items-center\"><\/div>\n<\/div>\n<\/div>\n","protected":false},"featured_media":273442,"comment_status":"open","ping_status":"closed","template":"","meta":[],"product_brand":[],"product_cat":[923,878,876,881,879,880,919,877,911,896],"product_tag":[924,887,888,925,906,926,890,927,891,928],"class_list":{"0":"post-279019","1":"product","2":"type-product","3":"status-publish","4":"has-post-thumbnail","6":"product_cat-bestseller-sk","7":"product_cat-bostik-sk","8":"product_cat-hydroizolacja-sk","9":"product_cat-hydroizolacja-balkonu-i-tarasu-sk","10":"product_cat-hydroizolacja-fundamentu-sk","11":"product_cat-hydroizolacje-bitumiczne-sk","12":"product_cat-hydroizolacje-bitumiczne-hydroizolacja-balkonu-i-tarasu-sk","13":"product_cat-bitumiczne-sk","14":"product_cat-promowane-sk","15":"product_cat-przygotowanie-podloza-sk","16":"product_tag-b786-sk","17":"product_tag-bitumiczna-sk","18":"product_tag-bostik-sk","19":"product_tag-dysperbit-sk","20":"product_tag-emulsja-sk","21":"product_tag-grunt-bitumiczny-sk","22":"product_tag-hydroizolacja-sk","23":"product_tag-hydroizolacja-przeciwwilgociowa-sk","24":"product_tag-hydroizolacje-sk","25":"product_tag-k100-schwarz-sk","26":"product_shipping_class-trudna-wysylka-sk","28":"first","29":"instock","30":"sale","31":"taxable","32":"shipping-taxable","33":"purchasable","34":"product-type-variable"},"_links":{"self":[{"href":"https:\/\/www.sanier.pl\/sk\/wp-json\/wp\/v2\/product\/279019","targetHints":{"allow":["GET"]}}],"collection":[{"href":"https:\/\/www.sanier.pl\/sk\/wp-json\/wp\/v2\/product"}],"about":[{"href":"https:\/\/www.sanier.pl\/sk\/wp-json\/wp\/v2\/types\/product"}],"replies":[{"embeddable":true,"href":"https:\/\/www.sanier.pl\/sk\/wp-json\/wp\/v2\/comments?post=279019"}],"wp:featuredmedia":[{"embeddable":true,"href":"https:\/\/www.sanier.pl\/sk\/wp-json\/wp\/v2\/media\/273442"}],"wp:attachment":[{"href":"https:\/\/www.sanier.pl\/sk\/wp-json\/wp\/v2\/media?parent=279019"}],"wp:term":[{"taxonomy":"product_brand","embeddable":true,"href":"https:\/\/www.sanier.pl\/sk\/wp-json\/wp\/v2\/product_brand?post=279019"},{"taxonomy":"product_cat","embeddable":true,"href":"https:\/\/www.sanier.pl\/sk\/wp-json\/wp\/v2\/product_cat?post=279019"},{"taxonomy":"product_tag","embeddable":true,"href":"https:\/\/www.sanier.pl\/sk\/wp-json\/wp\/v2\/product_tag?post=279019"}],"curies":[{"name":"wp","href":"https:\/\/api.w.org\/{rel}","templated":true}]}}