{"id":279017,"date":"2017-03-30T06:18:54","date_gmt":"2017-03-30T06:18:54","guid":{"rendered":"https:\/\/www.sanier.pl\/produkt\/bikuthan-2k-koester\/"},"modified":"2025-03-10T09:45:19","modified_gmt":"2025-03-10T09:45:19","slug":"koester-bikuthan-2k","status":"publish","type":"product","link":"https:\/\/www.sanier.pl\/sk\/produkt\/koester-bikuthan-2k\/","title":{"rendered":"Bikuthan 2k"},"content":{"rendered":"<p>[vc_row][vc_column][vc_column_text]<img loading=\"lazy\" decoding=\"async\" class=\"size-full wp-image-3291 aligncenter\" src=\"https:\/\/sanier.pl\/wp-content\/uploads\/2017\/03\/LOGO-KOESTER-hydroizolacje-e1490988887771.jpg\" alt=\"LOGO KOESTER hydroizolacje\" width=\"300\" height=\"89\" \/><\/p>\n<h2><\/h2>\n<div class=\"flex max-w-full flex-col flex-grow\">\n<div class=\"min-h-8 text-message relative flex w-full flex-col items-end gap-2 whitespace-normal break-words text-start [.text-message+&amp;]:mt-5\" dir=\"auto\" data-message-author-role=\"assistant\" data-message-id=\"d115cfaa-48e8-4208-9d3d-cffe76bff7ae\" data-message-model-slug=\"gpt-4o-mini\">\n<div class=\"flex w-full flex-col gap-1 empty:hidden first:pt-[3px]\">\n<h1 data-start=\"0\" data-end=\"19\">KOESTER Bikuthan 2K<\/h1>\n<p data-start=\"21\" data-end=\"339\">KOESTER Bikuthan 2K je dvojzlo\u017ekov\u00e1 bit\u00famenov\u00e1 hmota (KMB) s pridan\u00edm polystyr\u00e9nov\u00fdch gran\u00fal. Elastick\u00e1 a bezrozp\u00fa\u0161\u0165adlov\u00e1 hmota pokr\u00fdva trhliny. Bikuthan 2K sl\u00fa\u017ei na vykon\u00e1vanie trval\u00fdch hydroizol\u00e1ci\u00ed z\u00e1kladov, pivni\u010dn\u00fdch stien a z\u00e1kladov\u00fdch dosiek. Vyzna\u010duje sa dobrou pri\u013enavos\u0165ou k such\u00fdm a jemne vlhk\u00fdm podkladom.<\/p>\n<h3 data-start=\"341\" data-end=\"364\">Vlastnosti Bikuthan 2K:<\/h3>\n<ul data-start=\"366\" data-end=\"676\">\n<li data-start=\"366\" data-end=\"378\">vodoodoln\u00e1<\/li>\n<li data-start=\"379\" data-end=\"390\">elastick\u00e1<\/li>\n<li data-start=\"391\" data-end=\"420\">zakr\u00fdva trhliny na podklade<\/li>\n<li data-start=\"421\" data-end=\"502\">odoln\u00e1 vo\u010di p\u00f4dnej vode a v\u0161etk\u00fdm koroz\u00edvnym l\u00e1tkam, ktor\u00e9 sa nach\u00e1dzaj\u00fa v zemi<\/li>\n<li data-start=\"503\" data-end=\"560\">\u013eahk\u00e1 na spracovanie a kontrolu hr\u00fabky nanesenej vrstvy<\/li>\n<li data-start=\"561\" data-end=\"631\">po kr\u00e1tkom \u010dase od nanesenia na stenu je materi\u00e1l odoln\u00fd proti da\u017e\u010fu<\/li>\n<li data-start=\"632\" data-end=\"676\">produkt v s\u00falade s normou PN EN-15814:2012<\/li>\n<\/ul>\n<h3 data-start=\"678\" data-end=\"699\">Pou\u017eitie Bikuthan 2K:<\/h3>\n<ul data-start=\"701\" data-end=\"922\">\n<li data-start=\"701\" data-end=\"823\">naj\u010dastej\u0161ie sa pou\u017e\u00edva na vykon\u00e1vanie trval\u00fdch hydroizol\u00e1ci\u00ed vonkaj\u0161\u00edch stien pivn\u00edc, z\u00e1kladov, z\u00e1kladov\u00fdch dosiek at\u010f.<\/li>\n<li data-start=\"824\" data-end=\"886\">na vykon\u00e1vanie tesnen\u00ed pod podlahami na teras\u00e1ch a balk\u00f3noch<\/li>\n<li data-start=\"887\" data-end=\"922\">tie\u017e na lepenie izola\u010dn\u00fdch dosiek<\/li>\n<\/ul>\n<p data-start=\"924\" data-end=\"1194\">Izola\u010dn\u00e1 hmota KOESTER Bikuthan 2K sp\u013a\u0148a po\u017eiadavky normy DIN 18195; predstavuje trval\u00fa izol\u00e1ciu proti p\u00f4dnej vlhkosti a vode, ktor\u00e1 nevyv\u00edja tlak, proti vode, ktor\u00e1 nevyv\u00edja tlak na stropoch a v mokr\u00fdch miestnostiach, proti nahromadenej da\u017e\u010fovej vode a vode pod tlakom.<\/p>\n<div id=\"tw-target-text-container\" class=\"tw-ta-container tw-nfl\" tabindex=\"0\" role=\"text\">\n<h3 dir=\"ltr\" data-placeholder=\"T\u0142umaczenie\" data-ved=\"2ahUKEwiBzfGei_-LAxXIUXcKHSMKKmUQ3ewLegQICBAU\" aria-label=\"Przet\u0142umaczony tekst: \u010co je hydroizol\u00e1cia?\"><\/h3>\n<h3 id=\"tw-target-text\" class=\"tw-data-text tw-text-large tw-ta\" dir=\"ltr\" data-placeholder=\"T\u0142umaczenie\" data-ved=\"2ahUKEwiBzfGei_-LAxXIUXcKHSMKKmUQ3ewLegQICBAU\" aria-label=\"Przet\u0142umaczony tekst: \u010co je hydroizol\u00e1cia?\"><span class=\"Y2IQFc\" lang=\"sk\">\u010co je hydroizol\u00e1cia?<\/span><\/h3>\n<\/div>\n<p data-start=\"1222\" data-end=\"1425\">Hydroizol\u00e1cia je inak izola\u010dn\u00e1 ochrana proti vlhkosti, ktor\u00e1 spo\u010d\u00edva v zabezpe\u010den\u00ed objektu pred \u0161kodliv\u00fdmi a ni\u010div\u00fdmi \u00fa\u010dinkami vody. Hydroizol\u00e1cie klasifikujeme pod\u013ea pojiva (pr\u00edpravky na hydroizol\u00e1ciu):<\/p>\n<ul data-start=\"1427\" data-end=\"2458\">\n<li data-start=\"1427\" data-end=\"1630\">na b\u00e1ze bit\u00famenov a dechtu (zavrhnut\u00e1 met\u00f3da, od ktorej sa up\u00fa\u0161\u0165a), vysok\u00e1 vodoodolnos\u0165, \u013eahko dostupn\u00e9 materi\u00e1ly, ale neefekt\u00edvna pri\u013enavos\u0165 medzi vrstvami (okrem toho maj\u00fa negat\u00edvny vplyv na zdravie)<\/li>\n<li data-start=\"1631\" data-end=\"1862\">na b\u00e1ze syntetick\u00fdch \u017eiv\u00edc (modern\u00e9 pr\u00edpravky) \u2013 pou\u017e\u00edvaj\u00fa sa iba v interi\u00e9rov\u00fdch, dom\u00e1cich podmienkach; nie s\u00fa vhodn\u00e9 na hydroizol\u00e1ciu ve\u013ek\u00fdch vodn\u00fdch n\u00e1dr\u017e\u00ed, preto\u017ee pri dlhodobom p\u00f4soben\u00ed vody doch\u00e1dza k zn\u00ed\u017eeniu ich \u00fa\u010dinnosti<\/li>\n<li data-start=\"1863\" data-end=\"2216\">hydroizola\u010dn\u00e9 pr\u00edpravky miner\u00e1lno-polym\u00e9rov\u00e9 \u2013 tieto hydroizol\u00e1cie s\u00fa zbaven\u00e9 vy\u0161\u0161ie uveden\u00fdch nev\u00fdhod, naz\u00fdvan\u00e9 tie\u017e \u0161lamy na izol\u00e1ciu alebo tesnenie. Dvojzlo\u017ekov\u00e9 miner\u00e1lne hydroizol\u00e1cie s\u00fa ide\u00e1lne na vodotesn\u00e9 izolovanie m\u00farov, soklov, vodn\u00fdch j\u00e1m, baz\u00e9nov, balk\u00f3nov, ter\u00e1s a striech, ako aj miestnost\u00ed s vy\u0161\u0161ou vlhkos\u0165ou, ako s\u00fa k\u00fape\u013ene a pr\u00e1\u010dovne<\/li>\n<li data-start=\"2217\" data-end=\"2458\">viaczlo\u017ekov\u00e9 pr\u00edpravky na b\u00e1ze reakt\u00edvnych \u017eiv\u00edc (najmodernej\u0161ie spojiv\u00e1) \u2013 m\u00f4\u017eu to by\u0165 produkty na b\u00e1ze polyuret\u00e1nov\u00fdch a epoxidov\u00fdch \u017eiv\u00edc. Vyzna\u010duj\u00fa sa dobr\u00fdm vnikan\u00edm do podkladu, v\u010faka \u010domu maj\u00fa vysok\u00fa pri\u013enavos\u0165 a \u00fapln\u00fa vodoodolnos\u0165.<\/li>\n<\/ul>\n<h3 data-start=\"2460\" data-end=\"2469\">Spotreba:<\/h3>\n<ul data-start=\"2471\" data-end=\"2491\">\n<li data-start=\"2471\" data-end=\"2491\">cca 4,0 - 5,0 l\/m\u00b2<\/li>\n<\/ul>\n<p data-start=\"2493\" data-end=\"2519\"><a href=\"https:\/\/www.sanier.pl\/wp-content\/uploads\/2017\/03\/TechDataSheet_W-250-028_K\u00d6STER-Bikuthan-2K-_pl_pl_2018-09-25_090042.pdf\">Technick\u00fd list Bikuthan 2K<\/a><\/p>\n<p data-start=\"2521\" data-end=\"2587\" data-is-last-node=\"\" data-is-only-node=\"\"><a href=\"https:\/\/www.koester.pl\/files\/pl_pl\/Hydroizolacja-zewnetrzna-budynkow.pdf\" target=\"_blank\" rel=\"noopener\">Produktov\u00fd let\u00e1k syst\u00e9mu vonkaj\u0161ej hydroizol\u00e1cie pivn\u00edc a z\u00e1kladov<\/a><\/p>\n<\/div>\n<\/div>\n<\/div>\n<div class=\"mb-2 flex gap-3 -ml-2\" tabindex=\"0\">\n<div class=\"flex items-center justify-start rounded-xl p-1\">\n<div class=\"flex items-center\"><\/div>\n<\/div>\n<\/div>\n<p>[\/vc_column_text][\/vc_column][\/vc_row]<\/p>\n","protected":false},"excerpt":{"rendered":"<p>KOESTER Bikuthan 2K je dvojzlo\u017ekov\u00e1, modifikovan\u00e1 bit\u00famenov\u00e1 izola\u010dn\u00e1 hmota (KMB) s plnivami z polystyr\u00e9nu \u2013 na hydroizol\u00e1ciu stavieb.<\/p>\n","protected":false},"featured_media":264451,"comment_status":"open","ping_status":"closed","template":"","meta":{"_acf_changed":false},"product_brand":[],"product_cat":[876,881,879,880,919,921,920,910,877],"product_tag":[922,890,891,912],"class_list":{"0":"post-279017","1":"product","2":"type-product","3":"status-publish","4":"has-post-thumbnail","6":"product_cat-hydroizolacja-sk","7":"product_cat-hydroizolacja-balkonu-i-tarasu-sk","8":"product_cat-hydroizolacja-fundamentu-sk","9":"product_cat-hydroizolacje-bitumiczne-sk","10":"product_cat-hydroizolacje-bitumiczne-hydroizolacja-balkonu-i-tarasu-sk","11":"product_cat-hydroizolacje-powlokowe-sk","12":"product_cat-hydroizolacje-zbiornikow-i-kanalizacji-sk","13":"product_cat-koester-sk","14":"product_cat-bitumiczne-sk","15":"product_tag-bitumiczne-sk","16":"product_tag-hydroizolacja-sk","17":"product_tag-hydroizolacje-sk","18":"product_tag-koester-sk","19":"product_shipping_class-trudna-wysylka-sk","21":"first","22":"onbackorder","23":"taxable","24":"shipping-taxable","25":"purchasable","26":"product-type-simple"},"acf":[],"_links":{"self":[{"href":"https:\/\/www.sanier.pl\/sk\/wp-json\/wp\/v2\/product\/279017","targetHints":{"allow":["GET"]}}],"collection":[{"href":"https:\/\/www.sanier.pl\/sk\/wp-json\/wp\/v2\/product"}],"about":[{"href":"https:\/\/www.sanier.pl\/sk\/wp-json\/wp\/v2\/types\/product"}],"replies":[{"embeddable":true,"href":"https:\/\/www.sanier.pl\/sk\/wp-json\/wp\/v2\/comments?post=279017"}],"wp:featuredmedia":[{"embeddable":true,"href":"https:\/\/www.sanier.pl\/sk\/wp-json\/wp\/v2\/media\/264451"}],"wp:attachment":[{"href":"https:\/\/www.sanier.pl\/sk\/wp-json\/wp\/v2\/media?parent=279017"}],"wp:term":[{"taxonomy":"product_brand","embeddable":true,"href":"https:\/\/www.sanier.pl\/sk\/wp-json\/wp\/v2\/product_brand?post=279017"},{"taxonomy":"product_cat","embeddable":true,"href":"https:\/\/www.sanier.pl\/sk\/wp-json\/wp\/v2\/product_cat?post=279017"},{"taxonomy":"product_tag","embeddable":true,"href":"https:\/\/www.sanier.pl\/sk\/wp-json\/wp\/v2\/product_tag?post=279017"}],"curies":[{"name":"wp","href":"https:\/\/api.w.org\/{rel}","templated":true}]}}