{"id":279005,"date":"2017-03-30T08:16:33","date_gmt":"2017-03-30T08:16:33","guid":{"rendered":"https:\/\/www.sanier.pl\/produkt\/polysil-tg-500-koester\/"},"modified":"2025-03-10T09:13:15","modified_gmt":"2025-03-10T09:13:15","slug":"polysil-tg-500-koester","status":"publish","type":"product","link":"https:\/\/www.sanier.pl\/sk\/produkt\/polysil-tg-500-koester\/","title":{"rendered":"KOESTER Polysil TG 500"},"content":{"rendered":"<p>[vc_row][vc_column][vc_column_text]<img loading=\"lazy\" decoding=\"async\" class=\" wp-image-3226 aligncenter\" src=\"https:\/\/sanier.pl\/wp-content\/uploads\/2017\/03\/koester_logo-300x89.jpg\" alt=\"koester_logo\" width=\"300\" height=\"89\" srcset=\"https:\/\/www.sanier.pl\/wp-content\/uploads\/2017\/03\/koester_logo-300x89.jpg 300w, https:\/\/www.sanier.pl\/wp-content\/uploads\/2017\/03\/koester_logo-800x238.jpg 800w, https:\/\/www.sanier.pl\/wp-content\/uploads\/2017\/03\/koester_logo-768x228.jpg 768w, https:\/\/www.sanier.pl\/wp-content\/uploads\/2017\/03\/koester_logo-700x208.jpg 700w, https:\/\/www.sanier.pl\/wp-content\/uploads\/2017\/03\/koester_logo.jpg 838w\" sizes=\"auto, (max-width:767px) 300px, 300px\" \/><\/p>\n<h2 data-start=\"0\" data-end=\"49\">KOESTER Polysil TG 500<\/h2>\n<h3 data-start=\"0\" data-end=\"49\">Vlastnosti Polysil TG 500:<\/h3>\n<p data-start=\"51\" data-end=\"852\">KOESTER Polysil TG 500 je pr\u00edpravok na penetr\u00e1ciu na b\u00e1ze polym\u00e9rov a kremi\u010dit\u00fdch zl\u00fa\u010den\u00edn. Na zasolen\u00fdch a vlhk\u00fdch podkladoch sp\u00f4sobuje zn\u00ed\u017eenie objemu p\u00f3rov, \u010d\u00edm zni\u017euje riziko op\u00e4tovn\u00e9ho v\u00fdskytu soln\u00fdch v\u00fdkvetov, pri\u010dom umo\u017e\u0148uje dif\u00faziu vodnej pary a vys\u00fa\u0161anie stien. Produkt hlboko prenik\u00e1 do podkladu (a\u017e do 2 cm \u2013 v z\u00e1vislosti od vlastnost\u00ed podkladu), posil\u0148uje ho a vytv\u00e1ra hydrof\u00f3bny \u00fa\u010dinok. Pr\u00edpravok je vhodn\u00fd na pou\u017eitie na miner\u00e1lne podklady ako s\u00fa malty, omietky, mikrozmesi (izola\u010dn\u00e9 \u0161lamy) na b\u00e1ze cementu, ako aj na bet\u00f3nov\u00e9 podklady. Polysil TG 500 sa pou\u017e\u00edva ako penetr\u00e1cia pred aplik\u00e1ciou hydroizola\u010dn\u00fdch vrstiev. Produkt m\u00e1 technick\u00fa schv\u00e1lenie ITB ako s\u00fa\u010das\u0165 miner\u00e1lneho syst\u00e9mu ochrany bet\u00f3nu KOESTER NB 1 Plus \u010d. AT-15-8233\/2015 a hygienick\u00fd certifik\u00e1t PZH \u010d. HK\/B\/1399\/02\/2015.<\/p>\n<h3 data-start=\"854\" data-end=\"863\">Pou\u017eitie:<\/h3>\n<p data-start=\"865\" data-end=\"1553\">KOESTER Polysil\u00ae TG 500 sa pou\u017e\u00edva na spevnenie a ochranu miner\u00e1lnych podkladov a na zn\u00ed\u017eenie nasiakavosti podkladu, aj u materi\u00e1lov s vysokou nasiakavos\u0165ou ako pieskovce. Pr\u00edpravok p\u00f4sob\u00ed hydrof\u00f3bne a zni\u017euje riziko op\u00e4tovn\u00e9ho v\u00fdskytu soln\u00fdch v\u00fdkvetov. KOESTER Polysil\u00ae TG 500 zvy\u0161uje mrazuvzdornos\u0165 miner\u00e1lnych podkladov. Produkt sa pou\u017e\u00edva aj na spevnenie mikrozmes\u00ed (izola\u010dn\u00fdch \u0161lamov). Pr\u00edpravok je vhodn\u00fd na v\u0161etky miner\u00e1lne podklady s v\u00fdnimkou sadrov\u00fdch podkladov. Polysil\u00ae TG 500 m\u00f4\u017ee by\u0165 pou\u017eit\u00fd ako penetr\u00e1cia pred aplik\u00e1ciou bit\u00famenov\u00fdch hydroizola\u010dn\u00fdch hm\u00f4t ako napr\u00edklad Deuxan\u00ae 2K, Bikuthan\u00ae 2K, a miner\u00e1lnych hydroizola\u010dn\u00fdch povlakov ako napr\u00edklad NB Elastik, KOESTER NB 1.<\/p>\n<h3 data-start=\"1555\" data-end=\"1564\">Spotreba:<\/h3>\n<ul data-start=\"1566\" data-end=\"1961\">\n<li data-start=\"1566\" data-end=\"1629\">pribli\u017ene 0,13-0,25 kg\/m\u00b2 v z\u00e1vislosti od vlastnost\u00ed podkladu<\/li>\n<li data-start=\"1630\" data-end=\"1762\">ako pr\u00edpravok s hlbokou penetr\u00e1ciou \u2013 pribli\u017ene 100-130 g\/m\u00b2 (pri ve\u013emi nasiakav\u00fdch podkladoch m\u00f4\u017ee by\u0165 spotreba dvakr\u00e1t v\u00e4\u010d\u0161ia)<\/li>\n<li data-start=\"1763\" data-end=\"1809\">na spevnenie \u0161lamov \u2013 pribli\u017ene 200-250 g\/m\u00b2<\/li>\n<li data-start=\"1810\" data-end=\"1961\">ako penetr\u00e1cia pre bit\u00famenov\u00e9 izol\u00e1cie a renova\u010dn\u00e9 omietky \u2013 pribli\u017ene 150 g\/m\u00b2 (pri ve\u013emi nasiakav\u00fdch podkladoch m\u00f4\u017ee by\u0165 spotreba dvakr\u00e1t v\u00e4\u010d\u0161ia)<\/li>\n<\/ul>\n<h3 data-start=\"1963\" data-end=\"1983\">\u010co je hydroizol\u00e1cia?<\/h3>\n<p data-start=\"1985\" data-end=\"2168\">Hydroizol\u00e1cia je izol\u00e1cia proti vlhkosti, ktor\u00e1 sl\u00fa\u017ei na ochranu objektu pred \u0161kodliv\u00fdmi a ni\u010div\u00fdmi \u00fa\u010dinkami vody. Hydroizol\u00e1cie sa klasifikuj\u00fa pod\u013ea pojiva (hydroizola\u010dn\u00e9 pr\u00edpravky):<\/p>\n<ul data-start=\"2170\" data-end=\"3083\">\n<li data-start=\"2170\" data-end=\"2356\">na b\u00e1ze bit\u00famenov a dechtov (op\u00fa\u0161\u0165an\u00e1 met\u00f3da, od ktorej sa odch\u00e1dza), vysok\u00e1 odolnos\u0165 proti vode, \u013eahko dostupn\u00e9 materi\u00e1ly, ale neefekt\u00edvna pri\u013enavos\u0165 medzi vrstvami (zdravotn\u00e9 rizik\u00e1)<\/li>\n<li data-start=\"2357\" data-end=\"2585\">na b\u00e1ze syntetick\u00fdch \u017eiv\u00edc (modern\u00e9 pr\u00edpravky) \u2013 osved\u010duj\u00fa sa iba v interi\u00e9rov\u00fdch podmienkach, v dom\u00e1cnostiach; nie s\u00fa vhodn\u00e9 na hydroizol\u00e1ciu ve\u013ek\u00fdch vodn\u00fdch n\u00e1dr\u017e\u00ed, preto\u017ee pri dlhodobom p\u00f4soben\u00ed vody sa ich \u00fa\u010dinnos\u0165 zni\u017euje<\/li>\n<li data-start=\"2586\" data-end=\"2842\">hydroizola\u010dn\u00e9 pr\u00edpravky na b\u00e1ze miner\u00e1lov a polym\u00e9rov \u2013 tieto pr\u00edpravky nemaj\u00fa vy\u0161\u0161ie uveden\u00e9 nev\u00fdhody, s\u00fa ide\u00e1lne na vodotesn\u00e9 izol\u00e1cie stien, soklov, baz\u00e9nov, balk\u00f3nov, ter\u00e1s a striech, ako aj miestnost\u00ed so zv\u00fd\u0161enou vlhkos\u0165ou, ako s\u00fa k\u00fape\u013ene a pr\u00e1\u010dovne<\/li>\n<li data-start=\"2843\" data-end=\"3083\">viaczlo\u017ekov\u00e9 pr\u00edpravky na b\u00e1ze reakt\u00edvnych \u017eiv\u00edc (najmodernej\u0161ie pojiv\u00e1) \u2013 m\u00f4\u017eu to by\u0165 produkty na b\u00e1ze polyuret\u00e1nov\u00fdch a epoxidov\u00fdch \u017eiv\u00edc. Vyzna\u010duj\u00fa sa dobrou penetra\u010dnou schopnos\u0165ou, \u010d\u00edm poskytuj\u00fa vysok\u00fa pri\u013enavos\u0165 a \u00fapln\u00fa vodotesnos\u0165.<\/li>\n<\/ul>\n<p>&nbsp;<\/p>\n<p><a href=\"https:\/\/www.sanier.pl\/wp-content\/uploads\/2017\/03\/TechDataSheet_M-111_K\u00d6STER-Polysil-TG-500_pl_pl_2018-09-25_090206.pdf\">Technick\u00fd list Polysil TG 500<\/a><\/p>\n<p><a href=\"https:\/\/www.koester.pl\/files\/pl_pl\/Katalog%20KOSTER%202019%20Grune%20Seiten%20min.pdf\" target=\"_blank\" rel=\"noopener\">Katal\u00f3g produktov KOESTER<\/a><\/p>\n<p>[\/vc_column_text][\/vc_column][\/vc_row]<\/p>\n","protected":false},"excerpt":{"rendered":"<div class=\"flex max-w-full flex-col flex-grow\">\n<div class=\"min-h-8 text-message relative flex w-full flex-col items-end gap-2 whitespace-normal break-words text-start [.text-message+&amp;]:mt-5\" dir=\"auto\" data-message-author-role=\"assistant\" data-message-id=\"7561f463-93ec-4899-9c59-c6d861c0832c\" data-message-model-slug=\"gpt-4o-mini\">\n<div class=\"flex w-full flex-col gap-1 empty:hidden first:pt-[3px]\">\n<div class=\"markdown prose w-full break-words dark:prose-invert dark\">\n<p data-start=\"0\" data-end=\"122\">H\u013abkovo penetra\u010dn\u00fd pr\u00edpravok na penetr\u00e1ciu ur\u010den\u00fd na vlhk\u00e9 a zasolen\u00e9 podklady, zpev\u0148ova\u010d pre mikrozmesi (izola\u010dn\u00e9 \u0161lamy).<\/p>\n<p data-start=\"124\" data-end=\"193\" data-is-last-node=\"\" data-is-only-node=\"\">Pou\u017eitie ako penetr\u00e1cia pre Bikuthan 2k, Deuxan 2k, NB Elastik a NB1.<\/p>\n<\/div>\n<\/div>\n<\/div>\n<\/div>\n<div class=\"mb-2 flex gap-3 -ml-2\" tabindex=\"0\">\n<div class=\"flex items-center justify-start rounded-xl p-1\">\n<div class=\"flex items-center\"><\/div>\n<\/div>\n<\/div>\n","protected":false},"featured_media":264460,"comment_status":"open","ping_status":"closed","template":"","meta":{"_acf_changed":false},"product_brand":[],"product_cat":[876,879,910,918,917,913,896,901,915,914,916],"product_tag":[890,891,912],"class_list":{"0":"post-279005","1":"product","2":"type-product","3":"status-publish","4":"has-post-thumbnail","6":"product_cat-hydroizolacja-sk","7":"product_cat-hydroizolacja-fundamentu-sk","8":"product_cat-koester-sk","9":"product_cat-materialy-uzupelniajace-akcesoria-tynki-renowacyjne-sk","10":"product_cat-materialy-uzupelniajace-akcesoria-uszczelnienie-budynku-od-wewnatrz-sk","11":"product_cat-z-tworzyw-sztucznych-sk","12":"product_cat-przygotowanie-podloza-sk","13":"product_cat-przygotowanie-podloza-tynki-renowacyjne-sk","14":"product_cat-przygotowanie-podloza-renowacja-elewacji-sk","15":"product_cat-renowacja-elewacji-sk","16":"product_cat-uszczelnienie-budynku-od-wewnatrz-sk","17":"product_tag-hydroizolacja-sk","18":"product_tag-hydroizolacje-sk","19":"product_tag-koester-sk","20":"product_shipping_class-latwa-wysylka-sk","22":"first","23":"instock","24":"sale","25":"taxable","26":"shipping-taxable","27":"purchasable","28":"product-type-variable"},"acf":[],"_links":{"self":[{"href":"https:\/\/www.sanier.pl\/sk\/wp-json\/wp\/v2\/product\/279005","targetHints":{"allow":["GET"]}}],"collection":[{"href":"https:\/\/www.sanier.pl\/sk\/wp-json\/wp\/v2\/product"}],"about":[{"href":"https:\/\/www.sanier.pl\/sk\/wp-json\/wp\/v2\/types\/product"}],"replies":[{"embeddable":true,"href":"https:\/\/www.sanier.pl\/sk\/wp-json\/wp\/v2\/comments?post=279005"}],"wp:featuredmedia":[{"embeddable":true,"href":"https:\/\/www.sanier.pl\/sk\/wp-json\/wp\/v2\/media\/264460"}],"wp:attachment":[{"href":"https:\/\/www.sanier.pl\/sk\/wp-json\/wp\/v2\/media?parent=279005"}],"wp:term":[{"taxonomy":"product_brand","embeddable":true,"href":"https:\/\/www.sanier.pl\/sk\/wp-json\/wp\/v2\/product_brand?post=279005"},{"taxonomy":"product_cat","embeddable":true,"href":"https:\/\/www.sanier.pl\/sk\/wp-json\/wp\/v2\/product_cat?post=279005"},{"taxonomy":"product_tag","embeddable":true,"href":"https:\/\/www.sanier.pl\/sk\/wp-json\/wp\/v2\/product_tag?post=279005"}],"curies":[{"name":"wp","href":"https:\/\/api.w.org\/{rel}","templated":true}]}}