{"id":278995,"date":"2017-03-30T09:27:25","date_gmt":"2017-03-30T09:27:25","guid":{"rendered":"https:\/\/www.sanier.pl\/produkt\/mix-a793\/"},"modified":"2025-03-06T13:04:24","modified_gmt":"2025-03-06T13:04:24","slug":"mix-a793","status":"publish","type":"product","link":"https:\/\/www.sanier.pl\/sk\/produkt\/mix-a793\/","title":{"rendered":"BOSTIK MIX A793 (Haftemulsion-Konzentrat)"},"content":{"rendered":"<p>[vc_row][vc_column][vc_column_text]<\/p>\n<h1><strong data-start=\"0\" data-end=\"45\" data-is-only-node=\"\">BOSTIK MIX A793 (Haftemulsion-Konzentrat)<\/strong><\/h1>\n<h5><strong data-start=\"46\" data-end=\"68\" data-is-last-node=\"\">LATEXOV\u00c1 DISPERSIA<\/strong><\/h5>\n<p>[\/vc_column_text][\/vc_column][\/vc_row][vc_row][vc_column][vc_column_text css_animation=\"none\"]<a href=\"https:\/\/www.sanier.pl\/sklep\/?s=bostik&amp;post_type=product\"><img loading=\"lazy\" decoding=\"async\" class=\"wp-image-258966 size-medium aligncenter\" src=\"https:\/\/www.sanier.pl\/wp-content\/uploads\/2022\/07\/Bostik_Logo_Header-300x121.png\" alt=\"bostik logo\" width=\"300\" height=\"121\" srcset=\"https:\/\/www.sanier.pl\/wp-content\/uploads\/2022\/07\/Bostik_Logo_Header-300x121.png 300w, https:\/\/www.sanier.pl\/wp-content\/uploads\/2022\/07\/Bostik_Logo_Header-800x324.png 800w, https:\/\/www.sanier.pl\/wp-content\/uploads\/2022\/07\/Bostik_Logo_Header-768x311.png 768w, https:\/\/www.sanier.pl\/wp-content\/uploads\/2022\/07\/Bostik_Logo_Header-700x283.png 700w, https:\/\/www.sanier.pl\/wp-content\/uploads\/2022\/07\/Bostik_Logo_Header.png 842w\" sizes=\"auto, (max-width:767px) 300px, 300px\" \/><\/a>[\/vc_column_text][\/vc_column][\/vc_row][vc_row][vc_column][vc_separator style=\"dashed\"][vc_empty_space height=\"64px\"][\/vc_column][\/vc_row][vc_row][vc_column width=\"1\/4\"][vc_single_image image=\"261738\" img_size=\"medium\" style=\"vc_box_rounded\"][\/vc_column][vc_column width=\"3\/4\"][vc_column_text]<\/p>\n<div class=\"flex max-w-full flex-col flex-grow\">\n<div class=\"min-h-8 text-message relative flex w-full flex-col items-end gap-2 whitespace-normal break-words text-start [.text-message+&amp;]:mt-5\" dir=\"auto\" data-message-author-role=\"assistant\" data-message-id=\"632d6f6b-949e-4b75-a8ac-4bf165fd92aa\" data-message-model-slug=\"gpt-4o-mini\">\n<div class=\"flex w-full flex-col gap-1 empty:hidden first:pt-[3px]\">\n<h3 data-start=\"0\" data-end=\"19\"><strong data-start=\"0\" data-end=\"19\">BOSTIK MIX A793<\/strong><\/h3>\n<p data-start=\"21\" data-end=\"214\">je pr\u00edsadou do malty, \u0161lamov, omietok a poterov na b\u00e1ze latexovej disperzie. Zlep\u0161uje spracovate\u013enos\u0165 a pri\u013enavos\u0165 materi\u00e1lov. Je odoln\u00fd vo\u010di poveternostn\u00fdm vplyvom a tren\u00edm v\u00e1penn\u00fdch povlakov.<\/p>\n<p data-start=\"216\" data-end=\"644\" data-is-last-node=\"\" data-is-only-node=\"\">Pomocou tohto produktu je mo\u017en\u00e9 vytvori\u0165 siln\u00e9 a nepraskaj\u00face \u0161k\u00e1ry a malty na murive a vonkaj\u0161ie omietky. M\u00f4\u017ee sa tie\u017e pou\u017ei\u0165 na impregn\u00e1ciu proti soliam. Emulzia je vhodn\u00e1 ako impregna\u010dn\u00fd prostriedok na zr\u00faten\u00e9 a\/alebo por\u00e9zne povrchy malty, omietky a poterov, ako aj na lepenie \u017eivi\u010dn\u00fdch filtrov na ploch\u00fdch strech\u00e1ch. MIX A793 zabra\u0148uje strate vody pri letn\u00fdch klimatick\u00fdch podmienkach. Zabra\u0148uje vzniku v\u00e1penn\u00fdch v\u00fdkvantov.<\/p>\n<\/div>\n<\/div>\n<\/div>\n<div class=\"mb-2 flex gap-3 -ml-2\" tabindex=\"0\">\n<div class=\"items-center justify-start rounded-xl p-1 flex\">\n<div class=\"flex items-center\"><\/div>\n<\/div>\n<\/div>\n<p>[\/vc_column_text][vc_column_text]<\/p>\n<div class=\"flex max-w-full flex-col flex-grow\">\n<div class=\"min-h-8 text-message relative flex w-full flex-col items-end gap-2 whitespace-normal break-words text-start [.text-message+&amp;]:mt-5\" dir=\"auto\" data-message-author-role=\"assistant\" data-message-id=\"e3f5480e-2ab4-483e-a54c-ea1f0b1df418\" data-message-model-slug=\"gpt-4o-mini\">\n<div class=\"flex w-full flex-col gap-1 empty:hidden first:pt-[3px]\">\n<h3 data-start=\"0\" data-end=\"507\"><strong data-start=\"0\" data-end=\"12\" data-is-only-node=\"\">POU\u017dITIE<\/strong><\/h3>\n<p data-start=\"0\" data-end=\"507\" data-is-last-node=\"\" data-is-only-node=\"\">ako spojovac\u00ed n\u00e1ter, ktor\u00fd zaru\u010duje pevn\u00e9 spojenie podkladu s omietkou, poterom a pod.<br data-start=\"101\" data-end=\"104\" \/>pr\u00edsada do malty na b\u00e1ze cementu a do vyrovn\u00e1vac\u00edch malty<br data-start=\"161\" data-end=\"164\" \/>v kombin\u00e1cii s hydroizola\u010dnou maltou K 11 Schl\u00e4mme Grau vytv\u00e1ra proti-so\u013en\u00fa bari\u00e9ru<br data-start=\"247\" data-end=\"250\" \/>zlep\u0161uje spracovate\u013enos\u0165 \u0161lamov, malty, omietok a pod.<br data-start=\"304\" data-end=\"307\" \/>zvy\u0161uje odolnos\u0165 povrchov zo \u0161lamu, malty, omietky a pod. vo\u010di oderu<br data-start=\"375\" data-end=\"378\" \/>m\u00f4\u017ee by\u0165 pou\u017eit\u00e1 ako impregn\u00e1cia na zr\u00faten\u00e9 a por\u00e9zne povrchy malty, omietky, poterov<br data-start=\"463\" data-end=\"466\" \/>na lepenie kameniva na ploch\u00fdch strech\u00e1ch<\/p>\n<\/div>\n<\/div>\n<\/div>\n<div class=\"mb-2 flex gap-3 -ml-2\" tabindex=\"0\">\n<div class=\"items-center justify-start rounded-xl p-1 flex\">\n<div class=\"flex items-center\"><\/div>\n<\/div>\n<\/div>\n<p>[\/vc_column_text][\/vc_column][\/vc_row][vc_row][vc_column][vc_empty_space][\/vc_column][vc_column][vc_separator style=\"dashed\"][\/vc_column][\/vc_row][vc_row][vc_column width=\"2\/3\"][vc_column_text]<\/p>\n<h3 data-start=\"0\" data-end=\"56\"><strong data-start=\"0\" data-end=\"56\">VLASTNOSTI BOSTIK MIX A793 (Haftemulsion-Konzentrat)<\/strong><\/h3>\n<p data-start=\"58\" data-end=\"239\" data-is-last-node=\"\" data-is-only-node=\"\">univerz\u00e1lny<br data-start=\"69\" data-end=\"72\" data-is-only-node=\"\" \/>bez plniv<br data-start=\"81\" data-end=\"84\" \/>neobsahuje rozp\u00fa\u0161\u0165adlo<br data-start=\"106\" data-end=\"109\" \/>zlep\u0161uje spracovate\u013enos\u0165 a pri\u013enavos\u0165 materi\u00e1lov<br data-start=\"157\" data-end=\"160\" \/>odoln\u00fd vo\u010di mrazu<br data-start=\"177\" data-end=\"180\" \/>zabra\u0148uje strate vody v letn\u00fdch poveternostn\u00fdch podmienkach<\/p>\n<p>[\/vc_column_text][vc_column_text]<\/p>\n<h3 data-start=\"0\" data-end=\"20\"><strong data-start=\"0\" data-end=\"20\">TECHNICK\u00c9 \u00daDAJE:<\/strong><\/h3>\n<p data-start=\"22\" data-end=\"340\" data-is-last-node=\"\" data-is-only-node=\"\">Z\u00e1klad: latexov\u00e1 disperzia<br data-start=\"48\" data-end=\"51\" data-is-only-node=\"\" \/>Hustota: 1,01 kg\/l<br data-start=\"69\" data-end=\"72\" \/>Farba: biela<br data-start=\"84\" data-end=\"87\" \/>Viskozita: 80 mPa.s<br data-start=\"106\" data-end=\"109\" \/>Obsah such\u00fdch l\u00e1tok: &gt;47<br data-start=\"133\" data-end=\"136\" \/>Minim\u00e1lna teplota tvorby poko\u017eky: +\/- 0\u00b0C<br data-start=\"177\" data-end=\"180\" \/>Hodnota pH: 10,5-11,5<br data-start=\"201\" data-end=\"204\" \/>Pred\u013a\u017eenie pri prasknut\u00ed: &gt;1000<br data-start=\"235\" data-end=\"238\" \/>Za\u0165a\u017eenie a mo\u017enos\u0165 vstupu na povrch: po zaschnut\u00ed<br data-start=\"288\" data-end=\"291\" \/>Obsah pln\u00edv: 0%<br data-start=\"306\" data-end=\"309\" \/>Odolnos\u0165 vo\u010di mrazu a soli: \u00e1no<\/p>\n<p>[\/vc_column_text][\/vc_column][vc_column width=\"1\/3\"][vc_single_image image=\"261738\" img_size=\"medium\"][\/vc_column][\/vc_row][vc_row][vc_column][vc_separator style=\"dashed\"][vc_empty_space][\/vc_column][\/vc_row][vc_row][vc_column][vc_column_text]<\/p>\n<h3 data-start=\"0\" data-end=\"17\"><strong data-start=\"0\" data-end=\"17\">\u010cas schnutia:<\/strong><\/h3>\n<p data-start=\"19\" data-end=\"144\" data-is-last-node=\"\" data-is-only-node=\"\">\u010cas schnutia z\u00e1vis\u00ed od typu a ve\u013ekosti povrchu a je pribli\u017ene 2 hodiny (pri teplote +20\u00b0C a relat\u00edvnej vlhkosti vzduchu 60%).<\/p>\n<p>[\/vc_column_text][\/vc_column][\/vc_row][vc_row][vc_column][vc_separator style=\"dashed\"][vc_empty_space][\/vc_column][\/vc_row][vc_row][vc_column width=\"1\/3\"][vc_column_text]<\/p>\n<div class=\"flex max-w-full flex-col flex-grow\">\n<div class=\"min-h-8 text-message relative flex w-full flex-col items-end gap-2 whitespace-normal break-words text-start [.text-message+&amp;]:mt-5\" dir=\"auto\" data-message-author-role=\"assistant\" data-message-id=\"14920d75-019f-4407-8cdf-4b0744e3a094\" data-message-model-slug=\"gpt-4o-mini\">\n<div class=\"flex w-full flex-col gap-1 empty:hidden first:pt-[3px]\">\n<div class=\"markdown prose w-full break-words dark:prose-invert dark\">\n<h4 data-start=\"0\" data-end=\"11\"><strong data-start=\"0\" data-end=\"11\">N\u00c1RADIE<\/strong><\/h4>\n<p data-start=\"13\" data-end=\"47\" data-is-last-node=\"\" data-is-only-node=\"\">Val\u010dek<br data-start=\"19\" data-end=\"22\" data-is-only-node=\"\" \/>\u0160tetec<br data-start=\"28\" data-end=\"31\" \/>\u0160tetec na lavice<\/p>\n<\/div>\n<\/div>\n<\/div>\n<\/div>\n<div class=\"mb-2 flex gap-3 -ml-2\" tabindex=\"0\">\n<div class=\"items-center justify-start rounded-xl p-1 flex\">\n<div class=\"flex items-center\"><\/div>\n<\/div>\n<\/div>\n<p>[\/vc_column_text][\/vc_column][vc_column width=\"1\/3\"][vc_column_text]<\/p>\n<h4>SPOTREBA<\/h4>\n<p>[\/vc_column_text][vc_raw_html]JTNDdGFibGUlM0UlMEElM0N0Ym9keSUzRSUwQSUzQ3RyJTNFJTBBJTNDdGQlM0UlM0MlMkZ0ZCUzRSUwQSUzQ3RkJTNFWnUlQzUlQkN5Y2llJTIwTCUyRm0yJTNDJTJGdGQlM0UlM0MlMkZ0ciUzRSUwQSUzQ3RyJTNFJTNDdGQlM0VNb3N0ZWslMjBzY3plcG55JTNBJTNDJTJGdGQlM0UlM0N0ZCUzRTAlMkMxNSUzQyUyRnRkJTNFJTNDJTJGdHIlM0UlMEElM0N0ciUzRSUzQ3RkJTNFRG9kYXRlayUyMGRvJTIwemFwcmF3eSUyMHp3aSVDNCU5OWtzemFqJUM0JTg1Y3klMjBwcnp5Y3plcG5vJUM1JTlCJUM0JTg3JTNBJTNDJTJGdGQlM0UlM0N0ZCUzRTAlMkMxMiUzQyUyRnRkJTNFJTNDJTJGdHIlM0UlMEElM0N0ciUzRSUzQ3RkJTNFRG9kYXRlayUyMGRvJTIwQkxPQ0slMjBDNTE0JTIwVEVSUkElMjAxSyUyMEZMRVglM0ElM0MlMkZ0ZCUzRSUzQ3RkJTNFb2QlMjAxMCUyMGRvJTIwMzAlMjUlMjBkbyUwQXdvZHklMjB6YXJvYm93ZWolM0MlMkZ0ZCUzRSUzQyUyRnRyJTNFJTBBJTNDJTJGdGJvZHklM0UlM0MlMkZ0YWJsZSUzRSUwQQ==[\/vc_raw_html][\/vc_column][vc_column width=\"1\/3\"][vc_column_text]<\/p>\n<h4 data-start=\"0\" data-end=\"13\"><strong data-start=\"0\" data-end=\"13\">DOKUMENTY<\/strong><\/h4>\n<p data-start=\"15\" data-end=\"29\"><a href=\"https:\/\/www.bostik.com\/files\/live\/sites\/shared_bostik\/files\/documents-brochures\/Poland\/Documents\/TDS\/Bostik-Poland-Seal-and-Block-Mix-A793-Emulsion-tds.pdf\" target=\"_blank\" rel=\"noopener\">Technick\u00fd list<\/a><\/p>\n<p data-start=\"31\" data-end=\"48\" data-is-last-node=\"\" data-is-only-node=\"\"><a href=\"https:\/\/www.bostik.com\/files\/live\/sites\/shared_bostik\/files\/documents-brochures\/Poland\/Documents\/SDS\/Bostik-Poland-Seal-and-Block-Mix-A793-Emulsion-sds.pdf\" target=\"_blank\" rel=\"noopener\">Bezpe\u010dnostn\u00fd list<\/a><\/p>\n<p>[\/vc_column_text][\/vc_column][\/vc_row][vc_row][vc_column][vc_raw_html]JTIwJTIwJTIwJTIwJTNDdGl0bGUlM0VLYWxrdWxhdG9yJTIwenUlQzUlQkN5Y2lhJTIwbWF0ZXJpYSVDNSU4MnUlM0MlMkZ0aXRsZSUzRSUwQSUyMCUyMCUyMCUyMCUzQ3N0eWxlJTNFJTBBJTIwJTIwJTIwJTIwJTIwJTIwJTIwJTIwYm9keSUyMCU3QiUwQSUyMCUyMCUyMCUyMCUyMCUyMCUyMCUyMCUyMCUyMCUyMCUyMGZvbnQtZmFtaWx5JTNBJTIwQXJpYWwlMkMlMjBzYW5zLXNlcmlmJTNCJTBBJTIwJTIwJTIwJTIwJTIwJTIwJTIwJTIwJTIwJTIwJTIwJTIwbWFyZ2luJTNBJTIwMjBweCUzQiUwQSUyMCUyMCUyMCUyMCUyMCUyMCUyMCUyMCU3RCUwQSUyMCUyMCUyMCUyMCUyMCUyMCUyMCUyMGxhYmVsJTIwJTdCJTBBJTIwJTIwJTIwJTIwJTIwJTIwJTIwJTIwJTIwJTIwJTIwJTIwZGlzcGxheSUzQSUyMGJsb2NrJTNCJTBBJTIwJTIwJTIwJTIwJTIwJTIwJTIwJTIwJTIwJTIwJTIwJTIwbWFyZ2luLWJvdHRvbSUzQSUyMDVweCUzQiUwQSUyMCUyMCUyMCUyMCUyMCUyMCUyMCUyMCU3RCUwQSUyMCUyMCUyMCUyMCUyMCUyMCUyMCUyMGlucHV0JTIwJTdCJTBBJTIwJTIwJTIwJTIwJTIwJTIwJTIwJTIwJTIwJTIwJTIwJTIwd2lkdGglM0ElMjAxMDAlMjUlM0IlMEElMjAlMjAlMjAlMjAlMjAlMjAlMjAlMjAlMjAlMjAlMjAlMjBwYWRkaW5nJTNBJTIwNXB4JTNCJTBBJTIwJTIwJTIwJTIwJTIwJTIwJTIwJTIwJTIwJTIwJTIwJTIwbWFyZ2luLWJvdHRvbSUzQSUyMDEwcHglM0IlMEElMjAlMjAlMjAlMjAlMjAlMjAlMjAlMjAlN0QlMEElMjAlMjAlMjAlMjAlMjAlMjAlMjAlMjBidXR0b24lMjAlN0IlMEElMjAlMjAlMjAlMjAlMjAlMjAlMjAlMjAlMjAlMjAlMjAlMjBwYWRkaW5nJTNBJTIwMTBweCUyMDIwcHglM0IlMEElMjAlMjAlMjAlMjAlMjAlMjAlMjAlMjAlMjAlMjAlMjAlMjBiYWNrZ3JvdW5kLWNvbG9yJTNBJTIwJTIzNENBRjUwJTNCJTBBJTIwJTIwJTIwJTIwJTIwJTIwJTIwJTIwJTIwJTIwJTIwJTIwY29sb3IlM0ElMjB3aGl0ZSUzQiUwQSUyMCUyMCUyMCUyMCUyMCUyMCUyMCUyMCUyMCUyMCUyMCUyMGJvcmRlciUzQSUyMG5vbmUlM0IlMEElMjAlMjAlMjAlMjAlMjAlMjAlMjAlMjAlMjAlMjAlMjAlMjBjdXJzb3IlM0ElMjBwb2ludGVyJTNCJTBBJTIwJTIwJTIwJTIwJTIwJTIwJTIwJTIwJTdEJTBBJTIwJTIwJTIwJTIwJTIwJTIwJTIwJTIwJTIzd3luaWslMjAlN0IlMEElMjAlMjAlMjAlMjAlMjAlMjAlMjAlMjAlMjAlMjAlMjAlMjBtYXJnaW4tdG9wJTNBJTIwMjBweCUzQiUwQSUyMCUyMCUyMCUyMCUyMCUyMCUyMCUyMCUyMCUyMCUyMCUyMGZvbnQtd2VpZ2h0JTNBJTIwYm9sZCUzQiUwQSUyMCUyMCUyMCUyMCUyMCUyMCUyMCUyMCU3RCUwQSUyMCUyMCUyMCUyMCUzQyUyRnN0eWxlJTNFJTBBJTBBJTIwJTIwJTIwJTIwJTNDaDIlM0VLYWxrdWxhdG9yJTIwenUlQzUlQkN5Y2lhJTIwbWF0ZXJpYSVDNSU4MnUlM0MlMkZoMiUzRSUwQSUyMCUyMCUyMCUyMCUzQ2xhYmVsJTIwZm9yJTNEJTIycG93aWVyemNobmlhJTIyJTNFUG93aWVyemNobmlhJTIwJTI4dyUyMG1ldHJhY2glMjBrd2FkcmF0b3d5Y2glMjklM0ElM0MlMkZsYWJlbCUzRSUwQSUyMCUyMCUyMCUyMCUzQ2lucHV0JTIwdHlwZSUzRCUyMm51bWJlciUyMiUyMGlkJTNEJTIycG93aWVyemNobmlhJTIyJTIwc3RlcCUzRCUyMjElMjIlM0UlMEElM0NsYWJlbCUyMGZvciUzRCUyMnBvamVtbm9zYyUyMiUzRVBvamVtbm8lQzUlOUIlQzQlODclMjBiYW5pYWthJTIwJTI4dyUyMGxpdHJhY2glMjklM0ElM0MlMkZsYWJlbCUzRSUwQSUzQ3NlbGVjdCUyMG5hbWUlM0QlMjJwb2plbW5vc2MlMjIlMjBpZCUzRCUyMnBvamVtbm9zYyUyMiUzRSUwQSUyMCUyMCUzQ29wdGlvbiUyMHZhbHVlJTNEJTIyMTAlMjIlMjBzZWxlY3RlZCUzRTEwJTIwTCUzQyUyRm9wdGlvbiUzRSUwQSUzQyUyRnNlbGVjdCUzRSUwQSUwQSUyMCUyMCUyMCUyMCUzQ2J1dHRvbiUyMGlkJTNEJTIyb2JsaWN6QnRuJTIyJTNFT2JsaWN6JTNDJTJGYnV0dG9uJTNFJTBBJTIwJTIwJTIwJTIwJTNDZGl2JTIwaWQlM0QlMjJ3eW5payUyMiUzRSUzQyUyRmRpdiUzRSUwQSUwQSUyMCUyMCUyMCUyMCUzQ3NjcmlwdCUzRSUwQSUyMCUyMCUyMCUyMCUyMCUyMCUyMCUyMGRvY3VtZW50LmdldEVsZW1lbnRCeUlkJTI4JTI3b2JsaWN6QnRuJTI3JTI5LmFkZEV2ZW50TGlzdGVuZXIlMjglMjdjbGljayUyNyUyQyUyMGZ1bmN0aW9uJTIwJTI4JTI5JTIwJTdCJTBBJTIwJTIwJTIwJTIwJTIwJTIwJTIwJTIwJTIwJTIwJTIwJTIwY29uc3QlMjBwb3dpZXJ6Y2huaWElMjAlM0QlMjBwYXJzZUZsb2F0JTI4ZG9jdW1lbnQuZ2V0RWxlbWVudEJ5SWQlMjglMjdwb3dpZXJ6Y2huaWElMjclMjkudmFsdWUlMjklM0IlMEElMjAlMjAlMjAlMjAlMjAlMjAlMjAlMjAlMjAlMjAlMjAlMjBjb25zdCUyMG1pbmltYWxuZVp1enljaWUlMjAlM0QlMjAwLjA4JTIwJTJBJTIwcG93aWVyemNobmlhJTNCJTBBJTIwJTIwJTIwJTIwJTIwJTIwJTIwJTIwJTIwJTIwJTIwJTIwY29uc3QlMjBtYWtzeW1hbG5lWnV6eWNpZSUyMCUzRCUyMDAuMTUlMjAlMkElMjBwb3dpZXJ6Y2huaWElM0IlMEElMjAlMjAlMjAlMjAlMjAlMjAlMjAlMjAlMjAlMjAlMjAlMjBjb25zdCUyMHBvamVtbm9zY1dpYWRlcmthJTIwJTNEJTIwcGFyc2VGbG9hdCUyOGRvY3VtZW50LmdldEVsZW1lbnRCeUlkJTI4JTI3cG9qZW1ub3NjJTI3JTI5LnZhbHVlJTI5JTNCJTBBJTIwJTIwJTIwJTIwJTIwJTIwJTIwJTIwJTIwJTIwJTIwJTIwY29uc3QlMjBtaW5pbWFsbmVJbG9zY1dpYWRlciUyMCUzRCUyME1hdGguY2VpbCUyOG1pbmltYWxuZVp1enljaWUlMjAlMkYlMjBwb2plbW5vc2NXaWFkZXJrYSUyOSUzQiUwQSUyMCUyMCUyMCUyMCUyMCUyMCUyMCUyMCUyMCUyMCUyMCUyMGNvbnN0JTIwbWFrc3ltYWxuZUlsb3NjV2lhZGVyJTIwJTNEJTIwTWF0aC5jZWlsJTI4bWFrc3ltYWxuZVp1enljaWUlMjAlMkYlMjBwb2plbW5vc2NXaWFkZXJrYSUyOSUzQiUwQSUwQSUyMCUyMCUyMCUyMCUyMCUyMCUyMCUyMCUyMCUyMCUyMCUyMGRvY3VtZW50LmdldEVsZW1lbnRCeUlkJTI4JTI3d3luaWslMjclMjkuaW5uZXJIVE1MJTIwJTNEJTIwJTIyTWluaW1hbG5lJTIwenUlQzUlQkN5Y2llJTIwbWF0ZXJpYSVDNSU4MnUlM0ElMjAlMjIlMjAlMkIlMjBtaW5pbWFsbmVadXp5Y2llLnRvRml4ZWQlMjgyJTI5JTIwJTJCJTIwJTIyJTIwTCUyMCUyMiUyMCUyQiUyMCUyMiUzQ2JyJTNFJTIyJTNCJTBBJTIwJTIwJTIwJTIwJTIwJTIwJTIwJTIwJTIwJTIwJTIwJTIwZG9jdW1lbnQuZ2V0RWxlbWVudEJ5SWQlMjglMjd3eW5payUyNyUyOS5pbm5lckhUTUwlMjAlMkIlM0QlMjAlMjJNYWtzeW1hbG5lJTIwenUlQzUlQkN5Y2llJTIwbWF0ZXJpYSVDNSU4MnUlM0ElMjAlMjIlMjAlMkIlMjBtYWtzeW1hbG5lWnV6eWNpZS50b0ZpeGVkJTI4MiUyOSUyMCUyQiUyMCUyMiUyMEwlMjAlMjIlMjAlMkIlMjAlMjIlM0NiciUzRSUyMiUzQiUwQSUyMCUyMCUyMCUyMCUyMCUyMCUyMCUyMCUyMCUyMCUyMCUyMGRvY3VtZW50LmdldEVsZW1lbnRCeUlkJTI4JTI3d3luaWslMjclMjkuaW5uZXJIVE1MJTIwJTJCJTNEJTIwJTIySWxvJUM1JTlCJUM0JTg3JTIwYmFuaWFrJUMzJUIzdyUyMHBvdHJ6ZWJueWNoJTIwamFrbyUyMGRvZGF0ZWslMjBkbyUyMHphcHJhdyUzQSUyMCUyMiUyMCUyQiUyMG1pbmltYWxuZUlsb3NjV2lhZGVyJTIwJTJCJTIwJTIyJTNDYnIlM0UlMjIlM0IlMEElMjAlMjAlMjAlMjAlMjAlMjAlMjAlMjAlMjAlMjAlMjAlMjBkb2N1bWVudC5nZXRFbGVtZW50QnlJZCUyOCUyN3d5bmlrJTI3JTI5LmlubmVySFRNTCUyMCUyQiUzRCUyMCUyMklsbyVDNSU5QiVDNCU4NyUyMGJhbmlhayVDMyVCM3clMjBwb3RyemVibnljaCUyMGRvJTIwZ3J1bnRvd2FuaWElM0ElMjAlMjIlMjAlMkIlMjBtYWtzeW1hbG5lSWxvc2NXaWFkZXIlM0IlMEElMjAlMjAlMjAlMjAlMjAlMjAlMjAlMjAlN0QlMjklM0IlMEElMjAlMjAlMjAlMjAlM0MlMkZzY3JpcHQlM0U=[\/vc_raw_html][vc_separator style=\"dashed\"][vc_empty_space height=\"64px\"][vc_column_text]<\/p>\n<h3 data-start=\"0\" data-end=\"24\"><strong data-start=\"0\" data-end=\"24\">\u010co je hydroizol\u00e1cia?<\/strong><\/h3>\n<p data-start=\"26\" data-end=\"231\">Hydroizol\u00e1cia je inak naz\u00fdvan\u00e1 izol\u00e1cia proti vlhkosti, ktor\u00e1 spo\u010d\u00edva v zabezpe\u010den\u00ed objektu pred \u0161kodliv\u00fdmi a ni\u010div\u00fdmi \u00fa\u010dinkami vody. Hydroizol\u00e1cie klasifikujeme pod\u013ea spojiva (pr\u00edpravky na hydroizol\u00e1ciu):<\/p>\n<ul data-start=\"233\" data-end=\"1293\" data-is-last-node=\"\" data-is-only-node=\"\">\n<li data-start=\"233\" data-end=\"450\">na b\u00e1ze bit\u00famenov a dechtu (zavrhovan\u00e1 met\u00f3da, od ktorej sa up\u00fa\u0161\u0165a), poskytuj\u00fa vysok\u00fa vodoodolnos\u0165, \u013eahko dostupn\u00e9 materi\u00e1ly, ale maj\u00fa neefekt\u00edvnu pri\u013enavos\u0165 medzi vrstvami (okrem toho negat\u00edvne ovplyv\u0148uj\u00fa zdravie),<\/li>\n<li data-start=\"451\" data-end=\"673\">na b\u00e1ze syntetick\u00fdch \u017eiv\u00edc (modern\u00e9 pr\u00edpravky) \u2013 s\u00fa vhodn\u00e9 len v interi\u00e9roch, v dom\u00e1cnostiach; nie s\u00fa vhodn\u00e9 na hydroizol\u00e1ciu ve\u013ek\u00fdch vodn\u00fdch n\u00e1dr\u017e\u00ed, preto\u017ee pri dlhodobom p\u00f4soben\u00ed vody doch\u00e1dza k zn\u00ed\u017eeniu ich \u00fa\u010dinnosti,<\/li>\n<li data-start=\"674\" data-end=\"1042\" data-is-only-node=\"\">hydroizola\u010dn\u00e9 pr\u00edpravky miner\u00e1lno-polymerov\u00e9 \u2013 tieto pr\u00edpravky s\u00fa zbaven\u00e9 vy\u0161\u0161ie uveden\u00fdch nedostatkov a s\u00fa zn\u00e1me ako \u0161lamy na izol\u00e1ciu alebo utesnenie. Miner\u00e1lno-polymerov\u00e9 dvojzlo\u017ekov\u00e9 hydroizol\u00e1cie s\u00fa ide\u00e1lne na ochranu proti vode muriva, soklov, vodn\u00fdch n\u00e1dr\u017e\u00ed, baz\u00e9nov, balk\u00f3nov, ter\u00e1s a striech, ako aj miestnost\u00ed s vy\u0161\u0161ou vlhkos\u0165ou, ako s\u00fa k\u00fape\u013ene a pr\u00e1\u010dovne,<\/li>\n<li data-start=\"1043\" data-end=\"1293\" data-is-last-node=\"\">viaczlo\u017ekov\u00e9 pr\u00edpravky na b\u00e1ze reakt\u00edvnych \u017eiv\u00edc (najmodernej\u0161ie spojiv\u00e1) \u2013 m\u00f4\u017eu to by\u0165 produkty na b\u00e1ze polyuret\u00e1nov\u00fdch a epoxidov\u00fdch \u017eiv\u00edc. Tieto sa vyzna\u010duj\u00fa dobrou penetr\u00e1ciou do podkladu, v\u010faka \u010domu maj\u00fa vysok\u00fa pri\u013enavos\u0165 a \u00fapln\u00fa vodoodolnos\u0165.<\/li>\n<\/ul>\n<p>[\/vc_column_text][\/vc_column][\/vc_row][vc_row][vc_column][vc_empty_space height=\"64px\"][\/vc_column][\/vc_row]<\/p>\n","protected":false},"excerpt":{"rendered":"<p><strong data-start=\"0\" data-end=\"45\" data-is-only-node=\"\">BOSTIK MIX A793 (Haftemulsion-Konzentrat)<\/strong> je pr\u00eddavok do malty, \u0161lamov, omietok a poterov na b\u00e1ze latexovej disperzie. Zlep\u0161uje spracovate\u013enos\u0165 a pri\u013enavos\u0165 materi\u00e1lov. Je odoln\u00fd vo\u010di vplyvom atmosferick\u00fdch podmienok a trenia v\u00e1pennej vrstvy.<\/p>\n","protected":false},"featured_media":273675,"comment_status":"open","ping_status":"closed","template":"","meta":{"_acf_changed":false},"product_brand":[],"product_cat":[878,876,879,899,902,903,901,896,900],"product_tag":[888,904,905,906,907,908,890,909],"class_list":{"0":"post-278995","1":"product","2":"type-product","3":"status-publish","4":"has-post-thumbnail","6":"product_cat-bostik-sk","7":"product_cat-hydroizolacja-sk","8":"product_cat-hydroizolacja-fundamentu-sk","9":"product_cat-mineralne-materialy-sk","10":"product_cat-ochrona-i-naprawa-betonu-sk","11":"product_cat-przygotowanie-podloza-ochrona-i-naprawa-betonu-sk","12":"product_cat-przygotowanie-podloza-tynki-renowacyjne-sk","13":"product_cat-przygotowanie-podloza-sk","14":"product_cat-tynki-renowacyjne-sk","15":"product_tag-bostik-sk","16":"product_tag-dodatek-do-zapraw-sk","17":"product_tag-dyspersja-sk","18":"product_tag-emulsja-sk","19":"product_tag-grunt-sk","20":"product_tag-grunt-szczepny-sk","21":"product_tag-hydroizolacja-sk","22":"product_tag-latex-sk","23":"product_shipping_class-trudna-wysylka-sk","25":"first","26":"onbackorder","27":"taxable","28":"shipping-taxable","29":"purchasable","30":"product-type-simple"},"acf":[],"_links":{"self":[{"href":"https:\/\/www.sanier.pl\/sk\/wp-json\/wp\/v2\/product\/278995","targetHints":{"allow":["GET"]}}],"collection":[{"href":"https:\/\/www.sanier.pl\/sk\/wp-json\/wp\/v2\/product"}],"about":[{"href":"https:\/\/www.sanier.pl\/sk\/wp-json\/wp\/v2\/types\/product"}],"replies":[{"embeddable":true,"href":"https:\/\/www.sanier.pl\/sk\/wp-json\/wp\/v2\/comments?post=278995"}],"wp:featuredmedia":[{"embeddable":true,"href":"https:\/\/www.sanier.pl\/sk\/wp-json\/wp\/v2\/media\/273675"}],"wp:attachment":[{"href":"https:\/\/www.sanier.pl\/sk\/wp-json\/wp\/v2\/media?parent=278995"}],"wp:term":[{"taxonomy":"product_brand","embeddable":true,"href":"https:\/\/www.sanier.pl\/sk\/wp-json\/wp\/v2\/product_brand?post=278995"},{"taxonomy":"product_cat","embeddable":true,"href":"https:\/\/www.sanier.pl\/sk\/wp-json\/wp\/v2\/product_cat?post=278995"},{"taxonomy":"product_tag","embeddable":true,"href":"https:\/\/www.sanier.pl\/sk\/wp-json\/wp\/v2\/product_tag?post=278995"}],"curies":[{"name":"wp","href":"https:\/\/api.w.org\/{rel}","templated":true}]}}