{"id":278993,"date":"2017-03-30T12:54:19","date_gmt":"2017-03-30T12:54:19","guid":{"rendered":"https:\/\/www.sanier.pl\/produkt\/duodur-baumit\/"},"modified":"2025-03-06T12:04:58","modified_gmt":"2025-03-06T12:04:58","slug":"duodur-baumit","status":"publish","type":"product","link":"https:\/\/www.sanier.pl\/sk\/produkt\/duodur-baumit\/","title":{"rendered":"DuoDur | Baumit"},"content":{"rendered":"<p>[vc_row][vc_column][vc_column_text]<img loading=\"lazy\" decoding=\"async\" class=\"size-full wp-image-3279 aligncenter\" src=\"https:\/\/sanier.pl\/wp-content\/uploads\/2017\/03\/baumit_logo_2012-e1490989945791.jpg\" alt=\"baumit_logo_2012\" width=\"125\" height=\"146\" \/><\/p>\n<h2><a href=\"https:\/\/www.sanier.pl\/produkt\/duodur-baumit\/\">DuoDur<\/a><\/h2>\n<div class=\"flex max-w-full flex-col flex-grow\">\n<div class=\"min-h-8 text-message relative flex w-full flex-col items-end gap-2 whitespace-normal break-words text-start [.text-message+&amp;]:mt-5\" dir=\"auto\" data-message-author-role=\"assistant\" data-message-id=\"3a3ea85b-3e71-4860-8559-701a12721e27\" data-message-model-slug=\"gpt-4o-mini\">\n<div class=\"flex w-full flex-col gap-1 empty:hidden first:pt-[3px]\">\n<p data-start=\"0\" data-end=\"352\"><strong data-start=\"0\" data-end=\"19\">DuoDur - Baumit<\/strong> je univerz\u00e1lna, cementovo-v\u00e1penn\u00e1 maltov\u00e1 zmes ur\u010den\u00e1 na murovanie a omietanie. Produkt ur\u010den\u00fd na ru\u010dn\u00e9 pou\u017eitie, pou\u017e\u00edvan\u00fd vn\u00fatri aj vonku. Murovacia a omietkov\u00e1 zmes s mrazuvzdornos\u0165ou a vodoodolnos\u0165ou. Produkt sl\u00fa\u017ei na murovanie alebo omietanie nov\u00fdch alebo renovovan\u00fdch budov. Vyzna\u010duje sa ve\u013emi dobr\u00fdmi pracovn\u00fdmi vlastnos\u0165ami.<\/p>\n<h4 data-start=\"354\" data-end=\"376\"><strong data-start=\"354\" data-end=\"376\">Vlastnosti:<\/strong><\/h4>\n<ul data-start=\"377\" data-end=\"473\">\n<li data-start=\"377\" data-end=\"402\">Cementovo-v\u00e1penn\u00e1 malta<\/li>\n<li data-start=\"403\" data-end=\"416\">Univerz\u00e1lna<\/li>\n<li data-start=\"417\" data-end=\"445\">U\u013eah\u010duje a ur\u00fdch\u013euje pr\u00e1cu<\/li>\n<li data-start=\"446\" data-end=\"460\">Mrazuvzdorn\u00e1<\/li>\n<li data-start=\"461\" data-end=\"473\">Vodoodoln\u00e1<\/li>\n<\/ul>\n<h4 data-start=\"475\" data-end=\"488\"><strong data-start=\"475\" data-end=\"488\">Pou\u017eitie:<\/strong><\/h4>\n<ul data-start=\"489\" data-end=\"794\">\n<li data-start=\"489\" data-end=\"595\">Na murovanie stien z teh\u00e1l a blokov: keramick\u00fdch, bet\u00f3nov\u00fdch, keramzitov\u00fdch, silik\u00e1tov\u00fdch a z p\u00f3robet\u00f3nu<\/li>\n<li data-start=\"596\" data-end=\"631\">Na vykon\u00e1vanie tradi\u010dn\u00fdch omietok<\/li>\n<li data-start=\"632\" data-end=\"661\">Na vypl\u0148ovanie \u0161k\u00e1r a opr\u00e1v<\/li>\n<li data-start=\"662\" data-end=\"689\">Na vyrovn\u00e1vanie podkladov<\/li>\n<li data-start=\"690\" data-end=\"738\">Nahr\u00e1dza tradi\u010dne pripravovan\u00e9 malty na stavbe<\/li>\n<li data-start=\"739\" data-end=\"767\">Pou\u017e\u00edva sa vn\u00fatri aj vonku<\/li>\n<li data-start=\"768\" data-end=\"794\">Nov\u00e9 a renovovan\u00e9 budovy<\/li>\n<\/ul>\n<h4 data-start=\"796\" data-end=\"809\"><strong data-start=\"796\" data-end=\"809\">Zlo\u017eenie:<\/strong><\/h4>\n<ul data-start=\"810\" data-end=\"857\">\n<li data-start=\"810\" data-end=\"857\">Hydratizovan\u00e9 v\u00e1pno, cement, piesky, pr\u00edsady.<\/li>\n<\/ul>\n<h4 data-start=\"859\" data-end=\"876\"><strong data-start=\"859\" data-end=\"876\">Ve\u013ekos\u0165 zrna:<\/strong><\/h4>\n<ul data-start=\"877\" data-end=\"883\">\n<li data-start=\"877\" data-end=\"883\">2 mm<\/li>\n<\/ul>\n<h4 data-start=\"885\" data-end=\"898\"><strong data-start=\"885\" data-end=\"898\">Spotreba:<\/strong><\/h4>\n<ul data-start=\"899\" data-end=\"1183\">\n<li data-start=\"899\" data-end=\"1121\">Ako malta na murovanie - z\u00e1vis\u00ed od hr\u00fabky a form\u00e1tu teh\u00e1l\/blokov:\n<ul data-start=\"970\" data-end=\"1121\">\n<li data-start=\"970\" data-end=\"1004\">Pri hr\u00fabke \u0161k\u00e1ry 8 mm - 21 kg\/m\u00b2<\/li>\n<li data-start=\"1008\" data-end=\"1043\">Pri hr\u00fabke \u0161k\u00e1ry 10 mm - 26 kg\/m\u00b2<\/li>\n<li data-start=\"1047\" data-end=\"1082\">Pri hr\u00fabke \u0161k\u00e1ry 12 mm - 31 kg\/m\u00b2<\/li>\n<li data-start=\"1086\" data-end=\"1121\">Pri hr\u00fabke \u0161k\u00e1ry 15 mm - 36 kg\/m\u00b2<\/li>\n<\/ul>\n<\/li>\n<li data-start=\"1122\" data-end=\"1183\">Ako omietka - pribli\u017ene 16,5 kg\/m\u00b2 pri hr\u00fabke omietky 10 mm<\/li>\n<\/ul>\n<p data-start=\"1185\" data-end=\"1210\" data-is-last-node=\"\" data-is-only-node=\"\"><a href=\"https:\/\/sanier.pl\/wp-content\/uploads\/2017\/03\/PDBL_DuoDur.pdf\" target=\"_blank\" rel=\"noopener\"><strong data-start=\"1185\" data-end=\"1210\" data-is-last-node=\"\">Technick\u00fd list DuoDur<\/strong><\/a>[\/vc_column_text][\/vc_column][\/vc_row]<\/p>\n<\/div>\n<\/div>\n<\/div>\n<\/div>\n","protected":false},"excerpt":{"rendered":"<div class=\"flex max-w-full flex-col flex-grow\">\n<div class=\"min-h-8 text-message relative flex w-full flex-col items-end gap-2 whitespace-normal break-words text-start [.text-message+&amp;]:mt-5\" dir=\"auto\" data-message-author-role=\"assistant\" data-message-id=\"c5cc4566-b780-4730-a0ca-22b6e3ec2aa2\" data-message-model-slug=\"gpt-4o-mini\">\n<div class=\"flex w-full flex-col gap-1 empty:hidden first:pt-[3px]\">\n<div class=\"markdown prose w-full break-words dark:prose-invert dark\">\n<p data-start=\"0\" data-end=\"201\" data-is-last-node=\"\" data-is-only-node=\"\"><strong data-start=\"0\" data-end=\"19\" data-is-only-node=\"\">DuoDur - Baumit<\/strong> je fabricky pripraven\u00e1, univerz\u00e1lna, cementovo-v\u00e1penn\u00e1 malta na murovanie a omietanie, ur\u010den\u00e1 na ru\u010dn\u00e9 pou\u017eitie, vhodn\u00e1 na vn\u00fatorn\u00e9 aj vonkaj\u0161ie pou\u017eitie, vodoodoln\u00e1 a mrazuvzdorn\u00e1.<\/p>\n<\/div>\n<\/div>\n<\/div>\n<\/div>\n<div class=\"mb-2 flex gap-3 -ml-2\" tabindex=\"0\">\n<div class=\"items-center justify-start rounded-xl p-1 flex\">\n<div class=\"flex items-center\"><\/div>\n<\/div>\n<\/div>\n","protected":false},"featured_media":280847,"comment_status":"open","ping_status":"closed","template":"","meta":{"_acf_changed":false},"product_brand":[],"product_cat":[895,879,896],"product_tag":[897,890,891],"class_list":{"0":"post-278993","1":"product","2":"type-product","3":"status-publish","4":"has-post-thumbnail","6":"product_cat-baumit-sk","7":"product_cat-hydroizolacja-fundamentu-sk","8":"product_cat-przygotowanie-podloza-sk","9":"product_tag-baumit-sk","10":"product_tag-hydroizolacja-sk","11":"product_tag-hydroizolacje-sk","12":"product_shipping_class-latwa-wysylka-sk","14":"first","15":"instock","16":"taxable","17":"shipping-taxable","18":"purchasable","19":"product-type-simple"},"acf":[],"_links":{"self":[{"href":"https:\/\/www.sanier.pl\/sk\/wp-json\/wp\/v2\/product\/278993","targetHints":{"allow":["GET"]}}],"collection":[{"href":"https:\/\/www.sanier.pl\/sk\/wp-json\/wp\/v2\/product"}],"about":[{"href":"https:\/\/www.sanier.pl\/sk\/wp-json\/wp\/v2\/types\/product"}],"replies":[{"embeddable":true,"href":"https:\/\/www.sanier.pl\/sk\/wp-json\/wp\/v2\/comments?post=278993"}],"wp:featuredmedia":[{"embeddable":true,"href":"https:\/\/www.sanier.pl\/sk\/wp-json\/wp\/v2\/media\/280847"}],"wp:attachment":[{"href":"https:\/\/www.sanier.pl\/sk\/wp-json\/wp\/v2\/media?parent=278993"}],"wp:term":[{"taxonomy":"product_brand","embeddable":true,"href":"https:\/\/www.sanier.pl\/sk\/wp-json\/wp\/v2\/product_brand?post=278993"},{"taxonomy":"product_cat","embeddable":true,"href":"https:\/\/www.sanier.pl\/sk\/wp-json\/wp\/v2\/product_cat?post=278993"},{"taxonomy":"product_tag","embeddable":true,"href":"https:\/\/www.sanier.pl\/sk\/wp-json\/wp\/v2\/product_tag?post=278993"}],"curies":[{"name":"wp","href":"https:\/\/api.w.org\/{rel}","templated":true}]}}