{"id":278991,"date":"2017-03-30T13:06:18","date_gmt":"2017-03-30T13:06:18","guid":{"rendered":"https:\/\/www.sanier.pl\/produkt\/mpa-35-baumit\/"},"modified":"2025-03-06T11:50:21","modified_gmt":"2025-03-06T11:50:21","slug":"mpa-35-baumit","status":"publish","type":"product","link":"https:\/\/www.sanier.pl\/sk\/produkt\/mpa-35-baumit\/","title":{"rendered":"MPA 35 | Baumit"},"content":{"rendered":"<p>[vc_row][vc_column][vc_column_text]<\/p>\n<p><img loading=\"lazy\" decoding=\"async\" class=\"size-full wp-image-3279 aligncenter\" src=\"https:\/\/sanier.pl\/wp-content\/uploads\/2017\/03\/baumit_logo_2012-e1490989945791.jpg\" alt=\"baumit_logo_2012\" width=\"125\" height=\"146\" \/><\/p>\n<h1 data-start=\"0\" data-end=\"58\"><strong data-start=\"0\" data-end=\"17\">Baumit MPA 35<\/strong><\/h1>\n<h4 id=\"tw-target-text\" class=\"tw-data-text tw-text-large tw-ta\" dir=\"ltr\" data-placeholder=\"T\u0142umaczenie\" data-ved=\"2ahUKEwjSkYr2_fKLAxWiCBAIHTQXOn8Q3ewLegQICBAU\" aria-label=\"Przet\u0142umaczony tekst: Vonkaj\u0161ia omietka cementovo-v\u00e1penn\u00e1\"><span class=\"Y2IQFc\" lang=\"sk\">Vonkaj\u0161ia omietka cementovo-v\u00e1penn\u00e1<\/span><\/h4>\n<p data-start=\"60\" data-end=\"241\">Baumit MPA 35 je pripraven\u00e1 such\u00e1 zmes na omietky, ur\u010den\u00e1 na v\u00fdrobu cementovo-v\u00e1penn\u00fdch omietok na vonkaj\u0161ie steny budov. Aplik\u00e1cia je mo\u017en\u00e1 strojovo (pomocou omietacieho agreg\u00e1tu).<\/p>\n<h3 data-start=\"243\" data-end=\"258\"><strong data-start=\"243\" data-end=\"258\">Vlastnosti:<\/strong><\/h3>\n<ul data-start=\"260\" data-end=\"307\">\n<li data-start=\"260\" data-end=\"285\">Such\u00e1 zmes na omietky<\/li>\n<li data-start=\"286\" data-end=\"307\">Aplik\u00e1cia strojom<\/li>\n<\/ul>\n<h3 data-start=\"309\" data-end=\"322\"><strong data-start=\"309\" data-end=\"322\">Pou\u017eitie:<\/strong><\/h3>\n<ul data-start=\"324\" data-end=\"402\">\n<li data-start=\"324\" data-end=\"361\">Vyrovn\u00e1vacie alebo hladk\u00e9 omietky<\/li>\n<li data-start=\"362\" data-end=\"402\">Na vonkaj\u0161ie aj vn\u00fatorn\u00e9 steny budov<\/li>\n<\/ul>\n<h3 data-start=\"404\" data-end=\"416\"><strong data-start=\"404\" data-end=\"416\">Podklad:<\/strong><\/h3>\n<p data-start=\"418\" data-end=\"500\">Podklad mus\u00ed by\u0165 such\u00fd, nezamrznut\u00fd, od prachu, hydrof\u00f3bny, bez v\u00fdkvetoov a nosn\u00fd.<\/p>\n<h3 data-start=\"502\" data-end=\"524\"><strong data-start=\"502\" data-end=\"524\">Pr\u00edprava podkladu:<\/strong><\/h3>\n<p data-start=\"526\" data-end=\"927\">Predbe\u017en\u00e1 n\u00e1terov\u00e1 vrstva - na vonkaj\u0161ej strane budovy by mala by\u0165 v\u017edy pou\u017eit\u00e1; na vn\u00fatorn\u00e9 steny len v pr\u00edpade bet\u00f3nov\u00e9ho podkladu. Tieto pokyny sa vz\u0165ahuj\u00fa na murivo vyhotoven\u00e9 v s\u00falade s normou, predpokladaj\u00fac, \u017ee \u0161k\u00e1ry medzi stavebn\u00fdmi prvkami s\u00fa vyplnen\u00e9. V pr\u00edpade nevyplnen\u00fdch \u0161k\u00e1r a ke\u010f hr\u00fabka omietky presahuje 25 mm, odpor\u00fa\u010da sa nan\u00e1\u0161anie dvoch vrstiev omietky metodou \"\u010derstv\u00e9 na \u010derstv\u00e9\".<\/p>\n<h3 data-start=\"929\" data-end=\"945\"><strong data-start=\"929\" data-end=\"945\">Spracovanie:<\/strong><\/h3>\n<p data-start=\"947\" data-end=\"1475\">Pred za\u010dat\u00edm omietania sa odpor\u00fa\u010da na u\u013eah\u010denie pr\u00e1ce zabezpe\u010di\u0165 v\u0161etky rohy nerezov\u00fdmi ochrann\u00fdmi profilmi a pripevni\u0165 ich pomocou stavebnej malty Baumit SpeedFix (nepou\u017e\u00edva\u0165 sadru). Na \u010dasti povrchu, na ktor\u00fd bud\u00fa kladen\u00e9 keramick\u00e9 obklada\u010dky, sa pou\u017e\u00edvaj\u00fa omietacie li\u0161ty ako pomoc pri natieran\u00ed. Povrch jemne navlh\u010dite pod\u013ea potreby a n\u00e1sledne naneste omietku Baumit MPA 35 strojom. D\u00f4le\u017eit\u00e9 je pred za\u010diatkom pr\u00e1ce navlh\u010di\u0165 hadicu omietacieho stroja v\u00e1pennocementov\u00fdm ka\u0161om. \u010eal\u0161ie pokyny - pozri n\u00e1vod na obsluhu agreg\u00e1tu.<\/p>\n<h3 data-start=\"1477\" data-end=\"1490\"><strong data-start=\"1477\" data-end=\"1490\">Zlo\u017eenie:<\/strong><\/h3>\n<p data-start=\"1492\" data-end=\"1535\">V\u00e1pno, cement, piesok, perlit, in\u00e9 pr\u00edsady.<\/p>\n<h3 data-start=\"1537\" data-end=\"1554\"><strong data-start=\"1537\" data-end=\"1554\">Ve\u013ekos\u0165 zrna:<\/strong><\/h3>\n<ul data-start=\"1556\" data-end=\"1562\">\n<li data-start=\"1556\" data-end=\"1562\">1 mm<\/li>\n<\/ul>\n<h3 data-start=\"1564\" data-end=\"1577\"><strong data-start=\"1564\" data-end=\"1577\">Spotreba:<\/strong><\/h3>\n<ul data-start=\"1579\" data-end=\"1618\">\n<li data-start=\"1579\" data-end=\"1618\">cca 14 kg\/m\u00b2 pri hr\u00fabke omietky 10 mm<\/li>\n<\/ul>\n<p data-start=\"1620\" data-end=\"1645\" data-is-last-node=\"\" data-is-only-node=\"\">\n<p data-start=\"1620\" data-end=\"1645\" data-is-last-node=\"\" data-is-only-node=\"\"><a href=\"https:\/\/sanier.pl\/wp-content\/uploads\/2017\/03\/PDBL_MPA_35.pdf\" target=\"_blank\" rel=\"noopener\"><strong data-start=\"1620\" data-end=\"1645\" data-is-last-node=\"\">Technick\u00fd list MPA 35<\/strong><\/a>[\/vc_column_text][\/vc_column][\/vc_row]<\/p>\n","protected":false},"excerpt":{"rendered":"<p data-start=\"0\" data-end=\"80\"><strong data-start=\"0\" data-end=\"10\">MPA 35<\/strong> je cementovo-v\u00e1penn\u00e1 omietka na vonkaj\u0161ie steny strojov\u00e9ho nan\u00e1\u0161ania.<\/p>\n<p data-start=\"82\" data-end=\"169\" data-is-last-node=\"\" data-is-only-node=\"\">Hotov\u00e1 such\u00e1 zmes na omietky na nan\u00e1\u0161anie agreg\u00e1tom, ur\u010den\u00e1 na v\u00fdrobu hladk\u00fdch omietok.<\/p>\n","protected":false},"featured_media":280842,"comment_status":"open","ping_status":"closed","template":"","meta":[],"product_brand":[],"product_cat":[895,879,896],"product_tag":[897,890,891],"class_list":{"0":"post-278991","1":"product","2":"type-product","3":"status-publish","4":"has-post-thumbnail","6":"product_cat-baumit-sk","7":"product_cat-hydroizolacja-fundamentu-sk","8":"product_cat-przygotowanie-podloza-sk","9":"product_tag-baumit-sk","10":"product_tag-hydroizolacja-sk","11":"product_tag-hydroizolacje-sk","12":"product_shipping_class-trudna-wysylka-sk","14":"first","15":"instock","16":"taxable","17":"shipping-taxable","18":"purchasable","19":"product-type-simple"},"_links":{"self":[{"href":"https:\/\/www.sanier.pl\/sk\/wp-json\/wp\/v2\/product\/278991","targetHints":{"allow":["GET"]}}],"collection":[{"href":"https:\/\/www.sanier.pl\/sk\/wp-json\/wp\/v2\/product"}],"about":[{"href":"https:\/\/www.sanier.pl\/sk\/wp-json\/wp\/v2\/types\/product"}],"replies":[{"embeddable":true,"href":"https:\/\/www.sanier.pl\/sk\/wp-json\/wp\/v2\/comments?post=278991"}],"wp:featuredmedia":[{"embeddable":true,"href":"https:\/\/www.sanier.pl\/sk\/wp-json\/wp\/v2\/media\/280842"}],"wp:attachment":[{"href":"https:\/\/www.sanier.pl\/sk\/wp-json\/wp\/v2\/media?parent=278991"}],"wp:term":[{"taxonomy":"product_brand","embeddable":true,"href":"https:\/\/www.sanier.pl\/sk\/wp-json\/wp\/v2\/product_brand?post=278991"},{"taxonomy":"product_cat","embeddable":true,"href":"https:\/\/www.sanier.pl\/sk\/wp-json\/wp\/v2\/product_cat?post=278991"},{"taxonomy":"product_tag","embeddable":true,"href":"https:\/\/www.sanier.pl\/sk\/wp-json\/wp\/v2\/product_tag?post=278991"}],"curies":[{"name":"wp","href":"https:\/\/api.w.org\/{rel}","templated":true}]}}