{"id":278988,"date":"2017-03-30T13:18:12","date_gmt":"2017-03-30T13:18:12","guid":{"rendered":"https:\/\/www.sanier.pl\/produkt\/sk-3000-s-dichtungsbahn-bostik\/"},"modified":"2025-03-06T11:34:20","modified_gmt":"2025-03-06T11:34:20","slug":"bostik-b781-terra-membran","status":"publish","type":"product","link":"https:\/\/www.sanier.pl\/sk\/produkt\/bostik-b781-terra-membran\/","title":{"rendered":"BOSTIK B781 TERRA MEMBRAN (p\u00f4vodne SK 3000 S Dichtungsbahn)"},"content":{"rendered":"<p>[vc_row][vc_column][vc_column_text]<\/p>\n<h1 style=\"text-align: center;\">BOSTIK B781 TERRA MEMBRAN (p\u00f4vodne SK 3000 S Dichtungsbahn)<\/h1>\n<h5 style=\"text-align: center;\">Z\u00c1BRANA PROTI VODE NA POZIT\u00cdVNEJ STRANE<\/h5>\n<p>[\/vc_column_text][\/vc_column][\/vc_row][vc_row][vc_column][vc_column_text css_animation=\"none\"]<a href=\"https:\/\/www.sanier.pl\/sklep\/?s=bostik&amp;post_type=product\"><img loading=\"lazy\" decoding=\"async\" class=\"wp-image-258966 size-medium aligncenter\" src=\"https:\/\/www.sanier.pl\/wp-content\/uploads\/2022\/07\/Bostik_Logo_Header-300x121.png\" alt=\"bostik logo\" width=\"300\" height=\"121\" srcset=\"https:\/\/www.sanier.pl\/wp-content\/uploads\/2022\/07\/Bostik_Logo_Header-300x121.png 300w, https:\/\/www.sanier.pl\/wp-content\/uploads\/2022\/07\/Bostik_Logo_Header-800x324.png 800w, https:\/\/www.sanier.pl\/wp-content\/uploads\/2022\/07\/Bostik_Logo_Header-768x311.png 768w, https:\/\/www.sanier.pl\/wp-content\/uploads\/2022\/07\/Bostik_Logo_Header-700x283.png 700w, https:\/\/www.sanier.pl\/wp-content\/uploads\/2022\/07\/Bostik_Logo_Header.png 842w\" sizes=\"auto, (max-width:767px) 300px, 300px\" \/><\/a>[\/vc_column_text][\/vc_column][\/vc_row][vc_row][vc_column][vc_separator style=\"dashed\"][vc_empty_space height=\"64px\"][\/vc_column][\/vc_row][vc_row][vc_column width=\"1\/4\"][vc_single_image image=\"261696\" img_size=\"medium\" style=\"vc_box_rounded\"][\/vc_column][vc_column width=\"3\/4\"][vc_column_text]<\/p>\n<h3 data-start=\"0\" data-end=\"51\">BOSTIK B781 TERRA MEMBRAN (SK 3000 S Dichtungsbahn)<\/h3>\n<p data-start=\"53\" data-end=\"315\">BOSTIK B781 TERRA MEMBRAN je samolepiaca (na studeno) membr\u00e1na proti vode na pozit\u00edvnej strane. Trvalo premost\u00ed praskliny pod\u013ea noriem DIN 18195 a EN 13969, DIN V20000-202 a ako tesniaca membr\u00e1na pod\u013ea normy EN 17967. Tesnenie je okam\u017eite vodotesn\u00e9 po aplik\u00e1cii.<\/p>\n<p data-start=\"317\" data-end=\"725\" data-is-last-node=\"\" data-is-only-node=\"\">Ide o obohaten\u00fa polym\u00e9rmi bit\u00famenov\u00fa vrstvu s kr\u00ed\u017eovo laminovanou plastovou f\u00f3liou. Na spodnej strane je samolepiaca vrstva pokryt\u00e1 ochrann\u00fdm silik\u00f3nov\u00fdm papierom. Materi\u00e1l je odoln\u00fd proti roztrhnutiu a \u013eahko sa formuje, v\u010faka \u010domu sa prisp\u00f4sob\u00ed rohom, okrajom a priechodom. Membr\u00e1na je samotesniaca pri drobn\u00fdch po\u0161kodeniach. Je odoln\u00e1 vo\u010di mnoh\u00fdm chemik\u00e1li\u00e1m, mrazu, soli a podmiene\u010dne aj vo\u010di UV \u017eiareniu.<\/p>\n<p>[\/vc_column_text][vc_column_text]<\/p>\n<div class=\"flex max-w-full flex-col flex-grow\">\n<div class=\"min-h-8 text-message relative flex w-full flex-col items-end gap-2 whitespace-normal break-words text-start [.text-message+&amp;]:mt-5\" dir=\"auto\" data-message-author-role=\"assistant\" data-message-id=\"569f888e-0e5e-42d1-ade2-de92e3165f69\" data-message-model-slug=\"gpt-4o-mini\">\n<div class=\"flex w-full flex-col gap-1 empty:hidden first:pt-[3px]\">\n<div class=\"markdown prose w-full break-words dark:prose-invert dark\">\n<h3 data-start=\"0\" data-end=\"26\">POU\u017dITIE BOSTIK B781 TERRA<\/h3>\n<p data-start=\"28\" data-end=\"226\" data-is-last-node=\"\" data-is-only-node=\"\">na hydroizol\u00e1ciu pivni\u010dn\u00fdch stien, balk\u00f3nov, ter\u00e1s a z\u00e1kladov, bet\u00f3nov\u00fdch prefabrik\u00e1tov a mokr\u00fdch povrchov ako tesnenie proti kapil\u00e1rne vzl\u00ednaj\u00facej vlhkosti a paroz\u00e1brana v oblasti podl\u00e1h pod poter.<\/p>\n<\/div>\n<\/div>\n<\/div>\n<\/div>\n<div class=\"mb-2 flex gap-3 -ml-2\" tabindex=\"0\">\n<div class=\"items-center justify-start rounded-xl p-1 flex\">\n<div class=\"flex items-center\"><\/div>\n<\/div>\n<\/div>\n<p>[\/vc_column_text][\/vc_column][\/vc_row][vc_row][vc_column][vc_empty_space][\/vc_column][vc_column][vc_separator style=\"dashed\"][\/vc_column][\/vc_row][vc_row][vc_column width=\"2\/3\"][vc_column_text]<\/p>\n<div class=\"flex max-w-full flex-col flex-grow\">\n<div class=\"min-h-8 text-message relative flex w-full flex-col items-end gap-2 whitespace-normal break-words text-start [.text-message+&amp;]:mt-5\" dir=\"auto\" data-message-author-role=\"assistant\" data-message-id=\"7824e09f-2829-4ee3-98d3-579d12e08fe4\" data-message-model-slug=\"gpt-4o-mini\">\n<div class=\"flex w-full flex-col gap-1 empty:hidden first:pt-[3px]\">\n<div class=\"markdown prose w-full break-words dark:prose-invert dark\">\n<h3 data-start=\"0\" data-end=\"37\">VLASTNOSTI BOSTIK BLOCK B525 TERRA 2K<\/h3>\n<ul data-start=\"39\" data-end=\"451\" data-is-only-node=\"\" data-is-last-node=\"\">\n<li data-start=\"39\" data-end=\"72\">vodeodoln\u00e1 (ihne\u010f po aplik\u00e1cii)<\/li>\n<li data-start=\"73\" data-end=\"86\" data-is-only-node=\"\">samolepiaca<\/li>\n<li data-start=\"87\" data-end=\"98\">elastick\u00e1<\/li>\n<li data-start=\"99\" data-end=\"125\">odoln\u00e1 proti roztrhnutiu<\/li>\n<li data-start=\"126\" data-end=\"167\">samouzdravuj\u00faca pri mal\u00fdch po\u0161kodeniach<\/li>\n<li data-start=\"168\" data-end=\"231\">\u013eahk\u00e1 na formovanie - prisp\u00f4sob\u00ed sa roh\u016fm, hran\u00e1m a prechodom<\/li>\n<li data-start=\"232\" data-end=\"249\">most\u00ed praskliny<\/li>\n<li data-start=\"250\" data-end=\"270\">odoln\u00e1 vo\u010di rad\u00f3nu<\/li>\n<li data-start=\"271\" data-end=\"370\">chr\u00e1ni pred vzl\u00ednaj\u00facou vlhkos\u0165ou kapil\u00e1rne aj v pr\u00edpade vhodn\u00fdch kon\u0161trukci\u00ed pred tlakovou vodou<\/li>\n<li data-start=\"371\" data-end=\"451\" data-is-last-node=\"\">odoln\u00e1 vo\u010di mnoh\u00fdm chemik\u00e1li\u00e1m, mrazu, soli a podmiene\u010dne aj proti UV \u017eiareniu<\/li>\n<\/ul>\n<\/div>\n<\/div>\n<\/div>\n<\/div>\n<div class=\"mb-2 flex gap-3 -ml-2\" tabindex=\"0\">\n<div class=\"items-center justify-start rounded-xl p-1 flex\">\n<div class=\"flex items-center\"><\/div>\n<\/div>\n<\/div>\n<p>[\/vc_column_text][\/vc_column][vc_column width=\"1\/3\"][vc_single_image image=\"261696\" img_size=\"medium\"][\/vc_column][\/vc_row][vc_row][vc_column][vc_separator style=\"dashed\"][vc_empty_space][\/vc_column][\/vc_row][vc_row][vc_column][vc_column_text]<\/p>\n<div class=\"flex max-w-full flex-col flex-grow\">\n<div class=\"min-h-8 text-message relative flex w-full flex-col items-end gap-2 whitespace-normal break-words text-start [.text-message+&amp;]:mt-5\" dir=\"auto\" data-message-author-role=\"assistant\" data-message-id=\"b46cedd7-29c5-4b38-9ae4-0334c9059ef1\" data-message-model-slug=\"gpt-4o-mini\">\n<div class=\"flex w-full flex-col gap-1 empty:hidden first:pt-[3px]\">\n<div class=\"markdown prose w-full break-words dark:prose-invert dark\">\n<h3 data-start=\"0\" data-end=\"18\">Pr\u00edprava podkladu:<\/h3>\n<p data-start=\"20\" data-end=\"531\" data-is-last-node=\"\" data-is-only-node=\"\">Podklad mus\u00ed by\u0165 pevn\u00fd, stabiln\u00fd, bez oleja, tuku, prachu a in\u00fdch podobn\u00fdch l\u00e1tok. M\u00f4\u017ee by\u0165 such\u00fd alebo pr\u00edpadne mierne vlhk\u00fd. Pred nanesen\u00edm z\u00e1kladnej vrstvy je potrebn\u00e9 odstr\u00e1ni\u0165 nerovnosti, zaobli\u0165 okraje a miesto s chybami prebr\u00fasi\u0165. Murivo mus\u00ed by\u0165 celistv\u00e9 a spr\u00e1vne postaven\u00e9. V\u0161etky po\u0161kodenia a nedostatky musia by\u0165 vyplnen\u00e9 pomocou Sperrm\u00f6rtelu minim\u00e1lne 24 hod\u00edn pred za\u010dat\u00edm pr\u00e1c na tesnen\u00ed. Pri n\u00edzkych teplot\u00e1ch je pred nanesen\u00edm z\u00e1kladnej vrstvy potrebn\u00e9 zabezpe\u010di\u0165, aby bola vrstva zbaven\u00e1 \u013eadu.<\/p>\n<\/div>\n<\/div>\n<\/div>\n<\/div>\n<div class=\"mb-2 flex gap-3 -ml-2\" tabindex=\"0\">\n<div class=\"items-center justify-start rounded-xl p-1 flex\">\n<div class=\"flex items-center\"><\/div>\n<\/div>\n<\/div>\n<p>[\/vc_column_text][\/vc_column][\/vc_row][vc_row][vc_column][vc_separator style=\"dashed\"][vc_empty_space][\/vc_column][\/vc_row][vc_row][vc_column width=\"1\/3\"][vc_column_text]<\/p>\n<article class=\"w-full text-token-text-primary focus-visible:outline-2 focus-visible:outline-offset-[-4px]\" dir=\"auto\" data-testid=\"conversation-turn-434\" data-scroll-anchor=\"false\">\n<div class=\"text-base my-auto mx-auto py-[18px] px-6\">\n<div class=\"mx-auto flex flex-1 text-base gap-4 md:gap-5 lg:gap-6 md:max-w-3xl lg:max-w-[40rem] xl:max-w-[48rem]\">\n<div class=\"group\/conversation-turn relative flex w-full min-w-0 flex-col @xs\/thread:px-0 @sm\/thread:px-1.5 @md\/thread:px-4\">\n<div class=\"flex-col gap-1 md:gap-3\">\n<div class=\"flex max-w-full flex-col flex-grow\">\n<div class=\"min-h-8 text-message relative flex w-full flex-col items-end gap-2 whitespace-normal break-words text-start [.text-message+&amp;]:mt-5\" dir=\"auto\" data-message-author-role=\"user\" data-message-id=\"d9705c78-5158-482a-aad0-2fba9181c2a5\">\n<div class=\"flex w-full flex-col gap-1 empty:hidden items-end rtl:items-start\">\n<div class=\"relative max-w-[var(--user-chat-width,70%)] rounded-3xl bg-token-message-surface px-5 py-2.5\"><\/div>\n<\/div>\n<\/div>\n<\/div>\n<\/div>\n<\/div>\n<\/div>\n<\/div>\n<\/article>\n<article class=\"w-full text-token-text-primary focus-visible:outline-2 focus-visible:outline-offset-[-4px]\" dir=\"auto\" data-testid=\"conversation-turn-435\" data-scroll-anchor=\"true\">\n<div class=\"text-base my-auto mx-auto py-[18px] px-6\">\n<div class=\"mx-auto flex flex-1 text-base gap-4 md:gap-5 lg:gap-6 md:max-w-3xl lg:max-w-[40rem] xl:max-w-[48rem]\">\n<div class=\"group\/conversation-turn relative flex w-full min-w-0 flex-col agent-turn @xs\/thread:px-0 @sm\/thread:px-1.5 @md\/thread:px-4\">\n<div class=\"flex-col gap-1 md:gap-3\">\n<div class=\"flex max-w-full flex-col flex-grow\">\n<div class=\"min-h-8 text-message relative flex w-full flex-col items-end gap-2 whitespace-normal break-words text-start [.text-message+&amp;]:mt-5\" dir=\"auto\" data-message-author-role=\"assistant\" data-message-id=\"08b2ac16-3675-41fd-95ee-390724920221\" data-message-model-slug=\"gpt-4o-mini\">\n<div class=\"flex w-full flex-col gap-1 empty:hidden first:pt-[3px]\">\n<div class=\"markdown prose w-full break-words dark:prose-invert dark\">\n<h4 data-start=\"0\" data-end=\"36\">N\u00c1RADIE:<\/h4>\n<p data-start=\"0\" data-end=\"36\">kefka<br data-start=\"15\" data-end=\"18\" \/>gumov\u00fd valec<br data-start=\"30\" data-end=\"33\" \/>n\u00f4\u017e<\/p>\n<\/div>\n<\/div>\n<\/div>\n<\/div>\n<\/div>\n<\/div>\n<\/div>\n<\/div>\n<\/article>\n<p>[\/vc_column_text][\/vc_column][vc_column width=\"1\/3\"][vc_column_text]<\/p>\n<h4 id=\"tw-target-text\" class=\"tw-data-text tw-text-large tw-ta\" dir=\"ltr\" data-placeholder=\"T\u0142umaczenie\" data-ved=\"2ahUKEwjSkYr2_fKLAxWiCBAIHTQXOn8Q3ewLegQICBAU\" aria-label=\"Przet\u0142umaczony tekst: TECHNICK\u00c9 \u00daDAJE\"><span class=\"Y2IQFc\" lang=\"sk\">TECHNICK\u00c9 \u00daDAJE<\/span><\/h4>\n<p>[\/vc_column_text][vc_raw_html]JTNDdGFibGUlM0UlMEElM0N0Ym9keSUzRSUwQSUzQ3RyJTNFJTNDdGQlM0VCYXphJTNDJTJGdGQlM0UlM0N0ZCUzRWJpdHVtJTNDJTJGdGQlM0UlM0MlMkZ0ciUzRSUwQSUzQ3RyJTNFJTNDdGQlM0VHJUM0JTk5c3RvJUM1JTlCJUM0JTg3JTNDJTJGdGQlM0UlM0N0ZCUzRTElMkM1JTIwa2clMkZtMiUzQyUyRnRkJTNFJTNDJTJGdHIlM0UlMEElM0N0ciUzRSUzQ3RkJTNFU3plcm9rbyVDNSU5QiVDNCU4NyUzQyUyRnRkJTNFJTNDdGQlM0UxMDAwJTIwbW0lMjAlMjg5NTAlMjBtbSUyQjUwJTIwbW0lMjBwbyUyMHd1bGthbml6YWNqaSUyOSUzQyUyRnRkJTNFJTNDJTJGdHIlM0UlMEElM0N0ciUzRSUzQ3RkJTNFR3J1Ym8lQzUlOUIlQzQlODclM0MlMkZ0ZCUzRSUzQ3RkJTNFMSUyQzUlMjBtbSUzQyUyRnRkJTNFJTNDJTJGdHIlM0UlMEElM0N0ciUzRSUzQ3RkJTNFTW9zdGtvd2FuaWUlMjByeXMlMjAlMjhFJTIwRElOJTIwMjglMjAwNTYtMTElMjklM0MlMkZ0ZCUzRSUzQ3RkJTNFJTIyJTI4JTIwJTNFNSUyMG1tJTIwcHJ6eSUyMCUyQjQlQzIlQjBDJTI5JTNDJTJGdGQlM0UlM0MlMkZ0ciUzRSUwQSUzQ3RyJTNFJTNDdGQlM0VUZW1wZXJhdHVyYSUyMHByYWN5JTNDJTJGdGQlM0UlM0N0ZCUzRW9kJTIwLTUlQzIlQjBDJTIwZG8lMjAlMkIzNSVDMiVCMEMlMkMlMjBvcHR5bWFsbmllJTIwb2QlMjAlMkI1JUMyJUIwQyUyMGRvJTIwJTJCMTUlQzIlQjBDJTNDJTJGdGQlM0UlM0MlMkZ0ciUzRSUwQSUzQ3RyJTNFJTNDdGQlM0VQYXJvcHJ6ZXB1c3pjemFsbm8lQzUlOUIlQzQlODclM0MlMkZ0ZCUzRSUzQ3RkJTNFJUMyJUI1JTNEMTY4NTAwJTIwc0QlMjAlM0QlMjAyMzVtJTNDJTJGdGQlM0UlM0MlMkZ0ciUzRSUwQSUzQyUyRnRib2R5JTNFJTNDJTJGdGFibGUlM0UlMEE=[\/vc_raw_html][\/vc_column][vc_column width=\"1\/3\"][vc_column_text]<\/p>\n<h4 data-start=\"0\" data-end=\"9\">DOKUMENTY:<\/h4>\n<p data-start=\"11\" data-end=\"25\"><a href=\"https:\/\/www.bostik.com\/files\/live\/sites\/shared_bostik\/files\/documents-brochures\/Poland\/Documents\/TDS\/Bostik-Poland-Seal-and-Block-B781-Terra-Membran-tds.pdf\" target=\"_blank\" rel=\"noopener\">Technick\u00fd list<\/a><\/p>\n<p data-start=\"27\" data-end=\"44\" data-is-last-node=\"\" data-is-only-node=\"\"><a href=\"https:\/\/www.bostik.com\/files\/live\/sites\/shared_bostik\/files\/documents-brochures\/Poland\/Documents\/SDS\/Bostik-Poland-Seal-and-Block-B781-Terra-Membran-sds.pdf\" target=\"_blank\" rel=\"noopener\">Bezpe\u010dnostn\u00fd list<\/a><\/p>\n<p>[\/vc_column_text][\/vc_column][\/vc_row]<\/p>\n","protected":false},"excerpt":{"rendered":"<p>BOSTIK B781 TERRA MEMBRAN (SK 3000 S Dichtungsbahn) je samolepiaca (za studena) hydroizola\u010dn\u00e1 membr\u00e1na na pozit\u00edvnej strane.<\/p>\n","protected":false},"featured_media":273436,"comment_status":"open","ping_status":"closed","template":"","meta":[],"product_brand":[],"product_cat":[878,883,876,881,879,880,882,885,877,884],"product_tag":[886,887,888,889,890,891,892,893],"class_list":{"0":"post-278988","1":"product","2":"type-product","3":"status-publish","4":"has-post-thumbnail","6":"product_cat-bostik-sk","7":"product_cat-dachy-plaskie-i-zielone-sk","8":"product_cat-hydroizolacja-sk","9":"product_cat-hydroizolacja-balkonu-i-tarasu-sk","10":"product_cat-hydroizolacja-fundamentu-sk","11":"product_cat-hydroizolacje-bitumiczne-sk","12":"product_cat-hydroizolacje-rolowe-sk","13":"product_cat-hydroizolacje-lazienek-i-pomieszczen-mokrych-sk","14":"product_cat-bitumiczne-sk","15":"product_cat-materialy-wykonczeniowe-sk","16":"product_tag-b781-sk","17":"product_tag-bitumiczna-sk","18":"product_tag-bostik-sk","19":"product_tag-fundamentow-sk","20":"product_tag-hydroizolacja-sk","21":"product_tag-hydroizolacje-sk","22":"product_tag-rolka-sk","23":"product_tag-sk-3000-sk","24":"product_shipping_class-latwa-wysylka-sk","26":"first","27":"instock","28":"taxable","29":"shipping-taxable","30":"purchasable","31":"product-type-simple"},"_links":{"self":[{"href":"https:\/\/www.sanier.pl\/sk\/wp-json\/wp\/v2\/product\/278988","targetHints":{"allow":["GET"]}}],"collection":[{"href":"https:\/\/www.sanier.pl\/sk\/wp-json\/wp\/v2\/product"}],"about":[{"href":"https:\/\/www.sanier.pl\/sk\/wp-json\/wp\/v2\/types\/product"}],"replies":[{"embeddable":true,"href":"https:\/\/www.sanier.pl\/sk\/wp-json\/wp\/v2\/comments?post=278988"}],"wp:featuredmedia":[{"embeddable":true,"href":"https:\/\/www.sanier.pl\/sk\/wp-json\/wp\/v2\/media\/273436"}],"wp:attachment":[{"href":"https:\/\/www.sanier.pl\/sk\/wp-json\/wp\/v2\/media?parent=278988"}],"wp:term":[{"taxonomy":"product_brand","embeddable":true,"href":"https:\/\/www.sanier.pl\/sk\/wp-json\/wp\/v2\/product_brand?post=278988"},{"taxonomy":"product_cat","embeddable":true,"href":"https:\/\/www.sanier.pl\/sk\/wp-json\/wp\/v2\/product_cat?post=278988"},{"taxonomy":"product_tag","embeddable":true,"href":"https:\/\/www.sanier.pl\/sk\/wp-json\/wp\/v2\/product_tag?post=278988"}],"curies":[{"name":"wp","href":"https:\/\/api.w.org\/{rel}","templated":true}]}}