{"id":276520,"date":"2024-01-29T12:53:59","date_gmt":"2024-01-29T12:53:59","guid":{"rendered":"https:\/\/www.sanier.pl\/produkt\/bostik-epdm\/"},"modified":"2024-12-12T14:06:21","modified_gmt":"2024-12-12T14:06:21","slug":"bostik-epdm","status":"publish","type":"product","link":"https:\/\/www.sanier.pl\/en\/produkt\/bostik-epdm\/","title":{"rendered":"BOSTIK EPDM Black Hybrid Adhesive-Sealant for EPDM 600 ml (Giscofix)"},"content":{"rendered":"<p>[vc_row][vc_column][vc_column_text]<\/p>\n<h1><strong><span style=\"color: #000000;\">BOSTIK EPDM (Giscofix)\u00a0<\/span><\/strong><\/h1>\n<h5><span style=\"color: #808080;\">Black Hybrid Adhesive-Sealant for EPDM<br \/>\n<\/span><\/h5>\n<p>[\/vc_column_text][\/vc_column][\/vc_row][vc_row][vc_column][vc_column_text css_animation=\"bounceInRight\"]<a href=\"https:\/\/www.sanier.pl\/sklep\/?s=bostik&amp;post_type=product\"><img loading=\"lazy\" decoding=\"async\" class=\"wp-image-258966 size-medium aligncenter\" src=\"https:\/\/www.sanier.pl\/wp-content\/uploads\/2022\/07\/Bostik_Logo_Header-300x121.png\" alt=\"bostik logo\" width=\"300\" height=\"121\" srcset=\"https:\/\/www.sanier.pl\/wp-content\/uploads\/2022\/07\/Bostik_Logo_Header-300x121.png 300w, https:\/\/www.sanier.pl\/wp-content\/uploads\/2022\/07\/Bostik_Logo_Header-800x324.png 800w, https:\/\/www.sanier.pl\/wp-content\/uploads\/2022\/07\/Bostik_Logo_Header-768x311.png 768w, https:\/\/www.sanier.pl\/wp-content\/uploads\/2022\/07\/Bostik_Logo_Header-700x283.png 700w, https:\/\/www.sanier.pl\/wp-content\/uploads\/2022\/07\/Bostik_Logo_Header.png 842w\" sizes=\"auto, (max-width:767px) 300px, 300px\" \/><\/a>[\/vc_column_text][\/vc_column][\/vc_row][vc_row][vc_column][vc_separator style=\"dashed\"][vc_empty_space height=\"64px\"][\/vc_column][\/vc_row][vc_row][vc_column width=\"1\/4\"][vc_single_image image=\"262112\" img_size=\"medium\" style=\"vc_box_rounded\"][\/vc_column][vc_column width=\"3\/4\"][vc_column_text]<\/p>\n<div class=\"flex max-w-full flex-col flex-grow\">\n<div class=\"min-h-8 text-message flex w-full flex-col items-end gap-2 whitespace-normal break-words text-start [.text-message+&amp;]:mt-5\" dir=\"auto\" data-message-author-role=\"assistant\" data-message-id=\"0ecc9a56-7446-48f8-ad94-4de8f9c74a79\" data-message-model-slug=\"gpt-4o\">\n<div class=\"flex w-full flex-col gap-1 empty:hidden first:pt-[3px]\">\n<div class=\"markdown prose w-full break-words dark:prose-invert light\">\n<p><strong>BOSTIK EPDM<\/strong><\/p>\n<p>BOSTIK EPDM is a specialized, one-component hybrid adhesive-sealant designed for EPDM membranes and similar materials. It offers reliable adhesion and sealing performance, tailored for professional use in construction and waterproofing projects.<\/p>\n<\/div>\n<\/div>\n<\/div>\n<\/div>\n<div class=\"mb-2 flex gap-3 empty:hidden -ml-2\">\n<div class=\"items-center justify-start rounded-xl p-1 flex\">\n<div class=\"flex items-center\"><\/div>\n<\/div>\n<\/div>\n<p>[\/vc_column_text][vc_column_text]<\/p>\n<div class=\"flex max-w-full flex-col flex-grow\">\n<div class=\"min-h-8 text-message flex w-full flex-col items-end gap-2 whitespace-normal break-words text-start [.text-message+&amp;]:mt-5\" dir=\"auto\" data-message-author-role=\"assistant\" data-message-id=\"5eab8504-a5c9-4d35-8392-7b77f966288c\" data-message-model-slug=\"gpt-4o\">\n<div class=\"flex w-full flex-col gap-1 empty:hidden first:pt-[3px]\">\n<div class=\"markdown prose w-full break-words dark:prose-invert light\">\n<p><strong>APPLICATION<\/strong><\/p>\n<ul>\n<li>Bonding and sealing EPDM membranes and foils on roofs, facades, floors, etc.<\/li>\n<li>Roofing seals<\/li>\n<li>EPDM membrane repair<\/li>\n<\/ul>\n<p><strong>SURFACE TYPES<\/strong><br \/>\nEPDM, glass, concrete, plaster, building ceramics, painted or impregnated wood, glazed, enamel-coated surfaces, steel, copper, zinc, aluminum, and other metals, selected plastics.<\/p>\n<p><strong>Note:<\/strong><br \/>\nDo not use BOSTIK EPDM on bituminous substrates, PE, PP, PTFE, rubber, or natural stone.<\/p>\n<\/div>\n<\/div>\n<\/div>\n<\/div>\n<div class=\"mb-2 flex gap-3 empty:hidden -ml-2\">\n<div class=\"items-center justify-start rounded-xl p-1 flex\">\n<div class=\"flex items-center\"><\/div>\n<\/div>\n<\/div>\n<p>[\/vc_column_text][\/vc_column][\/vc_row][vc_row][vc_column][vc_empty_space][\/vc_column][vc_column][vc_separator style=\"dashed\"][\/vc_column][\/vc_row][vc_row][vc_column width=\"2\/3\"][vc_column_text]<strong>FEATURES OF BOSTIK EPDM:<\/strong><\/p>\n<ul>\n<li>High initial adhesion<\/li>\n<li>Permanently elastic<\/li>\n<li>Minimal shrinkage<\/li>\n<li>Chemically neutral (non-corrosive)<\/li>\n<li>Free of isocyanates, silicone, and solvents<\/li>\n<li>Excellent resistance to UV and weather conditions<\/li>\n<li>Adheres to dry and slightly damp surfaces<\/li>\n<li>High tear resistance<\/li>\n<\/ul>\n<p>[\/vc_column_text][\/vc_column][vc_column width=\"1\/3\"][\/vc_column][\/vc_row][vc_row][vc_column][vc_separator style=\"dashed\"][vc_empty_space][\/vc_column][\/vc_row][vc_row][vc_column][vc_column_text]<strong>HOW TO USE BOSTIK EPDM:<\/strong><\/p>\n<p><strong>Sealing:<\/strong><br \/>\nFor deep gaps, use a backer rod to reduce the depth of the joint, achieve the proper joint profile, and prevent three-sided adhesion of the sealant to the surface. After application, smooth the sealant with a spatula dipped in water with a small amount of soap, within a maximum of 10 minutes. The sealant should have a shape that allows water to flow freely over it.<\/p>\n<p><strong>Bonding:<\/strong><br \/>\nFollow the EPDM manufacturer's instructions. Apply the adhesive in parallel, vertical strips with small gaps between them (depending on the size of the bonded components). Ensure a minimum joint thickness of 2 mm (necessary for proper adhesive curing and effective deformation absorption). For EPDM membranes and tapes, maintain at least a 5 cm overlap.<\/p>\n<p>Join the bonded materials and press evenly. For best results, use a silicone roller to smooth the adhesive.[\/vc_column_text][\/vc_column][\/vc_row][vc_row][vc_column][vc_separator style=\"dashed\"][vc_empty_space][\/vc_column][\/vc_row][vc_row][vc_column width=\"1\/3\"][vc_column_text]<\/p>\n<div class=\"flex max-w-full flex-col flex-grow\">\n<div class=\"min-h-8 text-message flex w-full flex-col items-end gap-2 whitespace-normal break-words text-start [.text-message+&amp;]:mt-5\" dir=\"auto\" data-message-author-role=\"assistant\" data-message-id=\"63fd0c7e-1261-4115-a12f-90a068b2219a\" data-message-model-slug=\"gpt-4o\">\n<div class=\"flex w-full flex-col gap-1 empty:hidden first:pt-[3px]\">\n<div class=\"markdown prose w-full break-words dark:prose-invert light\">\n<p><strong>SURFACE PREPARATION FOR BOSTIK EPDM:<\/strong><\/p>\n<p>The surface must be dry, clean, and grease-free. Highly moist surfaces (e.g., concrete) may weaken the bonding strength.<\/p>\n<p>For connections with highly porous and absorbent surfaces, such as concrete, aerated concrete, or raw wood, use Bostik Prep MSP primer.<\/p>\n<p>Non-absorbent, smooth, glazed, or enamel-coated surfaces should be cleaned with Bostik Solvent 300. If needed, prime with Bostik Prep M. In case of doubt, perform an adhesion test.<\/p>\n<\/div>\n<\/div>\n<\/div>\n<\/div>\n<div class=\"mb-2 flex gap-3 empty:hidden -ml-2\">\n<div class=\"items-center justify-start rounded-xl p-1 flex\">\n<div class=\"flex items-center\"><\/div>\n<\/div>\n<\/div>\n<p>[\/vc_column_text][\/vc_column][vc_column width=\"1\/3\"][vc_column_text]<\/p>\n<h4>TECHNICAL DATA<\/h4>\n<p>[\/vc_column_text][vc_raw_html]JTNDdGFibGUlM0UlMEElM0N0Ym9keSUzRSUwQSUzQ3RyJTNFJTNDdGQlM0VCYXphJTNDJTJGdGQlM0UlM0N0ZCUzRWh5YnJ5ZG93YSUyMCUyOFNNUCUyOSUzQyUyRnRkJTNFJTNDJTJGdHIlM0UlMEElM0N0ciUzRSUzQ3RkJTNFU3lzdGVtJTIwdXR3YXJkemFuaWElM0ElM0MlMkZ0ZCUzRSUzQ3RkJTNFcG9kJTIwd3AlQzUlODJ5d2VtJTIwcmVha2NqaSUyMHolMjBwYXIlQzQlODUlMjB3b2RuJUM0JTg1JTNDJTJGdGQlM0UlM0MlMkZ0ciUzRSUwQSUzQ3RyJTNFJTNDdGQlM0VLb2xvciUzQyUyRnRkJTNFJTNDdGQlM0VjemFybnklM0MlMkZ0ZCUzRSUzQyUyRnRyJTNFJTBBJTNDdHIlM0UlM0N0ZCUzRUN6YXMlMjBvYnIlQzMlQjNia2klM0MlMkZ0ZCUzRSUzQ3RkJTNFJUUyJTg5JTg4JTIwMTAlMjBtaW51dCUyMHByenklMjAlMkIyMyVDMiVCMEMlMjBpJTIwNTAlMjUlMjBSSCUzQyUyRnRkJTNFJTNDJTJGdHIlM0UlMEElM0MlMkZ0Ym9keSUzRSUzQyUyRnRhYmxlJTNFJTBB[\/vc_raw_html][\/vc_column][vc_column width=\"1\/3\"][vc_column_text]<\/p>\n<h4>DOCUMENTS<\/h4>\n<p><a href=\"https:\/\/www.bostik.com\/files\/live\/sites\/shared_bostik\/files\/import-poland\/sb5-bostik-epdm_tds.pdf\" target=\"_blank\" rel=\"noopener\">Technical Data Sheet<\/a><\/p>\n<p><a href=\"https:\/\/www.bostik.com\/files\/live\/sites\/shared_bostik\/files\/documents-brochures\/Poland\/Documents\/SDS\/PT17%20BOSTIK%20EPDM_SDS.pdf\" target=\"_blank\" rel=\"noopener\">Safety Data Sheet<\/a>[\/vc_column_text][\/vc_column][\/vc_row][vc_row][vc_column][vc_raw_html]JTNDdGl0bGUlM0VLYWxrdWxhdG9yJTIwenUlQzUlQkN5Y2lhJTIwZnVnaSUyMHVzemN6ZWxuaWolQzQlODVjZWolM0MlMkZ0aXRsZSUzRSUwQSUzQ3N0eWxlJTNFJTBBJTIwJTIwJTIwJTIwYm9keSUyMCU3QiUwQSUyMCUyMCUyMCUyMCUyMCUyMCUyMCUyMGZvbnQtZmFtaWx5JTNBJTIwQXJpYWwlMkMlMjBzYW5zLXNlcmlmJTNCJTBBJTIwJTIwJTIwJTIwJTIwJTIwJTIwJTIwbWFyZ2luJTNBJTIwMjBweCUzQiUwQSUyMCUyMCUyMCUyMCU3RCUwQSUyMCUyMCUyMCUyMGxhYmVsJTIwJTdCJTBBJTIwJTIwJTIwJTIwJTIwJTIwJTIwJTIwZGlzcGxheSUzQSUyMGJsb2NrJTNCJTBBJTIwJTIwJTIwJTIwJTIwJTIwJTIwJTIwbWFyZ2luLWJvdHRvbSUzQSUyMDVweCUzQiUwQSUyMCUyMCUyMCUyMCU3RCUwQSUyMCUyMCUyMCUyMGlucHV0JTIwJTdCJTBBJTIwJTIwJTIwJTIwJTIwJTIwJTIwJTIwd2lkdGglM0ElMjAxMDAlMjUlM0IlMEElMjAlMjAlMjAlMjAlMjAlMjAlMjAlMjBwYWRkaW5nJTNBJTIwNXB4JTNCJTBBJTIwJTIwJTIwJTIwJTIwJTIwJTIwJTIwbWFyZ2luLWJvdHRvbSUzQSUyMDEwcHglM0IlMEElMjAlMjAlMjAlMjAlN0QlMEElMjAlMjAlMjAlMjBidXR0b24lMjAlN0IlMEElMjAlMjAlMjAlMjAlMjAlMjAlMjAlMjBwYWRkaW5nJTNBJTIwMTBweCUyMDIwcHglM0IlMEElMjAlMjAlMjAlMjAlMjAlMjAlMjAlMjBiYWNrZ3JvdW5kLWNvbG9yJTNBJTIwJTIzNENBRjUwJTNCJTBBJTIwJTIwJTIwJTIwJTIwJTIwJTIwJTIwY29sb3IlM0ElMjB3aGl0ZSUzQiUwQSUyMCUyMCUyMCUyMCUyMCUyMCUyMCUyMGJvcmRlciUzQSUyMG5vbmUlM0IlMEElMjAlMjAlMjAlMjAlMjAlMjAlMjAlMjBjdXJzb3IlM0ElMjBwb2ludGVyJTNCJTBBJTIwJTIwJTIwJTIwJTdEJTBBJTIwJTIwJTIwJTIwJTIzd3luaWslMjAlN0IlMEElMjAlMjAlMjAlMjAlMjAlMjAlMjAlMjBtYXJnaW4tdG9wJTNBJTIwMjBweCUzQiUwQSUyMCUyMCUyMCUyMCUyMCUyMCUyMCUyMGZvbnQtd2VpZ2h0JTNBJTIwYm9sZCUzQiUwQSUyMCUyMCUyMCUyMCU3RCUwQSUzQyUyRnN0eWxlJTNFJTBBJTNDaDIlM0VLYWxrdWxhdG9yJTIwenUlQzUlQkN5Y2lhJTIwZnVnaSUyMHVzemN6ZWxuaWolQzQlODVjZWolM0MlMkZoMiUzRSUwQSUzQ2xhYmVsJTIwZm9yJTNEJTIyb2J3b2QlMjIlM0VPYnclQzMlQjNkJTIwcG93aWVyemNobmklMjBrbGVqb25laiUyMCUyOHclMjBtZXRyYWNoJTIwYmllJUM1JUJDJUM0JTg1Y3ljaCUyOSUzQSUzQyUyRmxhYmVsJTNFJTBBJTNDaW5wdXQlMjB0eXBlJTNEJTIybnVtYmVyJTIyJTIwaWQlM0QlMjJvYndvZCUyMiUyMHN0ZXAlM0QlMjIwLjAxJTIyJTNFJTBBJTNDbGFiZWwlMjBmb3IlM0QlMjJzemVyb2tvc2MlMjIlM0VTemVyb2tvJUM1JTlCJUM0JTg3JTIwZnVnaSUyMCUyOHclMjBtaWxpbWV0cmFjaCUyOSUzQSUzQyUyRmxhYmVsJTNFJTBBJTNDaW5wdXQlMjB0eXBlJTNEJTIybnVtYmVyJTIyJTIwaWQlM0QlMjJzemVyb2tvc2MlMjIlMjBzdGVwJTNEJTIyMSUyMiUzRSUwQSUzQ2xhYmVsJTIwZm9yJTNEJTIyZ2xlYm9rb3NjJTIyJTNFRyVDNSU4MiVDNCU5OWJva28lQzUlOUIlQzQlODclMjBmdWdpJTIwJTI4dyUyMG1pbGltZXRyYWNoJTI5JTNBJTNDJTJGbGFiZWwlM0UlMEElM0NpbnB1dCUyMHR5cGUlM0QlMjJudW1iZXIlMjIlMjBpZCUzRCUyMmdsZWJva29zYyUyMiUyMHN0ZXAlM0QlMjIxJTIyJTNFJTBBJTNDbGFiZWwlMjBmb3IlM0QlMjJwb2plbW5vc2MlMjIlM0VQb2plbW5vJUM1JTlCJUM0JTg3JTIwb3Bha293YW5pYSUyMGZ1Z2klMjAlMjh3JTIwbWlsaWxpdHJhY2glMjklM0ElM0MlMkZsYWJlbCUzRSUwQSUzQ2lucHV0JTIwdHlwZSUzRCUyMm51bWJlciUyMiUyMGlkJTNEJTIycG9qZW1ub3NjJTIyJTIwdmFsdWUlM0QlMjI2MDAlMjIlMjByZWFkb25seSUzRSUwQSUwQSUzQ2J1dHRvbiUyMGlkJTNEJTIyb2JsaWN6QnRuJTIyJTNFT2JsaWN6JTNDJTJGYnV0dG9uJTNFJTBBJTNDZGl2JTIwaWQlM0QlMjJ3eW5payUyMiUzRSUzQyUyRmRpdiUzRSUwQSUwQSUzQ3NjcmlwdCUzRSUwQSUyMCUyMCUyMCUyMGRvY3VtZW50LmdldEVsZW1lbnRCeUlkJTI4JTI3b2JsaWN6QnRuJTI3JTI5LmFkZEV2ZW50TGlzdGVuZXIlMjglMjdjbGljayUyNyUyQyUyMGZ1bmN0aW9uJTIwJTI4JTI5JTIwJTdCJTBBJTIwJTIwJTIwJTIwJTIwJTIwJTIwJTIwY29uc3QlMjBvYndvZCUyMCUzRCUyMHBhcnNlRmxvYXQlMjhkb2N1bWVudC5nZXRFbGVtZW50QnlJZCUyOCUyN29id29kJTI3JTI5LnZhbHVlJTI5JTNCJTBBJTIwJTIwJTIwJTIwJTIwJTIwJTIwJTIwY29uc3QlMjBzemVyb2tvc2MlMjAlM0QlMjBwYXJzZUZsb2F0JTI4ZG9jdW1lbnQuZ2V0RWxlbWVudEJ5SWQlMjglMjdzemVyb2tvc2MlMjclMjkudmFsdWUlMjklM0IlMEElMjAlMjAlMjAlMjAlMjAlMjAlMjAlMjBjb25zdCUyMGdsZWJva29zYyUyMCUzRCUyMHBhcnNlRmxvYXQlMjhkb2N1bWVudC5nZXRFbGVtZW50QnlJZCUyOCUyN2dsZWJva29zYyUyNyUyOS52YWx1ZSUyOSUzQiUwQSUyMCUyMCUyMCUyMCUyMCUyMCUyMCUyMGNvbnN0JTIwcG9qZW1ub3NjT3Bha293YW5pYSUyMCUzRCUyMHBhcnNlRmxvYXQlMjhkb2N1bWVudC5nZXRFbGVtZW50QnlJZCUyOCUyN3BvamVtbm9zYyUyNyUyOS52YWx1ZSUyOSUzQiUwQSUyMCUyMCUyMCUyMCUyMCUyMCUyMCUyMGNvbnN0JTIwenV6eWNpZU5hTWV0ciUyMCUzRCUyMHN6ZXJva29zYyUyMCUyQSUyMGdsZWJva29zYyUyMCUyRiUyMDElM0IlMjAlMkYlMkYlMjB3JTIwbWlsaWxpdHJhY2glMEElMjAlMjAlMjAlMjAlMjAlMjAlMjAlMjBjb25zdCUyMHp1enljaWVGdWdpJTIwJTNEJTIwenV6eWNpZU5hTWV0ciUyMCUyQSUyMG9id29kJTNCJTIwJTJGJTJGJTIwdyUyMG1pbGlsaXRyYWNoJTBBJTIwJTIwJTIwJTIwJTIwJTIwJTIwJTIwY29uc3QlMjBpbG9zY09wYWtvd2FuJTIwJTNEJTIwTWF0aC5jZWlsJTI4enV6eWNpZUZ1Z2klMjAlMkYlMjBwb2plbW5vc2NPcGFrb3dhbmlhJTI5JTNCJTBBJTBBJTIwJTIwJTIwJTIwJTIwJTIwJTIwJTIwZG9jdW1lbnQuZ2V0RWxlbWVudEJ5SWQlMjglMjd3eW5payUyNyUyOS5pbm5lckhUTUwlMjAlM0QlMjAlMjJadSVDNSVCQ3ljaWUlMjBmdWdpJTIwbmElMjBtZXRyJTIwYmllJUM1JUJDJUM0JTg1Y3klM0ElMjAlMjIlMjAlMkIlMjB6dXp5Y2llTmFNZXRyLnRvRml4ZWQlMjgyJTI5JTIwJTJCJTIwJTIyJTIwbWwlMjIlMjAlMkIlMjAlMjIlM0NiciUzRSUyMiUzQiUwQSUyMCUyMCUyMCUyMCUyMCUyMCUyMCUyMGRvY3VtZW50LmdldEVsZW1lbnRCeUlkJTI4JTI3d3luaWslMjclMjkuaW5uZXJIVE1MJTIwJTJCJTNEJTIwJTIyWnUlQzUlQkN5Y2llJTIwZnVnaSUyMG5hJTIwY2ElQzUlODIlQzQlODUlMjBwb3dpZXJ6Y2huaSVDNCU5OSUzQSUyMCUyMiUyMCUyQiUyMHp1enljaWVGdWdpLnRvRml4ZWQlMjgyJTI5JTIwJTJCJTIwJTIyJTIwbWwlMjIlMjAlMkIlMjAlMjIlM0NiciUzRSUyMiUzQiUwQSUyMCUyMCUyMCUyMCUyMCUyMCUyMCUyMGRvY3VtZW50LmdldEVsZW1lbnRCeUlkJTI4JTI3d3luaWslMjclMjkuaW5uZXJIVE1MJTIwJTJCJTNEJTIwJTIySWxvJUM1JTlCJUM0JTg3JTIwb3Bha293YSVDNSU4NCUyMGZ1Z2klMjBwb3RyemVibnljaCUzQSUyMCUyMiUyMCUyQiUyMGlsb3NjT3Bha293YW4lMjAlMkIlMjAlMjIlMjBzenQlMjIlMjAlMkIlMjAlMjIlM0NiciUzRSUyMiUzQiUwQSUyMCUyMCUyMCUyMCU3RCUyOSUzQiUwQSUzQyUyRnNjcmlwdCUzRSUwQQ==[\/vc_raw_html][vc_separator style=\"dashed\"][vc_empty_space height=\"64px\"][vc_column_text]<\/p>\n<div class=\"flex max-w-full flex-col flex-grow\">\n<div class=\"min-h-8 text-message flex w-full flex-col items-end gap-2 whitespace-normal break-words text-start [.text-message+&amp;]:mt-5\" dir=\"auto\" data-message-author-role=\"assistant\" data-message-id=\"4bdf41fd-4859-42ec-9dd6-42ce495405e5\" data-message-model-slug=\"gpt-4o\">\n<div class=\"flex w-full flex-col gap-1 empty:hidden first:pt-[3px]\">\n<div class=\"markdown prose w-full break-words dark:prose-invert light\">\n<p><strong>What is Waterproofing?<\/strong><\/p>\n<p>Waterproofing, also known as moisture protection, involves safeguarding a structure against the damaging and destructive effects of water. Waterproofing solutions are classified based on their binders (waterproofing products):<\/p>\n<ul>\n<li><strong>Bitumen and tar-based solutions (an outdated method):<\/strong> These offer high water resistance and are made from readily available materials but have inefficient interlayer adhesion and negative health impacts.<\/li>\n<li><strong>Synthetic resin-based solutions (modern products):<\/strong> Suitable only for indoor or residential use, these products are not effective for waterproofing large water reservoirs, as prolonged exposure to water can reduce their effectiveness.<\/li>\n<li><strong>Mineral-polymer waterproofing products:<\/strong> Free from the above drawbacks, these are also known as sealing or insulating slurries. Two-component mineral waterproofing solutions are ideal for waterproofing walls, plinths, water basins, pools, balconies, terraces, roofs, and humid spaces like bathrooms and laundry rooms.<\/li>\n<li><strong>Multicomponent reactive resin-based solutions (advanced binders):<\/strong> These include polyurethane and epoxy resin-based products. They penetrate well into substrates, offering excellent adhesion and complete waterproofing.<\/li>\n<\/ul>\n<\/div>\n<\/div>\n<\/div>\n<\/div>\n<div class=\"mb-2 flex gap-3 empty:hidden -ml-2\">\n<div class=\"items-center justify-start rounded-xl p-1 flex\">\n<div class=\"flex items-center\"><\/div>\n<\/div>\n<\/div>\n<p>[\/vc_column_text][\/vc_column][\/vc_row][vc_row][vc_column][vc_empty_space height=\"64px\"][vc_column_text]TAG: hydroizolacja, uszczelnianie, fundament, piwnica, materia\u0142y bitumiczne, membrana, emulsja, woda gruntowa, wilgo\u0107, izolacja, \u015bciana wilgotna, mokry chudziak, grunt bitumiczny, Bostik, hydroizolacja zewn\u0119trzna, hydroizolacja wewn\u0119trzna, Izolacja pozioma, izolacja pionowa, izolacja coko\u0142owa, hydroizolacja pozioma, hydroizolacja pionowa, hydroizolacja coko\u0142owa, faseta fundamentowa, zaprawa hydroizolacyjna, zaprawa uszczelniaj\u0105ca, zaprawa przeciwwilgociowa, zaprawa wodoszczelna, ple\u015b\u0144 na \u015bcianie, zabezpieczenie \u015bcian, system hydroizolacji, produkt uszczelniaj\u0105cy, masa KMB, polimerowo bitumiczna, lepik asfaltowo-kauczukowy, izolacja parochronna, izolacja przeciwwodna, hydroizolacja piwnicy od zewn\u0105trz, hydroizolacja dwusk\u0142adnikowa, tasma hydroizolacja, hydroizolacja chudziaka, hydroizolacja jednosk\u0142adnikowa, hydroizolacja p\u0142yty fundamentowej, hydroizolacja fundament\u00f3w w starym domu, hydroizolacja betonu, izolacja przeciwwodna, izolacja przeciwwodna fundament\u00f3w, ci\u0119\u017cka izolacja przeciwwodna, ci\u0119\u017cka izolacja przeciwwodna fundament\u00f3w, izolacja przeciwwodna piwnicy, izolacja przeciwwodna p\u0142yty fundamentowej, izolacja przeciwwodna typu ci\u0119\u017ckiego, izolacja przeciwwodna posadzki w piwnicy, hydroizolacja przeciwwodna, izolacja przeciwwodna pionowa, ta\u015bma uszczelniaj\u0105ca przeciwwodna, naprawa izolacji poziomej, naprawa izolacji pionowej, naprawa izolacji fundamentu, hydroizolacj\u0119, hydroizolacje,[\/vc_column_text][\/vc_column][\/vc_row]<\/p>\n","protected":false},"excerpt":{"rendered":"<div class=\"flex max-w-full flex-col flex-grow\">\n<div class=\"min-h-8 text-message flex w-full flex-col items-end gap-2 whitespace-normal break-words text-start [.text-message+&amp;]:mt-5\" dir=\"auto\" data-message-author-role=\"assistant\" data-message-id=\"7e138a60-3aad-432b-b75e-c3442d9b2be9\" data-message-model-slug=\"gpt-4o\">\n<div class=\"flex w-full flex-col gap-1 empty:hidden first:pt-[3px]\">\n<div class=\"markdown prose w-full break-words dark:prose-invert light\">\n<p><strong>BOSTIK EPDM<\/strong> is a single-component, hybrid adhesive-sealant designed for EPDM membranes and similar materials. It offers permanent flexibility and strong adhesion to a wide range of surfaces, including glass, concrete, metals, ceramics, and wood.<\/p>\n<p>Chemically neutral and resistant to UV and weather conditions, it excels in sealing and bonding applications. The product is user-friendly, substrate-safe, and free from isocyanates, silicone, and solvents. Perfect for professional waterproofing projects, it ensures durable and reliable connections.<\/p>\n<\/div>\n<\/div>\n<\/div>\n<\/div>\n<div class=\"mb-2 flex gap-3 empty:hidden -ml-2\">\n<div class=\"items-center justify-start rounded-xl p-1 flex\">\n<div class=\"flex items-center\"><\/div>\n<\/div>\n<\/div>\n","protected":false},"featured_media":274051,"comment_status":"open","ping_status":"closed","template":"","meta":[],"product_brand":[],"product_cat":[603],"product_tag":[],"class_list":{"0":"post-276520","1":"product","2":"type-product","3":"status-publish","4":"has-post-thumbnail","6":"product_cat-bostik-en","7":"product_shipping_class-latwa-wysylka-en","9":"first","10":"instock","11":"taxable","12":"shipping-taxable","13":"purchasable","14":"product-type-simple"},"_links":{"self":[{"href":"https:\/\/www.sanier.pl\/en\/wp-json\/wp\/v2\/product\/276520","targetHints":{"allow":["GET"]}}],"collection":[{"href":"https:\/\/www.sanier.pl\/en\/wp-json\/wp\/v2\/product"}],"about":[{"href":"https:\/\/www.sanier.pl\/en\/wp-json\/wp\/v2\/types\/product"}],"replies":[{"embeddable":true,"href":"https:\/\/www.sanier.pl\/en\/wp-json\/wp\/v2\/comments?post=276520"}],"wp:featuredmedia":[{"embeddable":true,"href":"https:\/\/www.sanier.pl\/en\/wp-json\/wp\/v2\/media\/274051"}],"wp:attachment":[{"href":"https:\/\/www.sanier.pl\/en\/wp-json\/wp\/v2\/media?parent=276520"}],"wp:term":[{"taxonomy":"product_brand","embeddable":true,"href":"https:\/\/www.sanier.pl\/en\/wp-json\/wp\/v2\/product_brand?post=276520"},{"taxonomy":"product_cat","embeddable":true,"href":"https:\/\/www.sanier.pl\/en\/wp-json\/wp\/v2\/product_cat?post=276520"},{"taxonomy":"product_tag","embeddable":true,"href":"https:\/\/www.sanier.pl\/en\/wp-json\/wp\/v2\/product_tag?post=276520"}],"curies":[{"name":"wp","href":"https:\/\/api.w.org\/{rel}","templated":true}]}}