{"id":276518,"date":"2024-02-06T13:19:52","date_gmt":"2024-02-06T13:19:52","guid":{"rendered":"https:\/\/www.sanier.pl\/produkt\/kd-pakiet-systemu-kellerditch-do-natychmiastowego-uszczelniania-przeciekow-w-piwnicach-i-garazach\/"},"modified":"2025-02-10T13:57:31","modified_gmt":"2025-02-10T13:57:31","slug":"kd-system-kellerditch-package","status":"publish","type":"product","link":"https:\/\/www.sanier.pl\/en\/produkt\/kd-system-kellerditch-package\/","title":{"rendered":"KD System Kellerditch Package"},"content":{"rendered":"<p>[vc_row][vc_column][vc_column_text]<\/p>\n<h1 style=\"text-align: center;\"><strong>KD System Kellerditch Package<\/strong><\/h1>\n<div class=\"flex max-w-full flex-col flex-grow\">\n<div class=\"min-h-8 text-message flex w-full flex-col items-end gap-2 whitespace-normal break-words text-start [.text-message+&amp;]:mt-5\" dir=\"auto\" data-message-author-role=\"assistant\" data-message-id=\"f64a18d3-81af-4397-b99d-a1b0cd8a4dcd\" data-message-model-slug=\"gpt-4o\">\n<div class=\"flex w-full flex-col gap-1 empty:hidden first:pt-[3px]\">\n<div class=\"markdown prose w-full break-words dark:prose-invert light\">\n<h5 style=\"text-align: center;\">For immediate sealing of leaks in basements and garages.<\/h5>\n<\/div>\n<\/div>\n<\/div>\n<\/div>\n<div class=\"mb-2 flex gap-3 empty:hidden -ml-2\">\n<div class=\"items-center justify-start rounded-xl p-1 z-10 -mt-1 bg-token-main-surface-primary md:absolute flex\">\n<div class=\"flex items-center\"><\/div>\n<\/div>\n<\/div>\n<h5 style=\"text-align: center;\">.<\/h5>\n<p>[\/vc_column_text][\/vc_column][\/vc_row][vc_row][vc_column][vc_column_text css_animation=\"bounceInRight\"]<img loading=\"lazy\" decoding=\"async\" class=\"wp-image-262030 size-medium aligncenter\" src=\"https:\/\/www.sanier.pl\/wp-content\/uploads\/2024\/01\/KOSTER_Hydroizolacje_Logo_krzywe_2022-300x100.jpg\" alt=\"logo koester\" width=\"300\" height=\"100\" srcset=\"https:\/\/www.sanier.pl\/wp-content\/uploads\/2024\/01\/KOSTER_Hydroizolacje_Logo_krzywe_2022-300x100.jpg 300w, https:\/\/www.sanier.pl\/wp-content\/uploads\/2024\/01\/KOSTER_Hydroizolacje_Logo_krzywe_2022-800x267.jpg 800w, https:\/\/www.sanier.pl\/wp-content\/uploads\/2024\/01\/KOSTER_Hydroizolacje_Logo_krzywe_2022-1024x341.jpg 1024w, https:\/\/www.sanier.pl\/wp-content\/uploads\/2024\/01\/KOSTER_Hydroizolacje_Logo_krzywe_2022-768x256.jpg 768w, https:\/\/www.sanier.pl\/wp-content\/uploads\/2024\/01\/KOSTER_Hydroizolacje_Logo_krzywe_2022-1536x512.jpg 1536w, https:\/\/www.sanier.pl\/wp-content\/uploads\/2024\/01\/KOSTER_Hydroizolacje_Logo_krzywe_2022-2048x683.jpg 2048w, https:\/\/www.sanier.pl\/wp-content\/uploads\/2024\/01\/KOSTER_Hydroizolacje_Logo_krzywe_2022-848x283.jpg 848w, https:\/\/www.sanier.pl\/wp-content\/uploads\/2024\/01\/KOSTER_Hydroizolacje_Logo_krzywe_2022-1140x380.jpg 1140w, https:\/\/www.sanier.pl\/wp-content\/uploads\/2024\/01\/KOSTER_Hydroizolacje_Logo_krzywe_2022-1170x390.jpg 1170w, https:\/\/www.sanier.pl\/wp-content\/uploads\/2024\/01\/KOSTER_Hydroizolacje_Logo_krzywe_2022-1920x640.jpg 1920w\" sizes=\"auto, (max-width:767px) 300px, 300px\" \/>[\/vc_column_text][\/vc_column][\/vc_row][vc_row][vc_column][vc_separator style=\"dashed\"][vc_empty_space height=\"64px\"][\/vc_column][\/vc_row][vc_row][vc_column width=\"1\/2\"][vc_single_image image=\"262197\" img_size=\"medium\" style=\"vc_box_rounded\"][\/vc_column][vc_column width=\"1\/2\"][vc_column_text]<\/p>\n<div class=\"flex max-w-full flex-col flex-grow\">\n<div class=\"min-h-8 text-message flex w-full flex-col items-end gap-2 whitespace-normal break-words text-start [.text-message+&amp;]:mt-5\" dir=\"auto\" data-message-author-role=\"assistant\" data-message-id=\"34a8e793-1b4b-4ac1-9284-05f1b328079b\" data-message-model-slug=\"gpt-4o\">\n<div class=\"flex w-full flex-col gap-1 empty:hidden first:pt-[3px]\">\n<div class=\"markdown prose w-full break-words dark:prose-invert light\">\n<p><strong>KOESTER KD System Kellerditch Package<\/strong><\/p>\n<p>Used for sealing leaks against pressing water from the negative side. It is resistant to harmful salts and aggressive substances present in the substrate. Once cured, it withstands the effects of construction salts.<\/p>\n<\/div>\n<\/div>\n<\/div>\n<\/div>\n<div class=\"mb-2 flex gap-3 empty:hidden -ml-2\">\n<div class=\"items-center justify-start rounded-xl p-1 z-10 -mt-1 bg-token-main-surface-primary md:absolute flex\">\n<div class=\"flex items-center\"><\/div>\n<\/div>\n<\/div>\n<p>[\/vc_column_text][vc_column_text]<\/p>\n<div class=\"flex max-w-full flex-col flex-grow\">\n<div class=\"min-h-8 text-message flex w-full flex-col items-end gap-2 whitespace-normal break-words text-start [.text-message+&amp;]:mt-5\" dir=\"auto\" data-message-author-role=\"assistant\" data-message-id=\"9a0d6c34-10bd-49df-8533-309ca3e44164\" data-message-model-slug=\"gpt-4o\">\n<div class=\"flex w-full flex-col gap-1 empty:hidden first:pt-[3px]\">\n<div class=\"markdown prose w-full break-words dark:prose-invert light\">\n<p><strong>APPLICATION<\/strong><\/p>\n<ul>\n<li>Sealing basements, foundations, and tanks against ground moisture and pressurized water.<\/li>\n<li>When diluted with water, it serves as a primer for highly absorbent surfaces.<\/li>\n<\/ul>\n<p>Designed for building waterproofing from the inside: basements, elevator shafts, etc., against non-pressurized and pressurized water, both from the negative and positive sides.<br \/>\nK\u00d6STER Blitzpulver is suitable for sealing cracks before performing crack injection with injection resins.<\/p>\n<\/div>\n<\/div>\n<\/div>\n<\/div>\n<p>[\/vc_column_text][\/vc_column][\/vc_row][vc_row][vc_column][vc_empty_space][\/vc_column][vc_column][vc_separator style=\"dashed\"][\/vc_column][\/vc_row][vc_row][vc_column width=\"1\/2\"][vc_column_text]<strong>Properties and Benefits of the K\u00d6STER KD System<\/strong><\/p>\n<p>The K\u00d6STER Kellerdicht system is used for sealing leaks against pressurized water from the negative side. It is resistant to harmful salts and aggressive substances present in the substrate. Once cured, the K\u00d6STER Kellerdicht waterproofing system is resistant to construction salts.<\/p>\n<ul>\n<li>Negative-side waterproofing against pressurized water<\/li>\n<li>No need for excavation of foundations<\/li>\n<li>K\u00d6STER KD 2 Blitzpulver seals leaks within seconds<\/li>\n<li>K\u00d6STER KD 1 micro mortar penetrates deep into the substrate, sealing capillaries in the building material<\/li>\n<li>Resistant to harmful salts<\/li>\n<li>Salts cannot detach the bonded K\u00d6STER Kellerdicht coating from the substrate<\/li>\n<li>Easy to apply<\/li>\n<li>Can also be applied from the positive side<\/li>\n<li>Proven and reliable system<\/li>\n<\/ul>\n<p>[\/vc_column_text][vc_column_text]<strong>The K\u00d6STER Kellerdicht Waterproofing System Consists of Three <\/strong><\/p>\n<p><strong>Products:<\/strong><\/p>\n<ul>\n<li><strong>K\u00d6STER KD 1 Waterproofing Slurry<\/strong> \u2013 A fast-setting, mineral-based slurry with high resistance to aggressive groundwater and pressurized water.<\/li>\n<li><strong>K\u00d6STER KD 2 Blitzpulver Quick-Setting Powder<\/strong> \u2013 A highly reactive powder with a short setting time that seals leaks within seconds.<\/li>\n<li><strong>K\u00d6STER KD 3 Liquid Hardener<\/strong> \u2013 A water-based silicate solution that penetrates deeply into the substrate and reacts to form water-insoluble compounds. It seals pores and provides permanent waterproofing through ongoing mineralization.<\/li>\n<\/ul>\n<p>[\/vc_column_text][\/vc_column][vc_column width=\"1\/2\"][vc_single_image image=\"262198\" img_size=\"medium\"][vc_single_image image=\"262199\" img_size=\"medium\"][vc_single_image image=\"262200\" img_size=\"medium\"][vc_single_image image=\"262202\" img_size=\"medium\"][\/vc_column][\/vc_row][vc_row][vc_column][vc_separator style=\"dashed\"][vc_empty_space][\/vc_column][\/vc_row][vc_row][vc_column][vc_separator style=\"dashed\"][vc_empty_space][\/vc_column][\/vc_row][vc_row][vc_column width=\"1\/2\"][vc_column_text]<\/p>\n<h4>KD System Kellerditch DOCUMENTS<\/h4>\n<p><a href=\"https:\/\/www.koester.pl\/files\/tds\/files\/pl_pl\/TechDataSheet_W%20219_KD%20pakiet%20systemu%20Kellerdicht_pl_pl_2023-10-16_115039.pdf\" target=\"_blank\" rel=\"noopener\">Technical Sheet<\/a><\/p>\n<p><a href=\"https:\/\/www.koester.pl\/files\/pl_pl\/2021_uszczelnienia_strony_negatywnej.pdf\" target=\"_blank\" rel=\"noopener\">System Leafleat<\/a>[\/vc_column_text][\/vc_column][vc_column width=\"1\/2\"][vc_column_text]<\/p>\n<h4>USAGE<\/h4>\n<p>[\/vc_column_text][vc_raw_html]JTNDdGFibGUlM0UlMEElM0N0Ym9keSUzRSUwQSUzQ3RyJTNFJTBBJTNDdGQlM0UlM0MlMkZ0ZCUzRSUwQSUzQ3RkJTNFWnUlQzUlQkN5Y2llJTIwa2clMkZtMiUzQyUyRnRkJTNFJTNDJTJGdHIlM0UlMEElM0N0ciUzRSUzQ3RkJTNFS0QxJTIwJTNDJTJGdGQlM0UlM0N0ZCUzRTElMkM1JTIwLSUyMDIlMkM1JTNDJTJGdGQlM0UlM0MlMkZ0ciUzRSUwQSUzQ3RyJTNFJTNDdGQlM0VLRDIlMjAlM0MlMkZ0ZCUzRSUzQ3RkJTNFMSUyQzAlMjAtJTIwMiUyQzAlM0MlMkZ0ZCUzRSUzQyUyRnRyJTNFJTBBJTNDdHIlM0UlM0N0ZCUzRUtEMyUyMCUzQyUyRnRkJTNFJTNDdGQlM0UwJTJDNSUzQyUyRnRkJTNFJTNDJTJGdHIlM0UlMEElM0MlMkZ0Ym9keSUzRSUzQyUyRnRhYmxlJTNFJTBB[\/vc_raw_html][\/vc_column][\/vc_row][vc_row][vc_column][vc_empty_space height=\"64px\"][vc_column_text]TAG: hydroizolacja, uszczelnianie, fundament, piwnica, Koester, woda gruntowa, wilgo\u0107, izolacja, \u015bciana wilgotna, mokry chudziak, hydroizolacja wewn\u0119trzna, Izolacja pozioma, izolacja pionowa, hydroizolacja pionowa, faseta fundamentowa, zaprawa hydroizolacyjna, zaprawa uszczelniaj\u0105ca, zaprawa przeciwwilgociowa, zaprawa wodoszczelna, ple\u015b\u0144 na \u015bcianie, zabezpieczenie \u015bcian, system hydroizolacji, produkt uszczelniaj\u0105cy, izolacja parochronna, izolacja przeciwwodna, hydroizolacja piwnicy od zewn\u0105trz, hydroizolacja chudziaka, hydroizolacja p\u0142yty fundamentowej, hydroizolacja fundament\u00f3w w starym domu, hydroizolacja betonu, izolacja przeciwwodna, izolacja przeciwwodna fundament\u00f3w, ci\u0119\u017cka izolacja przeciwwodna, ci\u0119\u017cka izolacja przeciwwodna fundament\u00f3w, izolacja przeciwwodna piwnicy, izolacja przeciwwodna p\u0142yty fundamentowej, izolacja przeciwwodna typu ci\u0119\u017ckiego, izolacja przeciwwodna posadzki w piwnicy, hydroizolacja przeciwwodna, izolacja przeciwwodna pionowa, ta\u015bma uszczelniaj\u0105ca przeciwwodna, naprawa izolacji poziomej, naprawa izolacji pionowej, naprawa izolacji fundamentu, hydroizolacj\u0119, hydroizolacje, przeciek w piwnicy, przeciek w gara\u017cu,[\/vc_column_text][\/vc_column][\/vc_row]<\/p>\n","protected":false},"excerpt":{"rendered":"<p><strong>KD System Kellerditch Package<\/strong><\/p>\n","protected":false},"featured_media":274091,"comment_status":"open","ping_status":"closed","template":"","meta":[],"product_brand":[],"product_cat":[668,623,649,669,599,755],"product_tag":[615,681,684,686,694,695],"class_list":{"0":"post-276518","1":"product","2":"type-product","3":"status-publish","4":"has-post-thumbnail","6":"product_cat-hydroizolacje-mineralne-en","7":"product_cat-koester-en","8":"product_cat-mineralne-materialy-en","9":"product_cat-szlamy-uszczelniajace-en","10":"product_cat-zaprawy-szybkowiazace-i-wodoszczelne-en","11":"product_cat-zaprawy-wodoszczelne-en","12":"product_tag-hydroizolacja-en","13":"product_tag-hydroizolacja-basenow-en","14":"product_tag-hydroizolacja-fundamentow-w-starym-domu-en","15":"product_tag-hydroizolacja-od-strony-negatywnej-en","16":"product_tag-hydroizolacja-wewnetrzna-en","17":"product_tag-hydroizolacja-wody-napierajacej-en","18":"product_shipping_class-trudna-wysylka-en","20":"first","21":"onbackorder","22":"taxable","23":"shipping-taxable","24":"purchasable","25":"product-type-simple"},"_links":{"self":[{"href":"https:\/\/www.sanier.pl\/en\/wp-json\/wp\/v2\/product\/276518","targetHints":{"allow":["GET"]}}],"collection":[{"href":"https:\/\/www.sanier.pl\/en\/wp-json\/wp\/v2\/product"}],"about":[{"href":"https:\/\/www.sanier.pl\/en\/wp-json\/wp\/v2\/types\/product"}],"replies":[{"embeddable":true,"href":"https:\/\/www.sanier.pl\/en\/wp-json\/wp\/v2\/comments?post=276518"}],"wp:featuredmedia":[{"embeddable":true,"href":"https:\/\/www.sanier.pl\/en\/wp-json\/wp\/v2\/media\/274091"}],"wp:attachment":[{"href":"https:\/\/www.sanier.pl\/en\/wp-json\/wp\/v2\/media?parent=276518"}],"wp:term":[{"taxonomy":"product_brand","embeddable":true,"href":"https:\/\/www.sanier.pl\/en\/wp-json\/wp\/v2\/product_brand?post=276518"},{"taxonomy":"product_cat","embeddable":true,"href":"https:\/\/www.sanier.pl\/en\/wp-json\/wp\/v2\/product_cat?post=276518"},{"taxonomy":"product_tag","embeddable":true,"href":"https:\/\/www.sanier.pl\/en\/wp-json\/wp\/v2\/product_tag?post=276518"}],"curies":[{"name":"wp","href":"https:\/\/api.w.org\/{rel}","templated":true}]}}