{"id":276508,"date":"2024-03-19T08:35:28","date_gmt":"2024-03-19T08:35:28","guid":{"rendered":"https:\/\/www.sanier.pl\/produkt\/block-c750-flex\/"},"modified":"2024-12-12T11:47:40","modified_gmt":"2024-12-12T11:47:40","slug":"block-c750-flex","status":"publish","type":"product","link":"https:\/\/www.sanier.pl\/en\/produkt\/block-c750-flex\/","title":{"rendered":"BOSTIK BLOCK C750 FLEX - FLEXIBLE WATERPROOFING MORTAR"},"content":{"rendered":"<p>[vc_row][vc_column][vc_column_text]<\/p>\n<h1 style=\"text-align: center;\"><strong><span style=\"color: #000000;\">BOSTIK BLOCK C750 FLEX<\/span><\/strong><\/h1>\n<h5 style=\"text-align: center;\">FLEXIBLE WATERPROOFING MORTAR<\/h5>\n<p>[\/vc_column_text][\/vc_column][\/vc_row][vc_row][vc_column][vc_column_text css_animation=\"none\"]<a href=\"https:\/\/www.sanier.pl\/sklep\/?s=bostik&amp;post_type=product\"><img loading=\"lazy\" decoding=\"async\" class=\"wp-image-258966 size-medium aligncenter\" src=\"https:\/\/www.sanier.pl\/wp-content\/uploads\/2022\/07\/Bostik_Logo_Header-300x121.png\" alt=\"bostik logo\" width=\"300\" height=\"121\" srcset=\"https:\/\/www.sanier.pl\/wp-content\/uploads\/2022\/07\/Bostik_Logo_Header-300x121.png 300w, https:\/\/www.sanier.pl\/wp-content\/uploads\/2022\/07\/Bostik_Logo_Header-800x324.png 800w, https:\/\/www.sanier.pl\/wp-content\/uploads\/2022\/07\/Bostik_Logo_Header-768x311.png 768w, https:\/\/www.sanier.pl\/wp-content\/uploads\/2022\/07\/Bostik_Logo_Header-700x283.png 700w, https:\/\/www.sanier.pl\/wp-content\/uploads\/2022\/07\/Bostik_Logo_Header.png 842w\" sizes=\"auto, (max-width:767px) 300px, 300px\" \/><\/a>[\/vc_column_text][\/vc_column][\/vc_row][vc_row][vc_column][vc_separator style=\"dashed\"][vc_empty_space height=\"64px\"][\/vc_column][\/vc_row][vc_row][vc_column width=\"1\/4\"][vc_single_image image=\"262432\" img_size=\"medium\" style=\"vc_box_rounded\"][\/vc_column][vc_column width=\"3\/4\"][vc_column_text]<strong>BOSTIK BLOCK C750 FLEX<\/strong><\/p>\n<p>Bostik BLOCK C750 FLEX is a highly flexible waterproofing mortar with a wide range of uses. It can be applied with a roller, brush, or trowel, both indoors and outdoors. The product creates a protective layer on mineral surfaces according to the standards of EN 1504-2:2004:<\/p>\n<ul>\n<li><strong>1.3:<\/strong> Protection against water penetration.<\/li>\n<li><strong>2.3:<\/strong> Moisture control.<\/li>\n<li><strong>8.3:<\/strong> Increased electrical resistance.<\/li>\n<\/ul>\n<p>This versatile solution is perfect for creating durable, long-lasting waterproof protection in a variety of environments.[\/vc_column_text][\/vc_column][\/vc_row][vc_row][vc_column][vc_empty_space][\/vc_column][vc_column][vc_separator style=\"dashed\"][\/vc_column][\/vc_row][vc_row][vc_column][vc_column_text]<\/p>\n<div class=\"flex max-w-full flex-col flex-grow\">\n<div class=\"min-h-8 text-message flex w-full flex-col items-end gap-2 whitespace-normal break-words text-start [.text-message+&amp;]:mt-5\" dir=\"auto\" data-message-author-role=\"assistant\" data-message-id=\"f56638b3-6215-4bfe-a8de-39f25ddd59be\" data-message-model-slug=\"gpt-4o\">\n<div class=\"flex w-full flex-col gap-1 empty:hidden first:pt-[3px]\">\n<div class=\"markdown prose w-full break-words dark:prose-invert light\">\n<p><strong>APPLICATION<\/strong><\/p>\n<p>The mortar is ideal for:<\/p>\n<ul>\n<li>Flexible, thin-layer waterproofing of cement and brick substrates above and below ground, suitable for both exterior and interior applications.<\/li>\n<li>Flexible waterproof coatings for plasters with micro-cracks.<\/li>\n<li>Waterproofing cracked concrete structures, including tanks, pools, and water reservoirs.<\/li>\n<li>Repair and flexible waterproofing under ceramic tiles on medium-sized balconies and terraces (always with proper expansion joints).<\/li>\n<li>Liquid-applied waterproofing under ceramic tiles installed with adhesive mortars - CM type, in accordance with UNI EN 14891.<\/li>\n<li>Concrete surface protection according to UNI EN 1504-2 \u2013 Coating operating under Principle 1.3 (C) (protection against ingress \u2013 PI), Principle 2.2 (C) (moisture control \u2013 MC), and Principle 8.2 (C) (increased electrical resistance \u2013 IR), in line with UNI EN 1504-9.<\/li>\n<\/ul>\n<\/div>\n<\/div>\n<\/div>\n<\/div>\n<div class=\"mb-2 flex gap-3 empty:hidden -ml-2\">\n<div class=\"items-center justify-start rounded-xl p-1 flex\">\n<div class=\"flex items-center\"><\/div>\n<\/div>\n<\/div>\n<p>[\/vc_column_text][\/vc_column][\/vc_row][vc_row][vc_column][vc_separator style=\"dashed\"][vc_empty_space][\/vc_column][\/vc_row][vc_row][vc_column][vc_column_text]<\/p>\n<h3><strong>Surface Preparation:<\/strong><\/h3>\n<p>The substrate should be strong, stable, and non-absorbent, with adequate roughness, free from anti-adhesive layers (dust, cement slurry, etc.). Remove any remaining paint coatings. Substrates must be properly cured and free of shrinkage. Salt efflorescence should be thoroughly removed using mechanical cleaning.<\/p>\n<p>Irregularities, voids, and defects (gravel nests, erosion damage, shuttering or spacer holes) in the substrate must be patched and leveled beforehand using appropriate mortar, such as BLOCK C583 TERRA LOCK or MIX C500 REPRO. At stress points (e.g., junctions of horizontal and vertical surfaces \u2013 floor and wall), fillets (rounded edges) should be formed.<\/p>\n<p>Before applying the waterproofing layer, the surface should be dampened, but any standing water must be removed.<\/p>\n<p>[\/vc_column_text][\/vc_column][\/vc_row][vc_row][vc_column][vc_separator style=\"dashed\"][vc_empty_space][\/vc_column][\/vc_row][vc_row][vc_column width=\"1\/3\"][vc_column_text]<strong>Tools:<\/strong><\/p>\n<p>Stainless steel trowel, wide brush, roller.[\/vc_column_text][\/vc_column][vc_column width=\"1\/3\"][vc_column_text]<\/p>\n<h4>USAGE<\/h4>\n<p>[\/vc_column_text][vc_raw_html]JTNDdGFibGUlM0UlMEElM0N0Ym9keSUzRSUwQSUzQ3RyJTNFJTNDdGQlM0UlM0MlMkZ0ZCUzRSUzQ3RkJTNFWnUlQzUlQkN5Y2llJTIwa2clMkZtMiUzQyUyRnRkJTNFJTNDJTJGdHIlM0UlMEElM0N0ciUzRSUzQ3RkJTNFV2Fyc3R3YSUyMGhhbXVqJUM0JTg1Y2ElMjAlMjgxbW0lMjklM0MlMkZ0ZCUzRSUzQ3RkJTNFMSUyQzIlM0MlMkZ0ZCUzRSUzQyUyRnRyJTNFJTBBJTNDdHIlM0UlM0N0ZCUzRUh5ZHJvaXpvbGFjamElMjBwZSVDNSU4Mm5hJTIwJTI4Mm1tJTI5JTNDJTJGdGQlM0UlM0N0ZCUzRTIlMkM0JTNDJTJGdGQlM0UlM0MlMkZ0ciUzRSUwQSUzQyUyRnRib2R5JTNFJTNDJTJGdGFibGUlM0UlMEE=[\/vc_raw_html][\/vc_column][vc_column width=\"1\/3\"][vc_column_text]<\/p>\n<h4>DOCUMENTS<\/h4>\n<p><a href=\"https:\/\/www.bostik.com\/files\/live\/sites\/shared_bostik\/files\/documents-brochures\/Poland\/Documents\/TDS\/BOSTIK-POLAND-PROXIMA-BLOCK-C750-FLEX-TDS.pdf\" target=\"_blank\" rel=\"noopener\">Technical Sheet<\/a>[\/vc_column_text][\/vc_column][\/vc_row][vc_row][vc_column][vc_raw_html]JTIwJTIwJTIwJTIwJTNDdGl0bGUlM0VLYWxrdWxhdG9yJTIwenUlQzUlQkN5Y2lhJTIwbWF0ZXJpYSVDNSU4MnUlM0MlMkZ0aXRsZSUzRSUwQSUyMCUyMCUyMCUyMCUzQ3N0eWxlJTNFJTBBJTIwJTIwJTIwJTIwJTIwJTIwJTIwJTIwYm9keSUyMCU3QiUwQSUyMCUyMCUyMCUyMCUyMCUyMCUyMCUyMCUyMCUyMCUyMCUyMGZvbnQtZmFtaWx5JTNBJTIwQXJpYWwlMkMlMjBzYW5zLXNlcmlmJTNCJTBBJTIwJTIwJTIwJTIwJTIwJTIwJTIwJTIwJTIwJTIwJTIwJTIwbWFyZ2luJTNBJTIwMjBweCUzQiUwQSUyMCUyMCUyMCUyMCUyMCUyMCUyMCUyMCU3RCUwQSUyMCUyMCUyMCUyMCUyMCUyMCUyMCUyMGxhYmVsJTIwJTdCJTBBJTIwJTIwJTIwJTIwJTIwJTIwJTIwJTIwJTIwJTIwJTIwJTIwZGlzcGxheSUzQSUyMGJsb2NrJTNCJTBBJTIwJTIwJTIwJTIwJTIwJTIwJTIwJTIwJTIwJTIwJTIwJTIwbWFyZ2luLWJvdHRvbSUzQSUyMDVweCUzQiUwQSUyMCUyMCUyMCUyMCUyMCUyMCUyMCUyMCU3RCUwQSUyMCUyMCUyMCUyMCUyMCUyMCUyMCUyMGlucHV0JTIwJTdCJTBBJTIwJTIwJTIwJTIwJTIwJTIwJTIwJTIwJTIwJTIwJTIwJTIwd2lkdGglM0ElMjAxMDAlMjUlM0IlMEElMjAlMjAlMjAlMjAlMjAlMjAlMjAlMjAlMjAlMjAlMjAlMjBwYWRkaW5nJTNBJTIwNXB4JTNCJTBBJTIwJTIwJTIwJTIwJTIwJTIwJTIwJTIwJTIwJTIwJTIwJTIwbWFyZ2luLWJvdHRvbSUzQSUyMDEwcHglM0IlMEElMjAlMjAlMjAlMjAlMjAlMjAlMjAlMjAlN0QlMEElMjAlMjAlMjAlMjAlMjAlMjAlMjAlMjBidXR0b24lMjAlN0IlMEElMjAlMjAlMjAlMjAlMjAlMjAlMjAlMjAlMjAlMjAlMjAlMjBwYWRkaW5nJTNBJTIwMTBweCUyMDIwcHglM0IlMEElMjAlMjAlMjAlMjAlMjAlMjAlMjAlMjAlMjAlMjAlMjAlMjBiYWNrZ3JvdW5kLWNvbG9yJTNBJTIwJTIzNENBRjUwJTNCJTBBJTIwJTIwJTIwJTIwJTIwJTIwJTIwJTIwJTIwJTIwJTIwJTIwY29sb3IlM0ElMjB3aGl0ZSUzQiUwQSUyMCUyMCUyMCUyMCUyMCUyMCUyMCUyMCUyMCUyMCUyMCUyMGJvcmRlciUzQSUyMG5vbmUlM0IlMEElMjAlMjAlMjAlMjAlMjAlMjAlMjAlMjAlMjAlMjAlMjAlMjBjdXJzb3IlM0ElMjBwb2ludGVyJTNCJTBBJTIwJTIwJTIwJTIwJTIwJTIwJTIwJTIwJTdEJTBBJTIwJTIwJTIwJTIwJTIwJTIwJTIwJTIwJTIzd3luaWslMjAlN0IlMEElMjAlMjAlMjAlMjAlMjAlMjAlMjAlMjAlMjAlMjAlMjAlMjBtYXJnaW4tdG9wJTNBJTIwMjBweCUzQiUwQSUyMCUyMCUyMCUyMCUyMCUyMCUyMCUyMCUyMCUyMCUyMCUyMGZvbnQtd2VpZ2h0JTNBJTIwYm9sZCUzQiUwQSUyMCUyMCUyMCUyMCUyMCUyMCUyMCUyMCU3RCUwQSUyMCUyMCUyMCUyMCUzQyUyRnN0eWxlJTNFJTBBJTBBJTIwJTIwJTIwJTIwJTNDaDIlM0VLYWxrdWxhdG9yJTIwenUlQzUlQkN5Y2lhJTIwbWF0ZXJpYSVDNSU4MnUlM0MlMkZoMiUzRSUwQSUyMCUyMCUyMCUyMCUzQ2xhYmVsJTIwZm9yJTNEJTIycG93aWVyemNobmlhJTIyJTNFUG93aWVyemNobmlhJTIwJTI4dyUyMG1ldHJhY2glMjBrd2FkcmF0b3d5Y2glMjklM0ElM0MlMkZsYWJlbCUzRSUwQSUyMCUyMCUyMCUyMCUzQ2lucHV0JTIwdHlwZSUzRCUyMm51bWJlciUyMiUyMGlkJTNEJTIycG93aWVyemNobmlhJTIyJTIwc3RlcCUzRCUyMjElMjIlM0UlMEElM0NsYWJlbCUyMGZvciUzRCUyMnBvamVtbm9zYyUyMiUzRVBvamVtbm8lQzUlOUIlQzQlODclMjB3aWFkZXJrYSUyMCUyOHclMjBraWxvZ3JhbWFjaCUyOSUzQSUzQyUyRmxhYmVsJTNFJTBBJTNDc2VsZWN0JTIwbmFtZSUzRCUyMnBvamVtbm9zYyUyMiUyMGlkJTNEJTIycG9qZW1ub3NjJTIyJTNFJTBBJTIwJTIwJTNDb3B0aW9uJTIwdmFsdWUlM0QlMjIyMCUyMiUyMHNlbGVjdGVkJTNFMjAlMjBrZyUzQyUyRm9wdGlvbiUzRSUwQSUzQyUyRnNlbGVjdCUzRSUwQSUwQSUyMCUyMCUyMCUyMCUzQ2J1dHRvbiUyMGlkJTNEJTIyb2JsaWN6QnRuJTIyJTNFT2JsaWN6JTNDJTJGYnV0dG9uJTNFJTBBJTIwJTIwJTIwJTIwJTNDZGl2JTIwaWQlM0QlMjJ3eW5payUyMiUzRSUzQyUyRmRpdiUzRSUwQSUwQSUyMCUyMCUyMCUyMCUzQ3NjcmlwdCUzRSUwQSUyMCUyMCUyMCUyMCUyMCUyMCUyMCUyMGRvY3VtZW50LmdldEVsZW1lbnRCeUlkJTI4JTI3b2JsaWN6QnRuJTI3JTI5LmFkZEV2ZW50TGlzdGVuZXIlMjglMjdjbGljayUyNyUyQyUyMGZ1bmN0aW9uJTIwJTI4JTI5JTIwJTdCJTBBJTIwJTIwJTIwJTIwJTIwJTIwJTIwJTIwJTIwJTIwJTIwJTIwY29uc3QlMjBwb3dpZXJ6Y2huaWElMjAlM0QlMjBwYXJzZUZsb2F0JTI4ZG9jdW1lbnQuZ2V0RWxlbWVudEJ5SWQlMjglMjdwb3dpZXJ6Y2huaWElMjclMjkudmFsdWUlMjklM0IlMEElMjAlMjAlMjAlMjAlMjAlMjAlMjAlMjAlMjAlMjAlMjAlMjBjb25zdCUyMG1pbmltYWxuZVp1enljaWUlMjAlM0QlMjAxLjIwJTIwJTJBJTIwcG93aWVyemNobmlhJTNCJTBBJTIwJTIwJTIwJTIwJTIwJTIwJTIwJTIwJTIwJTIwJTIwJTIwY29uc3QlMjBtYWtzeW1hbG5lWnV6eWNpZSUyMCUzRCUyMDIuNCUyMCUyQSUyMHBvd2llcnpjaG5pYSUzQiUwQSUyMCUyMCUyMCUyMCUyMCUyMCUyMCUyMCUyMCUyMCUyMCUyMGNvbnN0JTIwcG9qZW1ub3NjV2lhZGVya2ElMjAlM0QlMjBwYXJzZUZsb2F0JTI4ZG9jdW1lbnQuZ2V0RWxlbWVudEJ5SWQlMjglMjdwb2plbW5vc2MlMjclMjkudmFsdWUlMjklM0IlMEElMjAlMjAlMjAlMjAlMjAlMjAlMjAlMjAlMjAlMjAlMjAlMjBjb25zdCUyMG1pbmltYWxuZUlsb3NjV2lhZGVyJTIwJTNEJTIwTWF0aC5jZWlsJTI4bWluaW1hbG5lWnV6eWNpZSUyMCUyRiUyMHBvamVtbm9zY1dpYWRlcmthJTI5JTNCJTBBJTIwJTIwJTIwJTIwJTIwJTIwJTIwJTIwJTIwJTIwJTIwJTIwY29uc3QlMjBtYWtzeW1hbG5lSWxvc2NXaWFkZXIlMjAlM0QlMjBNYXRoLmNlaWwlMjhtYWtzeW1hbG5lWnV6eWNpZSUyMCUyRiUyMHBvamVtbm9zY1dpYWRlcmthJTI5JTNCJTBBJTBBJTIwJTIwJTIwJTIwJTIwJTIwJTIwJTIwJTIwJTIwJTIwJTIwZG9jdW1lbnQuZ2V0RWxlbWVudEJ5SWQlMjglMjd3eW5payUyNyUyOS5pbm5lckhUTUwlMjAlM0QlMjAlMjJNaW5pbWFsbmUlMjB6dSVDNSVCQ3ljaWUlMjBtYXRlcmlhJUM1JTgydSUzQSUyMCUyMiUyMCUyQiUyMG1pbmltYWxuZVp1enljaWUudG9GaXhlZCUyODIlMjklMjAlMkIlMjAlMjIlMjBrZyUyMiUyMCUyQiUyMCUyMiUzQ2JyJTNFJTIyJTNCJTBBJTIwJTIwJTIwJTIwJTIwJTIwJTIwJTIwJTIwJTIwJTIwJTIwZG9jdW1lbnQuZ2V0RWxlbWVudEJ5SWQlMjglMjd3eW5payUyNyUyOS5pbm5lckhUTUwlMjAlMkIlM0QlMjAlMjJNYWtzeW1hbG5lJTIwenUlQzUlQkN5Y2llJTIwbWF0ZXJpYSVDNSU4MnUlM0ElMjAlMjIlMjAlMkIlMjBtYWtzeW1hbG5lWnV6eWNpZS50b0ZpeGVkJTI4MiUyOSUyMCUyQiUyMCUyMiUyMGtnJTIyJTIwJTJCJTIwJTIyJTNDYnIlM0UlMjIlM0IlMEElMjAlMjAlMjAlMjAlMjAlMjAlMjAlMjAlMjAlMjAlMjAlMjBkb2N1bWVudC5nZXRFbGVtZW50QnlJZCUyOCUyN3d5bmlrJTI3JTI5LmlubmVySFRNTCUyMCUyQiUzRCUyMCUyMklsbyVDNSU5QiVDNCU4NyUyMHdvcmslQzMlQjN3JTIwcG90cnplYm55Y2glMjBkbyUyMHdhcnN0d3klMjBoYW11aiVDNCU4NWNlaiUyODFtbSUyOSUyMCUyMiUyMCUyQiUyMG1pbmltYWxuZUlsb3NjV2lhZGVyJTIwJTJCJTIwJTIyJTNDYnIlM0UlMjIlM0IlMEElMjAlMjAlMjAlMjAlMjAlMjAlMjAlMjAlMjAlMjAlMjAlMjBkb2N1bWVudC5nZXRFbGVtZW50QnlJZCUyOCUyN3d5bmlrJTI3JTI5LmlubmVySFRNTCUyMCUyQiUzRCUyMCUyMklsbyVDNSU5QiVDNCU4NyUyMHdvcmslQzMlQjN3JTIwcG90cnplYm55Y2glMjBkbyUyMHBlJUM1JTgybmVqJTIwSHlkcm9pem9sYWNqaSUzQSUyMCUyMiUyMCUyQiUyMG1ha3N5bWFsbmVJbG9zY1dpYWRlciUzQiUwQSUyMCUyMCUyMCUyMCUyMCUyMCUyMCUyMCU3RCUyOSUzQiUwQSUyMCUyMCUyMCUyMCUzQyUyRnNjcmlwdCUzRQ==[\/vc_raw_html][vc_separator style=\"dashed\"][vc_empty_space height=\"64px\"][vc_column_text]<\/p>\n<div class=\"flex max-w-full flex-col flex-grow\">\n<div class=\"min-h-8 text-message flex w-full flex-col items-end gap-2 whitespace-normal break-words text-start [.text-message+&amp;]:mt-5\" dir=\"auto\" data-message-author-role=\"assistant\" data-message-id=\"a243fcbc-14f8-4346-94b4-43828ce5f0ce\" data-message-model-slug=\"gpt-4o\">\n<div class=\"flex w-full flex-col gap-1 empty:hidden first:pt-[3px]\">\n<div class=\"markdown prose w-full break-words dark:prose-invert light\">\n<p><strong>Want to learn more about waterproofing?<\/strong><br \/>\nCheck out our\u00a0<a href=\"https:\/\/www.sanier.pl\/poradniki\/\">GUIDE<\/a>.<\/p>\n<ul>\n<li><strong>Multi-component preparations based on reactive resins (cutting-edge binders):<\/strong> These include products made with polyurethane or epoxy resins. They penetrate the substrate effectively, offering excellent adhesion and complete waterproofing.<\/li>\n<\/ul>\n<\/div>\n<\/div>\n<\/div>\n<\/div>\n<div class=\"mb-2 flex gap-3 empty:hidden -ml-2\"><\/div>\n<p>[\/vc_column_text][\/vc_column][\/vc_row][vc_row][vc_column][vc_empty_space height=\"64px\"][vc_column_text]TAG: hydroizolacja, uszczelnianie, fundament, piwnica, materia\u0142y bitumiczne, membrana, emulsja, woda gruntowa, wilgo\u0107, izolacja, \u015bciana wilgotna, mokry chudziak, grunt bitumiczny, Bostik, hydroizolacja zewn\u0119trzna, hydroizolacja wewn\u0119trzna, Izolacja pozioma, izolacja pionowa, izolacja coko\u0142owa, hydroizolacja pozioma, hydroizolacja pionowa, hydroizolacja coko\u0142owa, faseta fundamentowa, zaprawa hydroizolacyjna, zaprawa uszczelniaj\u0105ca, zaprawa przeciwwilgociowa, zaprawa wodoszczelna, ple\u015b\u0144 na \u015bcianie, zabezpieczenie \u015bcian, system hydroizolacji, produkt uszczelniaj\u0105cy, masa KMB, polimerowo bitumiczna, lepik asfaltowo-kauczukowy, izolacja parochronna, izolacja przeciwwodna, hydroizolacja piwnicy od zewn\u0105trz, hydroizolacja dwusk\u0142adnikowa, tasma hydroizolacja, hydroizolacja chudziaka, hydroizolacja jednosk\u0142adnikowa, hydroizolacja p\u0142yty fundamentowej, hydroizolacja fundament\u00f3w w starym domu, hydroizolacja betonu, izolacja przeciwwodna, izolacja przeciwwodna fundament\u00f3w, ci\u0119\u017cka izolacja przeciwwodna, ci\u0119\u017cka izolacja przeciwwodna fundament\u00f3w, izolacja przeciwwodna piwnicy, izolacja przeciwwodna p\u0142yty fundamentowej, izolacja przeciwwodna typu ci\u0119\u017ckiego, izolacja przeciwwodna posadzki w piwnicy, hydroizolacja przeciwwodna, izolacja przeciwwodna pionowa, ta\u015bma uszczelniaj\u0105ca przeciwwodna, naprawa izolacji poziomej, naprawa izolacji pionowej, naprawa izolacji fundamentu, hydroizolacj\u0119, hydroizolacje,[\/vc_column_text][\/vc_column][\/vc_row]<\/p>\n","protected":false},"excerpt":{"rendered":"<p><strong>BOSTIK BLOCK C750 FLEX<\/strong> is a single-component coating based on a blend of special polymers and cement, finely selected aggregates, reinforcing fibers, and specially enriching additives.<\/p>\n","protected":false},"featured_media":274176,"comment_status":"open","ping_status":"closed","template":"","meta":{"_acf_changed":false},"product_brand":[],"product_cat":[603,668,676,649,669,755],"product_tag":[],"class_list":{"0":"post-276508","1":"product","2":"type-product","3":"status-publish","4":"has-post-thumbnail","6":"product_cat-bostik-en","7":"product_cat-hydroizolacje-mineralne-en","8":"product_cat-hydroizolacje-mineralne-hydroizolacja-balkonu-i-tarasu-en","9":"product_cat-mineralne-materialy-en","10":"product_cat-szlamy-uszczelniajace-en","11":"product_cat-zaprawy-wodoszczelne-en","12":"product_shipping_class-latwa-wysylka-en","14":"first","15":"instock","16":"sale","17":"taxable","18":"shipping-taxable","19":"purchasable","20":"product-type-simple"},"acf":[],"_links":{"self":[{"href":"https:\/\/www.sanier.pl\/en\/wp-json\/wp\/v2\/product\/276508","targetHints":{"allow":["GET"]}}],"collection":[{"href":"https:\/\/www.sanier.pl\/en\/wp-json\/wp\/v2\/product"}],"about":[{"href":"https:\/\/www.sanier.pl\/en\/wp-json\/wp\/v2\/types\/product"}],"replies":[{"embeddable":true,"href":"https:\/\/www.sanier.pl\/en\/wp-json\/wp\/v2\/comments?post=276508"}],"wp:featuredmedia":[{"embeddable":true,"href":"https:\/\/www.sanier.pl\/en\/wp-json\/wp\/v2\/media\/274176"}],"wp:attachment":[{"href":"https:\/\/www.sanier.pl\/en\/wp-json\/wp\/v2\/media?parent=276508"}],"wp:term":[{"taxonomy":"product_brand","embeddable":true,"href":"https:\/\/www.sanier.pl\/en\/wp-json\/wp\/v2\/product_brand?post=276508"},{"taxonomy":"product_cat","embeddable":true,"href":"https:\/\/www.sanier.pl\/en\/wp-json\/wp\/v2\/product_cat?post=276508"},{"taxonomy":"product_tag","embeddable":true,"href":"https:\/\/www.sanier.pl\/en\/wp-json\/wp\/v2\/product_tag?post=276508"}],"curies":[{"name":"wp","href":"https:\/\/api.w.org\/{rel}","templated":true}]}}