{"id":276493,"date":"2024-04-18T11:33:39","date_gmt":"2024-04-18T11:33:39","guid":{"rendered":"https:\/\/www.sanier.pl\/produkt\/hertalan-ks96-klej-uszczelniacz-do-epdm\/"},"modified":"2024-12-12T10:55:05","modified_gmt":"2024-12-12T10:55:05","slug":"hertalan-ks96-klej-uszczelniacz-do-epdm","status":"publish","type":"product","link":"https:\/\/www.sanier.pl\/en\/produkt\/hertalan-ks96-klej-uszczelniacz-do-epdm\/","title":{"rendered":"HERTALAN KS96 - Adhesive Sealant for EPDM"},"content":{"rendered":"<p>[vc_row][vc_column][vc_column_text css_animation=\"none\"]<img loading=\"lazy\" decoding=\"async\" class=\"wp-image-262522 size-medium\" src=\"https:\/\/www.sanier.pl\/wp-content\/uploads\/2024\/04\/hertalan-vector-logo-300x167.png\" alt=\"HERTALAN EPDM membrana dachowa\" width=\"300\" height=\"167\" srcset=\"https:\/\/www.sanier.pl\/wp-content\/uploads\/2024\/04\/hertalan-vector-logo-300x167.png 300w, https:\/\/www.sanier.pl\/wp-content\/uploads\/2024\/04\/hertalan-vector-logo-800x444.png 800w, https:\/\/www.sanier.pl\/wp-content\/uploads\/2024\/04\/hertalan-vector-logo-768x427.png 768w, https:\/\/www.sanier.pl\/wp-content\/uploads\/2024\/04\/hertalan-vector-logo-848x471.png 848w, https:\/\/www.sanier.pl\/wp-content\/uploads\/2024\/04\/hertalan-vector-logo.png 900w\" sizes=\"auto, (max-width:767px) 300px, 300px\" \/>[\/vc_column_text][\/vc_column][\/vc_row][vc_row][vc_column][vc_column_text]<\/p>\n<h1 style=\"text-align: center;\">HERTALAN Ks96<\/h1>\n<h5 style=\"text-align: center;\"><span style=\"color: #808080;\">Adhesive Sealant for EPDM<\/span><\/h5>\n<p>[\/vc_column_text][\/vc_column][\/vc_row][vc_row][vc_column][vc_separator style=\"dashed\"][vc_empty_space height=\"64px\"][\/vc_column][\/vc_row][vc_row][vc_column width=\"1\/4\"][vc_single_image image=\"262571\" img_size=\"medium\" style=\"vc_box_rounded\"][\/vc_column][vc_column width=\"3\/4\"][vc_column_text]<\/p>\n<h3><strong>HERTALAN Ks96<\/strong><\/h3>\n<div class=\"flex max-w-full flex-col flex-grow\">\n<div class=\"min-h-8 text-message flex w-full flex-col items-end gap-2 whitespace-normal break-words text-start [.text-message+&amp;]:mt-5\" dir=\"auto\" data-message-author-role=\"assistant\" data-message-id=\"8d57b86c-2e98-4f91-aeb8-08436912ca6c\" data-message-model-slug=\"gpt-4o\">\n<div class=\"flex w-full flex-col gap-1 empty:hidden first:pt-[3px]\">\n<div class=\"markdown prose w-full break-words dark:prose-invert light\">\n<p>HERTALAN KS96 is a premium, single-component adhesive and sealant based on MS polymers, specifically designed for bonding waterproof EPDM Hertalan solutions on both vertical and horizontal surfaces. It is also ideal for sealing bonded seams along the edges for added protection.<\/p>\n<h3><strong>Properties:<\/strong><\/h3>\n<ul>\n<li><strong>Adhesion:<\/strong> HERTALAN KS96 offers exceptionally strong adhesive properties, ensuring reliable bonding between EPDM layers and a variety of substrates.<\/li>\n<li><strong>Flexibility and Waterproofing:<\/strong> The seal remains flexible and provides excellent waterproofing capabilities.<\/li>\n<li><strong>Temperature Resistance:<\/strong> Once fully cured, the adhesive withstands temperatures ranging from -40\u00b0C to +100\u00b0C.<\/li>\n<\/ul>\n<\/div>\n<\/div>\n<\/div>\n<\/div>\n<div class=\"mb-2 flex gap-3 empty:hidden -ml-2\">\n<div class=\"items-center justify-start rounded-xl p-1 flex\">\n<div class=\"flex items-center\"><\/div>\n<\/div>\n<\/div>\n<p>[\/vc_column_text][\/vc_column][\/vc_row][vc_row][vc_column][vc_empty_space][\/vc_column][vc_column][vc_separator style=\"dashed\"][\/vc_column][\/vc_row][vc_row][vc_column width=\"2\/3\"][vc_column_text]<\/p>\n<div class=\"flex max-w-full flex-col flex-grow\">\n<div class=\"min-h-8 text-message flex w-full flex-col items-end gap-2 whitespace-normal break-words text-start [.text-message+&amp;]:mt-5\" dir=\"auto\" data-message-author-role=\"assistant\" data-message-id=\"876786e9-1e14-4b58-b78d-d113466cd2f5\" data-message-model-slug=\"gpt-4o\">\n<div class=\"flex w-full flex-col gap-1 empty:hidden first:pt-[3px]\">\n<div class=\"markdown prose w-full break-words dark:prose-invert light\">\n<h3><strong>Substrates:<\/strong><\/h3>\n<ul>\n<li><strong>Versatility:<\/strong> HERTALAN KS96 is specifically formulated for bonding on vertical and horizontal substrates such as wood, concrete, metals, masonry, and EPDM. Substrates must be even, dry, frost-free, clean, and free of grease.<\/li>\n<\/ul>\n<h3><strong>Cleaning:<\/strong><\/h3>\n<ul>\n<li>Tools should be cleaned immediately after use with white spirit if contaminated.<\/li>\n<\/ul>\n<h3><strong>Working Time and Curing:<\/strong><\/h3>\n<ul>\n<li><strong>Open Time (Pot Life):<\/strong> Depends on external temperatures. Generally, apply only as much adhesive as can be processed within five minutes. Open time decreases significantly with higher temperatures.<\/li>\n<li><strong>Curing Time:<\/strong> Approximately 2 mm per 24 hours. Optimal adhesive properties and thermal resistance to expected mechanical loads are achieved after several days (more than 20 days), depending on external temperatures. However, waterproofing is ensured immediately after application.<\/li>\n<\/ul>\n<h3><strong>Technical Data:<\/strong><\/h3>\n<ul>\n<li><strong>Color:<\/strong> Black<\/li>\n<li><strong>Odor:<\/strong> Odorless<\/li>\n<li><strong>Density (20\u00b0C):<\/strong> 1.415 kg\/m\u00b3<\/li>\n<li><strong>Shrinkage:<\/strong> None<\/li>\n<li><strong>Shelf Life:<\/strong> 12 months, when stored in original packaging in a cool and dry place.<\/li>\n<\/ul>\n<\/div>\n<\/div>\n<\/div>\n<\/div>\n<div class=\"mb-2 flex gap-3 empty:hidden -ml-2\">\n<div class=\"items-center justify-start rounded-xl p-1 flex\">\n<div class=\"flex items-center\"><\/div>\n<\/div>\n<\/div>\n<p>[\/vc_column_text][\/vc_column][vc_column width=\"1\/3\"][vc_single_image image=\"262570\" img_size=\"large\"][\/vc_column][\/vc_row][vc_row][vc_column][vc_separator style=\"dashed\"][vc_empty_space][\/vc_column][\/vc_row][vc_row][vc_column width=\"1\/3\"][vc_column_text]<\/p>\n<div class=\"flex max-w-full flex-col flex-grow\">\n<div class=\"min-h-8 text-message flex w-full flex-col items-end gap-2 whitespace-normal break-words text-start [.text-message+&amp;]:mt-5\" dir=\"auto\" data-message-author-role=\"assistant\" data-message-id=\"f8c8f82f-5277-4ed4-b2b3-1e28f82d8eca\" data-message-model-slug=\"gpt-4o\">\n<div class=\"flex w-full flex-col gap-1 empty:hidden first:pt-[3px]\">\n<div class=\"markdown prose w-full break-words dark:prose-invert light\">\n<p><strong>Application of HERTALAN KS96:<\/strong><\/p>\n<ul>\n<li><strong>Ready to Use:<\/strong> The product is ready to use and must not be diluted or mixed with external materials.<\/li>\n<li><strong>Application Conditions:<\/strong> The adhesive should be applied in dry weather conditions with a temperature of at least +5\u00b0C.<\/li>\n<li><strong>Substrate Preparation:<\/strong> Both the material and substrate must be dry, frost-free, and clean.<\/li>\n<li><strong>Method of Application:<\/strong> Apply the adhesive unilaterally in two lines, each with a diameter of at least 7 mm \u2013 do not spread.<\/li>\n<\/ul>\n<\/div>\n<\/div>\n<\/div>\n<\/div>\n<div class=\"mb-2 flex gap-3 empty:hidden -ml-2\">\n<div class=\"items-center justify-start rounded-xl p-1 flex\">\n<div class=\"flex items-center\"><\/div>\n<\/div>\n<\/div>\n<p>[\/vc_column_text][\/vc_column][vc_column width=\"1\/3\"][vc_column_text]<\/p>\n<h4>Usage<\/h4>\n<p>[\/vc_column_text][vc_raw_html]JTNDdGFibGUlM0UlMEElM0N0Ym9keSUzRSUwQSUzQ3RyJTNFJTNDdGQlM0UlM0MlMkZ0ZCUzRSUzQ3RkJTNFTWIlMjB6JTIwb3Bha293YW5pYSUyMCUyOHByenklMjBva3IlQzQlODVnJUM1JTgyZWolMjAlQzUlOUJyZWRuaWN5JTIwbWluLiUyMDclMjBtbSUyOSUzQyUyRnRkJTNFJTNDJTJGdHIlM0UlMEElM0N0ciUzRSUzQ3RkJTNFWiUyMHR1YmtpJTIwMjkwbWwlM0MlMkZ0ZCUzRSUzQ3RkJTNFb2slMjA2JTNDJTJGdGQlM0UlM0MlMkZ0ciUzRSUwQSUzQ3RyJTNFJTNDdGQlM0VaJTIwb3Bha293YW5pYSUyMDYwMG1sJTNDJTJGdGQlM0UlM0N0ZCUzRW9rJTIwMTUlM0MlMkZ0ZCUzRSUzQyUyRnRyJTNFJTBBJTNDJTJGdGJvZHklM0UlM0MlMkZ0YWJsZSUzRSUwQQ==[\/vc_raw_html][\/vc_column][vc_column width=\"1\/3\"][vc_column_text]<\/p>\n<h4>Documents<\/h4>\n<p>[\/vc_column_text][\/vc_column][\/vc_row][vc_row][vc_column][vc_raw_html]JTIwJTIwJTIwJTIwJTNDdGl0bGUlM0VLYWxrdWxhdG9yJTIwenUlQzUlQkN5Y2lhJTIwbWF0ZXJpYSVDNSU4MnUlM0MlMkZ0aXRsZSUzRSUwQSUyMCUyMCUyMCUyMCUzQ3N0eWxlJTNFJTBBJTIwJTIwJTIwJTIwJTIwJTIwJTIwJTIwYm9keSUyMCU3QiUwQSUyMCUyMCUyMCUyMCUyMCUyMCUyMCUyMCUyMCUyMCUyMCUyMGZvbnQtZmFtaWx5JTNBJTIwQXJpYWwlMkMlMjBzYW5zLXNlcmlmJTNCJTBBJTIwJTIwJTIwJTIwJTIwJTIwJTIwJTIwJTIwJTIwJTIwJTIwbWFyZ2luJTNBJTIwMjBweCUzQiUwQSUyMCUyMCUyMCUyMCUyMCUyMCUyMCUyMCU3RCUwQSUyMCUyMCUyMCUyMCUyMCUyMCUyMCUyMGxhYmVsJTIwJTdCJTBBJTIwJTIwJTIwJTIwJTIwJTIwJTIwJTIwJTIwJTIwJTIwJTIwZGlzcGxheSUzQSUyMGJsb2NrJTNCJTBBJTIwJTIwJTIwJTIwJTIwJTIwJTIwJTIwJTIwJTIwJTIwJTIwbWFyZ2luLWJvdHRvbSUzQSUyMDVweCUzQiUwQSUyMCUyMCUyMCUyMCUyMCUyMCUyMCUyMCU3RCUwQSUyMCUyMCUyMCUyMCUyMCUyMCUyMCUyMGlucHV0JTIwJTdCJTBBJTIwJTIwJTIwJTIwJTIwJTIwJTIwJTIwJTIwJTIwJTIwJTIwd2lkdGglM0ElMjAxMDAlMjUlM0IlMEElMjAlMjAlMjAlMjAlMjAlMjAlMjAlMjAlMjAlMjAlMjAlMjBwYWRkaW5nJTNBJTIwNXB4JTNCJTBBJTIwJTIwJTIwJTIwJTIwJTIwJTIwJTIwJTIwJTIwJTIwJTIwbWFyZ2luLWJvdHRvbSUzQSUyMDEwcHglM0IlMEElMjAlMjAlMjAlMjAlMjAlMjAlMjAlMjAlN0QlMEElMjAlMjAlMjAlMjAlMjAlMjAlMjAlMjBidXR0b24lMjAlN0IlMEElMjAlMjAlMjAlMjAlMjAlMjAlMjAlMjAlMjAlMjAlMjAlMjBwYWRkaW5nJTNBJTIwMTBweCUyMDIwcHglM0IlMEElMjAlMjAlMjAlMjAlMjAlMjAlMjAlMjAlMjAlMjAlMjAlMjBiYWNrZ3JvdW5kLWNvbG9yJTNBJTIwJTIzNENBRjUwJTNCJTBBJTIwJTIwJTIwJTIwJTIwJTIwJTIwJTIwJTIwJTIwJTIwJTIwY29sb3IlM0ElMjB3aGl0ZSUzQiUwQSUyMCUyMCUyMCUyMCUyMCUyMCUyMCUyMCUyMCUyMCUyMCUyMGJvcmRlciUzQSUyMG5vbmUlM0IlMEElMjAlMjAlMjAlMjAlMjAlMjAlMjAlMjAlMjAlMjAlMjAlMjBjdXJzb3IlM0ElMjBwb2ludGVyJTNCJTBBJTIwJTIwJTIwJTIwJTIwJTIwJTIwJTIwJTdEJTBBJTIwJTIwJTIwJTIwJTIwJTIwJTIwJTIwJTIzd3luaWslMjAlN0IlMEElMjAlMjAlMjAlMjAlMjAlMjAlMjAlMjAlMjAlMjAlMjAlMjBtYXJnaW4tdG9wJTNBJTIwMjBweCUzQiUwQSUyMCUyMCUyMCUyMCUyMCUyMCUyMCUyMCUyMCUyMCUyMCUyMGZvbnQtd2VpZ2h0JTNBJTIwYm9sZCUzQiUwQSUyMCUyMCUyMCUyMCUyMCUyMCUyMCUyMCU3RCUwQSUyMCUyMCUyMCUyMCUzQyUyRnN0eWxlJTNFJTBBJTBBJTIwJTIwJTIwJTIwJTNDaDIlM0VLYWxrdWxhdG9yJTIwenUlQzUlQkN5Y2lhJTIwbWF0ZXJpYSVDNSU4MnUlM0MlMkZoMiUzRSUwQSUyMCUyMCUyMCUyMCUzQ2xhYmVsJTIwZm9yJTNEJTIycG93aWVyemNobmlhJTIyJTNFUG93aWVyemNobmlhJTIwJTI4dyUyMG1ldHJhY2glMjBrd2FkcmF0b3d5Y2glMjklM0ElM0MlMkZsYWJlbCUzRSUwQSUyMCUyMCUyMCUyMCUzQ2lucHV0JTIwdHlwZSUzRCUyMm51bWJlciUyMiUyMGlkJTNEJTIycG93aWVyemNobmlhJTIyJTIwc3RlcCUzRCUyMjElMjIlM0UlMEElM0NsYWJlbCUyMGZvciUzRCUyMnBvamVtbm9zYyUyMiUzRVBvamVtbm8lQzUlOUIlQzQlODclMjB3aWFkZXJrYSUyMCUyOHclMjBraWxvZ3JhbWFjaCUyOSUzQSUzQyUyRmxhYmVsJTNFJTBBJTNDc2VsZWN0JTIwbmFtZSUzRCUyMnBvamVtbm9zYyUyMiUyMGlkJTNEJTIycG9qZW1ub3NjJTIyJTNFJTBBJTIwJTIwJTNDb3B0aW9uJTIwdmFsdWUlM0QlMjIwLjI5JTIyJTNFMjkwJTIwbWwlM0MlMkZvcHRpb24lM0UlMEElMjAlMjAlM0NvcHRpb24lMjB2YWx1ZSUzRCUyMjAuNiUyMiUyMHNlbGVjdGVkJTNFNjAwJTIwbWwlM0MlMkZvcHRpb24lM0UlMEElM0MlMkZzZWxlY3QlM0UlMEElMEElMjAlMjAlMjAlMjAlM0NidXR0b24lMjBpZCUzRCUyMm9ibGljekJ0biUyMiUzRU9ibGljeiUzQyUyRmJ1dHRvbiUzRSUwQSUyMCUyMCUyMCUyMCUzQ2RpdiUyMGlkJTNEJTIyd3luaWslMjIlM0UlM0MlMkZkaXYlM0UlMEElMEElMjAlMjAlMjAlMjAlM0NzY3JpcHQlM0UlMEElMjAlMjAlMjAlMjAlMjAlMjAlMjAlMjBkb2N1bWVudC5nZXRFbGVtZW50QnlJZCUyOCUyN29ibGljekJ0biUyNyUyOS5hZGRFdmVudExpc3RlbmVyJTI4JTI3Y2xpY2slMjclMkMlMjBmdW5jdGlvbiUyMCUyOCUyOSUyMCU3QiUwQSUyMCUyMCUyMCUyMCUyMCUyMCUyMCUyMCUyMCUyMCUyMCUyMGNvbnN0JTIwcG93aWVyemNobmlhJTIwJTNEJTIwcGFyc2VGbG9hdCUyOGRvY3VtZW50LmdldEVsZW1lbnRCeUlkJTI4JTI3cG93aWVyemNobmlhJTI3JTI5LnZhbHVlJTI5JTNCJTBBJTIwJTIwJTIwJTIwJTIwJTIwJTIwJTIwJTIwJTIwJTIwJTIwY29uc3QlMjBtaW5pbWFsbmVadXp5Y2llJTIwJTNEJTIwMC4wMyUyMCUyQSUyMHBvd2llcnpjaG5pYSUzQiUwQSUyMCUyMCUyMCUyMCUyMCUyMCUyMCUyMCUyMCUyMCUyMCUyMGNvbnN0JTIwbWFrc3ltYWxuZVp1enljaWUlMjAlM0QlMjAwLjA0JTIwJTJBJTIwcG93aWVyemNobmlhJTNCJTBBJTIwJTIwJTIwJTIwJTIwJTIwJTIwJTIwJTIwJTIwJTIwJTIwY29uc3QlMjBwb2plbW5vc2NXaWFkZXJrYSUyMCUzRCUyMHBhcnNlRmxvYXQlMjhkb2N1bWVudC5nZXRFbGVtZW50QnlJZCUyOCUyN3BvamVtbm9zYyUyNyUyOS52YWx1ZSUyOSUzQiUwQSUyMCUyMCUyMCUyMCUyMCUyMCUyMCUyMCUyMCUyMCUyMCUyMGNvbnN0JTIwbWluaW1hbG5lSWxvc2NXaWFkZXIlMjAlM0QlMjBNYXRoLmNlaWwlMjhtaW5pbWFsbmVadXp5Y2llJTIwJTJGJTIwcG9qZW1ub3NjV2lhZGVya2ElMjklM0IlMEElMjAlMjAlMjAlMjAlMjAlMjAlMjAlMjAlMjAlMjAlMjAlMjBjb25zdCUyMG1ha3N5bWFsbmVJbG9zY1dpYWRlciUyMCUzRCUyME1hdGguY2VpbCUyOG1ha3N5bWFsbmVadXp5Y2llJTIwJTJGJTIwcG9qZW1ub3NjV2lhZGVya2ElMjklM0IlMEElMEElMjAlMjAlMjAlMjAlMjAlMjAlMjAlMjAlMjAlMjAlMjAlMjBkb2N1bWVudC5nZXRFbGVtZW50QnlJZCUyOCUyN3d5bmlrJTI3JTI5LmlubmVySFRNTCUyMCUzRCUyMCUyMk1pbmltYWxuZSUyMHp1JUM1JUJDeWNpZSUyMG1hdGVyaWElQzUlODJ1JTNBJTIwJTIyJTIwJTJCJTIwbWluaW1hbG5lWnV6eWNpZS50b0ZpeGVkJTI4MiUyOSUyMCUyQiUyMCUyMiUyMGtnJTIyJTIwJTJCJTIwJTIyJTNDYnIlM0UlMjIlM0IlMEElMjAlMjAlMjAlMjAlMjAlMjAlMjAlMjAlMjAlMjAlMjAlMjBkb2N1bWVudC5nZXRFbGVtZW50QnlJZCUyOCUyN3d5bmlrJTI3JTI5LmlubmVySFRNTCUyMCUyQiUzRCUyMCUyMk1ha3N5bWFsbmUlMjB6dSVDNSVCQ3ljaWUlMjBtYXRlcmlhJUM1JTgydSUzQSUyMCUyMiUyMCUyQiUyMG1ha3N5bWFsbmVadXp5Y2llLnRvRml4ZWQlMjgyJTI5JTIwJTJCJTIwJTIyJTIwa2clMjIlMjAlMkIlMjAlMjIlM0NiciUzRSUyMiUzQiUwQSUyMCUyMCUyMCUyMCUyMCUyMCUyMCUyMCUyMCUyMCUyMCUyMGRvY3VtZW50LmdldEVsZW1lbnRCeUlkJTI4JTI3d3luaWslMjclMjkuaW5uZXJIVE1MJTIwJTJCJTNEJTIwJTIySWxvJUM1JTlCJUM0JTg3JTIwc3p0dWslMjBwb3RyemVibnljaCUyMGRvJTIwZnVnb3dhbmlhJTI4N21tJTI5JTIwJTIyJTIwJTJCJTIwbWluaW1hbG5lSWxvc2NXaWFkZXIlMjAlMkIlMjAlMjIlM0NiciUzRSUyMiUzQiUwQSUyMCUyMCUyMCUyMCUyMCUyMCUyMCUyMCUyMCUyMCUyMCUyMGRvY3VtZW50LmdldEVsZW1lbnRCeUlkJTI4JTI3d3luaWslMjclMjkuaW5uZXJIVE1MJTIwJTJCJTNEJTIwJTIySWxvJUM1JTlCJUM0JTg3JTIwc3p0dWslMjBwb3RyemVibmElMjBkbyUyMGtsZWplbmlhJTIwaSUyMHVzemN6ZWxuaWFuaWElMjAlMjh3JTIwZHclQzMlQjNjaCUyMGxpbmlhY2glMjBvJTIwJUM1JTlCcmVkbmljeSUyMGNvJTIwbmFqbW5pZWolMjA3JTIwbW0lMjklMjAlMjIlMjAlMkIlMjBtYWtzeW1hbG5lSWxvc2NXaWFkZXIlM0IlMEElMjAlMjAlMjAlMjAlMjAlMjAlMjAlMjAlN0QlMjklM0IlMEElMjAlMjAlMjAlMjAlM0MlMkZzY3JpcHQlM0U=[\/vc_raw_html][vc_separator style=\"dashed\"][vc_empty_space height=\"64px\"][\/vc_column][\/vc_row][vc_row][vc_column][vc_empty_space height=\"64px\"][vc_column_text]TAG: hydroizolacja, uszczelnianie, fundament, piwnica, materia\u0142y bitumiczne, membrana, emulsja, woda gruntowa, wilgo\u0107, izolacja, \u015bciana wilgotna, mokry chudziak, grunt bitumiczny, Bostik, hydroizolacja zewn\u0119trzna, hydroizolacja wewn\u0119trzna, Izolacja pozioma, izolacja pionowa, izolacja coko\u0142owa, hydroizolacja pozioma, hydroizolacja pionowa, hydroizolacja coko\u0142owa, faseta fundamentowa, zaprawa hydroizolacyjna, zaprawa uszczelniaj\u0105ca, zaprawa przeciwwilgociowa, zaprawa wodoszczelna, ple\u015b\u0144 na \u015bcianie, zabezpieczenie \u015bcian, system hydroizolacji, produkt uszczelniaj\u0105cy, masa KMB, polimerowo bitumiczna, lepik asfaltowo-kauczukowy, izolacja parochronna, izolacja przeciwwodna, hydroizolacja piwnicy od zewn\u0105trz, hydroizolacja dwusk\u0142adnikowa, tasma hydroizolacja, hydroizolacja chudziaka, hydroizolacja jednosk\u0142adnikowa, hydroizolacja p\u0142yty fundamentowej, hydroizolacja fundament\u00f3w w starym domu, hydroizolacja betonu, izolacja przeciwwodna, izolacja przeciwwodna fundament\u00f3w, ci\u0119\u017cka izolacja przeciwwodna, ci\u0119\u017cka izolacja przeciwwodna fundament\u00f3w, izolacja przeciwwodna piwnicy, izolacja przeciwwodna p\u0142yty fundamentowej, izolacja przeciwwodna typu ci\u0119\u017ckiego, izolacja przeciwwodna posadzki w piwnicy, hydroizolacja przeciwwodna, izolacja przeciwwodna pionowa, ta\u015bma uszczelniaj\u0105ca przeciwwodna, naprawa izolacji poziomej, naprawa izolacji pionowej, naprawa izolacji fundamentu, hydroizolacj\u0119, hydroizolacje,[\/vc_column_text][\/vc_column][\/vc_row]<\/p>\n","protected":false},"excerpt":{"rendered":"<p><strong>HERTALAN Ks96<\/strong> is a single-component adhesive and sealant based on MS polymers, designed for bonding EPDM membranes on vertical and horizontal surfaces as well as sealing bonded seams. It provides a flexible, waterproof connection with exceptional adhesion to various substrates such as wood, concrete, metal, or masonry.<\/p>\n<p>The product is temperature-resistant from -40\u00b0C to +100\u00b0C once cured, ready for immediate use, and easy to apply. It is ideal for professional waterproofing solutions, ensuring durability and tightness immediately after application.<\/p>\n","protected":false},"featured_media":282752,"comment_status":"open","ping_status":"closed","template":"","meta":{"_acf_changed":false},"product_brand":[],"product_cat":[604,783,608,641,784,768,642,761,750],"product_tag":[792],"class_list":{"0":"post-276493","1":"product","2":"type-product","3":"status-publish","4":"has-post-thumbnail","6":"product_cat-bestseller-en","7":"product_cat-hertalan-en","8":"product_cat-hydroizolacja-balkonu-i-tarasu-en","9":"product_cat-hydroizolacje-rolowe-en","10":"product_cat-materialy-uzupelniajace-akcesoria-dachy-plaskie-i-zielone-en","11":"product_cat-materialy-uzupelniajace-akcesoria-hydroizolacja-balkonu-i-tarasu-en","12":"product_cat-z-tworzyw-sztucznych-en","13":"product_cat-membrany-epdm-en","14":"product_cat-prace-zewnetrzne-dachy-i-elewacje-en","15":"product_tag-hertalan-en","16":"product_shipping_class-latwa-wysylka-en","18":"first","19":"instock","20":"sale","21":"taxable","22":"shipping-taxable","23":"purchasable","24":"product-type-variable"},"acf":[],"_links":{"self":[{"href":"https:\/\/www.sanier.pl\/en\/wp-json\/wp\/v2\/product\/276493","targetHints":{"allow":["GET"]}}],"collection":[{"href":"https:\/\/www.sanier.pl\/en\/wp-json\/wp\/v2\/product"}],"about":[{"href":"https:\/\/www.sanier.pl\/en\/wp-json\/wp\/v2\/types\/product"}],"replies":[{"embeddable":true,"href":"https:\/\/www.sanier.pl\/en\/wp-json\/wp\/v2\/comments?post=276493"}],"wp:featuredmedia":[{"embeddable":true,"href":"https:\/\/www.sanier.pl\/en\/wp-json\/wp\/v2\/media\/282752"}],"wp:attachment":[{"href":"https:\/\/www.sanier.pl\/en\/wp-json\/wp\/v2\/media?parent=276493"}],"wp:term":[{"taxonomy":"product_brand","embeddable":true,"href":"https:\/\/www.sanier.pl\/en\/wp-json\/wp\/v2\/product_brand?post=276493"},{"taxonomy":"product_cat","embeddable":true,"href":"https:\/\/www.sanier.pl\/en\/wp-json\/wp\/v2\/product_cat?post=276493"},{"taxonomy":"product_tag","embeddable":true,"href":"https:\/\/www.sanier.pl\/en\/wp-json\/wp\/v2\/product_tag?post=276493"}],"curies":[{"name":"wp","href":"https:\/\/api.w.org\/{rel}","templated":true}]}}