{"id":276485,"date":"2024-05-15T12:39:12","date_gmt":"2024-05-15T12:39:12","guid":{"rendered":"https:\/\/www.sanier.pl\/produkt\/bostik-mix-c500-rerpo\/"},"modified":"2024-12-12T10:20:04","modified_gmt":"2024-12-12T10:20:04","slug":"bostik-mix-c500-rerpo","status":"publish","type":"product","link":"https:\/\/www.sanier.pl\/en\/produkt\/bostik-mix-c500-rerpo\/","title":{"rendered":"BOSTIK MIX C500 RERPO"},"content":{"rendered":"<p>[vc_row][vc_column][vc_column_text]<\/p>\n<h1 style=\"text-align: center;\">BOSTIK MIX C500 RERPO<\/h1>\n<h5 style=\"text-align: center;\"><span style=\"color: #808080;\">\u00a0ensures reliable and durable repairs and reprofiling in PCC class applications, offering long-term performance even in challenging conditions.<\/span><\/h5>\n<p>[\/vc_column_text][\/vc_column][\/vc_row][vc_row][vc_column][vc_column_text css_animation=\"none\"]<a href=\"https:\/\/www.sanier.pl\/sklep\/?s=bostik&amp;post_type=product\"><img loading=\"lazy\" decoding=\"async\" class=\"wp-image-258966 size-medium aligncenter\" src=\"https:\/\/www.sanier.pl\/wp-content\/uploads\/2022\/07\/Bostik_Logo_Header-300x121.png\" alt=\"bostik logo\" width=\"300\" height=\"121\" srcset=\"https:\/\/www.sanier.pl\/wp-content\/uploads\/2022\/07\/Bostik_Logo_Header-300x121.png 300w, https:\/\/www.sanier.pl\/wp-content\/uploads\/2022\/07\/Bostik_Logo_Header-800x324.png 800w, https:\/\/www.sanier.pl\/wp-content\/uploads\/2022\/07\/Bostik_Logo_Header-768x311.png 768w, https:\/\/www.sanier.pl\/wp-content\/uploads\/2022\/07\/Bostik_Logo_Header-700x283.png 700w, https:\/\/www.sanier.pl\/wp-content\/uploads\/2022\/07\/Bostik_Logo_Header.png 842w\" sizes=\"auto, (max-width:767px) 300px, 300px\" \/><\/a>[\/vc_column_text][\/vc_column][\/vc_row][vc_row][vc_column][vc_separator style=\"dashed\"][vc_empty_space height=\"64px\"][\/vc_column][\/vc_row][vc_row][vc_column width=\"1\/4\"][vc_single_image image=\"262758\" img_size=\"medium\" style=\"vc_box_rounded\"][\/vc_column][vc_column width=\"3\/4\"][vc_column_text]<\/p>\n<h3><strong>MIX C500 REPRO<\/strong><\/h3>\n<p>is a single-component PCC repair and leveling mortar containing fibers, designed for both interior and exterior applications. This cement-based powder product includes siliceous and calcareous fillers, synthetic resins, and admixtures. Once mixed with water, it is ready to use. The mortar offers excellent adhesion to concrete, high compressive strength, and outstanding abrasion resistance. It is seawater-resistant and creates a smooth finish after application.<\/p>\n<hr \/>\n<h3><strong>Properties:<\/strong><\/h3>\n<ul>\n<li><strong>Base:<\/strong> Cement, polymers, hydrophobic additives<\/li>\n<li><strong>Grain size:<\/strong> Up to 2 mm<\/li>\n<li><strong>Application thickness:<\/strong> 5 \u2013 30 mm<\/li>\n<li><strong>Working time:<\/strong> 60 minutes (+20\u00b0C)<\/li>\n<li><strong>Setting time:<\/strong> 230 min (initial), 320 min (final)<\/li>\n<li><strong>Application temperature:<\/strong> +5\u00b0C to +30\u00b0C<\/li>\n<li><strong>Compressive strength:<\/strong>\n<ul>\n<li>13.0 MPa (24 hours)<\/li>\n<li>30 MPa (7 days)<\/li>\n<li>37.0 MPa (28 days)<\/li>\n<\/ul>\n<\/li>\n<li><strong>Flexural strength:<\/strong>\n<ul>\n<li>3.6 MPa (24 hours)<\/li>\n<li>5.5 MPa (7 days)<\/li>\n<li>8.7 MPa (28 days)<\/li>\n<\/ul>\n<\/li>\n<li><strong>Abrasion resistance:<\/strong> Class A12 (EN 13892-3)<\/li>\n<li><strong>Carbonation resistance:<\/strong> dk = 3.5 mm<\/li>\n<li><strong>Fire reaction:<\/strong> Class A1\/A1fl<\/li>\n<li><strong>Thermal resistance:<\/strong> -30\u00b0C to +70\u00b0C<\/li>\n<\/ul>\n<p>[\/vc_column_text][\/vc_column][\/vc_row][vc_row][vc_column][vc_empty_space][\/vc_column][vc_column][vc_separator style=\"dashed\"][\/vc_column][\/vc_row][vc_row][vc_column][vc_column_text]<\/p>\n<div class=\"flex max-w-full flex-col flex-grow\">\n<div class=\"min-h-8 text-message flex w-full flex-col items-end gap-2 whitespace-normal break-words text-start [.text-message+&amp;]:mt-5\" dir=\"auto\" data-message-author-role=\"assistant\" data-message-id=\"ce41c3b9-e7fa-41fe-ac70-b4226b53fba8\" data-message-model-slug=\"gpt-4o\">\n<div class=\"flex w-full flex-col gap-1 empty:hidden first:pt-[3px]\">\n<div class=\"markdown prose w-full break-words dark:prose-invert light\">\n<h3><strong>Application<\/strong><\/h3>\n<p>MIX C500 REPRO is designed for repairing layers with a thickness of 5 to 30 mm in all reinforced concrete structures, both above and below ground. It is ideal for repairs, creating slopes, and leveling irregularities on concrete surfaces, including balconies, terraces, pools, stair treads, concrete and reinforced concrete structures, as well as industrial floors. The product can serve as a final layer when sealed with an appropriate lacquer or paint.<\/p>\n<hr \/>\n<h3><strong>Instructions for Use<\/strong><\/h3>\n<ol>\n<li>Add MIX C500 REPRO gradually to the measured amount of water (3.5 \u2013 3.75 liters per 25 kg bag) while mixing.<\/li>\n<li>Mix using a low-speed electric mixer or a concrete mixer until a homogenous consistency is achieved.<\/li>\n<li>Apply the mortar in layers ranging from 5 mm to a maximum of 30 mm thickness.<\/li>\n<li>After approximately 2 hours at +20\u00b0C, finish the surface using a styrofoam float, felt float, or mechanical trowel, depending on the desired texture.<\/li>\n<\/ol>\n<p>MIX C500 REPRO ensures reliable performance for various concrete repair and leveling tasks, providing a durable and smooth finish.<\/p>\n<\/div>\n<\/div>\n<\/div>\n<\/div>\n<div class=\"mb-2 flex gap-3 empty:hidden -ml-2\">\n<div class=\"items-center justify-start rounded-xl p-1 flex\">\n<div class=\"flex items-center\"><\/div>\n<\/div>\n<\/div>\n<p>[\/vc_column_text][\/vc_column][\/vc_row][vc_row][vc_column][vc_separator style=\"dashed\"][vc_empty_space][\/vc_column][\/vc_row][vc_row][vc_column][vc_column_text]<strong>Surface Preparation:<\/strong><\/p>\n<p>The concrete substrate must be solid and stable. Corroded concrete should be removed down to the area free of carbonation, and all loose fragments must be eliminated. Pay special attention to removing contaminants such as oils and grease. The surface should be thoroughly dampened with water before starting the application. To improve adhesion, the use of <strong>MIX A793 EMULSION<\/strong> is recommended. Reinforcing steel must be cleaned of rust and protected with a coating of <strong>BLOCK C514 TERRA 1K FLEX<\/strong>.[\/vc_column_text][\/vc_column][\/vc_row][vc_row][vc_column][vc_separator style=\"dashed\"][vc_empty_space][\/vc_column][\/vc_row][vc_row][vc_column width=\"1\/3\"][vc_column_text]<\/p>\n<h4><strong>Tools:<\/strong><\/h4>\n<ul>\n<li>Notched trowel<\/li>\n<li>Masonry trowel<\/li>\n<li>Low-speed mixer<\/li>\n<li>Leveling straightedge<\/li>\n<li>Corner finishing trowel<\/li>\n<\/ul>\n<p>[\/vc_column_text][\/vc_column][vc_column width=\"1\/3\"][vc_column_text]<\/p>\n<h4><strong>Consumption:<\/strong><\/h4>\n<ul>\n<li><strong>Water dosage:<\/strong> 3.5 \u2013 3.75 liters per 25 kg bag<\/li>\n<li><strong>Average consumption:<\/strong> 17 kg\/m\u00b2 at a thickness of 10 mm<\/li>\n<li><strong>Drying time:<\/strong> 2-4 hours, depending on ambient conditions<\/li>\n<\/ul>\n<p>[\/vc_column_text][\/vc_column][vc_column width=\"1\/3\"][vc_column_text]<\/p>\n<h4><strong>DOCUMENTS<\/strong><\/h4>\n<p><a href=\"https:\/\/www.bostik.com\/files\/live\/sites\/shared_bostik\/files\/documents-brochures\/Poland\/Documents\/TDS\/BOSTIK-POLAND-PROXIMA-MIX-C500-REPRO-TDS.pdf\" target=\"_blank\" rel=\"noopener\">Technical Data Sheet<\/a><\/p>\n<p>&nbsp;<\/p>\n<p><strong>\u00a0<\/strong><\/p>\n<p>&nbsp;<\/p>\n<p>[\/vc_column_text][\/vc_column][\/vc_row][vc_row][vc_column][vc_empty_space height=\"64px\"][vc_column_text]TAG: hydroizolacja, uszczelnianie, fundament, piwnica, materia\u0142y bitumiczne, membrana, emulsja, woda gruntowa, wilgo\u0107, izolacja, \u015bciana wilgotna, mokry chudziak, grunt bitumiczny, Bostik, hydroizolacja zewn\u0119trzna, hydroizolacja wewn\u0119trzna, Izolacja pozioma, izolacja pionowa, izolacja coko\u0142owa, hydroizolacja pozioma, hydroizolacja pionowa, hydroizolacja coko\u0142owa, faseta fundamentowa, zaprawa hydroizolacyjna, zaprawa uszczelniaj\u0105ca, zaprawa przeciwwilgociowa, zaprawa wodoszczelna, ple\u015b\u0144 na \u015bcianie, zabezpieczenie \u015bcian, system hydroizolacji, produkt uszczelniaj\u0105cy, masa KMB, polimerowo bitumiczna, lepik asfaltowo-kauczukowy, izolacja parochronna, izolacja przeciwwodna, hydroizolacja piwnicy od zewn\u0105trz, hydroizolacja dwusk\u0142adnikowa, tasma hydroizolacja, hydroizolacja chudziaka, hydroizolacja jednosk\u0142adnikowa, hydroizolacja p\u0142yty fundamentowej, hydroizolacja fundament\u00f3w w starym domu, hydroizolacja betonu, izolacja przeciwwodna, izolacja przeciwwodna fundament\u00f3w, ci\u0119\u017cka izolacja przeciwwodna, ci\u0119\u017cka izolacja przeciwwodna fundament\u00f3w, izolacja przeciwwodna piwnicy, izolacja przeciwwodna p\u0142yty fundamentowej, izolacja przeciwwodna typu ci\u0119\u017ckiego, izolacja przeciwwodna posadzki w piwnicy, hydroizolacja przeciwwodna, izolacja przeciwwodna pionowa, ta\u015bma uszczelniaj\u0105ca przeciwwodna, naprawa izolacji poziomej, naprawa izolacji pionowej, naprawa izolacji fundamentu, hydroizolacj\u0119, hydroizolacje,[\/vc_column_text][\/vc_column][\/vc_row]<\/p>\n","protected":false},"excerpt":{"rendered":"<p>[vc_row][vc_column][vc_column_text] BOSTIK MIX C500 RERPO \u00a0ensures reliable and durable repairs and reprofiling in PCC class applications, offering long-term performance even in challenging conditions. [\/vc_column_text][\/vc_column][\/vc_row][vc_row][vc_column][vc_column_text css_animation=\"none\"][\/vc_column_text][\/vc_column][\/vc_row][vc_row][vc_column][vc_separator style=\"dashed\"][vc_empty_space<span class=\"excerpt-hellip\"> [\u2026]<\/span><\/p>\n","protected":false},"featured_media":274404,"comment_status":"open","ping_status":"closed","template":"","meta":[],"product_brand":[],"product_cat":[603,789,645,768,622,644,756],"product_tag":[],"class_list":{"0":"post-276485","1":"product","2":"type-product","3":"status-publish","4":"has-post-thumbnail","6":"product_cat-bostik-en","7":"product_cat-materialy-uzupelniajace-akcesoria-hydroizolacje-zbiornikow-i-kanalizacji-en","8":"product_cat-materialy-uzupelniajace-akcesoria-uszczelnienie-budynku-od-wewnatrz-en","9":"product_cat-materialy-uzupelniajace-akcesoria-hydroizolacja-balkonu-i-tarasu-en","10":"product_cat-przygotowanie-podloza-en","11":"product_cat-przygotowanie-podloza-renowacja-elewacji-en","12":"product_cat-zaprawy-naprawcze-i-szpachle-en","13":"product_shipping_class-latwa-wysylka-en","15":"first","16":"outofstock","17":"taxable","18":"shipping-taxable","19":"purchasable","20":"product-type-simple"},"_links":{"self":[{"href":"https:\/\/www.sanier.pl\/en\/wp-json\/wp\/v2\/product\/276485","targetHints":{"allow":["GET"]}}],"collection":[{"href":"https:\/\/www.sanier.pl\/en\/wp-json\/wp\/v2\/product"}],"about":[{"href":"https:\/\/www.sanier.pl\/en\/wp-json\/wp\/v2\/types\/product"}],"replies":[{"embeddable":true,"href":"https:\/\/www.sanier.pl\/en\/wp-json\/wp\/v2\/comments?post=276485"}],"wp:featuredmedia":[{"embeddable":true,"href":"https:\/\/www.sanier.pl\/en\/wp-json\/wp\/v2\/media\/274404"}],"wp:attachment":[{"href":"https:\/\/www.sanier.pl\/en\/wp-json\/wp\/v2\/media?parent=276485"}],"wp:term":[{"taxonomy":"product_brand","embeddable":true,"href":"https:\/\/www.sanier.pl\/en\/wp-json\/wp\/v2\/product_brand?post=276485"},{"taxonomy":"product_cat","embeddable":true,"href":"https:\/\/www.sanier.pl\/en\/wp-json\/wp\/v2\/product_cat?post=276485"},{"taxonomy":"product_tag","embeddable":true,"href":"https:\/\/www.sanier.pl\/en\/wp-json\/wp\/v2\/product_tag?post=276485"}],"curies":[{"name":"wp","href":"https:\/\/api.w.org\/{rel}","templated":true}]}}