{"id":276200,"date":"2017-04-02T11:06:46","date_gmt":"2017-04-02T11:06:46","guid":{"rendered":"https:\/\/www.sanier.pl\/produkt\/sperrmortel\/"},"modified":"2026-02-24T11:46:03","modified_gmt":"2026-02-24T11:46:03","slug":"sperrmortel","status":"publish","type":"product","link":"https:\/\/www.sanier.pl\/en\/produkt\/sperrmortel\/","title":{"rendered":"BOSTIK BLOCK C583 TERRA LOCK (Sperrmortel)"},"content":{"rendered":"<p>[vc_row][vc_column][vc_column_text]<\/p>\n<h2 style=\"text-align: center;\"><span style=\"color: #00ccff;\"><strong>BOSTIK BLOCK C583 TERRA LOCK (dawne Sperrm\u00f6rtel)<\/strong><\/span><\/h2>\n<p style=\"text-align: center;\"><span style=\"color: #808080;\"><strong>UNIWERSALNA ZAPRAWA NAPRAWCZA<\/strong><\/span><\/p>\n<p>[\/vc_column_text][\/vc_column][\/vc_row][vc_row][vc_column][vc_column_text css_animation=\"none\"]<a href=\"https:\/\/www.sanier.pl\/sklep\/?s=bostik&amp;post_type=product\"><img loading=\"lazy\" decoding=\"async\" class=\"wp-image-258966 size-medium aligncenter\" src=\"https:\/\/www.sanier.pl\/wp-content\/uploads\/2022\/07\/Bostik_Logo_Header-300x121.png\" alt=\"bostik logo\" width=\"300\" height=\"121\" srcset=\"https:\/\/www.sanier.pl\/wp-content\/uploads\/2022\/07\/Bostik_Logo_Header-300x121.png 300w, https:\/\/www.sanier.pl\/wp-content\/uploads\/2022\/07\/Bostik_Logo_Header-800x324.png 800w, https:\/\/www.sanier.pl\/wp-content\/uploads\/2022\/07\/Bostik_Logo_Header-768x311.png 768w, https:\/\/www.sanier.pl\/wp-content\/uploads\/2022\/07\/Bostik_Logo_Header-700x283.png 700w, https:\/\/www.sanier.pl\/wp-content\/uploads\/2022\/07\/Bostik_Logo_Header.png 842w\" sizes=\"auto, (max-width:767px) 300px, 300px\" \/><\/a>[\/vc_column_text][\/vc_column][\/vc_row][vc_row][vc_column][vc_separator style=\"dashed\"][vc_empty_space height=\"64px\"][\/vc_column][\/vc_row][vc_row][vc_column width=\"1\/4\"][vc_single_image image=\"261704\" img_size=\"medium\" style=\"vc_box_rounded\"][\/vc_column][vc_column width=\"3\/4\"][vc_column_text]<\/p>\n<h3><b><i>BOSTIK BLOCK C583 TERRA LOCK (Sperrm\u00f6rtel) <\/i><\/b><\/h3>\n<p><strong>BOSTIK BLOCK C583 TERRA LOCK (Sperrm\u00f6rtel)<\/strong> is a versatile repair mortar, perfect for renovating plinths, concrete surfaces, and for use as plaster in damp environments. It\u2019s also ideal for filling joints in walls, sealing non-working cracks, and creating chamfers. Once cured, it can be topped with either a bituminous or hybrid waterproofing coating. However, this product is not suitable for use as a barrier against rising moisture, nor should it be used on anhydrite or magnesite screeds.[\/vc_column_text][vc_column_text]<\/p>\n<h3><strong>APPLICATION<\/strong><\/h3>\n<ul>\n<li>Mortar for walls and floors<\/li>\n<li>Suitable for grouting walls<\/li>\n<li>Used to fill non-working cracks<\/li>\n<li>Ideal for creating chamfers<\/li>\n<li>Used for repairing plinths and concrete surfaces<\/li>\n<li>Can be used as plaster in damp environments<\/li>\n<li>Once cured, it can be covered with a bituminous or hybrid waterproofing coat<\/li>\n<li>Suitable for filling gaps, voids, and cracks in walls<\/li>\n<li>Can be used to activate the <strong>Kiesey Horizontalstopp<\/strong> product<\/li>\n<li>Also used for filling drilled holes<\/li>\n<\/ul>\n<p>[\/vc_column_text][\/vc_column][\/vc_row][vc_row][vc_column][vc_empty_space][\/vc_column][vc_column][vc_separator style=\"dashed\"][\/vc_column][\/vc_row][vc_row][vc_column width=\"2\/3\"][vc_column_text]<\/p>\n<h3><b><i>FEATURES OF BOSTIK BLOCK C583 TERRA LOCK<\/i><\/b><\/h3>\n<p>&nbsp;<\/p>\n<ul>\n<li>Versatile repair mortar<\/li>\n<li>Water-resistant (including seawater)<\/li>\n<li>Good adhesion<\/li>\n<li>High product quality<\/li>\n<\/ul>\n<p>[\/vc_column_text][\/vc_column][vc_column width=\"1\/3\"][vc_single_image image=\"261704\" img_size=\"medium\"][\/vc_column][\/vc_row][vc_row][vc_column][vc_separator style=\"dashed\"][vc_empty_space][\/vc_column][\/vc_row][vc_row][vc_column][vc_column_text]<\/p>\n<h3><strong>INSTRUCTIONS FOR USE<\/strong><\/h3>\n<p>Pour the contents of the mortar bag into a container and mix with clean water until a smooth, homogeneous consistency is achieved. To improve adhesion, increase flexibility, and enhance the waterproofing properties of the mortar, part of the mixing water can be replaced with <strong>BOSTIK MIX A793<\/strong> (formerly Haftemulsion-Konzentrat). After preparation, protect the mortar from rapid water evaporation, rain, and freezing.[\/vc_column_text][\/vc_column][\/vc_row][vc_row][vc_column][vc_separator style=\"dashed\"][vc_empty_space][\/vc_column][\/vc_row][vc_row][vc_column width=\"1\/3\"][vc_column_text]<\/p>\n<h4><strong>TOOLS<\/strong><\/h4>\n<ul>\n<li>Stainless steel spatula<\/li>\n<\/ul>\n<p>[\/vc_column_text][\/vc_column][vc_column width=\"1\/3\"][vc_column_text]<\/p>\n<h4>CONSUMPTION<\/h4>\n<p>[\/vc_column_text][vc_raw_html]JTNDdGFibGUlM0UlMEElM0N0Ym9keSUzRSUwQSUzQ3RyJTNFJTBBJTNDdGQlM0UlM0MlMkZ0ZCUzRSUwQSUzQ3RkJTNFWnUlQzUlQkN5Y2llJTIwa2clMkZtMiUyMGx1YiUyMGtnJTJGbWIlM0MlMkZ0ZCUzRSUzQyUyRnRyJTNFJTBBJTNDdHIlM0UlM0N0ZCUzRUR6aXVyeSUzQSUzQyUyRnRkJTNFJTNDdGQlM0UxJTJDOGtnJTJGbTIlM0MlMkZ0ZCUzRSUzQyUyRnRyJTNFJTBBJTNDdHIlM0UlM0N0ZCUzRUNvayVDMyVCMyVDNSU4MiUyMCUyODVjbSUyOSUzQyUyRnRkJTNFJTNDdGQlM0Uya2clMkZtYiUzQyUyRnRkJTNFJTNDJTJGdHIlM0UlMEElM0MlMkZ0Ym9keSUzRSUzQyUyRnRhYmxlJTNFJTBB[\/vc_raw_html][\/vc_column][vc_column width=\"1\/3\"][vc_column_text]<\/p>\n<h4>DOCUMENTS<\/h4>\n<p><a href=\"https:\/\/sanier.pl\/wp-content\/uploads\/2017\/04\/WP22_SPERRMOERTEL_TDS.pdf\" target=\"_blank\" rel=\"noopener\"><strong>Technical data sheet<\/strong> for BOSTIK BLOCK C583 TERRA LOCK<\/a>[\/vc_column_text][\/vc_column][\/vc_row][vc_row][vc_column][vc_empty_space height=\"64px\"][vc_column_text]TAG: hydroizolacja, uszczelnianie, fundament, piwnica, materia\u0142y bitumiczne, membrana, emulsja, woda gruntowa, wilgo\u0107, izolacja, \u015bciana wilgotna, mokry chudziak, grunt bitumiczny, Bostik, hydroizolacja zewn\u0119trzna, hydroizolacja wewn\u0119trzna, Izolacja pozioma, izolacja pionowa, izolacja coko\u0142owa, hydroizolacja pozioma, hydroizolacja pionowa, hydroizolacja coko\u0142owa, faseta fundamentowa, zaprawa hydroizolacyjna, zaprawa uszczelniaj\u0105ca, zaprawa przeciwwilgociowa, zaprawa wodoszczelna, ple\u015b\u0144 na \u015bcianie, zabezpieczenie \u015bcian, system hydroizolacji, produkt uszczelniaj\u0105cy, masa KMB, polimerowo bitumiczna, lepik asfaltowo-kauczukowy, izolacja parochronna, izolacja przeciwwodna, hydroizolacja piwnicy od zewn\u0105trz, hydroizolacja dwusk\u0142adnikowa, tasma hydroizolacja, hydroizolacja chudziaka, hydroizolacja jednosk\u0142adnikowa, hydroizolacja p\u0142yty fundamentowej, hydroizolacja fundament\u00f3w w starym domu, hydroizolacja betonu, izolacja przeciwwodna, izolacja przeciwwodna fundament\u00f3w, ci\u0119\u017cka izolacja przeciwwodna, ci\u0119\u017cka izolacja przeciwwodna fundament\u00f3w, izolacja przeciwwodna piwnicy, izolacja przeciwwodna p\u0142yty fundamentowej, izolacja przeciwwodna typu ci\u0119\u017ckiego, izolacja przeciwwodna posadzki w piwnicy, hydroizolacja przeciwwodna, izolacja przeciwwodna pionowa, ta\u015bma uszczelniaj\u0105ca przeciwwodna, naprawa izolacji poziomej, naprawa izolacji pionowej, naprawa izolacji fundamentu, hydroizolacj\u0119, hydroizolacje,[\/vc_column_text][\/vc_column][\/vc_row][vc_row][vc_column][vc_column_text]<\/p>\n<p>[\/vc_column_text][\/vc_column][\/vc_row]<\/p>\n","protected":false},"excerpt":{"rendered":"<p><strong>BOSTIK BLOCK C583 TERRA LOCK (Sperrm\u00f6rtel)<\/strong> is a versatile repair mortar designed for the renovation of plinths, concrete surfaces, and as plaster in damp environments. It is also highly effective for grouting walls, filling non-working cracks, and creating chamfers.<\/p>\n","protected":false},"featured_media":273479,"comment_status":"open","ping_status":"closed","template":"","meta":[],"product_brand":[],"product_cat":[604,603,600,606,610,649,754,651,595,756,599,755],"product_tag":[613,757],"class_list":{"0":"post-276200","1":"product","2":"type-product","3":"status-publish","4":"has-post-thumbnail","6":"product_cat-bestseller-en","7":"product_cat-bostik-en","8":"product_cat-hydroizolacja-en","9":"product_cat-hydroizolacja-fundamentu-en","10":"product_cat-hydroizolacje-zbiornikow-i-kanalizacji-en","11":"product_cat-mineralne-materialy-en","12":"product_cat-materialy-uzupelniajace-akcesoria-en","13":"product_cat-ochrona-i-naprawa-betonu-en","14":"product_cat-uszczelnienie-budynku-od-wewnatrz-en","15":"product_cat-zaprawy-naprawcze-i-szpachle-en","16":"product_cat-zaprawy-szybkowiazace-i-wodoszczelne-en","17":"product_cat-zaprawy-wodoszczelne-en","18":"product_tag-bostik-en","19":"product_tag-sperrmortel-en","20":"product_shipping_class-latwa-wysylka-en","22":"first","23":"instock","24":"taxable","25":"shipping-taxable","26":"purchasable","27":"product-type-simple"},"_links":{"self":[{"href":"https:\/\/www.sanier.pl\/en\/wp-json\/wp\/v2\/product\/276200","targetHints":{"allow":["GET"]}}],"collection":[{"href":"https:\/\/www.sanier.pl\/en\/wp-json\/wp\/v2\/product"}],"about":[{"href":"https:\/\/www.sanier.pl\/en\/wp-json\/wp\/v2\/types\/product"}],"replies":[{"embeddable":true,"href":"https:\/\/www.sanier.pl\/en\/wp-json\/wp\/v2\/comments?post=276200"}],"wp:featuredmedia":[{"embeddable":true,"href":"https:\/\/www.sanier.pl\/en\/wp-json\/wp\/v2\/media\/273479"}],"wp:attachment":[{"href":"https:\/\/www.sanier.pl\/en\/wp-json\/wp\/v2\/media?parent=276200"}],"wp:term":[{"taxonomy":"product_brand","embeddable":true,"href":"https:\/\/www.sanier.pl\/en\/wp-json\/wp\/v2\/product_brand?post=276200"},{"taxonomy":"product_cat","embeddable":true,"href":"https:\/\/www.sanier.pl\/en\/wp-json\/wp\/v2\/product_cat?post=276200"},{"taxonomy":"product_tag","embeddable":true,"href":"https:\/\/www.sanier.pl\/en\/wp-json\/wp\/v2\/product_tag?post=276200"}],"curies":[{"name":"wp","href":"https:\/\/api.w.org\/{rel}","templated":true}]}}