{"id":276131,"date":"2017-03-29T16:56:08","date_gmt":"2017-03-29T16:56:08","guid":{"rendered":"https:\/\/www.sanier.pl\/produkt\/block-b786-emulsja-bitumiczna\/"},"modified":"2026-02-24T11:47:12","modified_gmt":"2026-02-24T11:47:12","slug":"block-b786-emulsja-bitumiczna","status":"publish","type":"product","link":"https:\/\/www.sanier.pl\/en\/produkt\/block-b786-emulsja-bitumiczna\/","title":{"rendered":"BOSTIK BLOCK B786 TERRA SLIM Bituminous emulsion (K100)"},"content":{"rendered":"<p>[vc_row][vc_column][vc_column_text]<\/p>\n<h1><strong><span style=\"color: #000000;\">BOSTIK BLOCK B786 TERRA SLIM\u00a0 (K100) - Bituminous Emulsion<br \/>\n<\/span><\/strong><\/h1>\n<h5>Solvent-free bituminous emulsion <span style=\"color: #808080;\"><span style=\"text-decoration: underline;\">(<a href=\"https:\/\/pl.wikipedia.org\/wiki\/Izolacja_wodochronna\" target=\"_blank\" rel=\"noopener\"> waterproofing<\/a>)<\/span><\/span><\/h5>\n<p>[\/vc_column_text][\/vc_column][\/vc_row][vc_row][vc_column][vc_column_text css_animation=\"none\"]<a href=\"https:\/\/www.sanier.pl\/sklep\/?s=bostik&amp;post_type=product\"><img loading=\"lazy\" decoding=\"async\" class=\"wp-image-258966 size-medium aligncenter\" src=\"https:\/\/www.sanier.pl\/wp-content\/uploads\/2022\/07\/Bostik_Logo_Header-300x121.png\" alt=\"bostik logo\" width=\"300\" height=\"121\" srcset=\"https:\/\/www.sanier.pl\/wp-content\/uploads\/2022\/07\/Bostik_Logo_Header-300x121.png 300w, https:\/\/www.sanier.pl\/wp-content\/uploads\/2022\/07\/Bostik_Logo_Header-800x324.png 800w, https:\/\/www.sanier.pl\/wp-content\/uploads\/2022\/07\/Bostik_Logo_Header-768x311.png 768w, https:\/\/www.sanier.pl\/wp-content\/uploads\/2022\/07\/Bostik_Logo_Header-700x283.png 700w, https:\/\/www.sanier.pl\/wp-content\/uploads\/2022\/07\/Bostik_Logo_Header.png 842w\" sizes=\"auto, (max-width:767px) 300px, 300px\" \/><\/a>[\/vc_column_text][\/vc_column][\/vc_row][vc_row][vc_column][vc_separator style=\"dashed\"][vc_empty_space height=\"64px\"][\/vc_column][\/vc_row][vc_row][vc_column width=\"1\/2\"][vc_single_image image=\"261697\" img_size=\"medium\" style=\"vc_box_rounded\"][\/vc_column][vc_column width=\"1\/2\"][vc_column_text]<\/p>\n<h3><b><i>BOSTIK BLOCK B786 TERRA SLIM\u00a0<\/i><\/b><\/h3>\n<p>BOSTIK BLOCK B786 TERRA SLIM is a solvent-free bitumen-latex emulsion. It is a high-quality, single-component formula, free of fillers. It\u2019s easy to apply with a brush, roller, or by spraying on vertical surfaces. Once fully dried, the coating becomes flexible and provides a waterproof layer resistant to substances aggressive to concrete (naturally occurring), such as liquid waste, slurry, manure plates, and settling tanks.[\/vc_column_text][vc_column_text]<\/p>\n<h3><strong>APPLICATION<\/strong><\/h3>\n<p>Sealing basements, foundations, and tanks against ground moisture and pressurized water. When diluted with water, it serves as a primer for highly absorbent surfaces.<\/p>\n<p>BOSTIK BLOCK B786 TERRA SLIM is used for creating flexible and durable seals on mineral substrates. For basement sealing in new buildings, it is recommended to first apply a full waterproofing layer using BOSTIK C514 Terra 1K (formerly K11 Flex Schlamme Grau), BOSTIK BLOCK X701 TERRA 2K FLEX (formerly K11 Flex Schlamme Grau), or BOSTIK BLOCK B525 TERRA 2K (formerly Dickbeschichtung 2K+). BOSTIK BLOCK B786 TERRA SLIM can then be applied on top. For slightly damp or heavily moisture-laden substrates, BOSTIK B781 TERRA MEMBRAN (formerly SK 3000 S Dichtungsbahn) can be used as a waterproof membrane, providing a protective coating for concrete in tanks for liquid waste and slurry, according to DIN 11622-2.[\/vc_column_text][\/vc_column][\/vc_row][vc_row][vc_column][vc_empty_space][\/vc_column][vc_column][vc_separator style=\"dashed\"][\/vc_column][\/vc_row][vc_row][vc_column width=\"1\/2\"][vc_column_text]<\/p>\n<h3><strong>FEATURES of BOSTIK BLOCK B786 TERRA SLIM<\/strong><\/h3>\n<ul>\n<li>Solvent-free<\/li>\n<li>Free of fillers<\/li>\n<li>Resistant to slurry<\/li>\n<li>Crack-bridging<\/li>\n<li>Waterproof<\/li>\n<li>Easy to apply with a brush, roller, or by spraying<\/li>\n<li>Thixotropic properties for easier application<\/li>\n<\/ul>\n<p>[\/vc_column_text][\/vc_column][vc_column width=\"1\/2\"][vc_single_image image=\"261698\" img_size=\"medium\"][\/vc_column][\/vc_row][vc_row][vc_column][vc_separator style=\"dashed\"][vc_empty_space][\/vc_column][\/vc_row][vc_row][vc_column][vc_column_text]<\/p>\n<h3><strong>Drying Time:<\/strong><\/h3>\n<p>Approximately 6 hours (at 20\u00b0C and 55% relative humidity).<\/p>\n<p>To check, use a fingertip test: lightly wet your finger and swipe it across the coating. If the finger remains uncolored, the coating has dried (the uncured material is brown and turns black as it dries).[\/vc_column_text][\/vc_column][\/vc_row][vc_row][vc_column][vc_separator style=\"dashed\"][vc_empty_space][\/vc_column][\/vc_row][vc_row][vc_column width=\"1\/3\"][vc_column_text]<\/p>\n<h4><strong>TOOLS<\/strong><\/h4>\n<ul>\n<li>Spatula<\/li>\n<li>Plastic or stainless steel trowel<\/li>\n<li>Wide brush<\/li>\n<li>Spray machine<\/li>\n<\/ul>\n<p>[\/vc_column_text][\/vc_column][vc_column width=\"1\/3\"][vc_column_text]<\/p>\n<h4>CONSUMPTION<\/h4>\n<p>[\/vc_column_text][vc_raw_html]JTNDdGFibGUlM0UlMEElM0N0Ym9keSUzRSUwQSUzQ3RyJTNFJTBBJTNDdGQlM0UlM0MlMkZ0ZCUzRSUwQSUzQ3RkJTNFWnUlQzUlQkN5Y2llJTIwa2clMkZtMiUzQyUyRnRkJTNFJTNDJTJGdHIlM0UlMEElM0N0ciUzRSUzQ3RkJTNFR3J1bnRvd2FuaWUlM0ElM0MlMkZ0ZCUzRSUzQ3RkJTNFMCUyQzUlM0MlMkZ0ZCUzRSUzQyUyRnRyJTNFJTBBJTNDdHIlM0UlM0N0ZCUzRVVzemN6ZWxuaWVuaWUlMjBwcnplZCUyMHdpbGdvY2klQzQlODUlMjB6JTIwZ3J1bnR1JTIwJTI4MiUyMHdhcnN0d3klMjklM0MlMkZ0ZCUzRSUzQ3RkJTNFMSUyQzAlM0MlMkZ0ZCUzRSUzQyUyRnRyJTNFJTBBJTNDdHIlM0UlM0N0ZCUzRVVzemN6ZWxuaWFuaWUlMjBwcnplZCUyMHByemVuaWthaiVDNCU4NWMlQzQlODUlMjB3b2QlQzQlODUlM0MlMkZ0ZCUzRSUzQ3RkJTNFMSUyQzUlM0MlMkZ0ZCUzRSUzQyUyRnRyJTNFJTBBJTNDJTJGdGJvZHklM0UlM0MlMkZ0YWJsZSUzRSUwQQ==[\/vc_raw_html][\/vc_column][vc_column width=\"1\/3\"][vc_column_text]<\/p>\n<h4>DOCUMENTS<\/h4>\n<p><a href=\"https:\/\/sanier.pl\/wp-content\/uploads\/2017\/03\/wp9_k-100-schwarz_tds.pdf\" target=\"_blank\" rel=\"noopener\">Technical Data Sheet <\/a><\/p>\n<p><a href=\"https:\/\/www.bostik.com\/globalassets\/products\/bostik-k-100-schwarz_poland_pl\/downloads\/wp9_bostik-k-100-schwarz-_sds.pdf\" target=\"_blank\" rel=\"noopener\">Safety Data Sheet<\/a>[\/vc_column_text][\/vc_column][\/vc_row][vc_row][vc_column][vc_raw_html]JTIwJTIwJTIwJTIwJTNDdGl0bGUlM0VLYWxrdWxhdG9yJTIwenUlQzUlQkN5Y2lhJTIwbWF0ZXJpYSVDNSU4MnUlM0MlMkZ0aXRsZSUzRSUwQSUyMCUyMCUyMCUyMCUzQ3N0eWxlJTNFJTBBJTIwJTIwJTIwJTIwJTIwJTIwJTIwJTIwYm9keSUyMCU3QiUwQSUyMCUyMCUyMCUyMCUyMCUyMCUyMCUyMCUyMCUyMCUyMCUyMGZvbnQtZmFtaWx5JTNBJTIwQXJpYWwlMkMlMjBzYW5zLXNlcmlmJTNCJTBBJTIwJTIwJTIwJTIwJTIwJTIwJTIwJTIwJTIwJTIwJTIwJTIwbWFyZ2luJTNBJTIwMjBweCUzQiUwQSUyMCUyMCUyMCUyMCUyMCUyMCUyMCUyMCU3RCUwQSUyMCUyMCUyMCUyMCUyMCUyMCUyMCUyMGxhYmVsJTIwJTdCJTBBJTIwJTIwJTIwJTIwJTIwJTIwJTIwJTIwJTIwJTIwJTIwJTIwZGlzcGxheSUzQSUyMGJsb2NrJTNCJTBBJTIwJTIwJTIwJTIwJTIwJTIwJTIwJTIwJTIwJTIwJTIwJTIwbWFyZ2luLWJvdHRvbSUzQSUyMDVweCUzQiUwQSUyMCUyMCUyMCUyMCUyMCUyMCUyMCUyMCU3RCUwQSUyMCUyMCUyMCUyMCUyMCUyMCUyMCUyMGlucHV0JTIwJTdCJTBBJTIwJTIwJTIwJTIwJTIwJTIwJTIwJTIwJTIwJTIwJTIwJTIwd2lkdGglM0ElMjAxMDAlMjUlM0IlMEElMjAlMjAlMjAlMjAlMjAlMjAlMjAlMjAlMjAlMjAlMjAlMjBwYWRkaW5nJTNBJTIwNXB4JTNCJTBBJTIwJTIwJTIwJTIwJTIwJTIwJTIwJTIwJTIwJTIwJTIwJTIwbWFyZ2luLWJvdHRvbSUzQSUyMDEwcHglM0IlMEElMjAlMjAlMjAlMjAlMjAlMjAlMjAlMjAlN0QlMEElMjAlMjAlMjAlMjAlMjAlMjAlMjAlMjBidXR0b24lMjAlN0IlMEElMjAlMjAlMjAlMjAlMjAlMjAlMjAlMjAlMjAlMjAlMjAlMjBwYWRkaW5nJTNBJTIwMTBweCUyMDIwcHglM0IlMEElMjAlMjAlMjAlMjAlMjAlMjAlMjAlMjAlMjAlMjAlMjAlMjBiYWNrZ3JvdW5kLWNvbG9yJTNBJTIwJTIzNENBRjUwJTNCJTBBJTIwJTIwJTIwJTIwJTIwJTIwJTIwJTIwJTIwJTIwJTIwJTIwY29sb3IlM0ElMjB3aGl0ZSUzQiUwQSUyMCUyMCUyMCUyMCUyMCUyMCUyMCUyMCUyMCUyMCUyMCUyMGJvcmRlciUzQSUyMG5vbmUlM0IlMEElMjAlMjAlMjAlMjAlMjAlMjAlMjAlMjAlMjAlMjAlMjAlMjBjdXJzb3IlM0ElMjBwb2ludGVyJTNCJTBBJTIwJTIwJTIwJTIwJTIwJTIwJTIwJTIwJTdEJTBBJTIwJTIwJTIwJTIwJTIwJTIwJTIwJTIwJTIzd3luaWslMjAlN0IlMEElMjAlMjAlMjAlMjAlMjAlMjAlMjAlMjAlMjAlMjAlMjAlMjBtYXJnaW4tdG9wJTNBJTIwMjBweCUzQiUwQSUyMCUyMCUyMCUyMCUyMCUyMCUyMCUyMCUyMCUyMCUyMCUyMGZvbnQtd2VpZ2h0JTNBJTIwYm9sZCUzQiUwQSUyMCUyMCUyMCUyMCUyMCUyMCUyMCUyMCU3RCUwQSUyMCUyMCUyMCUyMCUzQyUyRnN0eWxlJTNFJTBBJTBBJTIwJTIwJTIwJTIwJTNDaDIlM0VLYWxrdWxhdG9yJTIwenUlQzUlQkN5Y2lhJTIwbWF0ZXJpYSVDNSU4MnUlM0MlMkZoMiUzRSUwQSUyMCUyMCUyMCUyMCUzQ2xhYmVsJTIwZm9yJTNEJTIycG93aWVyemNobmlhJTIyJTNFUG93aWVyemNobmlhJTIwJTI4dyUyMG1ldHJhY2glMjBrd2FkcmF0b3d5Y2glMjklM0ElM0MlMkZsYWJlbCUzRSUwQSUyMCUyMCUyMCUyMCUzQ2lucHV0JTIwdHlwZSUzRCUyMm51bWJlciUyMiUyMGlkJTNEJTIycG93aWVyemNobmlhJTIyJTIwc3RlcCUzRCUyMjElMjIlM0UlMEElM0NsYWJlbCUyMGZvciUzRCUyMnBvamVtbm9zYyUyMiUzRVBvamVtbm8lQzUlOUIlQzQlODclMjB3aWFkZXJrYSUyMCUyOHclMjBraWxvZ3JhbWFjaCUyOSUzQSUzQyUyRmxhYmVsJTNFJTBBJTNDc2VsZWN0JTIwbmFtZSUzRCUyMnBvamVtbm9zYyUyMiUyMGlkJTNEJTIycG9qZW1ub3NjJTIyJTNFJTBBJTIwJTIwJTNDb3B0aW9uJTIwdmFsdWUlM0QlMjIxMCUyMiUzRTEwJTIwa2clM0MlMkZvcHRpb24lM0UlMEElMjAlMjAlM0NvcHRpb24lMjB2YWx1ZSUzRCUyMjI1JTIyJTIwc2VsZWN0ZWQlM0UyNSUyMGtnJTNDJTJGb3B0aW9uJTNFJTBBJTNDJTJGc2VsZWN0JTNFJTBBJTBBJTIwJTIwJTIwJTIwJTNDYnV0dG9uJTIwaWQlM0QlMjJvYmxpY3pCdG4lMjIlM0VPYmxpY3olM0MlMkZidXR0b24lM0UlMEElMjAlMjAlMjAlMjAlM0NkaXYlMjBpZCUzRCUyMnd5bmlrJTIyJTNFJTNDJTJGZGl2JTNFJTBBJTBBJTIwJTIwJTIwJTIwJTNDc2NyaXB0JTNFJTBBJTIwJTIwJTIwJTIwJTIwJTIwJTIwJTIwZG9jdW1lbnQuZ2V0RWxlbWVudEJ5SWQlMjglMjdvYmxpY3pCdG4lMjclMjkuYWRkRXZlbnRMaXN0ZW5lciUyOCUyN2NsaWNrJTI3JTJDJTIwZnVuY3Rpb24lMjAlMjglMjklMjAlN0IlMEElMjAlMjAlMjAlMjAlMjAlMjAlMjAlMjAlMjAlMjAlMjAlMjBjb25zdCUyMHBvd2llcnpjaG5pYSUyMCUzRCUyMHBhcnNlRmxvYXQlMjhkb2N1bWVudC5nZXRFbGVtZW50QnlJZCUyOCUyN3Bvd2llcnpjaG5pYSUyNyUyOS52YWx1ZSUyOSUzQiUwQSUyMCUyMCUyMCUyMCUyMCUyMCUyMCUyMCUyMCUyMCUyMCUyMGNvbnN0JTIwbWluaW1hbG5lWnV6eWNpZSUyMCUzRCUyMDAuNTAlMjAlMkElMjBwb3dpZXJ6Y2huaWElM0IlMEElMjAlMjAlMjAlMjAlMjAlMjAlMjAlMjAlMjAlMjAlMjAlMjBjb25zdCUyMG1ha3N5bWFsbmVadXp5Y2llJTIwJTNEJTIwMS41JTIwJTJBJTIwcG93aWVyemNobmlhJTNCJTBBJTIwJTIwJTIwJTIwJTIwJTIwJTIwJTIwJTIwJTIwJTIwJTIwY29uc3QlMjBwb2plbW5vc2NXaWFkZXJrYSUyMCUzRCUyMHBhcnNlRmxvYXQlMjhkb2N1bWVudC5nZXRFbGVtZW50QnlJZCUyOCUyN3BvamVtbm9zYyUyNyUyOS52YWx1ZSUyOSUzQiUwQSUyMCUyMCUyMCUyMCUyMCUyMCUyMCUyMCUyMCUyMCUyMCUyMGNvbnN0JTIwbWluaW1hbG5lSWxvc2NXaWFkZXIlMjAlM0QlMjBNYXRoLmNlaWwlMjhtaW5pbWFsbmVadXp5Y2llJTIwJTJGJTIwcG9qZW1ub3NjV2lhZGVya2ElMjklM0IlMEElMjAlMjAlMjAlMjAlMjAlMjAlMjAlMjAlMjAlMjAlMjAlMjBjb25zdCUyMG1ha3N5bWFsbmVJbG9zY1dpYWRlciUyMCUzRCUyME1hdGguY2VpbCUyOG1ha3N5bWFsbmVadXp5Y2llJTIwJTJGJTIwcG9qZW1ub3NjV2lhZGVya2ElMjklM0IlMEElMEElMjAlMjAlMjAlMjAlMjAlMjAlMjAlMjAlMjAlMjAlMjAlMjBkb2N1bWVudC5nZXRFbGVtZW50QnlJZCUyOCUyN3d5bmlrJTI3JTI5LmlubmVySFRNTCUyMCUzRCUyMCUyMk1pbmltYWxuZSUyMHp1JUM1JUJDeWNpZSUyMG1hdGVyaWElQzUlODJ1JTNBJTIwJTIyJTIwJTJCJTIwbWluaW1hbG5lWnV6eWNpZS50b0ZpeGVkJTI4MiUyOSUyMCUyQiUyMCUyMiUyMGtnJTIyJTIwJTJCJTIwJTIyJTNDYnIlM0UlMjIlM0IlMEElMjAlMjAlMjAlMjAlMjAlMjAlMjAlMjAlMjAlMjAlMjAlMjBkb2N1bWVudC5nZXRFbGVtZW50QnlJZCUyOCUyN3d5bmlrJTI3JTI5LmlubmVySFRNTCUyMCUyQiUzRCUyMCUyMk1ha3N5bWFsbmUlMjB6dSVDNSVCQ3ljaWUlMjBtYXRlcmlhJUM1JTgydSUzQSUyMCUyMiUyMCUyQiUyMG1ha3N5bWFsbmVadXp5Y2llLnRvRml4ZWQlMjgyJTI5JTIwJTJCJTIwJTIyJTIwa2clMjIlMjAlMkIlMjAlMjIlM0NiciUzRSUyMiUzQiUwQSUyMCUyMCUyMCUyMCUyMCUyMCUyMCUyMCUyMCUyMCUyMCUyMGRvY3VtZW50LmdldEVsZW1lbnRCeUlkJTI4JTI3d3luaWslMjclMjkuaW5uZXJIVE1MJTIwJTJCJTNEJTIwJTIySWxvJUM1JTlCJUM0JTg3JTIwd2lhZGVyJTIwcG90cnplYm55Y2glMjBkbyUyMGdydW50b3dhbmlhJTNBJTIwJTIyJTIwJTJCJTIwbWluaW1hbG5lSWxvc2NXaWFkZXIlMjAlMkIlMjAlMjIlM0NiciUzRSUyMiUzQiUwQSUyMCUyMCUyMCUyMCUyMCUyMCUyMCUyMCUyMCUyMCUyMCUyMGRvY3VtZW50LmdldEVsZW1lbnRCeUlkJTI4JTI3d3luaWslMjclMjkuaW5uZXJIVE1MJTIwJTJCJTNEJTIwJTIySWxvJUM1JTlCJUM0JTg3JTIwd2lhZGVyJTIwcG90cnplYm55Y2glMjBkbGElMjBwcnplY2l3d2lsZ29jaW93ZWolMjBoeWRyb2l6b2xhY2ppJTNBJTIwJTIyJTIwJTJCJTIwbWFrc3ltYWxuZUlsb3NjV2lhZGVyJTNCJTBBJTIwJTIwJTIwJTIwJTIwJTIwJTIwJTIwJTdEJTI5JTNCJTBBJTIwJTIwJTIwJTIwJTNDJTJGc2NyaXB0JTNF[\/vc_raw_html][vc_separator style=\"dashed\"][vc_empty_space height=\"64px\"][vc_column_text]<\/p>\n<h3><strong>What is Waterproofing?<\/strong><\/h3>\n<p>Waterproofing, also known as moisture protection, involves securing a structure against the damaging effects of water. Waterproofing products are classified based on the binding agent:<\/p>\n<ul>\n<li><strong>Bitumen and tar-based<\/strong> (an older method being phased out): These products offer high water resistance and are readily available. However, they have poor interlayer adhesion and can negatively impact health.<\/li>\n<li><strong>Synthetic resin-based<\/strong> (modern products): Effective primarily for interior or small-scale residential use. They are not suitable for waterproofing large water tanks, as prolonged water exposure can reduce effectiveness.<\/li>\n<li><strong>Mineral-polymer waterproofing compounds<\/strong>: Free from the above drawbacks, these products, also known as sealing or insulating slurries, are ideal for waterproofing walls, plinths, water basins, pools, balconies, terraces, roofs, and high-humidity rooms like bathrooms and laundry areas.<\/li>\n<li><strong>Multi-component reactive resin-based<\/strong> (the latest binders): These include polyurethane and epoxy resins, offering excellent substrate penetration, high adhesion, and complete water resistance.<\/li>\n<\/ul>\n<p>[\/vc_column_text][\/vc_column][\/vc_row][vc_row][vc_column][vc_empty_space height=\"64px\"][vc_column_text]TAG: hydroizolacja, uszczelnianie, fundament, piwnica, materia\u0142y bitumiczne, membrana, emulsja, woda gruntowa, wilgo\u0107, izolacja, \u015bciana wilgotna, mokry chudziak, grunt bitumiczny, Bostik, hydroizolacja zewn\u0119trzna, hydroizolacja wewn\u0119trzna, Izolacja pozioma, izolacja pionowa, izolacja coko\u0142owa, hydroizolacja pozioma, hydroizolacja pionowa, hydroizolacja coko\u0142owa, faseta fundamentowa, zaprawa hydroizolacyjna, zaprawa uszczelniaj\u0105ca, zaprawa przeciwwilgociowa, zaprawa wodoszczelna, ple\u015b\u0144 na \u015bcianie, zabezpieczenie \u015bcian, system hydroizolacji, produkt uszczelniaj\u0105cy, masa KMB, polimerowo bitumiczna, lepik asfaltowo-kauczukowy, izolacja parochronna, izolacja przeciwwodna, hydroizolacja piwnicy od zewn\u0105trz, hydroizolacja dwusk\u0142adnikowa, tasma hydroizolacja, hydroizolacja chudziaka, hydroizolacja jednosk\u0142adnikowa, hydroizolacja p\u0142yty fundamentowej, hydroizolacja fundament\u00f3w w starym domu, hydroizolacja betonu, izolacja przeciwwodna, izolacja przeciwwodna fundament\u00f3w, ci\u0119\u017cka izolacja przeciwwodna, ci\u0119\u017cka izolacja przeciwwodna fundament\u00f3w, izolacja przeciwwodna piwnicy, izolacja przeciwwodna p\u0142yty fundamentowej, izolacja przeciwwodna typu ci\u0119\u017ckiego, izolacja przeciwwodna posadzki w piwnicy, hydroizolacja przeciwwodna, izolacja przeciwwodna pionowa, ta\u015bma uszczelniaj\u0105ca przeciwwodna, naprawa izolacji poziomej, naprawa izolacji pionowej, naprawa izolacji fundamentu, hydroizolacj\u0119, hydroizolacje,[\/vc_column_text][\/vc_column][\/vc_row]<\/p>\n","protected":false},"excerpt":{"rendered":"<p><strong>BOSTIK BLOCK B786 TERRA SLIM<\/strong> is a solvent-free bitumen-latex emulsion with a high-quality, single-component formula free from fillers. Once fully dried, the coating becomes flexible and forms a waterproof layer resistant to substances aggressive to concrete (naturally occurring), such as liquid waste, slurry, manure plates, and settling tanks.<\/p>\n","protected":false},"featured_media":273440,"comment_status":"open","ping_status":"closed","template":"","meta":[],"product_brand":[],"product_cat":[604,603,600,608,606,609,607,601,605,622],"product_tag":[671,620,613,672,654,673,615,674,616,675],"class_list":{"0":"post-276131","1":"product","2":"type-product","3":"status-publish","4":"has-post-thumbnail","6":"product_cat-bestseller-en","7":"product_cat-bostik-en","8":"product_cat-hydroizolacja-en","9":"product_cat-hydroizolacja-balkonu-i-tarasu-en","10":"product_cat-hydroizolacja-fundamentu-en","11":"product_cat-hydroizolacje-bitumiczne-hydroizolacja-balkonu-i-tarasu-en","12":"product_cat-hydroizolacje-bitumiczne-en","13":"product_cat-bitumiczne-en","14":"product_cat-promowane-en","15":"product_cat-przygotowanie-podloza-en","16":"product_tag-b786-en","17":"product_tag-bitumiczna-en","18":"product_tag-bostik-en","19":"product_tag-dysperbit-en","20":"product_tag-emulsja-en","21":"product_tag-grunt-bitumiczny-en","22":"product_tag-hydroizolacja-en","23":"product_tag-hydroizolacja-przeciwwilgociowa-en","24":"product_tag-hydroizolacje-en","25":"product_tag-k100-schwarz-en","26":"product_shipping_class-trudna-wysylka-en","28":"first","29":"instock","30":"sale","31":"taxable","32":"shipping-taxable","33":"purchasable","34":"product-type-variable"},"_links":{"self":[{"href":"https:\/\/www.sanier.pl\/en\/wp-json\/wp\/v2\/product\/276131","targetHints":{"allow":["GET"]}}],"collection":[{"href":"https:\/\/www.sanier.pl\/en\/wp-json\/wp\/v2\/product"}],"about":[{"href":"https:\/\/www.sanier.pl\/en\/wp-json\/wp\/v2\/types\/product"}],"replies":[{"embeddable":true,"href":"https:\/\/www.sanier.pl\/en\/wp-json\/wp\/v2\/comments?post=276131"}],"wp:featuredmedia":[{"embeddable":true,"href":"https:\/\/www.sanier.pl\/en\/wp-json\/wp\/v2\/media\/273440"}],"wp:attachment":[{"href":"https:\/\/www.sanier.pl\/en\/wp-json\/wp\/v2\/media?parent=276131"}],"wp:term":[{"taxonomy":"product_brand","embeddable":true,"href":"https:\/\/www.sanier.pl\/en\/wp-json\/wp\/v2\/product_brand?post=276131"},{"taxonomy":"product_cat","embeddable":true,"href":"https:\/\/www.sanier.pl\/en\/wp-json\/wp\/v2\/product_cat?post=276131"},{"taxonomy":"product_tag","embeddable":true,"href":"https:\/\/www.sanier.pl\/en\/wp-json\/wp\/v2\/product_tag?post=276131"}],"curies":[{"name":"wp","href":"https:\/\/api.w.org\/{rel}","templated":true}]}}