{"id":276123,"date":"2017-03-30T13:18:12","date_gmt":"2017-03-30T13:18:12","guid":{"rendered":"https:\/\/www.sanier.pl\/produkt\/sk-3000-s-dichtungsbahn-bostik\/"},"modified":"2024-11-27T12:26:51","modified_gmt":"2024-11-27T12:26:51","slug":"sk-3000-s-dichtungsbahn-bostik","status":"publish","type":"product","link":"https:\/\/www.sanier.pl\/en\/produkt\/sk-3000-s-dichtungsbahn-bostik\/","title":{"rendered":"BOSTIK B781 TERRA MEMBRAN (SK 3000 S Dichtungsbahn)"},"content":{"rendered":"<p>[vc_row][vc_column][vc_column_text]<\/p>\n<h1 style=\"text-align: center;\"><strong>BOSTIK B781 TERRA MEMBRAN <\/strong><\/h1>\n<h1 style=\"text-align: center;\"><strong>(formerly SK 3000 S Dichtungsbahn)<\/strong><\/h1>\n<h5 style=\"text-align: center;\">POSITIVE-SIDE WATERPROOFING MEMBRANE<\/h5>\n<p>[\/vc_column_text][\/vc_column][\/vc_row][vc_row][vc_column][vc_column_text css_animation=\"none\"]<a href=\"https:\/\/www.sanier.pl\/sklep\/?s=bostik&amp;post_type=product\"><img loading=\"lazy\" decoding=\"async\" class=\"wp-image-258966 size-medium aligncenter\" src=\"https:\/\/www.sanier.pl\/wp-content\/uploads\/2022\/07\/Bostik_Logo_Header-300x121.png\" alt=\"bostik logo\" width=\"300\" height=\"121\" srcset=\"https:\/\/www.sanier.pl\/wp-content\/uploads\/2022\/07\/Bostik_Logo_Header-300x121.png 300w, https:\/\/www.sanier.pl\/wp-content\/uploads\/2022\/07\/Bostik_Logo_Header-800x324.png 800w, https:\/\/www.sanier.pl\/wp-content\/uploads\/2022\/07\/Bostik_Logo_Header-768x311.png 768w, https:\/\/www.sanier.pl\/wp-content\/uploads\/2022\/07\/Bostik_Logo_Header-700x283.png 700w, https:\/\/www.sanier.pl\/wp-content\/uploads\/2022\/07\/Bostik_Logo_Header.png 842w\" sizes=\"auto, (max-width:767px) 300px, 300px\" \/><\/a>[\/vc_column_text][\/vc_column][\/vc_row][vc_row][vc_column][vc_separator style=\"dashed\"][vc_empty_space height=\"64px\"][\/vc_column][\/vc_row][vc_row][vc_column width=\"1\/4\"][vc_single_image image=\"261696\" img_size=\"medium\" style=\"vc_box_rounded\"][\/vc_column][vc_column width=\"3\/4\"][vc_column_text]<\/p>\n<h3><b><i>BOSTIK B781 TERRA MEMBRAN (SK 3000 S Dichtungsbahn) <\/i><\/b><\/h3>\n<p>BOSTIK B781 TERRA MEMBRAN is a self-adhesive (cold-applied) waterproofing membrane designed for positive-side application. It bridges cracks permanently according to DIN 18195, EN 13969, and DIN V20000-202 standards, and serves as a sealing membrane per EN 17967. The membrane is immediately waterproof upon application.<\/p>\n<p>This product consists of a polymer-enriched bituminous layer with a cross-laminated plastic film. The underside features a self-adhesive layer covered with protective silicone paper. The material is tear-resistant and easy to shape, allowing it to conform to corners, edges, and penetrations. It is self-sealing in case of minor damage and resistant to various chemicals, frost, salt, and conditionally resistant to UV radiation.[\/vc_column_text][vc_column_text]<\/p>\n<h3 class=\"wp-block-heading\">APPLICATIONS\u00a0BOSTIK B781 TERRA MEMBRAN<\/h3>\n<ul>\n<li>For waterproofing basement walls, balconies, terraces, foundations, precast concrete elements, and wet areas<\/li>\n<li>As a seal against capillary rising damp and as a vapor barrier under screeds in flooring systems<\/li>\n<\/ul>\n<p>[\/vc_column_text][\/vc_column][\/vc_row][vc_row][vc_column][vc_empty_space][\/vc_column][vc_column][vc_separator style=\"dashed\"][\/vc_column][\/vc_row][vc_row][vc_column width=\"2\/3\"][vc_column_text]<\/p>\n<h3>FEATURES of\u00a0 BOSTIK BLOCK B525 TERRA 2K<\/h3>\n<ul>\n<li>Waterproof (immediately after application)<\/li>\n<li>Self-adhesive<\/li>\n<li>Flexible<\/li>\n<li>Tear-resistant<\/li>\n<li>Self-sealing in case of minor damage<\/li>\n<li>Easy to shape, conforms to corners, edges, and penetrations<\/li>\n<li>Bridges cracks<\/li>\n<li>Resistant to radon<\/li>\n<li>Protects against capillary rising damp and, with appropriate constructions, against water under pressure<\/li>\n<li>Resistant to various chemicals, frost, salt, and conditionally to UV radiation<\/li>\n<\/ul>\n<p>[\/vc_column_text][\/vc_column][vc_column width=\"1\/3\"][vc_single_image image=\"261696\" img_size=\"medium\"][\/vc_column][\/vc_row][vc_row][vc_column][vc_separator style=\"dashed\"][vc_empty_space][\/vc_column][\/vc_row][vc_row][vc_column][vc_column_text]<\/p>\n<h3><strong>Substrate Preparation:<\/strong><\/h3>\n<ul>\n<li>The substrate must be solid, stable, and free from oil, grease, dust, and similar substances. It can be dry or slightly damp.<\/li>\n<li>Before applying the primer, remove irregularities, round off edges, and sand any flawed areas. The masonry must be fully built and properly constructed.<\/li>\n<li>Any gaps or voids must be filled with Sperrm\u00f6rtel at least 24 hours before starting the waterproofing application.<\/li>\n<li>At low temperatures, ensure that the substrate is free from ice before applying the primer.<\/li>\n<\/ul>\n<p>[\/vc_column_text][\/vc_column][\/vc_row][vc_row][vc_column][vc_separator style=\"dashed\"][vc_empty_space][\/vc_column][\/vc_row][vc_row][vc_column width=\"1\/3\"][vc_column_text]<\/p>\n<div class=\"group\/conversation-turn relative flex w-full min-w-0 flex-col agent-turn\">\n<div class=\"flex-col gap-1 md:gap-3\">\n<div class=\"flex max-w-full flex-col flex-grow\">\n<div class=\"min-h-8 text-message flex w-full flex-col items-end gap-2 whitespace-normal break-words [.text-message+&amp;]:mt-5\" dir=\"auto\" data-message-author-role=\"assistant\" data-message-id=\"48530c27-0690-4dd8-9e6c-c79efc3f4a43\" data-message-model-slug=\"gpt-4o\">\n<div class=\"flex w-full flex-col gap-1 empty:hidden first:pt-[3px]\">\n<div class=\"markdown prose w-full break-words dark:prose-invert light\">\n<h4><strong>TOOLS<\/strong><\/h4>\n<ul>\n<li>Brush<\/li>\n<li>Rubber roller<\/li>\n<li>Knife<\/li>\n<\/ul>\n<\/div>\n<\/div>\n<\/div>\n<\/div>\n<\/div>\n<\/div>\n<p>[\/vc_column_text][\/vc_column][vc_column width=\"1\/3\"][vc_column_text]<\/p>\n<h4>TECHNICAL DATA<\/h4>\n<p>[\/vc_column_text][vc_raw_html]JTNDdGFibGUlM0UlMEElM0N0Ym9keSUzRSUwQSUzQ3RyJTNFJTNDdGQlM0VCYXphJTNDJTJGdGQlM0UlM0N0ZCUzRWJpdHVtJTNDJTJGdGQlM0UlM0MlMkZ0ciUzRSUwQSUzQ3RyJTNFJTNDdGQlM0VHJUM0JTk5c3RvJUM1JTlCJUM0JTg3JTNDJTJGdGQlM0UlM0N0ZCUzRTElMkM1JTIwa2clMkZtMiUzQyUyRnRkJTNFJTNDJTJGdHIlM0UlMEElM0N0ciUzRSUzQ3RkJTNFU3plcm9rbyVDNSU5QiVDNCU4NyUzQyUyRnRkJTNFJTNDdGQlM0UxMDAwJTIwbW0lMjAlMjg5NTAlMjBtbSUyQjUwJTIwbW0lMjBwbyUyMHd1bGthbml6YWNqaSUyOSUzQyUyRnRkJTNFJTNDJTJGdHIlM0UlMEElM0N0ciUzRSUzQ3RkJTNFR3J1Ym8lQzUlOUIlQzQlODclM0MlMkZ0ZCUzRSUzQ3RkJTNFMSUyQzUlMjBtbSUzQyUyRnRkJTNFJTNDJTJGdHIlM0UlMEElM0N0ciUzRSUzQ3RkJTNFTW9zdGtvd2FuaWUlMjByeXMlMjAlMjhFJTIwRElOJTIwMjglMjAwNTYtMTElMjklM0MlMkZ0ZCUzRSUzQ3RkJTNFJTIyJTI4JTIwJTNFNSUyMG1tJTIwcHJ6eSUyMCUyQjQlQzIlQjBDJTI5JTNDJTJGdGQlM0UlM0MlMkZ0ciUzRSUwQSUzQ3RyJTNFJTNDdGQlM0VUZW1wZXJhdHVyYSUyMHByYWN5JTNDJTJGdGQlM0UlM0N0ZCUzRW9kJTIwLTUlQzIlQjBDJTIwZG8lMjAlMkIzNSVDMiVCMEMlMkMlMjBvcHR5bWFsbmllJTIwb2QlMjAlMkI1JUMyJUIwQyUyMGRvJTIwJTJCMTUlQzIlQjBDJTNDJTJGdGQlM0UlM0MlMkZ0ciUzRSUwQSUzQ3RyJTNFJTNDdGQlM0VQYXJvcHJ6ZXB1c3pjemFsbm8lQzUlOUIlQzQlODclM0MlMkZ0ZCUzRSUzQ3RkJTNFJUMyJUI1JTNEMTY4NTAwJTIwc0QlMjAlM0QlMjAyMzVtJTNDJTJGdGQlM0UlM0MlMkZ0ciUzRSUwQSUzQyUyRnRib2R5JTNFJTNDJTJGdGFibGUlM0UlMEE=[\/vc_raw_html][\/vc_column][vc_column width=\"1\/3\"][vc_column_text]<\/p>\n<h4><strong>DOCUMENTS<\/strong><\/h4>\n<p><a href=\"https:\/\/www.bostik.com\/files\/live\/sites\/shared_bostik\/files\/documents-brochures\/Poland\/Documents\/TDS\/Bostik-Poland-Seal-and-Block-B781-Terra-Membran-tds.pdf\" target=\"_blank\" rel=\"noopener\">Technical Data Sheet<\/a><\/p>\n<p><a href=\"https:\/\/www.bostik.com\/files\/live\/sites\/shared_bostik\/files\/documents-brochures\/Poland\/Documents\/SDS\/Bostik-Poland-Seal-and-Block-B781-Terra-Membran-sds.pdf\" target=\"_blank\" rel=\"noopener\">Safety Data Sheet<\/a>[\/vc_column_text][\/vc_column][\/vc_row][vc_row][vc_column][vc_empty_space height=\"64px\"][vc_column_text]TAG: hydroizolacja, uszczelnianie, fundament, piwnica, materia\u0142y bitumiczne, membrana, emulsja, woda gruntowa, wilgo\u0107, izolacja, \u015bciana wilgotna, mokry chudziak, grunt bitumiczny, Bostik, hydroizolacja zewn\u0119trzna, hydroizolacja wewn\u0119trzna, Izolacja pozioma, izolacja pionowa, izolacja coko\u0142owa, hydroizolacja pozioma, hydroizolacja pionowa, hydroizolacja coko\u0142owa, faseta fundamentowa, zaprawa hydroizolacyjna, zaprawa uszczelniaj\u0105ca, zaprawa przeciwwilgociowa, zaprawa wodoszczelna, ple\u015b\u0144 na \u015bcianie, zabezpieczenie \u015bcian, system hydroizolacji, produkt uszczelniaj\u0105cy, masa KMB, polimerowo bitumiczna, lepik asfaltowo-kauczukowy, izolacja parochronna, izolacja przeciwwodna, hydroizolacja piwnicy od zewn\u0105trz, hydroizolacja dwusk\u0142adnikowa, tasma hydroizolacja, hydroizolacja chudziaka, hydroizolacja jednosk\u0142adnikowa, hydroizolacja p\u0142yty fundamentowej, hydroizolacja fundament\u00f3w w starym domu, hydroizolacja betonu, izolacja przeciwwodna, izolacja przeciwwodna fundament\u00f3w, ci\u0119\u017cka izolacja przeciwwodna, ci\u0119\u017cka izolacja przeciwwodna fundament\u00f3w, izolacja przeciwwodna piwnicy, izolacja przeciwwodna p\u0142yty fundamentowej, izolacja przeciwwodna typu ci\u0119\u017ckiego, izolacja przeciwwodna posadzki w piwnicy, hydroizolacja przeciwwodna, izolacja przeciwwodna pionowa, ta\u015bma uszczelniaj\u0105ca przeciwwodna, naprawa izolacji poziomej, naprawa izolacji pionowej, naprawa izolacji fundamentu, hydroizolacj\u0119, hydroizolacje,[\/vc_column_text][\/vc_column][\/vc_row]<\/p>\n","protected":false},"excerpt":{"rendered":"<p><strong>BOSTIK B781 TERRA MEMBRAN<\/strong> is a self-adhesive (cold-applied) waterproofing membrane for positive-side applications.<\/p>\n","protected":false},"featured_media":273434,"comment_status":"open","ping_status":"closed","template":"","meta":[],"product_brand":[],"product_cat":[603,660,600,608,606,607,641,662,601,661],"product_tag":[663,620,613,664,615,616,665,666],"class_list":{"0":"post-276123","1":"product","2":"type-product","3":"status-publish","4":"has-post-thumbnail","6":"product_cat-bostik-en","7":"product_cat-dachy-plaskie-i-zielone-en","8":"product_cat-hydroizolacja-en","9":"product_cat-hydroizolacja-balkonu-i-tarasu-en","10":"product_cat-hydroizolacja-fundamentu-en","11":"product_cat-hydroizolacje-bitumiczne-en","12":"product_cat-hydroizolacje-rolowe-en","13":"product_cat-hydroizolacje-lazienek-i-pomieszczen-mokrych-en","14":"product_cat-bitumiczne-en","15":"product_cat-materialy-wykonczeniowe-en","16":"product_tag-b781-en","17":"product_tag-bitumiczna-en","18":"product_tag-bostik-en","19":"product_tag-fundamentow-en","20":"product_tag-hydroizolacja-en","21":"product_tag-hydroizolacje-en","22":"product_tag-rolka-en","23":"product_tag-sk-3000-en","24":"product_shipping_class-latwa-wysylka-en","26":"first","27":"instock","28":"taxable","29":"shipping-taxable","30":"purchasable","31":"product-type-simple"},"_links":{"self":[{"href":"https:\/\/www.sanier.pl\/en\/wp-json\/wp\/v2\/product\/276123","targetHints":{"allow":["GET"]}}],"collection":[{"href":"https:\/\/www.sanier.pl\/en\/wp-json\/wp\/v2\/product"}],"about":[{"href":"https:\/\/www.sanier.pl\/en\/wp-json\/wp\/v2\/types\/product"}],"replies":[{"embeddable":true,"href":"https:\/\/www.sanier.pl\/en\/wp-json\/wp\/v2\/comments?post=276123"}],"wp:featuredmedia":[{"embeddable":true,"href":"https:\/\/www.sanier.pl\/en\/wp-json\/wp\/v2\/media\/273434"}],"wp:attachment":[{"href":"https:\/\/www.sanier.pl\/en\/wp-json\/wp\/v2\/media?parent=276123"}],"wp:term":[{"taxonomy":"product_brand","embeddable":true,"href":"https:\/\/www.sanier.pl\/en\/wp-json\/wp\/v2\/product_brand?post=276123"},{"taxonomy":"product_cat","embeddable":true,"href":"https:\/\/www.sanier.pl\/en\/wp-json\/wp\/v2\/product_cat?post=276123"},{"taxonomy":"product_tag","embeddable":true,"href":"https:\/\/www.sanier.pl\/en\/wp-json\/wp\/v2\/product_tag?post=276123"}],"curies":[{"name":"wp","href":"https:\/\/api.w.org\/{rel}","templated":true}]}}