{"id":275694,"date":"2017-03-30T09:27:25","date_gmt":"2017-03-30T09:27:25","guid":{"rendered":"https:\/\/www.sanier.pl\/produkt\/mix-a793\/"},"modified":"2025-01-30T13:02:40","modified_gmt":"2025-01-30T13:02:40","slug":"bostik-mix-a793","status":"publish","type":"product","link":"https:\/\/www.sanier.pl\/en\/produkt\/bostik-mix-a793\/","title":{"rendered":"BOSTIK MIX A793 (Haftemulsion Concentrate)"},"content":{"rendered":"<p>[vc_row][vc_column][vc_column_text]<\/p>\n<h1>BOSTIK MIX A793 (Haftemulsion Concentrate)<\/h1>\n<h5><span style=\"color: #808080;\"><strong>LATEX DISPERSION<\/strong><\/span><\/h5>\n<p>[\/vc_column_text][\/vc_column][\/vc_row][vc_row][vc_column][vc_column_text css_animation=\"none\"]<a href=\"https:\/\/www.sanier.pl\/sklep\/?s=bostik&amp;post_type=product\"><img loading=\"lazy\" decoding=\"async\" class=\"wp-image-258966 size-medium aligncenter\" src=\"https:\/\/www.sanier.pl\/wp-content\/uploads\/2022\/07\/Bostik_Logo_Header-300x121.png\" alt=\"bostik logo\" width=\"300\" height=\"121\" srcset=\"https:\/\/www.sanier.pl\/wp-content\/uploads\/2022\/07\/Bostik_Logo_Header-300x121.png 300w, https:\/\/www.sanier.pl\/wp-content\/uploads\/2022\/07\/Bostik_Logo_Header-800x324.png 800w, https:\/\/www.sanier.pl\/wp-content\/uploads\/2022\/07\/Bostik_Logo_Header-768x311.png 768w, https:\/\/www.sanier.pl\/wp-content\/uploads\/2022\/07\/Bostik_Logo_Header-700x283.png 700w, https:\/\/www.sanier.pl\/wp-content\/uploads\/2022\/07\/Bostik_Logo_Header.png 842w\" sizes=\"auto, (max-width:767px) 300px, 300px\" \/><\/a>[\/vc_column_text][\/vc_column][\/vc_row][vc_row][vc_column][vc_separator style=\"dashed\"][vc_empty_space height=\"64px\"][\/vc_column][\/vc_row][vc_row][vc_column width=\"1\/4\"][vc_single_image image=\"261738\" img_size=\"medium\" style=\"vc_box_rounded\"][\/vc_column][vc_column width=\"3\/4\"][vc_column_text]<\/p>\n<h3><strong>BOSTIK MIX A793<\/strong><\/h3>\n<p>BOSTIK MIX A793 is a versatile latex dispersion additive ideal for enhancing mortars, slurries, plasters, and screeds. It improves material workability and adhesion while providing excellent resistance to weather and abrasion from lime coatings.<\/p>\n<p>This product helps create durable, crack-resistant joints, high-quality mortar for facing walls, and long-lasting exterior plaster. It\u2019s also perfect for salt-resistant impregnation and can be used to reinforce decayed or porous surfaces of mortars, plasters, and screeds. Additionally, BOSTIK MIX A793 is great for bonding gravel filters on flat roofs.<\/p>\n<p>Its unique formula prevents water loss during hot summer conditions and helps eliminate lime efflorescence, ensuring strong and reliable results for your projects.[\/vc_column_text][vc_column_text]<\/p>\n<h3><strong>APPLICATIONS BOSTIK MIX A793 (Haftemulsion Concentrate)<br \/>\n<\/strong><\/h3>\n<p>&nbsp;<\/p>\n<ul>\n<li>Acts as a bonding layer, ensuring strong adhesion between the substrate and materials like plaster or screed.<\/li>\n<li>Additive for cement-based mortars and leveling compounds.<\/li>\n<li>Creates a salt-resistant barrier when combined with K 11 Schl\u00e4mme Grau sealing slurry.<\/li>\n<li>Enhances the workability of slurries, mortars, and plasters.<\/li>\n<li>Improves abrasion resistance of surfaces made with slurries, mortars, and plasters.<\/li>\n<li>Can be used as an impregnant for decayed or porous surfaces of mortars, plasters, and screeds.<\/li>\n<li>Suitable for bonding gravel filters on flat roofs.<\/li>\n<\/ul>\n<p>[\/vc_column_text][\/vc_column][\/vc_row][vc_row][vc_column][vc_empty_space][\/vc_column][vc_column][vc_separator style=\"dashed\"][\/vc_column][\/vc_row][vc_row][vc_column width=\"2\/3\"][vc_column_text]<\/p>\n<h3><strong>FEATURES of BOSTIK MIX A793 (Haftemulsion Concentrate)<\/strong><\/h3>\n<ul>\n<li>Universal application<\/li>\n<li>Free of fillers<\/li>\n<li>Solvent-free<\/li>\n<li>Enhances workability and adhesion of materials<\/li>\n<li>Frost-resistant<\/li>\n<li>Prevents water loss in hot summer conditions<\/li>\n<\/ul>\n<p>[\/vc_column_text][vc_column_text]<\/p>\n<h3><strong>TECHNICAL DATA<\/strong><\/h3>\n<ul>\n<li><strong>Base:<\/strong> Latex dispersion<\/li>\n<li><strong>Density:<\/strong> 1.01 kg\/L<\/li>\n<li><strong>Color:<\/strong> White<\/li>\n<li><strong>Viscosity:<\/strong> 80 mPa.s<\/li>\n<li><strong>Solid content:<\/strong> &gt;47%<\/li>\n<li><strong>Minimum film-forming temperature:<\/strong> approx. 0\u00b0C<\/li>\n<li><strong>pH value:<\/strong> 10.5-11.5<\/li>\n<li><strong>Elongation at break:<\/strong> &gt;1000%<\/li>\n<li><strong>Load-bearing and walkable:<\/strong> After drying<\/li>\n<li><strong>Filler content:<\/strong> 0%<\/li>\n<li><strong>Frost and salt resistant:<\/strong> Yes<\/li>\n<\/ul>\n<p>[\/vc_column_text][\/vc_column][vc_column width=\"1\/3\"][vc_single_image image=\"261738\" img_size=\"medium\"][\/vc_column][\/vc_row][vc_row][vc_column][vc_separator style=\"dashed\"][vc_empty_space][\/vc_column][\/vc_row][vc_row][vc_column][vc_column_text]<\/p>\n<h3><strong>Drying Time:<\/strong><\/h3>\n<p>The drying time depends on the type and size of the surface and is approximately 2 hours (at +20\u00b0C and 60% relative humidity).[\/vc_column_text][\/vc_column][\/vc_row][vc_row][vc_column][vc_separator style=\"dashed\"][vc_empty_space][\/vc_column][\/vc_row][vc_row][vc_column width=\"1\/3\"][vc_column_text]<\/p>\n<h4><strong>TOOLS<\/strong><\/h4>\n<ul>\n<li>Roller<\/li>\n<li>Wide brush<\/li>\n<li>Standard brush<\/li>\n<\/ul>\n<p>[\/vc_column_text][\/vc_column][vc_column width=\"1\/3\"][vc_column_text]<\/p>\n<h4>CONSUMPTION<\/h4>\n<p>[\/vc_column_text][vc_raw_html]JTNDdGFibGUlM0UlMEElM0N0Ym9keSUzRSUwQSUzQ3RyJTNFJTBBJTNDdGQlM0UlM0MlMkZ0ZCUzRSUwQSUzQ3RkJTNFWnUlQzUlQkN5Y2llJTIwTCUyRm0yJTNDJTJGdGQlM0UlM0MlMkZ0ciUzRSUwQSUzQ3RyJTNFJTNDdGQlM0VNb3N0ZWslMjBzY3plcG55JTNBJTNDJTJGdGQlM0UlM0N0ZCUzRTAlMkMxNSUzQyUyRnRkJTNFJTNDJTJGdHIlM0UlMEElM0N0ciUzRSUzQ3RkJTNFRG9kYXRlayUyMGRvJTIwemFwcmF3eSUyMHp3aSVDNCU5OWtzemFqJUM0JTg1Y3klMjBwcnp5Y3plcG5vJUM1JTlCJUM0JTg3JTNBJTNDJTJGdGQlM0UlM0N0ZCUzRTAlMkMxMiUzQyUyRnRkJTNFJTNDJTJGdHIlM0UlMEElM0N0ciUzRSUzQ3RkJTNFRG9kYXRlayUyMGRvJTIwQkxPQ0slMjBDNTE0JTIwVEVSUkElMjAxSyUyMEZMRVglM0ElM0MlMkZ0ZCUzRSUzQ3RkJTNFb2QlMjAxMCUyMGRvJTIwMzAlMjUlMjBkbyUwQXdvZHklMjB6YXJvYm93ZWolM0MlMkZ0ZCUzRSUzQyUyRnRyJTNFJTBBJTNDJTJGdGJvZHklM0UlM0MlMkZ0YWJsZSUzRSUwQQ==[\/vc_raw_html][\/vc_column][vc_column width=\"1\/3\"][vc_column_text]<\/p>\n<h4>DOCUMENTS<\/h4>\n<p><a href=\"https:\/\/www.bostik.com\/files\/live\/sites\/shared_bostik\/files\/documents-brochures\/Poland\/Documents\/TDS\/Bostik-Poland-Seal-and-Block-Mix-A793-Emulsion-tds.pdf\" target=\"_blank\" rel=\"noopener\">Technical Data Sheet\u00a0<\/a><\/p>\n<p><a href=\"https:\/\/www.bostik.com\/files\/live\/sites\/shared_bostik\/files\/documents-brochures\/Poland\/Documents\/SDS\/Bostik-Poland-Seal-and-Block-Mix-A793-Emulsion-sds.pdf\" target=\"_blank\" rel=\"noopener\">Safety Data Sheet<\/a>[\/vc_column_text][\/vc_column][\/vc_row][vc_row][vc_column][vc_raw_html]JTIwJTIwJTIwJTIwJTNDdGl0bGUlM0VLYWxrdWxhdG9yJTIwenUlQzUlQkN5Y2lhJTIwbWF0ZXJpYSVDNSU4MnUlM0MlMkZ0aXRsZSUzRSUwQSUyMCUyMCUyMCUyMCUzQ3N0eWxlJTNFJTBBJTIwJTIwJTIwJTIwJTIwJTIwJTIwJTIwYm9keSUyMCU3QiUwQSUyMCUyMCUyMCUyMCUyMCUyMCUyMCUyMCUyMCUyMCUyMCUyMGZvbnQtZmFtaWx5JTNBJTIwQXJpYWwlMkMlMjBzYW5zLXNlcmlmJTNCJTBBJTIwJTIwJTIwJTIwJTIwJTIwJTIwJTIwJTIwJTIwJTIwJTIwbWFyZ2luJTNBJTIwMjBweCUzQiUwQSUyMCUyMCUyMCUyMCUyMCUyMCUyMCUyMCU3RCUwQSUyMCUyMCUyMCUyMCUyMCUyMCUyMCUyMGxhYmVsJTIwJTdCJTBBJTIwJTIwJTIwJTIwJTIwJTIwJTIwJTIwJTIwJTIwJTIwJTIwZGlzcGxheSUzQSUyMGJsb2NrJTNCJTBBJTIwJTIwJTIwJTIwJTIwJTIwJTIwJTIwJTIwJTIwJTIwJTIwbWFyZ2luLWJvdHRvbSUzQSUyMDVweCUzQiUwQSUyMCUyMCUyMCUyMCUyMCUyMCUyMCUyMCU3RCUwQSUyMCUyMCUyMCUyMCUyMCUyMCUyMCUyMGlucHV0JTIwJTdCJTBBJTIwJTIwJTIwJTIwJTIwJTIwJTIwJTIwJTIwJTIwJTIwJTIwd2lkdGglM0ElMjAxMDAlMjUlM0IlMEElMjAlMjAlMjAlMjAlMjAlMjAlMjAlMjAlMjAlMjAlMjAlMjBwYWRkaW5nJTNBJTIwNXB4JTNCJTBBJTIwJTIwJTIwJTIwJTIwJTIwJTIwJTIwJTIwJTIwJTIwJTIwbWFyZ2luLWJvdHRvbSUzQSUyMDEwcHglM0IlMEElMjAlMjAlMjAlMjAlMjAlMjAlMjAlMjAlN0QlMEElMjAlMjAlMjAlMjAlMjAlMjAlMjAlMjBidXR0b24lMjAlN0IlMEElMjAlMjAlMjAlMjAlMjAlMjAlMjAlMjAlMjAlMjAlMjAlMjBwYWRkaW5nJTNBJTIwMTBweCUyMDIwcHglM0IlMEElMjAlMjAlMjAlMjAlMjAlMjAlMjAlMjAlMjAlMjAlMjAlMjBiYWNrZ3JvdW5kLWNvbG9yJTNBJTIwJTIzNENBRjUwJTNCJTBBJTIwJTIwJTIwJTIwJTIwJTIwJTIwJTIwJTIwJTIwJTIwJTIwY29sb3IlM0ElMjB3aGl0ZSUzQiUwQSUyMCUyMCUyMCUyMCUyMCUyMCUyMCUyMCUyMCUyMCUyMCUyMGJvcmRlciUzQSUyMG5vbmUlM0IlMEElMjAlMjAlMjAlMjAlMjAlMjAlMjAlMjAlMjAlMjAlMjAlMjBjdXJzb3IlM0ElMjBwb2ludGVyJTNCJTBBJTIwJTIwJTIwJTIwJTIwJTIwJTIwJTIwJTdEJTBBJTIwJTIwJTIwJTIwJTIwJTIwJTIwJTIwJTIzd3luaWslMjAlN0IlMEElMjAlMjAlMjAlMjAlMjAlMjAlMjAlMjAlMjAlMjAlMjAlMjBtYXJnaW4tdG9wJTNBJTIwMjBweCUzQiUwQSUyMCUyMCUyMCUyMCUyMCUyMCUyMCUyMCUyMCUyMCUyMCUyMGZvbnQtd2VpZ2h0JTNBJTIwYm9sZCUzQiUwQSUyMCUyMCUyMCUyMCUyMCUyMCUyMCUyMCU3RCUwQSUyMCUyMCUyMCUyMCUzQyUyRnN0eWxlJTNFJTBBJTBBJTIwJTIwJTIwJTIwJTNDaDIlM0VLYWxrdWxhdG9yJTIwenUlQzUlQkN5Y2lhJTIwbWF0ZXJpYSVDNSU4MnUlM0MlMkZoMiUzRSUwQSUyMCUyMCUyMCUyMCUzQ2xhYmVsJTIwZm9yJTNEJTIycG93aWVyemNobmlhJTIyJTNFUG93aWVyemNobmlhJTIwJTI4dyUyMG1ldHJhY2glMjBrd2FkcmF0b3d5Y2glMjklM0ElM0MlMkZsYWJlbCUzRSUwQSUyMCUyMCUyMCUyMCUzQ2lucHV0JTIwdHlwZSUzRCUyMm51bWJlciUyMiUyMGlkJTNEJTIycG93aWVyemNobmlhJTIyJTIwc3RlcCUzRCUyMjElMjIlM0UlMEElM0NsYWJlbCUyMGZvciUzRCUyMnBvamVtbm9zYyUyMiUzRVBvamVtbm8lQzUlOUIlQzQlODclMjBiYW5pYWthJTIwJTI4dyUyMGxpdHJhY2glMjklM0ElM0MlMkZsYWJlbCUzRSUwQSUzQ3NlbGVjdCUyMG5hbWUlM0QlMjJwb2plbW5vc2MlMjIlMjBpZCUzRCUyMnBvamVtbm9zYyUyMiUzRSUwQSUyMCUyMCUzQ29wdGlvbiUyMHZhbHVlJTNEJTIyMTAlMjIlMjBzZWxlY3RlZCUzRTEwJTIwTCUzQyUyRm9wdGlvbiUzRSUwQSUzQyUyRnNlbGVjdCUzRSUwQSUwQSUyMCUyMCUyMCUyMCUzQ2J1dHRvbiUyMGlkJTNEJTIyb2JsaWN6QnRuJTIyJTNFT2JsaWN6JTNDJTJGYnV0dG9uJTNFJTBBJTIwJTIwJTIwJTIwJTNDZGl2JTIwaWQlM0QlMjJ3eW5payUyMiUzRSUzQyUyRmRpdiUzRSUwQSUwQSUyMCUyMCUyMCUyMCUzQ3NjcmlwdCUzRSUwQSUyMCUyMCUyMCUyMCUyMCUyMCUyMCUyMGRvY3VtZW50LmdldEVsZW1lbnRCeUlkJTI4JTI3b2JsaWN6QnRuJTI3JTI5LmFkZEV2ZW50TGlzdGVuZXIlMjglMjdjbGljayUyNyUyQyUyMGZ1bmN0aW9uJTIwJTI4JTI5JTIwJTdCJTBBJTIwJTIwJTIwJTIwJTIwJTIwJTIwJTIwJTIwJTIwJTIwJTIwY29uc3QlMjBwb3dpZXJ6Y2huaWElMjAlM0QlMjBwYXJzZUZsb2F0JTI4ZG9jdW1lbnQuZ2V0RWxlbWVudEJ5SWQlMjglMjdwb3dpZXJ6Y2huaWElMjclMjkudmFsdWUlMjklM0IlMEElMjAlMjAlMjAlMjAlMjAlMjAlMjAlMjAlMjAlMjAlMjAlMjBjb25zdCUyMG1pbmltYWxuZVp1enljaWUlMjAlM0QlMjAwLjA4JTIwJTJBJTIwcG93aWVyemNobmlhJTNCJTBBJTIwJTIwJTIwJTIwJTIwJTIwJTIwJTIwJTIwJTIwJTIwJTIwY29uc3QlMjBtYWtzeW1hbG5lWnV6eWNpZSUyMCUzRCUyMDAuMTUlMjAlMkElMjBwb3dpZXJ6Y2huaWElM0IlMEElMjAlMjAlMjAlMjAlMjAlMjAlMjAlMjAlMjAlMjAlMjAlMjBjb25zdCUyMHBvamVtbm9zY1dpYWRlcmthJTIwJTNEJTIwcGFyc2VGbG9hdCUyOGRvY3VtZW50LmdldEVsZW1lbnRCeUlkJTI4JTI3cG9qZW1ub3NjJTI3JTI5LnZhbHVlJTI5JTNCJTBBJTIwJTIwJTIwJTIwJTIwJTIwJTIwJTIwJTIwJTIwJTIwJTIwY29uc3QlMjBtaW5pbWFsbmVJbG9zY1dpYWRlciUyMCUzRCUyME1hdGguY2VpbCUyOG1pbmltYWxuZVp1enljaWUlMjAlMkYlMjBwb2plbW5vc2NXaWFkZXJrYSUyOSUzQiUwQSUyMCUyMCUyMCUyMCUyMCUyMCUyMCUyMCUyMCUyMCUyMCUyMGNvbnN0JTIwbWFrc3ltYWxuZUlsb3NjV2lhZGVyJTIwJTNEJTIwTWF0aC5jZWlsJTI4bWFrc3ltYWxuZVp1enljaWUlMjAlMkYlMjBwb2plbW5vc2NXaWFkZXJrYSUyOSUzQiUwQSUwQSUyMCUyMCUyMCUyMCUyMCUyMCUyMCUyMCUyMCUyMCUyMCUyMGRvY3VtZW50LmdldEVsZW1lbnRCeUlkJTI4JTI3d3luaWslMjclMjkuaW5uZXJIVE1MJTIwJTNEJTIwJTIyTWluaW1hbG5lJTIwenUlQzUlQkN5Y2llJTIwbWF0ZXJpYSVDNSU4MnUlM0ElMjAlMjIlMjAlMkIlMjBtaW5pbWFsbmVadXp5Y2llLnRvRml4ZWQlMjgyJTI5JTIwJTJCJTIwJTIyJTIwTCUyMCUyMiUyMCUyQiUyMCUyMiUzQ2JyJTNFJTIyJTNCJTBBJTIwJTIwJTIwJTIwJTIwJTIwJTIwJTIwJTIwJTIwJTIwJTIwZG9jdW1lbnQuZ2V0RWxlbWVudEJ5SWQlMjglMjd3eW5payUyNyUyOS5pbm5lckhUTUwlMjAlMkIlM0QlMjAlMjJNYWtzeW1hbG5lJTIwenUlQzUlQkN5Y2llJTIwbWF0ZXJpYSVDNSU4MnUlM0ElMjAlMjIlMjAlMkIlMjBtYWtzeW1hbG5lWnV6eWNpZS50b0ZpeGVkJTI4MiUyOSUyMCUyQiUyMCUyMiUyMEwlMjAlMjIlMjAlMkIlMjAlMjIlM0NiciUzRSUyMiUzQiUwQSUyMCUyMCUyMCUyMCUyMCUyMCUyMCUyMCUyMCUyMCUyMCUyMGRvY3VtZW50LmdldEVsZW1lbnRCeUlkJTI4JTI3d3luaWslMjclMjkuaW5uZXJIVE1MJTIwJTJCJTNEJTIwJTIySWxvJUM1JTlCJUM0JTg3JTIwYmFuaWFrJUMzJUIzdyUyMHBvdHJ6ZWJueWNoJTIwamFrbyUyMGRvZGF0ZWslMjBkbyUyMHphcHJhdyUzQSUyMCUyMiUyMCUyQiUyMG1pbmltYWxuZUlsb3NjV2lhZGVyJTIwJTJCJTIwJTIyJTNDYnIlM0UlMjIlM0IlMEElMjAlMjAlMjAlMjAlMjAlMjAlMjAlMjAlMjAlMjAlMjAlMjBkb2N1bWVudC5nZXRFbGVtZW50QnlJZCUyOCUyN3d5bmlrJTI3JTI5LmlubmVySFRNTCUyMCUyQiUzRCUyMCUyMklsbyVDNSU5QiVDNCU4NyUyMGJhbmlhayVDMyVCM3clMjBwb3RyemVibnljaCUyMGRvJTIwZ3J1bnRvd2FuaWElM0ElMjAlMjIlMjAlMkIlMjBtYWtzeW1hbG5lSWxvc2NXaWFkZXIlM0IlMEElMjAlMjAlMjAlMjAlMjAlMjAlMjAlMjAlN0QlMjklM0IlMEElMjAlMjAlMjAlMjAlM0MlMkZzY3JpcHQlM0U=[\/vc_raw_html][vc_separator style=\"dashed\"][vc_empty_space height=\"64px\"][vc_column_text]<strong>What is Waterproofing?<\/strong><\/p>\n<p>Waterproofing, also known as moisture protection, is the process of safeguarding a structure against the harmful and damaging effects of water. Waterproofing systems are classified based on their binder (waterproofing materials):<\/p>\n<ul>\n<li><strong>Bitumen and tar-based systems:<\/strong> An older method being phased out. These materials provide high water resistance and are readily available, but they lack effective interlayer adhesion and can pose health risks.<\/li>\n<li><strong>Synthetic resin-based systems:<\/strong> Modern materials suitable for indoor, residential use. However, they are not ideal for large water tanks, as prolonged exposure to water can reduce their effectiveness.<\/li>\n<li><strong>Mineral-polymer waterproofing systems:<\/strong> Free from the drawbacks of older methods, these systems, also known as sealing or insulating slurries, are ideal for waterproofing walls, plinths, water basins, pools, balconies, terraces, roofs, and high-humidity areas like bathrooms and laundry rooms.<\/li>\n<li><strong>Multi-component reactive resin-based systems:<\/strong> The most advanced binders, including polyurethane and epoxy resins. These systems penetrate substrates effectively, offering high adhesion and complete waterproofing.<\/li>\n<\/ul>\n<p>[\/vc_column_text][\/vc_column][\/vc_row][vc_row][vc_column][vc_empty_space height=\"64px\"][vc_column_text]TAG: hydroizolacja, uszczelnianie, fundament, piwnica, materia\u0142y bitumiczne, membrana, emulsja, woda gruntowa, wilgo\u0107, izolacja, \u015bciana wilgotna, mokry chudziak, grunt bitumiczny, Bostik, hydroizolacja zewn\u0119trzna, hydroizolacja wewn\u0119trzna, Izolacja pozioma, izolacja pionowa, izolacja coko\u0142owa, hydroizolacja pozioma, hydroizolacja pionowa, hydroizolacja coko\u0142owa, faseta fundamentowa, zaprawa hydroizolacyjna, zaprawa uszczelniaj\u0105ca, zaprawa przeciwwilgociowa, zaprawa wodoszczelna, ple\u015b\u0144 na \u015bcianie, zabezpieczenie \u015bcian, system hydroizolacji, produkt uszczelniaj\u0105cy, masa KMB, polimerowo bitumiczna, lepik asfaltowo-kauczukowy, izolacja parochronna, izolacja przeciwwodna, hydroizolacja piwnicy od zewn\u0105trz, hydroizolacja dwusk\u0142adnikowa, tasma hydroizolacja, hydroizolacja chudziaka, hydroizolacja jednosk\u0142adnikowa, hydroizolacja p\u0142yty fundamentowej, hydroizolacja fundament\u00f3w w starym domu, hydroizolacja betonu, izolacja przeciwwodna, izolacja przeciwwodna fundament\u00f3w, ci\u0119\u017cka izolacja przeciwwodna, ci\u0119\u017cka izolacja przeciwwodna fundament\u00f3w, izolacja przeciwwodna piwnicy, izolacja przeciwwodna p\u0142yty fundamentowej, izolacja przeciwwodna typu ci\u0119\u017ckiego, izolacja przeciwwodna posadzki w piwnicy, hydroizolacja przeciwwodna, izolacja przeciwwodna pionowa, ta\u015bma uszczelniaj\u0105ca przeciwwodna, naprawa izolacji poziomej, naprawa izolacji pionowej, naprawa izolacji fundamentu, hydroizolacj\u0119, hydroizolacje,[\/vc_column_text][\/vc_column][\/vc_row]<\/p>\n","protected":false},"excerpt":{"rendered":"<p><strong>BOSTIK MIX A793 (Haftemulsion Concentrate)<\/strong> is a latex dispersion-based additive for mortars, slurries, plasters, and screeds. It enhances the workability and adhesion of materials, offering excellent resistance to weather conditions and lime coating abrasion.<\/p>\n","protected":false},"featured_media":273673,"comment_status":"open","ping_status":"closed","template":"","meta":{"_acf_changed":false},"product_brand":[],"product_cat":[603,600,606,649,651,646,596,622,650],"product_tag":[613,652,653,654,655,656,615,657],"class_list":{"0":"post-275694","1":"product","2":"type-product","3":"status-publish","4":"has-post-thumbnail","6":"product_cat-bostik-en","7":"product_cat-hydroizolacja-en","8":"product_cat-hydroizolacja-fundamentu-en","9":"product_cat-mineralne-materialy-en","10":"product_cat-ochrona-i-naprawa-betonu-en","11":"product_cat-przygotowanie-podloza-tynki-renowacyjne-en","12":"product_cat-przygotowanie-podloza-ochrona-i-naprawa-betonu-en","13":"product_cat-przygotowanie-podloza-en","14":"product_cat-tynki-renowacyjne-en","15":"product_tag-bostik-en","16":"product_tag-dodatek-do-zapraw-en","17":"product_tag-dyspersja-en","18":"product_tag-emulsja-en","19":"product_tag-grunt-en","20":"product_tag-grunt-szczepny-en","21":"product_tag-hydroizolacja-en","22":"product_tag-latex-en","23":"product_shipping_class-trudna-wysylka-en","25":"first","26":"onbackorder","27":"taxable","28":"shipping-taxable","29":"purchasable","30":"product-type-simple"},"acf":[],"_links":{"self":[{"href":"https:\/\/www.sanier.pl\/en\/wp-json\/wp\/v2\/product\/275694","targetHints":{"allow":["GET"]}}],"collection":[{"href":"https:\/\/www.sanier.pl\/en\/wp-json\/wp\/v2\/product"}],"about":[{"href":"https:\/\/www.sanier.pl\/en\/wp-json\/wp\/v2\/types\/product"}],"replies":[{"embeddable":true,"href":"https:\/\/www.sanier.pl\/en\/wp-json\/wp\/v2\/comments?post=275694"}],"wp:featuredmedia":[{"embeddable":true,"href":"https:\/\/www.sanier.pl\/en\/wp-json\/wp\/v2\/media\/273673"}],"wp:attachment":[{"href":"https:\/\/www.sanier.pl\/en\/wp-json\/wp\/v2\/media?parent=275694"}],"wp:term":[{"taxonomy":"product_brand","embeddable":true,"href":"https:\/\/www.sanier.pl\/en\/wp-json\/wp\/v2\/product_brand?post=275694"},{"taxonomy":"product_cat","embeddable":true,"href":"https:\/\/www.sanier.pl\/en\/wp-json\/wp\/v2\/product_cat?post=275694"},{"taxonomy":"product_tag","embeddable":true,"href":"https:\/\/www.sanier.pl\/en\/wp-json\/wp\/v2\/product_tag?post=275694"}],"curies":[{"name":"wp","href":"https:\/\/api.w.org\/{rel}","templated":true}]}}