{"id":275577,"date":"2017-03-17T14:16:44","date_gmt":"2017-03-17T14:16:44","guid":{"rendered":"https:\/\/www.sanier.pl\/produkt\/block-b525-terra-2k\/"},"modified":"2026-02-24T11:47:14","modified_gmt":"2026-02-24T11:47:14","slug":"block-b525-terra-2k","status":"publish","type":"product","link":"https:\/\/www.sanier.pl\/en\/produkt\/block-b525-terra-2k\/","title":{"rendered":"BOSTIK BLOCK B525 TERRA 2K Waterproofing (Dickbeschichtung 2K)"},"content":{"rendered":"<p>[vc_row][vc_column][vc_column_text css_animation=\"none\"]<a href=\"https:\/\/www.sanier.pl\/sklep\/?s=bostik&amp;post_type=product\"><img loading=\"lazy\" decoding=\"async\" class=\"wp-image-258966 size-medium aligncenter\" src=\"https:\/\/www.sanier.pl\/wp-content\/uploads\/2022\/07\/Bostik_Logo_Header-300x121.png\" alt=\"bostik logo\" width=\"300\" height=\"121\" srcset=\"https:\/\/www.sanier.pl\/wp-content\/uploads\/2022\/07\/Bostik_Logo_Header-300x121.png 300w, https:\/\/www.sanier.pl\/wp-content\/uploads\/2022\/07\/Bostik_Logo_Header-800x324.png 800w, https:\/\/www.sanier.pl\/wp-content\/uploads\/2022\/07\/Bostik_Logo_Header-768x311.png 768w, https:\/\/www.sanier.pl\/wp-content\/uploads\/2022\/07\/Bostik_Logo_Header-700x283.png 700w, https:\/\/www.sanier.pl\/wp-content\/uploads\/2022\/07\/Bostik_Logo_Header.png 842w\" sizes=\"auto, (max-width:767px) 300px, 300px\" \/><\/a>[\/vc_column_text][\/vc_column][\/vc_row][vc_row][vc_column][vc_column_text]<\/p>\n<h1><span style=\"color: #00ccff;\">BOSTIK BLOCK B525 TERRA 2K (Dickbeschichtung 2K+)<\/span><\/h1>\n<h5><span style=\"color: #808080;\">BITUMINOUS SEALING COMPOUND <\/span><span style=\"color: #808080;\"><span style=\"text-decoration: underline;\">(<a href=\"https:\/\/pl.wikipedia.org\/wiki\/Izolacja_wodochronna\" target=\"_blank\" rel=\"noopener\"> waterproofing<\/a>)<\/span><\/span><\/h5>\n<p>[\/vc_column_text][\/vc_column][\/vc_row][vc_row][vc_column][vc_empty_space height=\"64px\"][\/vc_column][\/vc_row][vc_row][vc_column width=\"1\/2\"][vc_single_image image=\"261671\" img_size=\"medium\" style=\"vc_box_rounded\"][\/vc_column][vc_column width=\"1\/2\"][vc_column_text]<b><i>BOSTIK BLOCK B525 TERRA 2K ( Dickbeschichtung 2K+) <\/i><\/b>is a two-component bituminous sealing compound. This solvent-free sealing solution is based on a bitumen emulsion enriched with fibers. It\u2019s easy to apply with a trowel and offers excellent adhesion to both dry and slightly damp substrates. Once dried, the coating is flexible and resistant to groundwater. The two-component formula allows for rapid water and weather resistance, making it effective against both groundwater and rain in a short time.[\/vc_column_text][vc_column_text]<\/p>\n<h3 class=\"wp-block-heading\">APPLICATION<\/h3>\n<p>Vertical waterproofing for underground parts of buildings (foundations, foundation slabs, basements, underground garages, pipe penetrations, retaining walls) and other elements in contact with the ground (balconies, terraces). The sealing must be applied on the water-facing side (positive side). Suitable for internal waterproofing on the negative side, in accordance with DIN 18195 (sections 4, 5, 6). In building insulation, it can be used with EPS or XPS boards. Maximum application depth is 3 meters. Not suitable for flat roof insulation.[\/vc_column_text][\/vc_column][\/vc_row][vc_row][vc_column][vc_empty_space][\/vc_column][\/vc_row][vc_row][vc_column width=\"1\/2\"][vc_column_text]<\/p>\n<h3><strong>FEATURES of BOSTIK BLOCK B525 TERRA 2K<\/strong><\/h3>\n<p>\u2022 Waterproof on vertical building parts<\/p>\n<p>\u2022 Bridges cracks<\/p>\n<p>\u2022 Free of fillers<\/p>\n<p>\u2022 Solvent-free<\/p>\n<p>\u2022 Protects foundations from moisture and rising water<\/p>\n<p>\u2022 Can be used as an adhesive for protective, drainage, and insulation boards around the perimeter<\/p>\n<p>\u2022 Dries quickly<\/p>\n<p>\u2022 Rain-resistant shortly after application<\/p>\n<p>\u2022 Dried coating is flexible and durable<\/p>\n<p>\u2022 Easy application with a trowel<\/p>\n<p>[\/vc_column_text][\/vc_column][vc_column width=\"1\/2\"][vc_single_image image=\"262056\" img_size=\"large\" style=\"vc_box_shadow\"][\/vc_column][\/vc_row][vc_row][vc_column][vc_empty_space][\/vc_column][\/vc_row][vc_row][vc_column][vc_column_text]<\/p>\n<h3><strong>Drying Time:<\/strong><\/h3>\n<p>Rain resistance \u2013 after approximately 4 hours.<\/p>\n<p>Total drying time, depending on ambient temperature and humidity, is between 1 and 2 days.<\/p>\n<p>Underground building parts can be backfilled after approximately 2 hours (depending on ambient temperature and humidity).[\/vc_column_text][\/vc_column][\/vc_row][vc_row][vc_column][vc_empty_space][\/vc_column][\/vc_row][vc_row][vc_column width=\"1\/3\"][vc_column_text]<\/p>\n<h4><strong>TOOLS<\/strong><\/h4>\n<p>\u2022 Mechanical mixer<\/p>\n<p>\u2022 Trowel<\/p>\n<p>\u2022 Plastic or stainless steel float<\/p>\n<p>\u2022 Cleaning brush[\/vc_column_text][\/vc_column][vc_column width=\"1\/3\"][vc_column_text]<\/p>\n<h4>CONSUMPTION<\/h4>\n<p>[\/vc_column_text][vc_raw_html]JTNDdGFibGUlM0UlMEElM0N0Ym9keSUzRSUwQSUzQ3RyJTNFJTBBJTNDdGQlM0UlM0MlMkZ0ZCUzRSUwQSUzQ3RkJTNFWnUlQzUlQkN5Y2llJTIwa2clMkZtMiUzQyUyRnRkJTNFJTNDJTJGdHIlM0UlMEElM0N0ciUzRSUzQ3RkJTNFR3J1bnRvd2FuaWUlM0ElM0MlMkZ0ZCUzRSUzQ3RkJTNFMCUyQzM1JTNDJTJGdGQlM0UlM0MlMkZ0ciUzRSUwQSUzQ3RyJTNFJTNDdGQlM0VVc3pjemVsbmlhbmllJTIwcHJ6ZWNpd3dpbGdvY2lvd2UlM0MlMkZ0ZCUzRSUzQ3RkJTNFNCUyQzMlM0MlMkZ0ZCUzRSUzQyUyRnRyJTNFJTBBJTNDdHIlM0UlM0N0ZCUzRVVzemN6ZWxuaWVuaWUlMjBwcnplY2l3d29kbmUlMjAlM0MlMkZ0ZCUzRSUzQ3RkJTNFNSUyQzglM0MlMkZ0ZCUzRSUzQyUyRnRyJTNFJTBBJTNDdHIlM0UlM0N0ZCUzRU1vY293YW5pZSUyMHAlQzUlODJ5dCUyMHN0eXJvcGlhbm93eWNoJTNDJTJGdGQlM0UlM0N0ZCUzRTElMkMyLTIlMkM0JTNDJTJGdGQlM0UlM0MlMkZ0ciUzRSUwQSUzQyUyRnRib2R5JTNFJTNDJTJGdGFibGUlM0U=[\/vc_raw_html][\/vc_column][vc_column width=\"1\/3\"][vc_column_text]<\/p>\n<h4>DOKUMENTY<\/h4>\n<p><a href=\"https:\/\/www.bostik.com\/files\/live\/sites\/shared_bostik\/files\/documents-brochures\/Poland\/Documents\/TDS\/BOSTIK-PROXIMA-POLAND-BLOCK-B525-TERRA-2K-TDS.pdf\" target=\"_blank\" rel=\"noopener\">Technical Data Sheet<\/a><\/p>\n<p><a href=\"https:\/\/www.bostik.com\/globalassets\/products\/dickbeschichtung-2k_poland_pl\/downloads\/wpf15_bostik-dickbeschichtung-2k_sk_adnik-a-_sds.pdf\" target=\"_blank\" rel=\"noopener\">Safety Data Sheet<\/a>[\/vc_column_text][\/vc_column][\/vc_row][vc_row][vc_column][vc_raw_html]JTIwJTIwJTIwJTIwJTNDdGl0bGUlM0VLYWxrdWxhdG9yJTIwenUlQzUlQkN5Y2lhJTIwbWF0ZXJpYSVDNSU4MnUlM0MlMkZ0aXRsZSUzRSUwQSUyMCUyMCUyMCUyMCUzQ3N0eWxlJTNFJTBBJTIwJTIwJTIwJTIwJTIwJTIwJTIwJTIwYm9keSUyMCU3QiUwQSUyMCUyMCUyMCUyMCUyMCUyMCUyMCUyMCUyMCUyMCUyMCUyMGZvbnQtZmFtaWx5JTNBJTIwQXJpYWwlMkMlMjBzYW5zLXNlcmlmJTNCJTBBJTIwJTIwJTIwJTIwJTIwJTIwJTIwJTIwJTIwJTIwJTIwJTIwbWFyZ2luJTNBJTIwMjBweCUzQiUwQSUyMCUyMCUyMCUyMCUyMCUyMCUyMCUyMCU3RCUwQSUyMCUyMCUyMCUyMCUyMCUyMCUyMCUyMGxhYmVsJTIwJTdCJTBBJTIwJTIwJTIwJTIwJTIwJTIwJTIwJTIwJTIwJTIwJTIwJTIwZGlzcGxheSUzQSUyMGJsb2NrJTNCJTBBJTIwJTIwJTIwJTIwJTIwJTIwJTIwJTIwJTIwJTIwJTIwJTIwbWFyZ2luLWJvdHRvbSUzQSUyMDVweCUzQiUwQSUyMCUyMCUyMCUyMCUyMCUyMCUyMCUyMCU3RCUwQSUyMCUyMCUyMCUyMCUyMCUyMCUyMCUyMGlucHV0JTIwJTdCJTBBJTIwJTIwJTIwJTIwJTIwJTIwJTIwJTIwJTIwJTIwJTIwJTIwd2lkdGglM0ElMjAxMDAlMjUlM0IlMEElMjAlMjAlMjAlMjAlMjAlMjAlMjAlMjAlMjAlMjAlMjAlMjBwYWRkaW5nJTNBJTIwNXB4JTNCJTBBJTIwJTIwJTIwJTIwJTIwJTIwJTIwJTIwJTIwJTIwJTIwJTIwbWFyZ2luLWJvdHRvbSUzQSUyMDEwcHglM0IlMEElMjAlMjAlMjAlMjAlMjAlMjAlMjAlMjAlN0QlMEElMjAlMjAlMjAlMjAlMjAlMjAlMjAlMjBidXR0b24lMjAlN0IlMEElMjAlMjAlMjAlMjAlMjAlMjAlMjAlMjAlMjAlMjAlMjAlMjBwYWRkaW5nJTNBJTIwMTBweCUyMDIwcHglM0IlMEElMjAlMjAlMjAlMjAlMjAlMjAlMjAlMjAlMjAlMjAlMjAlMjBiYWNrZ3JvdW5kLWNvbG9yJTNBJTIwJTIzNENBRjUwJTNCJTBBJTIwJTIwJTIwJTIwJTIwJTIwJTIwJTIwJTIwJTIwJTIwJTIwY29sb3IlM0ElMjB3aGl0ZSUzQiUwQSUyMCUyMCUyMCUyMCUyMCUyMCUyMCUyMCUyMCUyMCUyMCUyMGJvcmRlciUzQSUyMG5vbmUlM0IlMEElMjAlMjAlMjAlMjAlMjAlMjAlMjAlMjAlMjAlMjAlMjAlMjBjdXJzb3IlM0ElMjBwb2ludGVyJTNCJTBBJTIwJTIwJTIwJTIwJTIwJTIwJTIwJTIwJTdEJTBBJTIwJTIwJTIwJTIwJTIwJTIwJTIwJTIwJTIzd3luaWslMjAlN0IlMEElMjAlMjAlMjAlMjAlMjAlMjAlMjAlMjAlMjAlMjAlMjAlMjBtYXJnaW4tdG9wJTNBJTIwMjBweCUzQiUwQSUyMCUyMCUyMCUyMCUyMCUyMCUyMCUyMCUyMCUyMCUyMCUyMGZvbnQtd2VpZ2h0JTNBJTIwYm9sZCUzQiUwQSUyMCUyMCUyMCUyMCUyMCUyMCUyMCUyMCU3RCUwQSUyMCUyMCUyMCUyMCUzQyUyRnN0eWxlJTNFJTBBJTBBJTIwJTIwJTIwJTIwJTNDaDIlM0VLYWxrdWxhdG9yJTIwenUlQzUlQkN5Y2lhJTIwbWF0ZXJpYSVDNSU4MnUlM0MlMkZoMiUzRSUwQSUyMCUyMCUyMCUyMCUzQ2xhYmVsJTIwZm9yJTNEJTIycG93aWVyemNobmlhJTIyJTNFUG93aWVyemNobmlhJTIwJTI4dyUyMG1ldHJhY2glMjBrd2FkcmF0b3d5Y2glMjklM0ElM0MlMkZsYWJlbCUzRSUwQSUyMCUyMCUyMCUyMCUzQ2lucHV0JTIwdHlwZSUzRCUyMm51bWJlciUyMiUyMGlkJTNEJTIycG93aWVyemNobmlhJTIyJTIwc3RlcCUzRCUyMjElMjIlM0UlMEElMEElMjAlMjAlMjAlMjAlM0NidXR0b24lMjBpZCUzRCUyMm9ibGljekJ0biUyMiUzRU9ibGljeiUzQyUyRmJ1dHRvbiUzRSUwQSUyMCUyMCUyMCUyMCUzQ2RpdiUyMGlkJTNEJTIyd3luaWslMjIlM0UlM0MlMkZkaXYlM0UlMEElMEElMjAlMjAlMjAlMjAlM0NzY3JpcHQlM0UlMEElMjAlMjAlMjAlMjAlMjAlMjAlMjAlMjBkb2N1bWVudC5nZXRFbGVtZW50QnlJZCUyOCUyN29ibGljekJ0biUyNyUyOS5hZGRFdmVudExpc3RlbmVyJTI4JTI3Y2xpY2slMjclMkMlMjBmdW5jdGlvbiUyMCUyOCUyOSUyMCU3QiUwQSUyMCUyMCUyMCUyMCUyMCUyMCUyMCUyMCUyMCUyMCUyMCUyMGNvbnN0JTIwcG93aWVyemNobmlhJTIwJTNEJTIwcGFyc2VGbG9hdCUyOGRvY3VtZW50LmdldEVsZW1lbnRCeUlkJTI4JTI3cG93aWVyemNobmlhJTI3JTI5LnZhbHVlJTI5JTNCJTBBJTIwJTIwJTIwJTIwJTIwJTIwJTIwJTIwJTIwJTIwJTIwJTIwY29uc3QlMjBtaW5pbWFsbmVadXp5Y2llJTIwJTNEJTIwNC41OCUyMCUyQSUyMHBvd2llcnpjaG5pYSUzQiUwQSUyMCUyMCUyMCUyMCUyMCUyMCUyMCUyMCUyMCUyMCUyMCUyMGNvbnN0JTIwbWFrc3ltYWxuZVp1enljaWUlMjAlM0QlMjA2LjExJTIwJTJBJTIwcG93aWVyemNobmlhJTNCJTBBJTIwJTIwJTIwJTIwJTIwJTIwJTIwJTIwJTIwJTIwJTIwJTIwY29uc3QlMjBwb2plbW5vc2NXaWFkZXJrYSUyMCUzRCUyMDMwJTNCJTBBJTIwJTIwJTIwJTIwJTIwJTIwJTIwJTIwJTIwJTIwJTIwJTIwY29uc3QlMjBtaW5pbWFsbmVJbG9zY1dpYWRlciUyMCUzRCUyME1hdGguY2VpbCUyOG1pbmltYWxuZVp1enljaWUlMjAlMkYlMjBwb2plbW5vc2NXaWFkZXJrYSUyOSUzQiUwQSUyMCUyMCUyMCUyMCUyMCUyMCUyMCUyMCUyMCUyMCUyMCUyMGNvbnN0JTIwbWFrc3ltYWxuZUlsb3NjV2lhZGVyJTIwJTNEJTIwTWF0aC5jZWlsJTI4bWFrc3ltYWxuZVp1enljaWUlMjAlMkYlMjBwb2plbW5vc2NXaWFkZXJrYSUyOSUzQiUwQSUwQSUyMCUyMCUyMCUyMCUyMCUyMCUyMCUyMCUyMCUyMCUyMCUyMGRvY3VtZW50LmdldEVsZW1lbnRCeUlkJTI4JTI3d3luaWslMjclMjkuaW5uZXJIVE1MJTIwJTNEJTIwJTIyTWluaW1hbG5lJTIwenUlQzUlQkN5Y2llJTIwbWF0ZXJpYSVDNSU4MnUlM0ElMjAlMjIlMjAlMkIlMjBtaW5pbWFsbmVadXp5Y2llLnRvRml4ZWQlMjgyJTI5JTIwJTJCJTIwJTIyJTIwa2clMjIlMjAlMkIlMjAlMjIlM0NiciUzRSUyMiUzQiUwQSUyMCUyMCUyMCUyMCUyMCUyMCUyMCUyMCUyMCUyMCUyMCUyMGRvY3VtZW50LmdldEVsZW1lbnRCeUlkJTI4JTI3d3luaWslMjclMjkuaW5uZXJIVE1MJTIwJTJCJTNEJTIwJTIyTWFrc3ltYWxuZSUyMHp1JUM1JUJDeWNpZSUyMG1hdGVyaWElQzUlODJ1JTNBJTIwJTIyJTIwJTJCJTIwbWFrc3ltYWxuZVp1enljaWUudG9GaXhlZCUyODIlMjklMjAlMkIlMjAlMjIlMjBrZyUyMiUyMCUyQiUyMCUyMiUzQ2JyJTNFJTIyJTNCJTBBJTIwJTIwJTIwJTIwJTIwJTIwJTIwJTIwJTIwJTIwJTIwJTIwZG9jdW1lbnQuZ2V0RWxlbWVudEJ5SWQlMjglMjd3eW5payUyNyUyOS5pbm5lckhUTUwlMjAlMkIlM0QlMjAlMjJJbG8lQzUlOUIlQzQlODclMjB3aWFkZXIlMjBwb3RyemVibnljaCUyMGRsYSUyMHByemVjaXd3aWxnb2Npb3dlaiUyMGh5ZHJvaXpvbGFjamklM0ElMjAlMjIlMjAlMkIlMjBtaW5pbWFsbmVJbG9zY1dpYWRlciUyMCUyQiUyMCUyMiUzQ2JyJTNFJTIyJTNCJTBBJTIwJTIwJTIwJTIwJTIwJTIwJTIwJTIwJTIwJTIwJTIwJTIwZG9jdW1lbnQuZ2V0RWxlbWVudEJ5SWQlMjglMjd3eW5payUyNyUyOS5pbm5lckhUTUwlMjAlMkIlM0QlMjAlMjJJbG8lQzUlOUIlQzQlODclMjB3aWFkZXIlMjBwb3RyemVibnljaCUyMGRsYSUyMHByemVjaXd3b2RuZWolMjBoeWRyb2l6b2xhY2ppJTNBJTIwJTIyJTIwJTJCJTIwbWFrc3ltYWxuZUlsb3NjV2lhZGVyJTNCJTBBJTIwJTIwJTIwJTIwJTIwJTIwJTIwJTIwJTdEJTI5JTNCJTBBJTIwJTIwJTIwJTIwJTNDJTJGc2NyaXB0JTNF[\/vc_raw_html][\/vc_column][\/vc_row][vc_row][vc_column][vc_column_text]TAG: hydroizolacja, uszczelnianie, fundament, piwnica, materia\u0142y bitumiczne, membrana, emulsja, woda gruntowa, wilgo\u0107, izolacja, \u015bciana wilgotna, mokry chudziak, grunt bitumiczny, Bostik, hydroizolacja zewn\u0119trzna, hydroizolacja wewn\u0119trzna, Izolacja pozioma, izolacja pionowa, izolacja coko\u0142owa, hydroizolacja pozioma, hydroizolacja pionowa, hydroizolacja coko\u0142owa, faseta fundamentowa, zaprawa hydroizolacyjna, zaprawa uszczelniaj\u0105ca, zaprawa przeciwwilgociowa, zaprawa wodoszczelna, ple\u015b\u0144 na \u015bcianie, zabezpieczenie \u015bcian, system hydroizolacji, produkt uszczelniaj\u0105cy, masa KMB, polimerowo bitumiczna, lepik asfaltowo-kauczukowy, izolacja parochronna, izolacja przeciwwodna, hydroizolacja piwnicy od zewn\u0105trz, hydroizolacja dwusk\u0142adnikowa, tasma hydroizolacja, hydroizolacja chudziaka, hydroizolacja jednosk\u0142adnikowa, hydroizolacja p\u0142yty fundamentowej, hydroizolacja fundament\u00f3w w starym domu, hydroizolacja betonu, izolacja przeciwwodna, izolacja przeciwwodna fundament\u00f3w, ci\u0119\u017cka izolacja przeciwwodna, ci\u0119\u017cka izolacja przeciwwodna fundament\u00f3w, izolacja przeciwwodna piwnicy, izolacja przeciwwodna p\u0142yty fundamentowej, izolacja przeciwwodna typu ci\u0119\u017ckiego, izolacja przeciwwodna posadzki w piwnicy, hydroizolacja przeciwwodna, izolacja przeciwwodna pionowa, ta\u015bma uszczelniaj\u0105ca przeciwwodna, naprawa izolacji poziomej, naprawa izolacji pionowej, naprawa izolacji fundamentu, hydroizolacj\u0119, hydroizolacje,[\/vc_column_text][\/vc_column][\/vc_row]<\/p>\n","protected":false},"excerpt":{"rendered":"<p><strong>BOSTIK BLOCK B525 TERRA 2K<\/strong> (formerly Dickbeschichtung 2K+) is a two-component bituminous sealing compound. This solvent-free sealing compound is based on a bitumen emulsion with added fibers. It is easy to apply with a trowel and has excellent adhesion to both dry and slightly damp substrates.<\/p>\n","protected":false},"featured_media":273310,"comment_status":"open","ping_status":"closed","template":"","meta":{"_acf_changed":false},"product_brand":[],"product_cat":[604,603,600,608,606,607,609,611,610,601,605],"product_tag":[612,613,614,615,616,617],"class_list":{"0":"post-275577","1":"product","2":"type-product","3":"status-publish","4":"has-post-thumbnail","6":"product_cat-bestseller-en","7":"product_cat-bostik-en","8":"product_cat-hydroizolacja-en","9":"product_cat-hydroizolacja-balkonu-i-tarasu-en","10":"product_cat-hydroizolacja-fundamentu-en","11":"product_cat-hydroizolacje-bitumiczne-en","12":"product_cat-hydroizolacje-bitumiczne-hydroizolacja-balkonu-i-tarasu-en","13":"product_cat-hydroizolacje-powlokowe-en","14":"product_cat-hydroizolacje-zbiornikow-i-kanalizacji-en","15":"product_cat-bitumiczne-en","16":"product_cat-promowane-en","17":"product_tag-bitumiczne-en","18":"product_tag-bostik-en","19":"product_tag-dickbeschichtung-en","20":"product_tag-hydroizolacja-en","21":"product_tag-hydroizolacje-en","22":"product_tag-kmb-en","23":"product_shipping_class-trudna-wysylka-en","25":"first","26":"instock","27":"sale","28":"taxable","29":"shipping-taxable","30":"purchasable","31":"product-type-simple"},"acf":[],"_links":{"self":[{"href":"https:\/\/www.sanier.pl\/en\/wp-json\/wp\/v2\/product\/275577","targetHints":{"allow":["GET"]}}],"collection":[{"href":"https:\/\/www.sanier.pl\/en\/wp-json\/wp\/v2\/product"}],"about":[{"href":"https:\/\/www.sanier.pl\/en\/wp-json\/wp\/v2\/types\/product"}],"replies":[{"embeddable":true,"href":"https:\/\/www.sanier.pl\/en\/wp-json\/wp\/v2\/comments?post=275577"}],"wp:featuredmedia":[{"embeddable":true,"href":"https:\/\/www.sanier.pl\/en\/wp-json\/wp\/v2\/media\/273310"}],"wp:attachment":[{"href":"https:\/\/www.sanier.pl\/en\/wp-json\/wp\/v2\/media?parent=275577"}],"wp:term":[{"taxonomy":"product_brand","embeddable":true,"href":"https:\/\/www.sanier.pl\/en\/wp-json\/wp\/v2\/product_brand?post=275577"},{"taxonomy":"product_cat","embeddable":true,"href":"https:\/\/www.sanier.pl\/en\/wp-json\/wp\/v2\/product_cat?post=275577"},{"taxonomy":"product_tag","embeddable":true,"href":"https:\/\/www.sanier.pl\/en\/wp-json\/wp\/v2\/product_tag?post=275577"}],"curies":[{"name":"wp","href":"https:\/\/api.w.org\/{rel}","templated":true}]}}